{"id":57369,"date":"2025-03-05T12:09:13","date_gmt":"2025-03-05T11:09:13","guid":{"rendered":"https:\/\/darpol.bydgoszcz.pl\/offer\/uncategorized\/smietniczka-duza-pod-zabudowe-z-segregacja-dl-38-024-00\/"},"modified":"2025-03-05T12:40:15","modified_gmt":"2025-03-05T11:40:15","slug":"smietniczka-duza-pod-zabudowe-z-segregacja-dl-38-024-00","status":"publish","type":"product","link":"https:\/\/darpol.bydgoszcz.pl\/en\/offer\/rolling-stock\/elements-of-interior\/smietniczka-duza-pod-zabudowe-z-segregacja-dl-38-024-00\/","title":{"rendered":"Large built-in trash bin for segregated waste DL-38-024-00"},"content":{"rendered":"<p>Large built-in trash bin for segregated waste DL-38-024-00 DL-38-024-00<\/p>\n<p>&nbsp;<\/p>\n<p><strong>Product Description:<\/strong><br \/>\nThe waste bin is designed for installation inside rail vehicles in the space between walls. It consists of two modules:<\/p>\n<p>The <strong data-start=\"228\" data-end=\"244\">visible part<\/strong> for users, referred to as the <strong data-start=\"275\" data-end=\"284\">front<\/strong>.<\/p>\n<p>The <strong data-start=\"294\" data-end=\"317\">hidden service side<\/strong>, referred to as the <strong data-start=\"338\" data-end=\"351\">container<\/strong>.<\/p>\n<p>The bin\u2019s design allows for waste segregation. The front features three openings corresponding to three separate bag holders mounted inside the container. Users have access only from the front, while maintenance personnel can replace waste bags from the concealed container side.<\/p>\n<p>&nbsp;<\/p>\n<p><strong>Benefits:<\/strong><br \/>\n+ Convenience and travel comfort,<br \/>\n+ Aesthetic design,<br \/>\n+ Environmental responsibility,<br \/>\n+ Easier waste segregation,<br \/>\n+ Improved waste management,<\/p>\n<p>&nbsp;<\/p>\n<p><strong>Technical Data:<\/strong><br \/>\nMaterial: Stainless steel<br \/>\nBin capacity: 15L (3 x 5L)<br \/>\nWeight: 10 kg<br \/>\nContainer dimensions: 688 x 410 x 123 mm (H x W x D)<br \/>\nWaste inlet dimensions: 200 x 100 mm (H x W)<\/p>\n<p>&nbsp;<\/p>\n<p><strong>Compliance with Standards:<\/strong> PN-EN 45545-2, PN-EN ISO 13920, PN-EN 22768-1<\/p>\n<p><strong>Application:<\/strong> wagony osobowe<\/p>\n<div style=\"clear:both\"><a href=\"javascript:window.print()\"><i class=\"fa fa-print\" aria-hidden=\"true\"><\/i> Print this page<\/a><\/div>","protected":false},"excerpt":{"rendered":"<p>Large built-in trash bin for segregated waste DL-38-024-00 DL-38-024-00 &nbsp; Product Description: The waste bin is designed for installation inside rail vehicles in the space between walls. It consists of two modules: The visible part for users, referred to as the front. The hidden service side, referred to as the container. The bin\u2019s design allows &hellip;<\/p>\n","protected":false},"featured_media":57366,"template":"","meta":{"om_disable_all_campaigns":false,"_monsterinsights_skip_tracking":false,"_monsterinsights_sitenote_active":false,"_monsterinsights_sitenote_note":"","_monsterinsights_sitenote_category":0,"_uf_show_specific_survey":0,"_uf_disable_surveys":false},"product_cat":[4156,309,339,333],"product_tag":[3483,2981,3985,4539,7714,3008,4201,7715,4105,4592,7716,7717,7718,7719,7720,7721,3202,4221,7722,7723,7724],"class_list":{"0":"post-57369","1":"product","2":"type-product","3":"status-publish","4":"has-post-thumbnail","6":"product_cat-nowosci-en","7":"product_cat-elements-of-interior","8":"product_cat-passenger-coaches","9":"product_cat-emu-dmu","10":"product_tag-darpol-en","11":"product_tag-ezt-en","12":"product_tag-kolej-en","13":"product_tag-naprawa-en","14":"product_tag-odpowiedzialnosc-ekologiczna-en","15":"product_tag-osobowe-en","16":"product_tag-osobowy-en","17":"product_tag-pn-en-45545-2-en","18":"product_tag-pod-zabudowe-en","19":"product_tag-przedzial-en","20":"product_tag-segregacja-en","21":"product_tag-segregacja-odpadow-en","22":"product_tag-smietniczka-en","23":"product_tag-smietniczka-pod-zabudowe-en","24":"product_tag-smietniczka-z-segregacja-en","25":"product_tag-smietniczka-z-workotrzymaczem-en","26":"product_tag-wagon-en","27":"product_tag-wagony-en","28":"product_tag-zarzadzanie-odpadami-en","29":"product_tag-latwiejsza-segregacja-odpadow-en","30":"product_tag-latwiejsze-zarzadzanie-odpadami-en","32":"first","33":"onbackorder","34":"shipping-taxable","35":"product-type-simple"},"yoast_head":"<!-- This site is optimized with the Yoast SEO plugin v23.0 - https:\/\/yoast.com\/wordpress\/plugins\/seo\/ -->\n<title>Large built-in trash bin for segregated waste DL-38-024-00 - Darpol Bydgoszcz<\/title>\n<meta name=\"description\" content=\"\u015amietniczka przeznaczona do monta\u017cu wewn\u0105trz pojazd\u00f3w szynowych. Budowa \u015bmietniczki pozwala na segregacj\u0119 odpad\u00f3w, front posiada trzy otwory dla trzech, niezale\u017cnych od siebie workotrzymaczy zamocowanych w pojemniku. Dost\u0119p dla u\u017cytkownika jest wy\u0142\u0105cznie od frontu. Od strony pojemnika, ukrytej dla u\u017cytkownika, mo\u017cliwa jest wymiana work\u00f3w przez serwisanta.\" \/>\n<meta name=\"robots\" content=\"index, follow, max-snippet:-1, max-image-preview:large, max-video-preview:-1\" \/>\n<link rel=\"canonical\" href=\"https:\/\/darpol.bydgoszcz.pl\/en\/offer\/rolling-stock\/elements-of-interior\/smietniczka-duza-pod-zabudowe-z-segregacja-dl-38-024-00\/\" \/>\n<meta property=\"og:locale\" content=\"en_US\" \/>\n<meta property=\"og:type\" content=\"article\" \/>\n<meta property=\"og:title\" content=\"Large built-in trash bin for segregated waste DL-38-024-00 - Darpol Bydgoszcz\" \/>\n<meta property=\"og:description\" content=\"\u015amietniczka przeznaczona do monta\u017cu wewn\u0105trz pojazd\u00f3w szynowych. Budowa \u015bmietniczki pozwala na segregacj\u0119 odpad\u00f3w, front posiada trzy otwory dla trzech, niezale\u017cnych od siebie workotrzymaczy zamocowanych w pojemniku. Dost\u0119p dla u\u017cytkownika jest wy\u0142\u0105cznie od frontu. Od strony pojemnika, ukrytej dla u\u017cytkownika, mo\u017cliwa jest wymiana work\u00f3w przez serwisanta.\" \/>\n<meta property=\"og:url\" content=\"https:\/\/darpol.bydgoszcz.pl\/en\/offer\/rolling-stock\/elements-of-interior\/smietniczka-duza-pod-zabudowe-z-segregacja-dl-38-024-00\/\" \/>\n<meta property=\"og:site_name\" content=\"Darpol Bydgoszcz\" \/>\n<meta property=\"article:modified_time\" content=\"2025-03-05T11:40:15+00:00\" \/>\n<meta property=\"og:image\" content=\"https:\/\/darpol.bydgoszcz.pl\/wp-content\/uploads\/DL-38-024-00-Smietniczka-duza-pod-zabudowe-z-segregacja.png\" \/>\n\t<meta property=\"og:image:width\" content=\"1000\" \/>\n\t<meta property=\"og:image:height\" content=\"1000\" \/>\n\t<meta property=\"og:image:type\" content=\"image\/png\" \/>\n<meta name=\"twitter:card\" content=\"summary_large_image\" \/>\n<meta name=\"twitter:label1\" content=\"Est. reading time\" \/>\n\t<meta name=\"twitter:data1\" content=\"2 minutes\" \/>\n<script type=\"application\/ld+json\" class=\"yoast-schema-graph\">{\"@context\":\"https:\/\/schema.org\",\"@graph\":[{\"@type\":\"WebPage\",\"@id\":\"https:\/\/darpol.bydgoszcz.pl\/en\/offer\/rolling-stock\/elements-of-interior\/smietniczka-duza-pod-zabudowe-z-segregacja-dl-38-024-00\/\",\"url\":\"https:\/\/darpol.bydgoszcz.pl\/en\/offer\/rolling-stock\/elements-of-interior\/smietniczka-duza-pod-zabudowe-z-segregacja-dl-38-024-00\/\",\"name\":\"Large built-in trash bin for segregated waste DL-38-024-00 - Darpol Bydgoszcz\",\"isPartOf\":{\"@id\":\"https:\/\/darpol.bydgoszcz.pl\/#website\"},\"primaryImageOfPage\":{\"@id\":\"https:\/\/darpol.bydgoszcz.pl\/en\/offer\/rolling-stock\/elements-of-interior\/smietniczka-duza-pod-zabudowe-z-segregacja-dl-38-024-00\/#primaryimage\"},\"image\":{\"@id\":\"https:\/\/darpol.bydgoszcz.pl\/en\/offer\/rolling-stock\/elements-of-interior\/smietniczka-duza-pod-zabudowe-z-segregacja-dl-38-024-00\/#primaryimage\"},\"thumbnailUrl\":\"https:\/\/darpol.bydgoszcz.pl\/wp-content\/uploads\/DL-38-024-00-Smietniczka-duza-pod-zabudowe-z-segregacja.png\",\"datePublished\":\"2025-03-05T11:09:13+00:00\",\"dateModified\":\"2025-03-05T11:40:15+00:00\",\"description\":\"\u015amietniczka przeznaczona do monta\u017cu wewn\u0105trz pojazd\u00f3w szynowych. Budowa \u015bmietniczki pozwala na segregacj\u0119 odpad\u00f3w, front posiada trzy otwory dla trzech, niezale\u017cnych od siebie workotrzymaczy zamocowanych w pojemniku. Dost\u0119p dla u\u017cytkownika jest wy\u0142\u0105cznie od frontu. Od strony pojemnika, ukrytej dla u\u017cytkownika, mo\u017cliwa jest wymiana work\u00f3w przez serwisanta.\",\"breadcrumb\":{\"@id\":\"https:\/\/darpol.bydgoszcz.pl\/en\/offer\/rolling-stock\/elements-of-interior\/smietniczka-duza-pod-zabudowe-z-segregacja-dl-38-024-00\/#breadcrumb\"},\"inLanguage\":\"en-US\",\"potentialAction\":[{\"@type\":\"ReadAction\",\"target\":[\"https:\/\/darpol.bydgoszcz.pl\/en\/offer\/rolling-stock\/elements-of-interior\/smietniczka-duza-pod-zabudowe-z-segregacja-dl-38-024-00\/\"]}]},{\"@type\":\"ImageObject\",\"inLanguage\":\"en-US\",\"@id\":\"https:\/\/darpol.bydgoszcz.pl\/en\/offer\/rolling-stock\/elements-of-interior\/smietniczka-duza-pod-zabudowe-z-segregacja-dl-38-024-00\/#primaryimage\",\"url\":\"https:\/\/darpol.bydgoszcz.pl\/wp-content\/uploads\/DL-38-024-00-Smietniczka-duza-pod-zabudowe-z-segregacja.png\",\"contentUrl\":\"https:\/\/darpol.bydgoszcz.pl\/wp-content\/uploads\/DL-38-024-00-Smietniczka-duza-pod-zabudowe-z-segregacja.png\",\"width\":1000,\"height\":1000,\"caption\":\"DL-38-024-00 \u015amietniczka du\u017ca pod zabudow\u0119 z segregacj\u0105\"},{\"@type\":\"BreadcrumbList\",\"@id\":\"https:\/\/darpol.bydgoszcz.pl\/en\/offer\/rolling-stock\/elements-of-interior\/smietniczka-duza-pod-zabudowe-z-segregacja-dl-38-024-00\/#breadcrumb\",\"itemListElement\":[{\"@type\":\"ListItem\",\"position\":1,\"name\":\"Strona g\u0142\u00f3wna\",\"item\":\"https:\/\/darpol.bydgoszcz.pl\/en\/\"},{\"@type\":\"ListItem\",\"position\":2,\"name\":\"Oferta\",\"item\":\"https:\/\/darpol.bydgoszcz.pl\/oferta\/\"},{\"@type\":\"ListItem\",\"position\":3,\"name\":\"Large built-in trash bin for segregated waste DL-38-024-00\"}]},{\"@type\":\"WebSite\",\"@id\":\"https:\/\/darpol.bydgoszcz.pl\/#website\",\"url\":\"https:\/\/darpol.bydgoszcz.pl\/\",\"name\":\"Darpol Bydgoszcz\",\"description\":\"\",\"potentialAction\":[{\"@type\":\"SearchAction\",\"target\":{\"@type\":\"EntryPoint\",\"urlTemplate\":\"https:\/\/darpol.bydgoszcz.pl\/?s={search_term_string}\"},\"query-input\":\"required name=search_term_string\"}],\"inLanguage\":\"en-US\"}]}<\/script>\n<!-- \/ Yoast SEO plugin. -->","yoast_head_json":{"title":"Large built-in trash bin for segregated waste DL-38-024-00 - Darpol Bydgoszcz","description":"\u015amietniczka przeznaczona do monta\u017cu wewn\u0105trz pojazd\u00f3w szynowych. Budowa \u015bmietniczki pozwala na segregacj\u0119 odpad\u00f3w, front posiada trzy otwory dla trzech, niezale\u017cnych od siebie workotrzymaczy zamocowanych w pojemniku. Dost\u0119p dla u\u017cytkownika jest wy\u0142\u0105cznie od frontu. Od strony pojemnika, ukrytej dla u\u017cytkownika, mo\u017cliwa jest wymiana work\u00f3w przez serwisanta.","robots":{"index":"index","follow":"follow","max-snippet":"max-snippet:-1","max-image-preview":"max-image-preview:large","max-video-preview":"max-video-preview:-1"},"canonical":"https:\/\/darpol.bydgoszcz.pl\/en\/offer\/rolling-stock\/elements-of-interior\/smietniczka-duza-pod-zabudowe-z-segregacja-dl-38-024-00\/","og_locale":"en_US","og_type":"article","og_title":"Large built-in trash bin for segregated waste DL-38-024-00 - Darpol Bydgoszcz","og_description":"\u015amietniczka przeznaczona do monta\u017cu wewn\u0105trz pojazd\u00f3w szynowych. Budowa \u015bmietniczki pozwala na segregacj\u0119 odpad\u00f3w, front posiada trzy otwory dla trzech, niezale\u017cnych od siebie workotrzymaczy zamocowanych w pojemniku. Dost\u0119p dla u\u017cytkownika jest wy\u0142\u0105cznie od frontu. Od strony pojemnika, ukrytej dla u\u017cytkownika, mo\u017cliwa jest wymiana work\u00f3w przez serwisanta.","og_url":"https:\/\/darpol.bydgoszcz.pl\/en\/offer\/rolling-stock\/elements-of-interior\/smietniczka-duza-pod-zabudowe-z-segregacja-dl-38-024-00\/","og_site_name":"Darpol Bydgoszcz","article_modified_time":"2025-03-05T11:40:15+00:00","og_image":[{"width":1000,"height":1000,"url":"https:\/\/darpol.bydgoszcz.pl\/wp-content\/uploads\/DL-38-024-00-Smietniczka-duza-pod-zabudowe-z-segregacja.png","type":"image\/png"}],"twitter_card":"summary_large_image","twitter_misc":{"Est. reading time":"2 minutes"},"schema":{"@context":"https:\/\/schema.org","@graph":[{"@type":"WebPage","@id":"https:\/\/darpol.bydgoszcz.pl\/en\/offer\/rolling-stock\/elements-of-interior\/smietniczka-duza-pod-zabudowe-z-segregacja-dl-38-024-00\/","url":"https:\/\/darpol.bydgoszcz.pl\/en\/offer\/rolling-stock\/elements-of-interior\/smietniczka-duza-pod-zabudowe-z-segregacja-dl-38-024-00\/","name":"Large built-in trash bin for segregated waste DL-38-024-00 - Darpol Bydgoszcz","isPartOf":{"@id":"https:\/\/darpol.bydgoszcz.pl\/#website"},"primaryImageOfPage":{"@id":"https:\/\/darpol.bydgoszcz.pl\/en\/offer\/rolling-stock\/elements-of-interior\/smietniczka-duza-pod-zabudowe-z-segregacja-dl-38-024-00\/#primaryimage"},"image":{"@id":"https:\/\/darpol.bydgoszcz.pl\/en\/offer\/rolling-stock\/elements-of-interior\/smietniczka-duza-pod-zabudowe-z-segregacja-dl-38-024-00\/#primaryimage"},"thumbnailUrl":"https:\/\/darpol.bydgoszcz.pl\/wp-content\/uploads\/DL-38-024-00-Smietniczka-duza-pod-zabudowe-z-segregacja.png","datePublished":"2025-03-05T11:09:13+00:00","dateModified":"2025-03-05T11:40:15+00:00","description":"\u015amietniczka przeznaczona do monta\u017cu wewn\u0105trz pojazd\u00f3w szynowych. Budowa \u015bmietniczki pozwala na segregacj\u0119 odpad\u00f3w, front posiada trzy otwory dla trzech, niezale\u017cnych od siebie workotrzymaczy zamocowanych w pojemniku. Dost\u0119p dla u\u017cytkownika jest wy\u0142\u0105cznie od frontu. Od strony pojemnika, ukrytej dla u\u017cytkownika, mo\u017cliwa jest wymiana work\u00f3w przez serwisanta.","breadcrumb":{"@id":"https:\/\/darpol.bydgoszcz.pl\/en\/offer\/rolling-stock\/elements-of-interior\/smietniczka-duza-pod-zabudowe-z-segregacja-dl-38-024-00\/#breadcrumb"},"inLanguage":"en-US","potentialAction":[{"@type":"ReadAction","target":["https:\/\/darpol.bydgoszcz.pl\/en\/offer\/rolling-stock\/elements-of-interior\/smietniczka-duza-pod-zabudowe-z-segregacja-dl-38-024-00\/"]}]},{"@type":"ImageObject","inLanguage":"en-US","@id":"https:\/\/darpol.bydgoszcz.pl\/en\/offer\/rolling-stock\/elements-of-interior\/smietniczka-duza-pod-zabudowe-z-segregacja-dl-38-024-00\/#primaryimage","url":"https:\/\/darpol.bydgoszcz.pl\/wp-content\/uploads\/DL-38-024-00-Smietniczka-duza-pod-zabudowe-z-segregacja.png","contentUrl":"https:\/\/darpol.bydgoszcz.pl\/wp-content\/uploads\/DL-38-024-00-Smietniczka-duza-pod-zabudowe-z-segregacja.png","width":1000,"height":1000,"caption":"DL-38-024-00 \u015amietniczka du\u017ca pod zabudow\u0119 z segregacj\u0105"},{"@type":"BreadcrumbList","@id":"https:\/\/darpol.bydgoszcz.pl\/en\/offer\/rolling-stock\/elements-of-interior\/smietniczka-duza-pod-zabudowe-z-segregacja-dl-38-024-00\/#breadcrumb","itemListElement":[{"@type":"ListItem","position":1,"name":"Strona g\u0142\u00f3wna","item":"https:\/\/darpol.bydgoszcz.pl\/en\/"},{"@type":"ListItem","position":2,"name":"Oferta","item":"https:\/\/darpol.bydgoszcz.pl\/oferta\/"},{"@type":"ListItem","position":3,"name":"Large built-in trash bin for segregated waste DL-38-024-00"}]},{"@type":"WebSite","@id":"https:\/\/darpol.bydgoszcz.pl\/#website","url":"https:\/\/darpol.bydgoszcz.pl\/","name":"Darpol Bydgoszcz","description":"","potentialAction":[{"@type":"SearchAction","target":{"@type":"EntryPoint","urlTemplate":"https:\/\/darpol.bydgoszcz.pl\/?s={search_term_string}"},"query-input":"required name=search_term_string"}],"inLanguage":"en-US"}]}},"_links":{"self":[{"href":"https:\/\/darpol.bydgoszcz.pl\/en\/wp-json\/wp\/v2\/product\/57369","targetHints":{"allow":["GET"]}}],"collection":[{"href":"https:\/\/darpol.bydgoszcz.pl\/en\/wp-json\/wp\/v2\/product"}],"about":[{"href":"https:\/\/darpol.bydgoszcz.pl\/en\/wp-json\/wp\/v2\/types\/product"}],"wp:featuredmedia":[{"embeddable":true,"href":"https:\/\/darpol.bydgoszcz.pl\/en\/wp-json\/wp\/v2\/media\/57366"}],"wp:attachment":[{"href":"https:\/\/darpol.bydgoszcz.pl\/en\/wp-json\/wp\/v2\/media?parent=57369"}],"wp:term":[{"taxonomy":"product_cat","embeddable":true,"href":"https:\/\/darpol.bydgoszcz.pl\/en\/wp-json\/wp\/v2\/product_cat?post=57369"},{"taxonomy":"product_tag","embeddable":true,"href":"https:\/\/darpol.bydgoszcz.pl\/en\/wp-json\/wp\/v2\/product_tag?post=57369"}],"curies":[{"name":"wp","href":"https:\/\/api.w.org\/{rel}","templated":true}]}}