{"id":56934,"date":"2024-04-10T14:42:16","date_gmt":"2024-04-10T12:42:16","guid":{"rendered":"https:\/\/darpol.bydgoszcz.pl\/offer\/uncategorized\/regulator-oswietlenia-dl-03-999-11\/"},"modified":"2024-04-10T15:07:29","modified_gmt":"2024-04-10T13:07:29","slug":"lighting-controller-dl-03-999-11","status":"publish","type":"product","link":"https:\/\/darpol.bydgoszcz.pl\/en\/offer\/rolling-stock\/electric-and-electronic\/lighting-controller-dl-03-999-11\/","title":{"rendered":"Lighting controller 110V  DL-03-999-11"},"content":{"rendered":"<p>This intelligent 110V light controller with buttons DL-03-999-11 is used to adjust the lighting intensity wherever it is needed, e.g. to illuminate the driver&#8217;s desktop. It can be integrated with many types of lighting that do not have their own regulation.<\/p>\n<p>&nbsp;<\/p>\n<h4>Main benefits:<\/h4>\n<p>+ allows to adjust the intensity of lighting to the user&#8217;s current needs and preferences, which increases overall comfort in rail vehicle;<\/p>\n<p>+ by reducing the light intensity, the regulator can contribute to saving electricity;<\/p>\n<p>+ when full light intensity is not required, brightness adjustment allows you to reduce electricity consumption;<\/p>\n<p>+ universality thanks to the possibility of integration with existing lighting;<\/p>\n<p>+ intelligent solution &#8211; our controllers are available in a version with memory of the last setting (we offer a version with and without memory). Memory of the last setting means that after turning off the light and turning it on again, the light will turn on with the same light intensity as when it was previously turned off.<\/p>\n<p>+ meeting railway standards.<\/p>\n<p>&nbsp;<\/p>\n<p>&nbsp;<\/p>\n<h4>Technical data:<\/h4>\n<ul>\n<li>\u00a0Material: aluminum<br \/>\n&#8211; Power supply: 110VDC -30%\/+25%<br \/>\n&#8211; The product complies with the PN-EN 22768-2 1999 standard.<\/li>\n<li><\/li>\n<\/ul>\n<h4><\/h4>\n<p>&nbsp;<\/p>\n<h4>Application:<\/h4>\n<p>locomotives, passenger cars, EMUs, DMUs.<\/p>\n<p>&nbsp;<\/p>\n<p><strong>Service and repairs of this product also available.<\/strong><\/p>\n<p>&nbsp;<\/p>\n<p><a href=\"https:\/\/darpol.bydgoszcz.pl\/en\/products-category\/rolling-stock\/lighting\/\" target=\"_blank\" rel=\"noopener\"><span style=\"text-decoration: underline;\"><em>See our other products from the rail vehicle lighting category.<\/em><\/span><\/a><\/p>\n<div style=\"clear:both\"><a href=\"javascript:window.print()\"><i class=\"fa fa-print\" aria-hidden=\"true\"><\/i> Print this page<\/a><\/div>","protected":false},"excerpt":{"rendered":"<p>This intelligent 110V light controller with buttons DL-03-999-11 is used to adjust the lighting intensity wherever it is needed, e.g. to illuminate the driver&#8217;s desktop. It can be integrated with many types of lighting that do not have their own regulation. &nbsp; Main benefits: + allows to adjust the intensity of lighting to the user&#8217;s &hellip;<\/p>\n","protected":false},"featured_media":56901,"template":"","meta":{"om_disable_all_campaigns":false,"_monsterinsights_skip_tracking":false,"_monsterinsights_sitenote_active":false,"_monsterinsights_sitenote_note":"","_monsterinsights_sitenote_category":0,"_uf_show_specific_survey":0,"_uf_disable_surveys":false},"product_cat":[4156,368,303,327,339,333],"product_tag":[],"class_list":{"0":"post-56934","1":"product","2":"type-product","3":"status-publish","4":"has-post-thumbnail","6":"product_cat-nowosci-en","7":"product_cat-lighting","8":"product_cat-electric-and-electronic","9":"product_cat-locomotives","10":"product_cat-passenger-coaches","11":"product_cat-emu-dmu","13":"first","14":"onbackorder","15":"shipping-taxable","16":"product-type-simple"},"yoast_head":"<!-- This site is optimized with the Yoast SEO plugin v23.0 - https:\/\/yoast.com\/wordpress\/plugins\/seo\/ -->\n<title>Lighting controller 110V DL-03-999-11 - Darpol Bydgoszcz<\/title>\n<meta name=\"description\" content=\"This intelligent 110V light controller with buttons DL-03-999-11 is used to adjust the lighting intensity. Complies with PN-EN 22768-2 1999 standard.\" \/>\n<meta name=\"robots\" content=\"index, follow, max-snippet:-1, max-image-preview:large, max-video-preview:-1\" \/>\n<link rel=\"canonical\" href=\"https:\/\/darpol.bydgoszcz.pl\/en\/offer\/rolling-stock\/electric-and-electronic\/lighting-controller-dl-03-999-11\/\" \/>\n<meta property=\"og:locale\" content=\"en_US\" \/>\n<meta property=\"og:type\" content=\"article\" \/>\n<meta property=\"og:title\" content=\"Lighting controller 110V DL-03-999-11 - Darpol Bydgoszcz\" \/>\n<meta property=\"og:description\" content=\"This intelligent 110V light controller with buttons DL-03-999-11 is used to adjust the lighting intensity. Complies with PN-EN 22768-2 1999 standard.\" \/>\n<meta property=\"og:url\" content=\"https:\/\/darpol.bydgoszcz.pl\/en\/offer\/rolling-stock\/electric-and-electronic\/lighting-controller-dl-03-999-11\/\" \/>\n<meta property=\"og:site_name\" content=\"Darpol Bydgoszcz\" \/>\n<meta property=\"article:modified_time\" content=\"2024-04-10T13:07:29+00:00\" \/>\n<meta property=\"og:image\" content=\"https:\/\/darpol.bydgoszcz.pl\/wp-content\/uploads\/DL-03-999-11-Regulator-oswietlenia-z-przyciskami-110V.jpg\" \/>\n\t<meta property=\"og:image:width\" content=\"400\" \/>\n\t<meta property=\"og:image:height\" content=\"366\" \/>\n\t<meta property=\"og:image:type\" content=\"image\/jpeg\" \/>\n<meta name=\"twitter:card\" content=\"summary_large_image\" \/>\n<meta name=\"twitter:label1\" content=\"Est. reading time\" \/>\n\t<meta name=\"twitter:data1\" content=\"2 minutes\" \/>\n<script type=\"application\/ld+json\" class=\"yoast-schema-graph\">{\"@context\":\"https:\/\/schema.org\",\"@graph\":[{\"@type\":\"WebPage\",\"@id\":\"https:\/\/darpol.bydgoszcz.pl\/en\/offer\/rolling-stock\/electric-and-electronic\/lighting-controller-dl-03-999-11\/\",\"url\":\"https:\/\/darpol.bydgoszcz.pl\/en\/offer\/rolling-stock\/electric-and-electronic\/lighting-controller-dl-03-999-11\/\",\"name\":\"Lighting controller 110V DL-03-999-11 - Darpol Bydgoszcz\",\"isPartOf\":{\"@id\":\"https:\/\/darpol.bydgoszcz.pl\/#website\"},\"primaryImageOfPage\":{\"@id\":\"https:\/\/darpol.bydgoszcz.pl\/en\/offer\/rolling-stock\/electric-and-electronic\/lighting-controller-dl-03-999-11\/#primaryimage\"},\"image\":{\"@id\":\"https:\/\/darpol.bydgoszcz.pl\/en\/offer\/rolling-stock\/electric-and-electronic\/lighting-controller-dl-03-999-11\/#primaryimage\"},\"thumbnailUrl\":\"https:\/\/darpol.bydgoszcz.pl\/wp-content\/uploads\/DL-03-999-11-Regulator-oswietlenia-z-przyciskami-110V.jpg\",\"datePublished\":\"2024-04-10T12:42:16+00:00\",\"dateModified\":\"2024-04-10T13:07:29+00:00\",\"description\":\"This intelligent 110V light controller with buttons DL-03-999-11 is used to adjust the lighting intensity. Complies with PN-EN 22768-2 1999 standard.\",\"breadcrumb\":{\"@id\":\"https:\/\/darpol.bydgoszcz.pl\/en\/offer\/rolling-stock\/electric-and-electronic\/lighting-controller-dl-03-999-11\/#breadcrumb\"},\"inLanguage\":\"en-US\",\"potentialAction\":[{\"@type\":\"ReadAction\",\"target\":[\"https:\/\/darpol.bydgoszcz.pl\/en\/offer\/rolling-stock\/electric-and-electronic\/lighting-controller-dl-03-999-11\/\"]}]},{\"@type\":\"ImageObject\",\"inLanguage\":\"en-US\",\"@id\":\"https:\/\/darpol.bydgoszcz.pl\/en\/offer\/rolling-stock\/electric-and-electronic\/lighting-controller-dl-03-999-11\/#primaryimage\",\"url\":\"https:\/\/darpol.bydgoszcz.pl\/wp-content\/uploads\/DL-03-999-11-Regulator-oswietlenia-z-przyciskami-110V.jpg\",\"contentUrl\":\"https:\/\/darpol.bydgoszcz.pl\/wp-content\/uploads\/DL-03-999-11-Regulator-oswietlenia-z-przyciskami-110V.jpg\",\"width\":400,\"height\":366,\"caption\":\"Regulator o\u015bwietlenia z przyciskami, regulator si\u0142y \u015bwiat\u0142a\"},{\"@type\":\"BreadcrumbList\",\"@id\":\"https:\/\/darpol.bydgoszcz.pl\/en\/offer\/rolling-stock\/electric-and-electronic\/lighting-controller-dl-03-999-11\/#breadcrumb\",\"itemListElement\":[{\"@type\":\"ListItem\",\"position\":1,\"name\":\"Strona g\u0142\u00f3wna\",\"item\":\"https:\/\/darpol.bydgoszcz.pl\/en\/\"},{\"@type\":\"ListItem\",\"position\":2,\"name\":\"Oferta\",\"item\":\"https:\/\/darpol.bydgoszcz.pl\/oferta\/\"},{\"@type\":\"ListItem\",\"position\":3,\"name\":\"Lighting controller 110V DL-03-999-11\"}]},{\"@type\":\"WebSite\",\"@id\":\"https:\/\/darpol.bydgoszcz.pl\/#website\",\"url\":\"https:\/\/darpol.bydgoszcz.pl\/\",\"name\":\"Darpol Bydgoszcz\",\"description\":\"\",\"potentialAction\":[{\"@type\":\"SearchAction\",\"target\":{\"@type\":\"EntryPoint\",\"urlTemplate\":\"https:\/\/darpol.bydgoszcz.pl\/?s={search_term_string}\"},\"query-input\":\"required name=search_term_string\"}],\"inLanguage\":\"en-US\"}]}<\/script>\n<!-- \/ Yoast SEO plugin. -->","yoast_head_json":{"title":"Lighting controller 110V DL-03-999-11 - Darpol Bydgoszcz","description":"This intelligent 110V light controller with buttons DL-03-999-11 is used to adjust the lighting intensity. Complies with PN-EN 22768-2 1999 standard.","robots":{"index":"index","follow":"follow","max-snippet":"max-snippet:-1","max-image-preview":"max-image-preview:large","max-video-preview":"max-video-preview:-1"},"canonical":"https:\/\/darpol.bydgoszcz.pl\/en\/offer\/rolling-stock\/electric-and-electronic\/lighting-controller-dl-03-999-11\/","og_locale":"en_US","og_type":"article","og_title":"Lighting controller 110V DL-03-999-11 - Darpol Bydgoszcz","og_description":"This intelligent 110V light controller with buttons DL-03-999-11 is used to adjust the lighting intensity. Complies with PN-EN 22768-2 1999 standard.","og_url":"https:\/\/darpol.bydgoszcz.pl\/en\/offer\/rolling-stock\/electric-and-electronic\/lighting-controller-dl-03-999-11\/","og_site_name":"Darpol Bydgoszcz","article_modified_time":"2024-04-10T13:07:29+00:00","og_image":[{"width":400,"height":366,"url":"https:\/\/darpol.bydgoszcz.pl\/wp-content\/uploads\/DL-03-999-11-Regulator-oswietlenia-z-przyciskami-110V.jpg","type":"image\/jpeg"}],"twitter_card":"summary_large_image","twitter_misc":{"Est. reading time":"2 minutes"},"schema":{"@context":"https:\/\/schema.org","@graph":[{"@type":"WebPage","@id":"https:\/\/darpol.bydgoszcz.pl\/en\/offer\/rolling-stock\/electric-and-electronic\/lighting-controller-dl-03-999-11\/","url":"https:\/\/darpol.bydgoszcz.pl\/en\/offer\/rolling-stock\/electric-and-electronic\/lighting-controller-dl-03-999-11\/","name":"Lighting controller 110V DL-03-999-11 - Darpol Bydgoszcz","isPartOf":{"@id":"https:\/\/darpol.bydgoszcz.pl\/#website"},"primaryImageOfPage":{"@id":"https:\/\/darpol.bydgoszcz.pl\/en\/offer\/rolling-stock\/electric-and-electronic\/lighting-controller-dl-03-999-11\/#primaryimage"},"image":{"@id":"https:\/\/darpol.bydgoszcz.pl\/en\/offer\/rolling-stock\/electric-and-electronic\/lighting-controller-dl-03-999-11\/#primaryimage"},"thumbnailUrl":"https:\/\/darpol.bydgoszcz.pl\/wp-content\/uploads\/DL-03-999-11-Regulator-oswietlenia-z-przyciskami-110V.jpg","datePublished":"2024-04-10T12:42:16+00:00","dateModified":"2024-04-10T13:07:29+00:00","description":"This intelligent 110V light controller with buttons DL-03-999-11 is used to adjust the lighting intensity. Complies with PN-EN 22768-2 1999 standard.","breadcrumb":{"@id":"https:\/\/darpol.bydgoszcz.pl\/en\/offer\/rolling-stock\/electric-and-electronic\/lighting-controller-dl-03-999-11\/#breadcrumb"},"inLanguage":"en-US","potentialAction":[{"@type":"ReadAction","target":["https:\/\/darpol.bydgoszcz.pl\/en\/offer\/rolling-stock\/electric-and-electronic\/lighting-controller-dl-03-999-11\/"]}]},{"@type":"ImageObject","inLanguage":"en-US","@id":"https:\/\/darpol.bydgoszcz.pl\/en\/offer\/rolling-stock\/electric-and-electronic\/lighting-controller-dl-03-999-11\/#primaryimage","url":"https:\/\/darpol.bydgoszcz.pl\/wp-content\/uploads\/DL-03-999-11-Regulator-oswietlenia-z-przyciskami-110V.jpg","contentUrl":"https:\/\/darpol.bydgoszcz.pl\/wp-content\/uploads\/DL-03-999-11-Regulator-oswietlenia-z-przyciskami-110V.jpg","width":400,"height":366,"caption":"Regulator o\u015bwietlenia z przyciskami, regulator si\u0142y \u015bwiat\u0142a"},{"@type":"BreadcrumbList","@id":"https:\/\/darpol.bydgoszcz.pl\/en\/offer\/rolling-stock\/electric-and-electronic\/lighting-controller-dl-03-999-11\/#breadcrumb","itemListElement":[{"@type":"ListItem","position":1,"name":"Strona g\u0142\u00f3wna","item":"https:\/\/darpol.bydgoszcz.pl\/en\/"},{"@type":"ListItem","position":2,"name":"Oferta","item":"https:\/\/darpol.bydgoszcz.pl\/oferta\/"},{"@type":"ListItem","position":3,"name":"Lighting controller 110V DL-03-999-11"}]},{"@type":"WebSite","@id":"https:\/\/darpol.bydgoszcz.pl\/#website","url":"https:\/\/darpol.bydgoszcz.pl\/","name":"Darpol Bydgoszcz","description":"","potentialAction":[{"@type":"SearchAction","target":{"@type":"EntryPoint","urlTemplate":"https:\/\/darpol.bydgoszcz.pl\/?s={search_term_string}"},"query-input":"required name=search_term_string"}],"inLanguage":"en-US"}]}},"_links":{"self":[{"href":"https:\/\/darpol.bydgoszcz.pl\/en\/wp-json\/wp\/v2\/product\/56934","targetHints":{"allow":["GET"]}}],"collection":[{"href":"https:\/\/darpol.bydgoszcz.pl\/en\/wp-json\/wp\/v2\/product"}],"about":[{"href":"https:\/\/darpol.bydgoszcz.pl\/en\/wp-json\/wp\/v2\/types\/product"}],"wp:featuredmedia":[{"embeddable":true,"href":"https:\/\/darpol.bydgoszcz.pl\/en\/wp-json\/wp\/v2\/media\/56901"}],"wp:attachment":[{"href":"https:\/\/darpol.bydgoszcz.pl\/en\/wp-json\/wp\/v2\/media?parent=56934"}],"wp:term":[{"taxonomy":"product_cat","embeddable":true,"href":"https:\/\/darpol.bydgoszcz.pl\/en\/wp-json\/wp\/v2\/product_cat?post=56934"},{"taxonomy":"product_tag","embeddable":true,"href":"https:\/\/darpol.bydgoszcz.pl\/en\/wp-json\/wp\/v2\/product_tag?post=56934"}],"curies":[{"name":"wp","href":"https:\/\/api.w.org\/{rel}","templated":true}]}}