{"id":5513,"date":"2013-02-05T14:41:38","date_gmt":"2013-02-05T13:41:38","guid":{"rendered":"http:\/\/darpol.bydgoszcz.pl\/sklep\/door-locks-latches\/uklad-zamka-drzwi-zewnetrznych-przedzialu-sluzbowego-dl-o-16-050-0-2\/"},"modified":"2013-02-05T14:41:38","modified_gmt":"2013-02-05T13:41:38","slug":"uklad-zamka-drzwi-zewnetrznych-przedzialu-sluzbowego-dl-o-16-050-0-2","status":"publish","type":"product","link":"https:\/\/darpol.bydgoszcz.pl\/en\/offer\/rolling-stock\/door-locks-latches\/uklad-zamka-drzwi-zewnetrznych-przedzialu-sluzbowego-dl-o-16-050-0-2\/","title":{"rendered":"Lockset assembly for service cabin outside door DL-O 16 050-00"},"content":{"rendered":"<p>Lockset assembly for service cabin outside door, DL-O 16 050-00, is used in EMU.<\/p>\n<p>&nbsp;<\/p>\n<p>Included in the set:<\/p>\n<p>Center lock&nbsp;&nbsp;&nbsp;&nbsp; &#8211; Catalog No. DL-O 16 050-01<\/p>\n<p>Bolt&nbsp;&nbsp;&nbsp;&nbsp;&nbsp;&nbsp;&nbsp;&nbsp;&nbsp;&nbsp;&nbsp;&nbsp;&nbsp;&nbsp;&nbsp; &#8211; Catalog No. DL-O 16 050-02<\/p>\n<p>Upper pull rod &#8211; Catalog No. DL-O 16 050-04<\/p>\n<p>Lower pull rod &#8211; Catalog No. DL-O 16 050-05<\/p>\n<p>&nbsp;<\/p>\n<p>Also available separately.<\/p>\n<div style=\"clear:both\"><a href=\"javascript:window.print()\"><i class=\"fa fa-print\" aria-hidden=\"true\"><\/i> Print this page<\/a><\/div>","protected":false},"excerpt":{"rendered":"<p>Lockset assembly for service cabin outside door, DL-O 16 050-00, is used in EMU. &nbsp; Included in the set: Center lock&nbsp;&nbsp;&nbsp;&nbsp; &#8211; Catalog No. DL-O 16 050-01 Bolt&nbsp;&nbsp;&nbsp;&nbsp;&nbsp;&nbsp;&nbsp;&nbsp;&nbsp;&nbsp;&nbsp;&nbsp;&nbsp;&nbsp;&nbsp; &#8211; Catalog No. DL-O 16 050-02 Upper pull rod &#8211; Catalog No. DL-O 16 050-04 Lower pull rod &#8211; Catalog No. DL-O 16 050-05 &nbsp; Also available &hellip;<\/p>\n","protected":false},"featured_media":5501,"template":"","meta":{"om_disable_all_campaigns":false,"_monsterinsights_skip_tracking":false,"_monsterinsights_sitenote_active":false,"_monsterinsights_sitenote_note":"","_monsterinsights_sitenote_category":0,"_uf_show_specific_survey":0,"_uf_disable_surveys":false},"product_cat":[292],"product_tag":[],"class_list":{"0":"post-5513","1":"product","2":"type-product","3":"status-publish","4":"has-post-thumbnail","6":"product_cat-door-locks-latches","8":"first","9":"instock","10":"shipping-taxable","11":"purchasable","12":"product-type-simple"},"yoast_head":"<!-- This site is optimized with the Yoast SEO plugin v23.0 - https:\/\/yoast.com\/wordpress\/plugins\/seo\/ -->\n<title>Lockset assembly for service cabin outside door DL-O 16 050-00 - Darpol Bydgoszcz<\/title>\n<meta name=\"description\" content=\"Lockset assembly for service cabin outside door DL-O 16 050-00\" \/>\n<meta name=\"robots\" content=\"index, follow, max-snippet:-1, max-image-preview:large, max-video-preview:-1\" \/>\n<link rel=\"canonical\" href=\"https:\/\/darpol.bydgoszcz.pl\/en\/offer\/rolling-stock\/door-locks-latches\/uklad-zamka-drzwi-zewnetrznych-przedzialu-sluzbowego-dl-o-16-050-0-2\/\" \/>\n<meta property=\"og:locale\" content=\"en_US\" \/>\n<meta property=\"og:type\" content=\"article\" \/>\n<meta property=\"og:title\" content=\"Lockset assembly for service cabin outside door DL-O 16 050-00 - Darpol Bydgoszcz\" \/>\n<meta property=\"og:description\" content=\"Lockset assembly for service cabin outside door DL-O 16 050-00\" \/>\n<meta property=\"og:url\" content=\"https:\/\/darpol.bydgoszcz.pl\/en\/offer\/rolling-stock\/door-locks-latches\/uklad-zamka-drzwi-zewnetrznych-przedzialu-sluzbowego-dl-o-16-050-0-2\/\" \/>\n<meta property=\"og:site_name\" content=\"Darpol Bydgoszcz\" \/>\n<meta property=\"og:image\" content=\"https:\/\/darpol.bydgoszcz.pl\/wp-content\/uploads\/133-956-uklad-zamka-ryglowego-drzwi-zewnetrznych-przedzialu-sluzbowego-dl-o-16-050-00.jpg\" \/>\n\t<meta property=\"og:image:width\" content=\"90\" \/>\n\t<meta property=\"og:image:height\" content=\"577\" \/>\n\t<meta property=\"og:image:type\" content=\"image\/jpeg\" \/>\n<meta name=\"twitter:card\" content=\"summary_large_image\" \/>\n<script type=\"application\/ld+json\" class=\"yoast-schema-graph\">{\"@context\":\"https:\/\/schema.org\",\"@graph\":[{\"@type\":\"WebPage\",\"@id\":\"https:\/\/darpol.bydgoszcz.pl\/en\/offer\/rolling-stock\/door-locks-latches\/uklad-zamka-drzwi-zewnetrznych-przedzialu-sluzbowego-dl-o-16-050-0-2\/\",\"url\":\"https:\/\/darpol.bydgoszcz.pl\/en\/offer\/rolling-stock\/door-locks-latches\/uklad-zamka-drzwi-zewnetrznych-przedzialu-sluzbowego-dl-o-16-050-0-2\/\",\"name\":\"Lockset assembly for service cabin outside door DL-O 16 050-00 - Darpol Bydgoszcz\",\"isPartOf\":{\"@id\":\"https:\/\/darpol.bydgoszcz.pl\/#website\"},\"primaryImageOfPage\":{\"@id\":\"https:\/\/darpol.bydgoszcz.pl\/en\/offer\/rolling-stock\/door-locks-latches\/uklad-zamka-drzwi-zewnetrznych-przedzialu-sluzbowego-dl-o-16-050-0-2\/#primaryimage\"},\"image\":{\"@id\":\"https:\/\/darpol.bydgoszcz.pl\/en\/offer\/rolling-stock\/door-locks-latches\/uklad-zamka-drzwi-zewnetrznych-przedzialu-sluzbowego-dl-o-16-050-0-2\/#primaryimage\"},\"thumbnailUrl\":\"https:\/\/darpol.bydgoszcz.pl\/wp-content\/uploads\/133-956-uklad-zamka-ryglowego-drzwi-zewnetrznych-przedzialu-sluzbowego-dl-o-16-050-00.jpg\",\"datePublished\":\"2013-02-05T13:41:38+00:00\",\"dateModified\":\"2013-02-05T13:41:38+00:00\",\"description\":\"Lockset assembly for service cabin outside door DL-O 16 050-00\",\"breadcrumb\":{\"@id\":\"https:\/\/darpol.bydgoszcz.pl\/en\/offer\/rolling-stock\/door-locks-latches\/uklad-zamka-drzwi-zewnetrznych-przedzialu-sluzbowego-dl-o-16-050-0-2\/#breadcrumb\"},\"inLanguage\":\"en-US\",\"potentialAction\":[{\"@type\":\"ReadAction\",\"target\":[\"https:\/\/darpol.bydgoszcz.pl\/en\/offer\/rolling-stock\/door-locks-latches\/uklad-zamka-drzwi-zewnetrznych-przedzialu-sluzbowego-dl-o-16-050-0-2\/\"]}]},{\"@type\":\"ImageObject\",\"inLanguage\":\"en-US\",\"@id\":\"https:\/\/darpol.bydgoszcz.pl\/en\/offer\/rolling-stock\/door-locks-latches\/uklad-zamka-drzwi-zewnetrznych-przedzialu-sluzbowego-dl-o-16-050-0-2\/#primaryimage\",\"url\":\"https:\/\/darpol.bydgoszcz.pl\/wp-content\/uploads\/133-956-uklad-zamka-ryglowego-drzwi-zewnetrznych-przedzialu-sluzbowego-dl-o-16-050-00.jpg\",\"contentUrl\":\"https:\/\/darpol.bydgoszcz.pl\/wp-content\/uploads\/133-956-uklad-zamka-ryglowego-drzwi-zewnetrznych-przedzialu-sluzbowego-dl-o-16-050-00.jpg\",\"width\":90,\"height\":577,\"caption\":\"Uk\u0142ad zamka ryglowego drzwi zewn\u0119trznych przedzia\u0142u s\u0142u\u017cbowego DL-O 16 050-00\"},{\"@type\":\"BreadcrumbList\",\"@id\":\"https:\/\/darpol.bydgoszcz.pl\/en\/offer\/rolling-stock\/door-locks-latches\/uklad-zamka-drzwi-zewnetrznych-przedzialu-sluzbowego-dl-o-16-050-0-2\/#breadcrumb\",\"itemListElement\":[{\"@type\":\"ListItem\",\"position\":1,\"name\":\"Strona g\u0142\u00f3wna\",\"item\":\"https:\/\/darpol.bydgoszcz.pl\/en\/\"},{\"@type\":\"ListItem\",\"position\":2,\"name\":\"Oferta\",\"item\":\"https:\/\/darpol.bydgoszcz.pl\/oferta\/\"},{\"@type\":\"ListItem\",\"position\":3,\"name\":\"Lockset assembly for service cabin outside door DL-O 16 050-00\"}]},{\"@type\":\"WebSite\",\"@id\":\"https:\/\/darpol.bydgoszcz.pl\/#website\",\"url\":\"https:\/\/darpol.bydgoszcz.pl\/\",\"name\":\"Darpol Bydgoszcz\",\"description\":\"\",\"potentialAction\":[{\"@type\":\"SearchAction\",\"target\":{\"@type\":\"EntryPoint\",\"urlTemplate\":\"https:\/\/darpol.bydgoszcz.pl\/?s={search_term_string}\"},\"query-input\":\"required name=search_term_string\"}],\"inLanguage\":\"en-US\"}]}<\/script>\n<!-- \/ Yoast SEO plugin. -->","yoast_head_json":{"title":"Lockset assembly for service cabin outside door DL-O 16 050-00 - Darpol Bydgoszcz","description":"Lockset assembly for service cabin outside door DL-O 16 050-00","robots":{"index":"index","follow":"follow","max-snippet":"max-snippet:-1","max-image-preview":"max-image-preview:large","max-video-preview":"max-video-preview:-1"},"canonical":"https:\/\/darpol.bydgoszcz.pl\/en\/offer\/rolling-stock\/door-locks-latches\/uklad-zamka-drzwi-zewnetrznych-przedzialu-sluzbowego-dl-o-16-050-0-2\/","og_locale":"en_US","og_type":"article","og_title":"Lockset assembly for service cabin outside door DL-O 16 050-00 - Darpol Bydgoszcz","og_description":"Lockset assembly for service cabin outside door DL-O 16 050-00","og_url":"https:\/\/darpol.bydgoszcz.pl\/en\/offer\/rolling-stock\/door-locks-latches\/uklad-zamka-drzwi-zewnetrznych-przedzialu-sluzbowego-dl-o-16-050-0-2\/","og_site_name":"Darpol Bydgoszcz","og_image":[{"width":90,"height":577,"url":"https:\/\/darpol.bydgoszcz.pl\/wp-content\/uploads\/133-956-uklad-zamka-ryglowego-drzwi-zewnetrznych-przedzialu-sluzbowego-dl-o-16-050-00.jpg","type":"image\/jpeg"}],"twitter_card":"summary_large_image","schema":{"@context":"https:\/\/schema.org","@graph":[{"@type":"WebPage","@id":"https:\/\/darpol.bydgoszcz.pl\/en\/offer\/rolling-stock\/door-locks-latches\/uklad-zamka-drzwi-zewnetrznych-przedzialu-sluzbowego-dl-o-16-050-0-2\/","url":"https:\/\/darpol.bydgoszcz.pl\/en\/offer\/rolling-stock\/door-locks-latches\/uklad-zamka-drzwi-zewnetrznych-przedzialu-sluzbowego-dl-o-16-050-0-2\/","name":"Lockset assembly for service cabin outside door DL-O 16 050-00 - Darpol Bydgoszcz","isPartOf":{"@id":"https:\/\/darpol.bydgoszcz.pl\/#website"},"primaryImageOfPage":{"@id":"https:\/\/darpol.bydgoszcz.pl\/en\/offer\/rolling-stock\/door-locks-latches\/uklad-zamka-drzwi-zewnetrznych-przedzialu-sluzbowego-dl-o-16-050-0-2\/#primaryimage"},"image":{"@id":"https:\/\/darpol.bydgoszcz.pl\/en\/offer\/rolling-stock\/door-locks-latches\/uklad-zamka-drzwi-zewnetrznych-przedzialu-sluzbowego-dl-o-16-050-0-2\/#primaryimage"},"thumbnailUrl":"https:\/\/darpol.bydgoszcz.pl\/wp-content\/uploads\/133-956-uklad-zamka-ryglowego-drzwi-zewnetrznych-przedzialu-sluzbowego-dl-o-16-050-00.jpg","datePublished":"2013-02-05T13:41:38+00:00","dateModified":"2013-02-05T13:41:38+00:00","description":"Lockset assembly for service cabin outside door DL-O 16 050-00","breadcrumb":{"@id":"https:\/\/darpol.bydgoszcz.pl\/en\/offer\/rolling-stock\/door-locks-latches\/uklad-zamka-drzwi-zewnetrznych-przedzialu-sluzbowego-dl-o-16-050-0-2\/#breadcrumb"},"inLanguage":"en-US","potentialAction":[{"@type":"ReadAction","target":["https:\/\/darpol.bydgoszcz.pl\/en\/offer\/rolling-stock\/door-locks-latches\/uklad-zamka-drzwi-zewnetrznych-przedzialu-sluzbowego-dl-o-16-050-0-2\/"]}]},{"@type":"ImageObject","inLanguage":"en-US","@id":"https:\/\/darpol.bydgoszcz.pl\/en\/offer\/rolling-stock\/door-locks-latches\/uklad-zamka-drzwi-zewnetrznych-przedzialu-sluzbowego-dl-o-16-050-0-2\/#primaryimage","url":"https:\/\/darpol.bydgoszcz.pl\/wp-content\/uploads\/133-956-uklad-zamka-ryglowego-drzwi-zewnetrznych-przedzialu-sluzbowego-dl-o-16-050-00.jpg","contentUrl":"https:\/\/darpol.bydgoszcz.pl\/wp-content\/uploads\/133-956-uklad-zamka-ryglowego-drzwi-zewnetrznych-przedzialu-sluzbowego-dl-o-16-050-00.jpg","width":90,"height":577,"caption":"Uk\u0142ad zamka ryglowego drzwi zewn\u0119trznych przedzia\u0142u s\u0142u\u017cbowego DL-O 16 050-00"},{"@type":"BreadcrumbList","@id":"https:\/\/darpol.bydgoszcz.pl\/en\/offer\/rolling-stock\/door-locks-latches\/uklad-zamka-drzwi-zewnetrznych-przedzialu-sluzbowego-dl-o-16-050-0-2\/#breadcrumb","itemListElement":[{"@type":"ListItem","position":1,"name":"Strona g\u0142\u00f3wna","item":"https:\/\/darpol.bydgoszcz.pl\/en\/"},{"@type":"ListItem","position":2,"name":"Oferta","item":"https:\/\/darpol.bydgoszcz.pl\/oferta\/"},{"@type":"ListItem","position":3,"name":"Lockset assembly for service cabin outside door DL-O 16 050-00"}]},{"@type":"WebSite","@id":"https:\/\/darpol.bydgoszcz.pl\/#website","url":"https:\/\/darpol.bydgoszcz.pl\/","name":"Darpol Bydgoszcz","description":"","potentialAction":[{"@type":"SearchAction","target":{"@type":"EntryPoint","urlTemplate":"https:\/\/darpol.bydgoszcz.pl\/?s={search_term_string}"},"query-input":"required name=search_term_string"}],"inLanguage":"en-US"}]}},"_links":{"self":[{"href":"https:\/\/darpol.bydgoszcz.pl\/en\/wp-json\/wp\/v2\/product\/5513","targetHints":{"allow":["GET"]}}],"collection":[{"href":"https:\/\/darpol.bydgoszcz.pl\/en\/wp-json\/wp\/v2\/product"}],"about":[{"href":"https:\/\/darpol.bydgoszcz.pl\/en\/wp-json\/wp\/v2\/types\/product"}],"wp:featuredmedia":[{"embeddable":true,"href":"https:\/\/darpol.bydgoszcz.pl\/en\/wp-json\/wp\/v2\/media\/5501"}],"wp:attachment":[{"href":"https:\/\/darpol.bydgoszcz.pl\/en\/wp-json\/wp\/v2\/media?parent=5513"}],"wp:term":[{"taxonomy":"product_cat","embeddable":true,"href":"https:\/\/darpol.bydgoszcz.pl\/en\/wp-json\/wp\/v2\/product_cat?post=5513"},{"taxonomy":"product_tag","embeddable":true,"href":"https:\/\/darpol.bydgoszcz.pl\/en\/wp-json\/wp\/v2\/product_tag?post=5513"}],"curies":[{"name":"wp","href":"https:\/\/api.w.org\/{rel}","templated":true}]}}