{"id":54849,"date":"2019-04-24T13:16:06","date_gmt":"2019-04-24T11:16:06","guid":{"rendered":"https:\/\/darpol.bydgoszcz.pl\/offer\/bez-kategorii\/lampa-led-fi-90-do-wc-dl-03-023-00\/"},"modified":"2025-11-21T12:44:51","modified_gmt":"2025-11-21T11:44:51","slug":"lampa-led-fi-90-do-wc-dl-03-023-00","status":"publish","type":"product","link":"https:\/\/darpol.bydgoszcz.pl\/en\/offer\/rolling-stock\/electric-and-electronic\/lampa-led-fi-90-do-wc-dl-03-023-00\/","title":{"rendered":"LED lamp fi90 for toilets  DL-03-023-00"},"content":{"rendered":"<p>The LED toilet lamp for rail vehicles is a specialised lighting solution designed for the demanding conditions found on trains. It ensures high comfort of use, safety and complete reliability in all operating conditions. Thanks to its durable construction, energy-efficient LED technology and compliance with railway standards, it is a key component of modern toilet modules.<\/p>\n<p>&nbsp;<\/p>\n<p><strong>Benefits and advantages:<\/strong><br \/>\n+ Energy efficiency and long service life<br \/>\n+ Resistance to vibrations and difficult driving conditions<br \/>\n+ Uniform and pleasant light<br \/>\n+ Safety and compliance with railway standards<\/p>\n<p>&nbsp;<\/p>\n<p><strong>Technical data:<\/strong><br \/>\nMaterial: Aluminium<br \/>\nFinish: Anodised<br \/>\nPower supply: 24V DC<br \/>\nLight colour temperature: 4000K<br \/>\nLight colour: Natural<br \/>\nMounting hole: \u00d875\u00f780<br \/>\nWeight: ~0.2kg<\/p>\n<p>&nbsp;<\/p>\n<p>Product complies with standards: PN-EN 22768-2, PN-EN-45545-2<\/p>\n<p>Application: passenger carriages<\/p>\n<p>&nbsp;<\/p>\n<p>&nbsp;<\/p>\n<div style=\"clear:both\"><a href=\"javascript:window.print()\"><i class=\"fa fa-print\" aria-hidden=\"true\"><\/i> Print this page<\/a><\/div>","protected":false},"excerpt":{"rendered":"<p>The LED toilet lamp for rail vehicles is a specialised lighting solution designed for the demanding conditions found on trains. It ensures high comfort of use, safety and complete reliability in all operating conditions. Thanks to its durable construction, energy-efficient LED technology and compliance with railway standards, it is a key component of modern toilet &hellip;<\/p>\n","protected":false},"featured_media":57970,"template":"","meta":{"om_disable_all_campaigns":false,"_monsterinsights_skip_tracking":false,"_monsterinsights_sitenote_active":false,"_monsterinsights_sitenote_note":"","_monsterinsights_sitenote_category":0,"_uf_show_specific_survey":0,"_uf_disable_surveys":false},"product_cat":[368,303,339,333,3873],"product_tag":[4147,3483,7826,2981,4148,2906,8064,8065,8066,3528,8067,8080,8082,8078,8068,8069,8070,8081,4149,4150,4151,8079,3202,2907],"class_list":{"0":"post-54849","1":"product","2":"type-product","3":"status-publish","4":"has-post-thumbnail","6":"product_cat-lighting","7":"product_cat-electric-and-electronic","8":"product_cat-passenger-coaches","9":"product_cat-emu-dmu","10":"product_cat-toilets","11":"product_tag-4801b-en","12":"product_tag-darpol-en","13":"product_tag-darpol-bydgoszcz-en","14":"product_tag-ezt-en","15":"product_tag-ip20-en","16":"product_tag-lampa-en","17":"product_tag-lampa-kolejowa-led-en","18":"product_tag-lampa-led-do-pociagu-en","19":"product_tag-lampa-led-wc-en","20":"product_tag-led-en","21":"product_tag-led-do-taboru-kolejowego-en","22":"product_tag-led-for-rolling-stock","23":"product_tag-led-railway-lamp","24":"product_tag-led-toilet-lamp","25":"product_tag-oswietlenie-led-pojazdy-szynowe-en","26":"product_tag-oswietlenie-toalety-w-pociagu-en","27":"product_tag-oswietlenie-wc-pociag-en","28":"product_tag-railway-toilet-module-lighting","29":"product_tag-szt-en","30":"product_tag-teknoware-en","31":"product_tag-toaleta-en","32":"product_tag-train-toilet-lighting","33":"product_tag-wagon-en","34":"product_tag-wc-en","36":"first","37":"onbackorder","38":"shipping-taxable","39":"product-type-simple"},"yoast_head":"<!-- This site is optimized with the Yoast SEO plugin v23.0 - https:\/\/yoast.com\/wordpress\/plugins\/seo\/ -->\n<title>LED lamp fi90 for toilets DL-03-023-00 - Darpol Bydgoszcz<\/title>\n<meta name=\"description\" content=\"Lampa LED do WC to produkt \u0142\u0105cz\u0105cy niezawodno\u015b\u0107, energooszcz\u0119dno\u015b\u0107 i trwa\u0142o\u015b\u0107, przygotowany specjalnie pod wysokie wymagania transportu szynowego. Podnosi komfort podr\u00f3\u017cnych, u\u0142atwia serwisowanie i zmniejsza koszty eksploatacji taboru.\" \/>\n<meta name=\"robots\" content=\"index, follow, max-snippet:-1, max-image-preview:large, max-video-preview:-1\" \/>\n<link rel=\"canonical\" href=\"https:\/\/darpol.bydgoszcz.pl\/en\/offer\/rolling-stock\/electric-and-electronic\/lampa-led-fi-90-do-wc-dl-03-023-00\/\" \/>\n<meta property=\"og:locale\" content=\"en_US\" \/>\n<meta property=\"og:type\" content=\"article\" \/>\n<meta property=\"og:title\" content=\"LED lamp fi90 for toilets DL-03-023-00 - Darpol Bydgoszcz\" \/>\n<meta property=\"og:description\" content=\"Lampa LED do WC to produkt \u0142\u0105cz\u0105cy niezawodno\u015b\u0107, energooszcz\u0119dno\u015b\u0107 i trwa\u0142o\u015b\u0107, przygotowany specjalnie pod wysokie wymagania transportu szynowego. Podnosi komfort podr\u00f3\u017cnych, u\u0142atwia serwisowanie i zmniejsza koszty eksploatacji taboru.\" \/>\n<meta property=\"og:url\" content=\"https:\/\/darpol.bydgoszcz.pl\/en\/offer\/rolling-stock\/electric-and-electronic\/lampa-led-fi-90-do-wc-dl-03-023-00\/\" \/>\n<meta property=\"og:site_name\" content=\"Darpol Bydgoszcz\" \/>\n<meta property=\"article:modified_time\" content=\"2025-11-21T11:44:51+00:00\" \/>\n<meta property=\"og:image\" content=\"https:\/\/darpol.bydgoszcz.pl\/wp-content\/uploads\/DL-03-023-00-Lampa-LED-fi90-do-WC-1.png\" \/>\n\t<meta property=\"og:image:width\" content=\"1000\" \/>\n\t<meta property=\"og:image:height\" content=\"1000\" \/>\n\t<meta property=\"og:image:type\" content=\"image\/png\" \/>\n<meta name=\"twitter:card\" content=\"summary_large_image\" \/>\n<meta name=\"twitter:label1\" content=\"Est. reading time\" \/>\n\t<meta name=\"twitter:data1\" content=\"1 minute\" \/>\n<script type=\"application\/ld+json\" class=\"yoast-schema-graph\">{\"@context\":\"https:\/\/schema.org\",\"@graph\":[{\"@type\":\"WebPage\",\"@id\":\"https:\/\/darpol.bydgoszcz.pl\/en\/offer\/rolling-stock\/electric-and-electronic\/lampa-led-fi-90-do-wc-dl-03-023-00\/\",\"url\":\"https:\/\/darpol.bydgoszcz.pl\/en\/offer\/rolling-stock\/electric-and-electronic\/lampa-led-fi-90-do-wc-dl-03-023-00\/\",\"name\":\"LED lamp fi90 for toilets DL-03-023-00 - Darpol Bydgoszcz\",\"isPartOf\":{\"@id\":\"https:\/\/darpol.bydgoszcz.pl\/#website\"},\"primaryImageOfPage\":{\"@id\":\"https:\/\/darpol.bydgoszcz.pl\/en\/offer\/rolling-stock\/electric-and-electronic\/lampa-led-fi-90-do-wc-dl-03-023-00\/#primaryimage\"},\"image\":{\"@id\":\"https:\/\/darpol.bydgoszcz.pl\/en\/offer\/rolling-stock\/electric-and-electronic\/lampa-led-fi-90-do-wc-dl-03-023-00\/#primaryimage\"},\"thumbnailUrl\":\"https:\/\/darpol.bydgoszcz.pl\/wp-content\/uploads\/DL-03-023-00-Lampa-LED-fi90-do-WC-1.png\",\"datePublished\":\"2019-04-24T11:16:06+00:00\",\"dateModified\":\"2025-11-21T11:44:51+00:00\",\"description\":\"Lampa LED do WC to produkt \u0142\u0105cz\u0105cy niezawodno\u015b\u0107, energooszcz\u0119dno\u015b\u0107 i trwa\u0142o\u015b\u0107, przygotowany specjalnie pod wysokie wymagania transportu szynowego. Podnosi komfort podr\u00f3\u017cnych, u\u0142atwia serwisowanie i zmniejsza koszty eksploatacji taboru.\",\"breadcrumb\":{\"@id\":\"https:\/\/darpol.bydgoszcz.pl\/en\/offer\/rolling-stock\/electric-and-electronic\/lampa-led-fi-90-do-wc-dl-03-023-00\/#breadcrumb\"},\"inLanguage\":\"en-US\",\"potentialAction\":[{\"@type\":\"ReadAction\",\"target\":[\"https:\/\/darpol.bydgoszcz.pl\/en\/offer\/rolling-stock\/electric-and-electronic\/lampa-led-fi-90-do-wc-dl-03-023-00\/\"]}]},{\"@type\":\"ImageObject\",\"inLanguage\":\"en-US\",\"@id\":\"https:\/\/darpol.bydgoszcz.pl\/en\/offer\/rolling-stock\/electric-and-electronic\/lampa-led-fi-90-do-wc-dl-03-023-00\/#primaryimage\",\"url\":\"https:\/\/darpol.bydgoszcz.pl\/wp-content\/uploads\/DL-03-023-00-Lampa-LED-fi90-do-WC-1.png\",\"contentUrl\":\"https:\/\/darpol.bydgoszcz.pl\/wp-content\/uploads\/DL-03-023-00-Lampa-LED-fi90-do-WC-1.png\",\"width\":1000,\"height\":1000,\"caption\":\"DL-03-023-00 Lampa LED fi90 do WC\"},{\"@type\":\"BreadcrumbList\",\"@id\":\"https:\/\/darpol.bydgoszcz.pl\/en\/offer\/rolling-stock\/electric-and-electronic\/lampa-led-fi-90-do-wc-dl-03-023-00\/#breadcrumb\",\"itemListElement\":[{\"@type\":\"ListItem\",\"position\":1,\"name\":\"Strona g\u0142\u00f3wna\",\"item\":\"https:\/\/darpol.bydgoszcz.pl\/en\/\"},{\"@type\":\"ListItem\",\"position\":2,\"name\":\"Oferta\",\"item\":\"https:\/\/darpol.bydgoszcz.pl\/oferta\/\"},{\"@type\":\"ListItem\",\"position\":3,\"name\":\"LED lamp fi90 for toilets DL-03-023-00\"}]},{\"@type\":\"WebSite\",\"@id\":\"https:\/\/darpol.bydgoszcz.pl\/#website\",\"url\":\"https:\/\/darpol.bydgoszcz.pl\/\",\"name\":\"Darpol Bydgoszcz\",\"description\":\"\",\"potentialAction\":[{\"@type\":\"SearchAction\",\"target\":{\"@type\":\"EntryPoint\",\"urlTemplate\":\"https:\/\/darpol.bydgoszcz.pl\/?s={search_term_string}\"},\"query-input\":\"required name=search_term_string\"}],\"inLanguage\":\"en-US\"}]}<\/script>\n<!-- \/ Yoast SEO plugin. -->","yoast_head_json":{"title":"LED lamp fi90 for toilets DL-03-023-00 - Darpol Bydgoszcz","description":"Lampa LED do WC to produkt \u0142\u0105cz\u0105cy niezawodno\u015b\u0107, energooszcz\u0119dno\u015b\u0107 i trwa\u0142o\u015b\u0107, przygotowany specjalnie pod wysokie wymagania transportu szynowego. Podnosi komfort podr\u00f3\u017cnych, u\u0142atwia serwisowanie i zmniejsza koszty eksploatacji taboru.","robots":{"index":"index","follow":"follow","max-snippet":"max-snippet:-1","max-image-preview":"max-image-preview:large","max-video-preview":"max-video-preview:-1"},"canonical":"https:\/\/darpol.bydgoszcz.pl\/en\/offer\/rolling-stock\/electric-and-electronic\/lampa-led-fi-90-do-wc-dl-03-023-00\/","og_locale":"en_US","og_type":"article","og_title":"LED lamp fi90 for toilets DL-03-023-00 - Darpol Bydgoszcz","og_description":"Lampa LED do WC to produkt \u0142\u0105cz\u0105cy niezawodno\u015b\u0107, energooszcz\u0119dno\u015b\u0107 i trwa\u0142o\u015b\u0107, przygotowany specjalnie pod wysokie wymagania transportu szynowego. Podnosi komfort podr\u00f3\u017cnych, u\u0142atwia serwisowanie i zmniejsza koszty eksploatacji taboru.","og_url":"https:\/\/darpol.bydgoszcz.pl\/en\/offer\/rolling-stock\/electric-and-electronic\/lampa-led-fi-90-do-wc-dl-03-023-00\/","og_site_name":"Darpol Bydgoszcz","article_modified_time":"2025-11-21T11:44:51+00:00","og_image":[{"width":1000,"height":1000,"url":"https:\/\/darpol.bydgoszcz.pl\/wp-content\/uploads\/DL-03-023-00-Lampa-LED-fi90-do-WC-1.png","type":"image\/png"}],"twitter_card":"summary_large_image","twitter_misc":{"Est. reading time":"1 minute"},"schema":{"@context":"https:\/\/schema.org","@graph":[{"@type":"WebPage","@id":"https:\/\/darpol.bydgoszcz.pl\/en\/offer\/rolling-stock\/electric-and-electronic\/lampa-led-fi-90-do-wc-dl-03-023-00\/","url":"https:\/\/darpol.bydgoszcz.pl\/en\/offer\/rolling-stock\/electric-and-electronic\/lampa-led-fi-90-do-wc-dl-03-023-00\/","name":"LED lamp fi90 for toilets DL-03-023-00 - Darpol Bydgoszcz","isPartOf":{"@id":"https:\/\/darpol.bydgoszcz.pl\/#website"},"primaryImageOfPage":{"@id":"https:\/\/darpol.bydgoszcz.pl\/en\/offer\/rolling-stock\/electric-and-electronic\/lampa-led-fi-90-do-wc-dl-03-023-00\/#primaryimage"},"image":{"@id":"https:\/\/darpol.bydgoszcz.pl\/en\/offer\/rolling-stock\/electric-and-electronic\/lampa-led-fi-90-do-wc-dl-03-023-00\/#primaryimage"},"thumbnailUrl":"https:\/\/darpol.bydgoszcz.pl\/wp-content\/uploads\/DL-03-023-00-Lampa-LED-fi90-do-WC-1.png","datePublished":"2019-04-24T11:16:06+00:00","dateModified":"2025-11-21T11:44:51+00:00","description":"Lampa LED do WC to produkt \u0142\u0105cz\u0105cy niezawodno\u015b\u0107, energooszcz\u0119dno\u015b\u0107 i trwa\u0142o\u015b\u0107, przygotowany specjalnie pod wysokie wymagania transportu szynowego. Podnosi komfort podr\u00f3\u017cnych, u\u0142atwia serwisowanie i zmniejsza koszty eksploatacji taboru.","breadcrumb":{"@id":"https:\/\/darpol.bydgoszcz.pl\/en\/offer\/rolling-stock\/electric-and-electronic\/lampa-led-fi-90-do-wc-dl-03-023-00\/#breadcrumb"},"inLanguage":"en-US","potentialAction":[{"@type":"ReadAction","target":["https:\/\/darpol.bydgoszcz.pl\/en\/offer\/rolling-stock\/electric-and-electronic\/lampa-led-fi-90-do-wc-dl-03-023-00\/"]}]},{"@type":"ImageObject","inLanguage":"en-US","@id":"https:\/\/darpol.bydgoszcz.pl\/en\/offer\/rolling-stock\/electric-and-electronic\/lampa-led-fi-90-do-wc-dl-03-023-00\/#primaryimage","url":"https:\/\/darpol.bydgoszcz.pl\/wp-content\/uploads\/DL-03-023-00-Lampa-LED-fi90-do-WC-1.png","contentUrl":"https:\/\/darpol.bydgoszcz.pl\/wp-content\/uploads\/DL-03-023-00-Lampa-LED-fi90-do-WC-1.png","width":1000,"height":1000,"caption":"DL-03-023-00 Lampa LED fi90 do WC"},{"@type":"BreadcrumbList","@id":"https:\/\/darpol.bydgoszcz.pl\/en\/offer\/rolling-stock\/electric-and-electronic\/lampa-led-fi-90-do-wc-dl-03-023-00\/#breadcrumb","itemListElement":[{"@type":"ListItem","position":1,"name":"Strona g\u0142\u00f3wna","item":"https:\/\/darpol.bydgoszcz.pl\/en\/"},{"@type":"ListItem","position":2,"name":"Oferta","item":"https:\/\/darpol.bydgoszcz.pl\/oferta\/"},{"@type":"ListItem","position":3,"name":"LED lamp fi90 for toilets DL-03-023-00"}]},{"@type":"WebSite","@id":"https:\/\/darpol.bydgoszcz.pl\/#website","url":"https:\/\/darpol.bydgoszcz.pl\/","name":"Darpol Bydgoszcz","description":"","potentialAction":[{"@type":"SearchAction","target":{"@type":"EntryPoint","urlTemplate":"https:\/\/darpol.bydgoszcz.pl\/?s={search_term_string}"},"query-input":"required name=search_term_string"}],"inLanguage":"en-US"}]}},"_links":{"self":[{"href":"https:\/\/darpol.bydgoszcz.pl\/en\/wp-json\/wp\/v2\/product\/54849","targetHints":{"allow":["GET"]}}],"collection":[{"href":"https:\/\/darpol.bydgoszcz.pl\/en\/wp-json\/wp\/v2\/product"}],"about":[{"href":"https:\/\/darpol.bydgoszcz.pl\/en\/wp-json\/wp\/v2\/types\/product"}],"wp:featuredmedia":[{"embeddable":true,"href":"https:\/\/darpol.bydgoszcz.pl\/en\/wp-json\/wp\/v2\/media\/57970"}],"wp:attachment":[{"href":"https:\/\/darpol.bydgoszcz.pl\/en\/wp-json\/wp\/v2\/media?parent=54849"}],"wp:term":[{"taxonomy":"product_cat","embeddable":true,"href":"https:\/\/darpol.bydgoszcz.pl\/en\/wp-json\/wp\/v2\/product_cat?post=54849"},{"taxonomy":"product_tag","embeddable":true,"href":"https:\/\/darpol.bydgoszcz.pl\/en\/wp-json\/wp\/v2\/product_tag?post=54849"}],"curies":[{"name":"wp","href":"https:\/\/api.w.org\/{rel}","templated":true}]}}