{"id":54548,"date":"2019-03-06T16:44:29","date_gmt":"2019-03-06T15:44:29","guid":{"rendered":"https:\/\/darpol.bydgoszcz.pl\/offer\/bez-kategorii\/naprawa-zaworow\/"},"modified":"2019-03-06T17:11:53","modified_gmt":"2019-03-06T16:11:53","slug":"naprawa-zaworow","status":"publish","type":"product","link":"https:\/\/darpol.bydgoszcz.pl\/en\/offer\/rolling-stock\/electric-and-electronic\/naprawa-zaworow\/","title":{"rendered":"Valves &#8211; repair"},"content":{"rendered":"<p>Zach\u0119camy do skorzystania z naszej oferty regeneracji zawor\u00f3w do lokomotyw, jednostek trakcyjnych i wagon\u00f3w.<\/p>\n<p>&nbsp;<\/p>\n<p>Naprawiamy mi\u0119dzy innymi:<\/p>\n<p>&nbsp;<\/p>\n<ul>\n<li>&#8211; Nastawiacz hamulcowy SAB DRV 450 (wymiana nakr\u0119tki d\u0142ugiej i kr\u00f3tkiej)<\/li>\n<li>&#8211; Zaw\u00f3r awaryjnego otwierania drzwi H-3-1\/4B<\/li>\n<li>&#8211; Zaw\u00f3r biegu ja\u0142owego H1208<\/li>\n<li>&#8211; Zaw\u00f3r elektropneumatyczny ZPP; ZPM 275 , 1001 , 1101 ,\u00a0 4045;\u00a0 ZPM AC; DL-O 30 024-02; DL-O 30 024-01; UW 061; WW-3; H908a; EV5 i EV5c; EV 30; PMVG\/63<\/li>\n<li>&#8211; Zaw\u00f3r rozrz\u0105dczy Oerlikon Est3e\/f 12\u201d\/14\u201d\/16<\/li>\n<li>&#8211; Zaw\u00f3r rozrz\u0105dczy Oerlikon Est3f\/HBG300<\/li>\n<li>&#8211; Zaw\u00f3r rozrz\u0105dczy Oerlikon Est3f\/Al2c\/HBG300<\/li>\n<li>&#8211; Zaw\u00f3r g\u0142\u00f3wny maszynisty Oerlikon<\/li>\n<li>&#8211; Zaw\u00f3r dodatkowy maszynisty Oerlikon<\/li>\n<li>&#8211; Zaw\u00f3r rozrz\u0105dczy Oerlikon Lst1 kpl.\u00a0\u00a0 (element steruj\u0105cy, przek\u0142adnik ci\u015bnienia, wspornik)<\/li>\n<li>&#8211; Zaw\u00f3r rozrz\u0105dczy Knorr KE1<\/li>\n<li>&#8211; Zaw\u00f3r rozrz\u0105dczy Knorr KE2<\/li>\n<li>&#8211; Zaw\u00f3r g\u0142\u00f3wny maszynisty KNORR<\/li>\n<li>&#8211; Zaw\u00f3r rozrz\u0105dczy DAKO L(CV1)<\/li>\n<li>&#8211; Przystawka TR (D)<\/li>\n<li>&#8211; Zaw\u00f3r g\u0142\u00f3wny maszynisty DAKO BS-2<\/li>\n<li>&#8211; Zaw\u00f3r pomocniczy maszynisty DAKO BP<\/li>\n<li>&#8211; Zaw\u00f3r bezpiecze\u0144stwa H1501<\/li>\n<li>&#8211; Zaw\u00f3r wa\u017c\u0105cy WM10<\/li>\n<\/ul>\n<p>&nbsp;<\/p>\n<p>Pe\u0142na regeneracja obejmuje:<\/p>\n<p>&#8211; mycie i czyszczenie,<\/p>\n<p>&#8211; demonta\u017c,<\/p>\n<p>&#8211; mycie i czyszczenie poszczeg\u00f3lnych cz\u0119\u015bci,<\/p>\n<p>&#8211; kwalifikacja poszczeg\u00f3lnych cz\u0119\u015bci,<\/p>\n<p>&#8211; wymiana uszczelnie\u0144 gumowych,<\/p>\n<p>&#8211; wymiana uszkodzonych spr\u0119\u017cyn,<\/p>\n<p>&#8211; smarowanie wewn\u0119trznych cz\u0119\u015bci zaworu,<\/p>\n<p>&#8211; monta\u017c zaworu,<\/p>\n<p>&#8211; badanie i pr\u00f3ba zaworu.<\/p>\n<p>&nbsp;<\/p>\n<p>Czas realizacji us\u0142ugi pe\u0142nej regeneracji wynosi: \u00a0ok. 14-21 dni roboczych \u00a0(ewentualnie mo\u017ce ulec wyd\u0142u\u017ceniu w przypadku potrzeby wykonania napraw dodatkowych i\u00a0 konieczno\u015bci zam\u00f3wienia cz\u0119\u015bci)<\/p>\n<p>Gwarancja 6 miesi\u0119cy<\/p>\n<div style=\"clear:both\"><a href=\"javascript:window.print()\"><i class=\"fa fa-print\" aria-hidden=\"true\"><\/i> Print this page<\/a><\/div>","protected":false},"excerpt":{"rendered":"<p>Zach\u0119camy do skorzystania z naszej oferty regeneracji zawor\u00f3w do lokomotyw, jednostek trakcyjnych i wagon\u00f3w. &nbsp; Naprawiamy mi\u0119dzy innymi: &nbsp; &#8211; Nastawiacz hamulcowy SAB DRV 450 (wymiana nakr\u0119tki d\u0142ugiej i kr\u00f3tkiej) &#8211; Zaw\u00f3r awaryjnego otwierania drzwi H-3-1\/4B &#8211; Zaw\u00f3r biegu ja\u0142owego H1208 &#8211; Zaw\u00f3r elektropneumatyczny ZPP; ZPM 275 , 1001 , 1101 ,\u00a0 4045;\u00a0 ZPM AC; &hellip;<\/p>\n","protected":false},"featured_media":42951,"template":"","meta":{"om_disable_all_campaigns":false,"_monsterinsights_skip_tracking":false,"_monsterinsights_sitenote_active":false,"_monsterinsights_sitenote_note":"","_monsterinsights_sitenote_category":0,"_uf_show_specific_survey":0,"_uf_disable_surveys":false},"product_cat":[303,327,339,333,3648],"product_tag":[3483,3940,3983,3984,3985,2717,4000,3986,3987,3988,3989,3990],"class_list":{"0":"post-54548","1":"product","2":"type-product","3":"status-publish","4":"has-post-thumbnail","6":"product_cat-electric-and-electronic","7":"product_cat-locomotives","8":"product_cat-passenger-coaches","9":"product_cat-emu-dmu","10":"product_cat-repairs","11":"product_tag-darpol-en","12":"product_tag-drzwi-en","13":"product_tag-hamowania-en","14":"product_tag-koban-en","15":"product_tag-kolej-en","16":"product_tag-lokomotywa-en","17":"product_tag-oerlikon-en","18":"product_tag-pneumatyczny-en","19":"product_tag-zawor-en","20":"product_tag-zawory-en","21":"product_tag-zpm-en","22":"product_tag-zpp-en","24":"first","25":"onbackorder","26":"shipping-taxable","27":"product-type-simple"},"yoast_head":"<!-- This site is optimized with the Yoast SEO plugin v23.0 - https:\/\/yoast.com\/wordpress\/plugins\/seo\/ -->\n<title>Valves - repair - Darpol Bydgoszcz<\/title>\n<meta name=\"robots\" content=\"index, follow, max-snippet:-1, max-image-preview:large, max-video-preview:-1\" \/>\n<link rel=\"canonical\" href=\"https:\/\/darpol.bydgoszcz.pl\/en\/offer\/rolling-stock\/electric-and-electronic\/naprawa-zaworow\/\" \/>\n<meta property=\"og:locale\" content=\"en_US\" \/>\n<meta property=\"og:type\" content=\"article\" \/>\n<meta property=\"og:title\" content=\"Valves - repair - Darpol Bydgoszcz\" \/>\n<meta property=\"og:description\" content=\"Zach\u0119camy do skorzystania z naszej oferty regeneracji zawor\u00f3w do lokomotyw, jednostek trakcyjnych i wagon\u00f3w. &nbsp; Naprawiamy mi\u0119dzy innymi: &nbsp; &#8211; Nastawiacz hamulcowy SAB DRV 450 (wymiana nakr\u0119tki d\u0142ugiej i kr\u00f3tkiej) &#8211; Zaw\u00f3r awaryjnego otwierania drzwi H-3-1\/4B &#8211; Zaw\u00f3r biegu ja\u0142owego H1208 &#8211; Zaw\u00f3r elektropneumatyczny ZPP; ZPM 275 , 1001 , 1101 ,\u00a0 4045;\u00a0 ZPM AC; &hellip;\" \/>\n<meta property=\"og:url\" content=\"https:\/\/darpol.bydgoszcz.pl\/en\/offer\/rolling-stock\/electric-and-electronic\/naprawa-zaworow\/\" \/>\n<meta property=\"og:site_name\" content=\"Darpol Bydgoszcz\" \/>\n<meta property=\"article:modified_time\" content=\"2019-03-06T16:11:53+00:00\" \/>\n<meta property=\"og:image\" content=\"https:\/\/darpol.bydgoszcz.pl\/wp-content\/uploads\/821-1145-elektrozawor-do-lokomotywy-sm48-tem2-75v-dl-o-30-024-15.jpg\" \/>\n\t<meta property=\"og:image:width\" content=\"689\" \/>\n\t<meta property=\"og:image:height\" content=\"532\" \/>\n\t<meta property=\"og:image:type\" content=\"image\/jpeg\" \/>\n<meta name=\"twitter:card\" content=\"summary_large_image\" \/>\n<meta name=\"twitter:label1\" content=\"Est. reading time\" \/>\n\t<meta name=\"twitter:data1\" content=\"1 minute\" \/>\n<script type=\"application\/ld+json\" class=\"yoast-schema-graph\">{\"@context\":\"https:\/\/schema.org\",\"@graph\":[{\"@type\":\"WebPage\",\"@id\":\"https:\/\/darpol.bydgoszcz.pl\/en\/offer\/rolling-stock\/electric-and-electronic\/naprawa-zaworow\/\",\"url\":\"https:\/\/darpol.bydgoszcz.pl\/en\/offer\/rolling-stock\/electric-and-electronic\/naprawa-zaworow\/\",\"name\":\"Valves - repair - Darpol Bydgoszcz\",\"isPartOf\":{\"@id\":\"https:\/\/darpol.bydgoszcz.pl\/#website\"},\"primaryImageOfPage\":{\"@id\":\"https:\/\/darpol.bydgoszcz.pl\/en\/offer\/rolling-stock\/electric-and-electronic\/naprawa-zaworow\/#primaryimage\"},\"image\":{\"@id\":\"https:\/\/darpol.bydgoszcz.pl\/en\/offer\/rolling-stock\/electric-and-electronic\/naprawa-zaworow\/#primaryimage\"},\"thumbnailUrl\":\"https:\/\/darpol.bydgoszcz.pl\/wp-content\/uploads\/821-1145-elektrozawor-do-lokomotywy-sm48-tem2-75v-dl-o-30-024-15.jpg\",\"datePublished\":\"2019-03-06T15:44:29+00:00\",\"dateModified\":\"2019-03-06T16:11:53+00:00\",\"breadcrumb\":{\"@id\":\"https:\/\/darpol.bydgoszcz.pl\/en\/offer\/rolling-stock\/electric-and-electronic\/naprawa-zaworow\/#breadcrumb\"},\"inLanguage\":\"en-US\",\"potentialAction\":[{\"@type\":\"ReadAction\",\"target\":[\"https:\/\/darpol.bydgoszcz.pl\/en\/offer\/rolling-stock\/electric-and-electronic\/naprawa-zaworow\/\"]}]},{\"@type\":\"ImageObject\",\"inLanguage\":\"en-US\",\"@id\":\"https:\/\/darpol.bydgoszcz.pl\/en\/offer\/rolling-stock\/electric-and-electronic\/naprawa-zaworow\/#primaryimage\",\"url\":\"https:\/\/darpol.bydgoszcz.pl\/wp-content\/uploads\/821-1145-elektrozawor-do-lokomotywy-sm48-tem2-75v-dl-o-30-024-15.jpg\",\"contentUrl\":\"https:\/\/darpol.bydgoszcz.pl\/wp-content\/uploads\/821-1145-elektrozawor-do-lokomotywy-sm48-tem2-75v-dl-o-30-024-15.jpg\",\"width\":689,\"height\":532},{\"@type\":\"BreadcrumbList\",\"@id\":\"https:\/\/darpol.bydgoszcz.pl\/en\/offer\/rolling-stock\/electric-and-electronic\/naprawa-zaworow\/#breadcrumb\",\"itemListElement\":[{\"@type\":\"ListItem\",\"position\":1,\"name\":\"Strona g\u0142\u00f3wna\",\"item\":\"https:\/\/darpol.bydgoszcz.pl\/en\/\"},{\"@type\":\"ListItem\",\"position\":2,\"name\":\"Oferta\",\"item\":\"https:\/\/darpol.bydgoszcz.pl\/oferta\/\"},{\"@type\":\"ListItem\",\"position\":3,\"name\":\"Valves &#8211; repair\"}]},{\"@type\":\"WebSite\",\"@id\":\"https:\/\/darpol.bydgoszcz.pl\/#website\",\"url\":\"https:\/\/darpol.bydgoszcz.pl\/\",\"name\":\"Darpol Bydgoszcz\",\"description\":\"\",\"potentialAction\":[{\"@type\":\"SearchAction\",\"target\":{\"@type\":\"EntryPoint\",\"urlTemplate\":\"https:\/\/darpol.bydgoszcz.pl\/?s={search_term_string}\"},\"query-input\":\"required name=search_term_string\"}],\"inLanguage\":\"en-US\"}]}<\/script>\n<!-- \/ Yoast SEO plugin. -->","yoast_head_json":{"title":"Valves - repair - Darpol Bydgoszcz","robots":{"index":"index","follow":"follow","max-snippet":"max-snippet:-1","max-image-preview":"max-image-preview:large","max-video-preview":"max-video-preview:-1"},"canonical":"https:\/\/darpol.bydgoszcz.pl\/en\/offer\/rolling-stock\/electric-and-electronic\/naprawa-zaworow\/","og_locale":"en_US","og_type":"article","og_title":"Valves - repair - Darpol Bydgoszcz","og_description":"Zach\u0119camy do skorzystania z naszej oferty regeneracji zawor\u00f3w do lokomotyw, jednostek trakcyjnych i wagon\u00f3w. &nbsp; Naprawiamy mi\u0119dzy innymi: &nbsp; &#8211; Nastawiacz hamulcowy SAB DRV 450 (wymiana nakr\u0119tki d\u0142ugiej i kr\u00f3tkiej) &#8211; Zaw\u00f3r awaryjnego otwierania drzwi H-3-1\/4B &#8211; Zaw\u00f3r biegu ja\u0142owego H1208 &#8211; Zaw\u00f3r elektropneumatyczny ZPP; ZPM 275 , 1001 , 1101 ,\u00a0 4045;\u00a0 ZPM AC; &hellip;","og_url":"https:\/\/darpol.bydgoszcz.pl\/en\/offer\/rolling-stock\/electric-and-electronic\/naprawa-zaworow\/","og_site_name":"Darpol Bydgoszcz","article_modified_time":"2019-03-06T16:11:53+00:00","og_image":[{"width":689,"height":532,"url":"https:\/\/darpol.bydgoszcz.pl\/wp-content\/uploads\/821-1145-elektrozawor-do-lokomotywy-sm48-tem2-75v-dl-o-30-024-15.jpg","type":"image\/jpeg"}],"twitter_card":"summary_large_image","twitter_misc":{"Est. reading time":"1 minute"},"schema":{"@context":"https:\/\/schema.org","@graph":[{"@type":"WebPage","@id":"https:\/\/darpol.bydgoszcz.pl\/en\/offer\/rolling-stock\/electric-and-electronic\/naprawa-zaworow\/","url":"https:\/\/darpol.bydgoszcz.pl\/en\/offer\/rolling-stock\/electric-and-electronic\/naprawa-zaworow\/","name":"Valves - repair - Darpol Bydgoszcz","isPartOf":{"@id":"https:\/\/darpol.bydgoszcz.pl\/#website"},"primaryImageOfPage":{"@id":"https:\/\/darpol.bydgoszcz.pl\/en\/offer\/rolling-stock\/electric-and-electronic\/naprawa-zaworow\/#primaryimage"},"image":{"@id":"https:\/\/darpol.bydgoszcz.pl\/en\/offer\/rolling-stock\/electric-and-electronic\/naprawa-zaworow\/#primaryimage"},"thumbnailUrl":"https:\/\/darpol.bydgoszcz.pl\/wp-content\/uploads\/821-1145-elektrozawor-do-lokomotywy-sm48-tem2-75v-dl-o-30-024-15.jpg","datePublished":"2019-03-06T15:44:29+00:00","dateModified":"2019-03-06T16:11:53+00:00","breadcrumb":{"@id":"https:\/\/darpol.bydgoszcz.pl\/en\/offer\/rolling-stock\/electric-and-electronic\/naprawa-zaworow\/#breadcrumb"},"inLanguage":"en-US","potentialAction":[{"@type":"ReadAction","target":["https:\/\/darpol.bydgoszcz.pl\/en\/offer\/rolling-stock\/electric-and-electronic\/naprawa-zaworow\/"]}]},{"@type":"ImageObject","inLanguage":"en-US","@id":"https:\/\/darpol.bydgoszcz.pl\/en\/offer\/rolling-stock\/electric-and-electronic\/naprawa-zaworow\/#primaryimage","url":"https:\/\/darpol.bydgoszcz.pl\/wp-content\/uploads\/821-1145-elektrozawor-do-lokomotywy-sm48-tem2-75v-dl-o-30-024-15.jpg","contentUrl":"https:\/\/darpol.bydgoszcz.pl\/wp-content\/uploads\/821-1145-elektrozawor-do-lokomotywy-sm48-tem2-75v-dl-o-30-024-15.jpg","width":689,"height":532},{"@type":"BreadcrumbList","@id":"https:\/\/darpol.bydgoszcz.pl\/en\/offer\/rolling-stock\/electric-and-electronic\/naprawa-zaworow\/#breadcrumb","itemListElement":[{"@type":"ListItem","position":1,"name":"Strona g\u0142\u00f3wna","item":"https:\/\/darpol.bydgoszcz.pl\/en\/"},{"@type":"ListItem","position":2,"name":"Oferta","item":"https:\/\/darpol.bydgoszcz.pl\/oferta\/"},{"@type":"ListItem","position":3,"name":"Valves &#8211; repair"}]},{"@type":"WebSite","@id":"https:\/\/darpol.bydgoszcz.pl\/#website","url":"https:\/\/darpol.bydgoszcz.pl\/","name":"Darpol Bydgoszcz","description":"","potentialAction":[{"@type":"SearchAction","target":{"@type":"EntryPoint","urlTemplate":"https:\/\/darpol.bydgoszcz.pl\/?s={search_term_string}"},"query-input":"required name=search_term_string"}],"inLanguage":"en-US"}]}},"_links":{"self":[{"href":"https:\/\/darpol.bydgoszcz.pl\/en\/wp-json\/wp\/v2\/product\/54548","targetHints":{"allow":["GET"]}}],"collection":[{"href":"https:\/\/darpol.bydgoszcz.pl\/en\/wp-json\/wp\/v2\/product"}],"about":[{"href":"https:\/\/darpol.bydgoszcz.pl\/en\/wp-json\/wp\/v2\/types\/product"}],"wp:featuredmedia":[{"embeddable":true,"href":"https:\/\/darpol.bydgoszcz.pl\/en\/wp-json\/wp\/v2\/media\/42951"}],"wp:attachment":[{"href":"https:\/\/darpol.bydgoszcz.pl\/en\/wp-json\/wp\/v2\/media?parent=54548"}],"wp:term":[{"taxonomy":"product_cat","embeddable":true,"href":"https:\/\/darpol.bydgoszcz.pl\/en\/wp-json\/wp\/v2\/product_cat?post=54548"},{"taxonomy":"product_tag","embeddable":true,"href":"https:\/\/darpol.bydgoszcz.pl\/en\/wp-json\/wp\/v2\/product_tag?post=54548"}],"curies":[{"name":"wp","href":"https:\/\/api.w.org\/{rel}","templated":true}]}}