{"id":53499,"date":"2018-07-11T15:37:10","date_gmt":"2018-07-11T13:37:10","guid":{"rendered":"https:\/\/darpol.bydgoszcz.pl\/offer\/bez-kategorii\/oslona-sprzegu-czolowego-z-laminatu-dl-60-031-05\/"},"modified":"2024-06-05T13:13:32","modified_gmt":"2024-06-05T11:13:32","slug":"oslona-sprzegu-czolowego-z-laminatu-dl-60-031-05","status":"publish","type":"product","link":"https:\/\/darpol.bydgoszcz.pl\/en\/offer\/rolling-stock\/emu-dmu\/oslona-sprzegu-czolowego-z-laminatu-dl-60-031-05\/","title":{"rendered":"Laminate coupler cover DL-60-031-05"},"content":{"rendered":"<p>Couplers are used to connect rail vehicles together. However they can get damaged easily due to weather conditions. That\u2019s why DARPOL designed special laminate head coupler covers to protect them.<\/p>\n<p>Product symbol:<\/p>\n<p>DL-60-031-05 \u2013 laminate coupler cover for ELF, FLIRT, FLIRT II and DART<\/p>\n<p>DL-60-051-05 \u2013 laminate coupler cover for IMPULS and ELF II<\/p>\n<p>DL-60-051-15 &#8211; laminate coupler cover for IMPULS<\/p>\n<p>DL-60-071-05 &#8211; laminate coupler cover for ED74<\/p>\n<p>&nbsp;<\/p>\n<p>Can be used for Voith, Dellner, Schaku front end couplers.<\/p>\n<p>&nbsp;<\/p>\n<p>We also offer covers made of metal or special textile material. <span style=\"text-decoration: underline;\"><a href=\"https:\/\/darpol.bydgoszcz.pl\/en\/?post_type=product&amp;s=coupler\" target=\"_blank\" rel=\"noopener\">Click here to learn more.<\/a><\/span><\/p>\n<p>&nbsp;<\/p>\n<div class=\"su-youtube su-u-responsive-media-yes\"><iframe loading=\"lazy\" width=\"600\" height=\"400\" src=\"https:\/\/www.youtube.com\/embed\/1NMvXJtZi4w?\" frameborder=\"0\" allowfullscreen allow=\"autoplay; encrypted-media; picture-in-picture\" title=\"DARPOL- os\u0142ona sprz\u0119gu laminat\"><\/iframe><\/div>\n<div style=\"clear:both\"><a href=\"javascript:window.print()\"><i class=\"fa fa-print\" aria-hidden=\"true\"><\/i> Print this page<\/a><\/div>","protected":false},"excerpt":{"rendered":"<p>Couplers are used to connect rail vehicles together. However they can get damaged easily due to weather conditions. That\u2019s why DARPOL designed special laminate head coupler covers to protect them. Product symbol: DL-60-031-05 \u2013 laminate coupler cover for ELF, FLIRT, FLIRT II and DART DL-60-051-05 \u2013 laminate coupler cover for IMPULS and ELF II DL-60-051-15 &hellip;<\/p>\n","protected":false},"featured_media":53495,"template":"","meta":{"om_disable_all_campaigns":false,"_monsterinsights_skip_tracking":false,"_monsterinsights_sitenote_active":false,"_monsterinsights_sitenote_note":"","_monsterinsights_sitenote_category":0,"_uf_show_specific_survey":0,"_uf_disable_surveys":false},"product_cat":[8521,333],"product_tag":[3710,3711,3712,3713,3166,3714,2913,3715],"class_list":{"0":"post-53499","1":"product","2":"type-product","3":"status-publish","4":"has-post-thumbnail","6":"product_cat-other-exterior-products","7":"product_cat-emu-dmu","8":"product_tag-dart-en","9":"product_tag-elf-en","10":"product_tag-flirt-en","11":"product_tag-laminat-en","12":"product_tag-oslona-en","13":"product_tag-oslona-sprzegu-en","14":"product_tag-sprzeg-en","15":"product_tag-sprzegu-en","17":"first","18":"onbackorder","19":"shipping-taxable","20":"product-type-simple"},"yoast_head":"<!-- This site is optimized with the Yoast SEO plugin v23.0 - https:\/\/yoast.com\/wordpress\/plugins\/seo\/ -->\n<title>Laminate coupler cover DL-60-031-05 - Darpol Bydgoszcz<\/title>\n<meta name=\"robots\" content=\"index, follow, max-snippet:-1, max-image-preview:large, max-video-preview:-1\" \/>\n<link rel=\"canonical\" href=\"https:\/\/darpol.bydgoszcz.pl\/en\/offer\/rolling-stock\/emu-dmu\/oslona-sprzegu-czolowego-z-laminatu-dl-60-031-05\/\" \/>\n<meta property=\"og:locale\" content=\"en_US\" \/>\n<meta property=\"og:type\" content=\"article\" \/>\n<meta property=\"og:title\" content=\"Laminate coupler cover DL-60-031-05 - Darpol Bydgoszcz\" \/>\n<meta property=\"og:description\" content=\"Couplers are used to connect rail vehicles together. However they can get damaged easily due to weather conditions. That\u2019s why DARPOL designed special laminate head coupler covers to protect them. Product symbol: DL-60-031-05 \u2013 laminate coupler cover for ELF, FLIRT, FLIRT II and DART DL-60-051-05 \u2013 laminate coupler cover for IMPULS and ELF II DL-60-051-15 &hellip;\" \/>\n<meta property=\"og:url\" content=\"https:\/\/darpol.bydgoszcz.pl\/en\/offer\/rolling-stock\/emu-dmu\/oslona-sprzegu-czolowego-z-laminatu-dl-60-031-05\/\" \/>\n<meta property=\"og:site_name\" content=\"Darpol Bydgoszcz\" \/>\n<meta property=\"article:modified_time\" content=\"2024-06-05T11:13:32+00:00\" \/>\n<meta property=\"og:image\" content=\"https:\/\/darpol.bydgoszcz.pl\/wp-content\/uploads\/DL-60-031-05-Oslona-sprzegu-czolowa-ELF-I_DART_FLIRT-laminatowa.jpg\" \/>\n\t<meta property=\"og:image:width\" content=\"1600\" \/>\n\t<meta property=\"og:image:height\" content=\"859\" \/>\n\t<meta property=\"og:image:type\" content=\"image\/jpeg\" \/>\n<meta name=\"twitter:card\" content=\"summary_large_image\" \/>\n<meta name=\"twitter:label1\" content=\"Est. reading time\" \/>\n\t<meta name=\"twitter:data1\" content=\"1 minute\" \/>\n<script type=\"application\/ld+json\" class=\"yoast-schema-graph\">{\"@context\":\"https:\/\/schema.org\",\"@graph\":[{\"@type\":\"WebPage\",\"@id\":\"https:\/\/darpol.bydgoszcz.pl\/en\/offer\/rolling-stock\/emu-dmu\/oslona-sprzegu-czolowego-z-laminatu-dl-60-031-05\/\",\"url\":\"https:\/\/darpol.bydgoszcz.pl\/en\/offer\/rolling-stock\/emu-dmu\/oslona-sprzegu-czolowego-z-laminatu-dl-60-031-05\/\",\"name\":\"Laminate coupler cover DL-60-031-05 - Darpol Bydgoszcz\",\"isPartOf\":{\"@id\":\"https:\/\/darpol.bydgoszcz.pl\/#website\"},\"primaryImageOfPage\":{\"@id\":\"https:\/\/darpol.bydgoszcz.pl\/en\/offer\/rolling-stock\/emu-dmu\/oslona-sprzegu-czolowego-z-laminatu-dl-60-031-05\/#primaryimage\"},\"image\":{\"@id\":\"https:\/\/darpol.bydgoszcz.pl\/en\/offer\/rolling-stock\/emu-dmu\/oslona-sprzegu-czolowego-z-laminatu-dl-60-031-05\/#primaryimage\"},\"thumbnailUrl\":\"https:\/\/darpol.bydgoszcz.pl\/wp-content\/uploads\/DL-60-031-05-Oslona-sprzegu-czolowa-ELF-I_DART_FLIRT-laminatowa.jpg\",\"datePublished\":\"2018-07-11T13:37:10+00:00\",\"dateModified\":\"2024-06-05T11:13:32+00:00\",\"breadcrumb\":{\"@id\":\"https:\/\/darpol.bydgoszcz.pl\/en\/offer\/rolling-stock\/emu-dmu\/oslona-sprzegu-czolowego-z-laminatu-dl-60-031-05\/#breadcrumb\"},\"inLanguage\":\"en-US\",\"potentialAction\":[{\"@type\":\"ReadAction\",\"target\":[\"https:\/\/darpol.bydgoszcz.pl\/en\/offer\/rolling-stock\/emu-dmu\/oslona-sprzegu-czolowego-z-laminatu-dl-60-031-05\/\"]}]},{\"@type\":\"ImageObject\",\"inLanguage\":\"en-US\",\"@id\":\"https:\/\/darpol.bydgoszcz.pl\/en\/offer\/rolling-stock\/emu-dmu\/oslona-sprzegu-czolowego-z-laminatu-dl-60-031-05\/#primaryimage\",\"url\":\"https:\/\/darpol.bydgoszcz.pl\/wp-content\/uploads\/DL-60-031-05-Oslona-sprzegu-czolowa-ELF-I_DART_FLIRT-laminatowa.jpg\",\"contentUrl\":\"https:\/\/darpol.bydgoszcz.pl\/wp-content\/uploads\/DL-60-031-05-Oslona-sprzegu-czolowa-ELF-I_DART_FLIRT-laminatowa.jpg\",\"width\":1600,\"height\":859,\"caption\":\"Os\u0142ona sprz\u0119gu czo\u0142owego z tworzywa \/ laminatu\"},{\"@type\":\"BreadcrumbList\",\"@id\":\"https:\/\/darpol.bydgoszcz.pl\/en\/offer\/rolling-stock\/emu-dmu\/oslona-sprzegu-czolowego-z-laminatu-dl-60-031-05\/#breadcrumb\",\"itemListElement\":[{\"@type\":\"ListItem\",\"position\":1,\"name\":\"Strona g\u0142\u00f3wna\",\"item\":\"https:\/\/darpol.bydgoszcz.pl\/en\/\"},{\"@type\":\"ListItem\",\"position\":2,\"name\":\"Oferta\",\"item\":\"https:\/\/darpol.bydgoszcz.pl\/oferta\/\"},{\"@type\":\"ListItem\",\"position\":3,\"name\":\"Laminate coupler cover DL-60-031-05\"}]},{\"@type\":\"WebSite\",\"@id\":\"https:\/\/darpol.bydgoszcz.pl\/#website\",\"url\":\"https:\/\/darpol.bydgoszcz.pl\/\",\"name\":\"Darpol Bydgoszcz\",\"description\":\"\",\"potentialAction\":[{\"@type\":\"SearchAction\",\"target\":{\"@type\":\"EntryPoint\",\"urlTemplate\":\"https:\/\/darpol.bydgoszcz.pl\/?s={search_term_string}\"},\"query-input\":\"required name=search_term_string\"}],\"inLanguage\":\"en-US\"}]}<\/script>\n<!-- \/ Yoast SEO plugin. -->","yoast_head_json":{"title":"Laminate coupler cover DL-60-031-05 - Darpol Bydgoszcz","robots":{"index":"index","follow":"follow","max-snippet":"max-snippet:-1","max-image-preview":"max-image-preview:large","max-video-preview":"max-video-preview:-1"},"canonical":"https:\/\/darpol.bydgoszcz.pl\/en\/offer\/rolling-stock\/emu-dmu\/oslona-sprzegu-czolowego-z-laminatu-dl-60-031-05\/","og_locale":"en_US","og_type":"article","og_title":"Laminate coupler cover DL-60-031-05 - Darpol Bydgoszcz","og_description":"Couplers are used to connect rail vehicles together. However they can get damaged easily due to weather conditions. That\u2019s why DARPOL designed special laminate head coupler covers to protect them. Product symbol: DL-60-031-05 \u2013 laminate coupler cover for ELF, FLIRT, FLIRT II and DART DL-60-051-05 \u2013 laminate coupler cover for IMPULS and ELF II DL-60-051-15 &hellip;","og_url":"https:\/\/darpol.bydgoszcz.pl\/en\/offer\/rolling-stock\/emu-dmu\/oslona-sprzegu-czolowego-z-laminatu-dl-60-031-05\/","og_site_name":"Darpol Bydgoszcz","article_modified_time":"2024-06-05T11:13:32+00:00","og_image":[{"width":1600,"height":859,"url":"https:\/\/darpol.bydgoszcz.pl\/wp-content\/uploads\/DL-60-031-05-Oslona-sprzegu-czolowa-ELF-I_DART_FLIRT-laminatowa.jpg","type":"image\/jpeg"}],"twitter_card":"summary_large_image","twitter_misc":{"Est. reading time":"1 minute"},"schema":{"@context":"https:\/\/schema.org","@graph":[{"@type":"WebPage","@id":"https:\/\/darpol.bydgoszcz.pl\/en\/offer\/rolling-stock\/emu-dmu\/oslona-sprzegu-czolowego-z-laminatu-dl-60-031-05\/","url":"https:\/\/darpol.bydgoszcz.pl\/en\/offer\/rolling-stock\/emu-dmu\/oslona-sprzegu-czolowego-z-laminatu-dl-60-031-05\/","name":"Laminate coupler cover DL-60-031-05 - Darpol Bydgoszcz","isPartOf":{"@id":"https:\/\/darpol.bydgoszcz.pl\/#website"},"primaryImageOfPage":{"@id":"https:\/\/darpol.bydgoszcz.pl\/en\/offer\/rolling-stock\/emu-dmu\/oslona-sprzegu-czolowego-z-laminatu-dl-60-031-05\/#primaryimage"},"image":{"@id":"https:\/\/darpol.bydgoszcz.pl\/en\/offer\/rolling-stock\/emu-dmu\/oslona-sprzegu-czolowego-z-laminatu-dl-60-031-05\/#primaryimage"},"thumbnailUrl":"https:\/\/darpol.bydgoszcz.pl\/wp-content\/uploads\/DL-60-031-05-Oslona-sprzegu-czolowa-ELF-I_DART_FLIRT-laminatowa.jpg","datePublished":"2018-07-11T13:37:10+00:00","dateModified":"2024-06-05T11:13:32+00:00","breadcrumb":{"@id":"https:\/\/darpol.bydgoszcz.pl\/en\/offer\/rolling-stock\/emu-dmu\/oslona-sprzegu-czolowego-z-laminatu-dl-60-031-05\/#breadcrumb"},"inLanguage":"en-US","potentialAction":[{"@type":"ReadAction","target":["https:\/\/darpol.bydgoszcz.pl\/en\/offer\/rolling-stock\/emu-dmu\/oslona-sprzegu-czolowego-z-laminatu-dl-60-031-05\/"]}]},{"@type":"ImageObject","inLanguage":"en-US","@id":"https:\/\/darpol.bydgoszcz.pl\/en\/offer\/rolling-stock\/emu-dmu\/oslona-sprzegu-czolowego-z-laminatu-dl-60-031-05\/#primaryimage","url":"https:\/\/darpol.bydgoszcz.pl\/wp-content\/uploads\/DL-60-031-05-Oslona-sprzegu-czolowa-ELF-I_DART_FLIRT-laminatowa.jpg","contentUrl":"https:\/\/darpol.bydgoszcz.pl\/wp-content\/uploads\/DL-60-031-05-Oslona-sprzegu-czolowa-ELF-I_DART_FLIRT-laminatowa.jpg","width":1600,"height":859,"caption":"Os\u0142ona sprz\u0119gu czo\u0142owego z tworzywa \/ laminatu"},{"@type":"BreadcrumbList","@id":"https:\/\/darpol.bydgoszcz.pl\/en\/offer\/rolling-stock\/emu-dmu\/oslona-sprzegu-czolowego-z-laminatu-dl-60-031-05\/#breadcrumb","itemListElement":[{"@type":"ListItem","position":1,"name":"Strona g\u0142\u00f3wna","item":"https:\/\/darpol.bydgoszcz.pl\/en\/"},{"@type":"ListItem","position":2,"name":"Oferta","item":"https:\/\/darpol.bydgoszcz.pl\/oferta\/"},{"@type":"ListItem","position":3,"name":"Laminate coupler cover DL-60-031-05"}]},{"@type":"WebSite","@id":"https:\/\/darpol.bydgoszcz.pl\/#website","url":"https:\/\/darpol.bydgoszcz.pl\/","name":"Darpol Bydgoszcz","description":"","potentialAction":[{"@type":"SearchAction","target":{"@type":"EntryPoint","urlTemplate":"https:\/\/darpol.bydgoszcz.pl\/?s={search_term_string}"},"query-input":"required name=search_term_string"}],"inLanguage":"en-US"}]}},"_links":{"self":[{"href":"https:\/\/darpol.bydgoszcz.pl\/en\/wp-json\/wp\/v2\/product\/53499","targetHints":{"allow":["GET"]}}],"collection":[{"href":"https:\/\/darpol.bydgoszcz.pl\/en\/wp-json\/wp\/v2\/product"}],"about":[{"href":"https:\/\/darpol.bydgoszcz.pl\/en\/wp-json\/wp\/v2\/types\/product"}],"wp:featuredmedia":[{"embeddable":true,"href":"https:\/\/darpol.bydgoszcz.pl\/en\/wp-json\/wp\/v2\/media\/53495"}],"wp:attachment":[{"href":"https:\/\/darpol.bydgoszcz.pl\/en\/wp-json\/wp\/v2\/media?parent=53499"}],"wp:term":[{"taxonomy":"product_cat","embeddable":true,"href":"https:\/\/darpol.bydgoszcz.pl\/en\/wp-json\/wp\/v2\/product_cat?post=53499"},{"taxonomy":"product_tag","embeddable":true,"href":"https:\/\/darpol.bydgoszcz.pl\/en\/wp-json\/wp\/v2\/product_tag?post=53499"}],"curies":[{"name":"wp","href":"https:\/\/api.w.org\/{rel}","templated":true}]}}