{"id":52783,"date":"2017-10-19T17:22:36","date_gmt":"2017-10-19T15:22:36","guid":{"rendered":"http:\/\/darpol.bydgoszcz.pl\/offer\/bez-kategorii\/rolety-do-pojazdow-szynowych-rozne-rodzaje\/"},"modified":"2019-10-16T17:05:15","modified_gmt":"2019-10-16T15:05:15","slug":"roller-blinds-for-railways","status":"publish","type":"product","link":"https:\/\/darpol.bydgoszcz.pl\/en\/offer\/rolling-stock\/locomotives\/roller-blinds-for-railways\/","title":{"rendered":"Roller blinds various models DL-15-008-20"},"content":{"rendered":"<p>We offer wide selection of window blinds for railway application (PN-EN 45545 certified) &#8211; for coaches, locomotives, EMU, DMU and rail buses.<\/p>\n<ul>\n<li>&#8211; standard or day-and-night shades<\/li>\n<li>&#8211; ceiling or wall-mounted<\/li>\n<li>&#8211; with straight rod guides<\/li>\n<li>&#8211; with closed guides<\/li>\n<li>&#8211; with vertical or horizontal rollers<\/li>\n<li>&#8211; controlled manually or remotely (12\/24V)<\/li>\n<li>&#8211; for standard or slant windows<\/li>\n<li>&#8211; with central or side pantograph<\/li>\n<li>&#8211; wide selection of wear resistant fabrics of various colors and transparency. Fire-resistant PN- EN 45 545-2.<\/li>\n<li>&#8211; fabrics can be ordered separately<\/li>\n<\/ul>\n<p>&nbsp;<\/p>\n<p>Shades are custom-made to client&#8217;s needs.<\/p>\n<p>Short delivery time.<\/p>\n<p>&nbsp;<\/p>\n<p>All inquiries are welcome.<\/p>\n<div style=\"clear:both\"><a href=\"javascript:window.print()\"><i class=\"fa fa-print\" aria-hidden=\"true\"><\/i> Print this page<\/a><\/div>","protected":false},"excerpt":{"rendered":"<p>We offer wide selection of window blinds for railway application (PN-EN 45545 certified) &#8211; for coaches, locomotives, EMU, DMU and rail buses. &#8211; standard or day-and-night shades &#8211; ceiling or wall-mounted &#8211; with straight rod guides &#8211; with closed guides &#8211; with vertical or horizontal rollers &#8211; controlled manually or remotely (12\/24V) &#8211; for standard &hellip;<\/p>\n","protected":false},"featured_media":52731,"template":"","meta":{"om_disable_all_campaigns":false,"_monsterinsights_skip_tracking":false,"_monsterinsights_sitenote_active":false,"_monsterinsights_sitenote_note":"","_monsterinsights_sitenote_category":0,"_uf_show_specific_survey":0,"_uf_disable_surveys":false},"product_cat":[327,339,357,333,345],"product_tag":[3483,2717,3534,3535,3536,3537,3538,3202],"class_list":{"0":"post-52783","1":"product","2":"type-product","3":"status-publish","4":"has-post-thumbnail","6":"product_cat-locomotives","7":"product_cat-passenger-coaches","8":"product_cat-window-parts","9":"product_cat-emu-dmu","10":"product_cat-trams","11":"product_tag-darpol-en","12":"product_tag-lokomotywa-en","13":"product_tag-okno-en","14":"product_tag-prowadnica-en","15":"product_tag-prowadnice-en","16":"product_tag-roleta-en","17":"product_tag-rolety-en","18":"product_tag-wagon-en","20":"first","21":"instock","22":"shipping-taxable","23":"product-type-simple"},"yoast_head":"<!-- This site is optimized with the Yoast SEO plugin v23.0 - https:\/\/yoast.com\/wordpress\/plugins\/seo\/ -->\n<title>Roller blinds various models DL-15-008-20 - Darpol Bydgoszcz<\/title>\n<meta name=\"robots\" content=\"index, follow, max-snippet:-1, max-image-preview:large, max-video-preview:-1\" \/>\n<link rel=\"canonical\" href=\"https:\/\/darpol.bydgoszcz.pl\/en\/offer\/rolling-stock\/locomotives\/roller-blinds-for-railways\/\" \/>\n<meta property=\"og:locale\" content=\"en_US\" \/>\n<meta property=\"og:type\" content=\"article\" \/>\n<meta property=\"og:title\" content=\"Roller blinds various models DL-15-008-20 - Darpol Bydgoszcz\" \/>\n<meta property=\"og:description\" content=\"We offer wide selection of window blinds for railway application (PN-EN 45545 certified) &#8211; for coaches, locomotives, EMU, DMU and rail buses. &#8211; standard or day-and-night shades &#8211; ceiling or wall-mounted &#8211; with straight rod guides &#8211; with closed guides &#8211; with vertical or horizontal rollers &#8211; controlled manually or remotely (12\/24V) &#8211; for standard &hellip;\" \/>\n<meta property=\"og:url\" content=\"https:\/\/darpol.bydgoszcz.pl\/en\/offer\/rolling-stock\/locomotives\/roller-blinds-for-railways\/\" \/>\n<meta property=\"og:site_name\" content=\"Darpol Bydgoszcz\" \/>\n<meta property=\"article:modified_time\" content=\"2019-10-16T15:05:15+00:00\" \/>\n<meta property=\"og:image\" content=\"https:\/\/darpol.bydgoszcz.pl\/wp-content\/uploads\/system-11-dzie\u0144-i-noc-roleta-do-ezt-pojazd\u00f3w-spalinowych-i-wagon\u00f3w-rolki-w-pionie.jpg\" \/>\n\t<meta property=\"og:image:width\" content=\"1280\" \/>\n\t<meta property=\"og:image:height\" content=\"858\" \/>\n\t<meta property=\"og:image:type\" content=\"image\/jpeg\" \/>\n<meta name=\"twitter:card\" content=\"summary_large_image\" \/>\n<meta name=\"twitter:label1\" content=\"Est. reading time\" \/>\n\t<meta name=\"twitter:data1\" content=\"1 minute\" \/>\n<script type=\"application\/ld+json\" class=\"yoast-schema-graph\">{\"@context\":\"https:\/\/schema.org\",\"@graph\":[{\"@type\":\"WebPage\",\"@id\":\"https:\/\/darpol.bydgoszcz.pl\/en\/offer\/rolling-stock\/locomotives\/roller-blinds-for-railways\/\",\"url\":\"https:\/\/darpol.bydgoszcz.pl\/en\/offer\/rolling-stock\/locomotives\/roller-blinds-for-railways\/\",\"name\":\"Roller blinds various models DL-15-008-20 - Darpol Bydgoszcz\",\"isPartOf\":{\"@id\":\"https:\/\/darpol.bydgoszcz.pl\/#website\"},\"primaryImageOfPage\":{\"@id\":\"https:\/\/darpol.bydgoszcz.pl\/en\/offer\/rolling-stock\/locomotives\/roller-blinds-for-railways\/#primaryimage\"},\"image\":{\"@id\":\"https:\/\/darpol.bydgoszcz.pl\/en\/offer\/rolling-stock\/locomotives\/roller-blinds-for-railways\/#primaryimage\"},\"thumbnailUrl\":\"https:\/\/darpol.bydgoszcz.pl\/wp-content\/uploads\/system-11-dzie\u0144-i-noc-roleta-do-ezt-pojazd\u00f3w-spalinowych-i-wagon\u00f3w-rolki-w-pionie.jpg\",\"datePublished\":\"2017-10-19T15:22:36+00:00\",\"dateModified\":\"2019-10-16T15:05:15+00:00\",\"breadcrumb\":{\"@id\":\"https:\/\/darpol.bydgoszcz.pl\/en\/offer\/rolling-stock\/locomotives\/roller-blinds-for-railways\/#breadcrumb\"},\"inLanguage\":\"en-US\",\"potentialAction\":[{\"@type\":\"ReadAction\",\"target\":[\"https:\/\/darpol.bydgoszcz.pl\/en\/offer\/rolling-stock\/locomotives\/roller-blinds-for-railways\/\"]}]},{\"@type\":\"ImageObject\",\"inLanguage\":\"en-US\",\"@id\":\"https:\/\/darpol.bydgoszcz.pl\/en\/offer\/rolling-stock\/locomotives\/roller-blinds-for-railways\/#primaryimage\",\"url\":\"https:\/\/darpol.bydgoszcz.pl\/wp-content\/uploads\/system-11-dzie\u0144-i-noc-roleta-do-ezt-pojazd\u00f3w-spalinowych-i-wagon\u00f3w-rolki-w-pionie.jpg\",\"contentUrl\":\"https:\/\/darpol.bydgoszcz.pl\/wp-content\/uploads\/system-11-dzie\u0144-i-noc-roleta-do-ezt-pojazd\u00f3w-spalinowych-i-wagon\u00f3w-rolki-w-pionie.jpg\",\"width\":1280,\"height\":858},{\"@type\":\"BreadcrumbList\",\"@id\":\"https:\/\/darpol.bydgoszcz.pl\/en\/offer\/rolling-stock\/locomotives\/roller-blinds-for-railways\/#breadcrumb\",\"itemListElement\":[{\"@type\":\"ListItem\",\"position\":1,\"name\":\"Strona g\u0142\u00f3wna\",\"item\":\"https:\/\/darpol.bydgoszcz.pl\/en\/\"},{\"@type\":\"ListItem\",\"position\":2,\"name\":\"Oferta\",\"item\":\"https:\/\/darpol.bydgoszcz.pl\/oferta\/\"},{\"@type\":\"ListItem\",\"position\":3,\"name\":\"Roller blinds various models DL-15-008-20\"}]},{\"@type\":\"WebSite\",\"@id\":\"https:\/\/darpol.bydgoszcz.pl\/#website\",\"url\":\"https:\/\/darpol.bydgoszcz.pl\/\",\"name\":\"Darpol Bydgoszcz\",\"description\":\"\",\"potentialAction\":[{\"@type\":\"SearchAction\",\"target\":{\"@type\":\"EntryPoint\",\"urlTemplate\":\"https:\/\/darpol.bydgoszcz.pl\/?s={search_term_string}\"},\"query-input\":\"required name=search_term_string\"}],\"inLanguage\":\"en-US\"}]}<\/script>\n<!-- \/ Yoast SEO plugin. -->","yoast_head_json":{"title":"Roller blinds various models DL-15-008-20 - Darpol Bydgoszcz","robots":{"index":"index","follow":"follow","max-snippet":"max-snippet:-1","max-image-preview":"max-image-preview:large","max-video-preview":"max-video-preview:-1"},"canonical":"https:\/\/darpol.bydgoszcz.pl\/en\/offer\/rolling-stock\/locomotives\/roller-blinds-for-railways\/","og_locale":"en_US","og_type":"article","og_title":"Roller blinds various models DL-15-008-20 - Darpol Bydgoszcz","og_description":"We offer wide selection of window blinds for railway application (PN-EN 45545 certified) &#8211; for coaches, locomotives, EMU, DMU and rail buses. &#8211; standard or day-and-night shades &#8211; ceiling or wall-mounted &#8211; with straight rod guides &#8211; with closed guides &#8211; with vertical or horizontal rollers &#8211; controlled manually or remotely (12\/24V) &#8211; for standard &hellip;","og_url":"https:\/\/darpol.bydgoszcz.pl\/en\/offer\/rolling-stock\/locomotives\/roller-blinds-for-railways\/","og_site_name":"Darpol Bydgoszcz","article_modified_time":"2019-10-16T15:05:15+00:00","og_image":[{"width":1280,"height":858,"url":"https:\/\/darpol.bydgoszcz.pl\/wp-content\/uploads\/system-11-dzie\u0144-i-noc-roleta-do-ezt-pojazd\u00f3w-spalinowych-i-wagon\u00f3w-rolki-w-pionie.jpg","type":"image\/jpeg"}],"twitter_card":"summary_large_image","twitter_misc":{"Est. reading time":"1 minute"},"schema":{"@context":"https:\/\/schema.org","@graph":[{"@type":"WebPage","@id":"https:\/\/darpol.bydgoszcz.pl\/en\/offer\/rolling-stock\/locomotives\/roller-blinds-for-railways\/","url":"https:\/\/darpol.bydgoszcz.pl\/en\/offer\/rolling-stock\/locomotives\/roller-blinds-for-railways\/","name":"Roller blinds various models DL-15-008-20 - Darpol Bydgoszcz","isPartOf":{"@id":"https:\/\/darpol.bydgoszcz.pl\/#website"},"primaryImageOfPage":{"@id":"https:\/\/darpol.bydgoszcz.pl\/en\/offer\/rolling-stock\/locomotives\/roller-blinds-for-railways\/#primaryimage"},"image":{"@id":"https:\/\/darpol.bydgoszcz.pl\/en\/offer\/rolling-stock\/locomotives\/roller-blinds-for-railways\/#primaryimage"},"thumbnailUrl":"https:\/\/darpol.bydgoszcz.pl\/wp-content\/uploads\/system-11-dzie\u0144-i-noc-roleta-do-ezt-pojazd\u00f3w-spalinowych-i-wagon\u00f3w-rolki-w-pionie.jpg","datePublished":"2017-10-19T15:22:36+00:00","dateModified":"2019-10-16T15:05:15+00:00","breadcrumb":{"@id":"https:\/\/darpol.bydgoszcz.pl\/en\/offer\/rolling-stock\/locomotives\/roller-blinds-for-railways\/#breadcrumb"},"inLanguage":"en-US","potentialAction":[{"@type":"ReadAction","target":["https:\/\/darpol.bydgoszcz.pl\/en\/offer\/rolling-stock\/locomotives\/roller-blinds-for-railways\/"]}]},{"@type":"ImageObject","inLanguage":"en-US","@id":"https:\/\/darpol.bydgoszcz.pl\/en\/offer\/rolling-stock\/locomotives\/roller-blinds-for-railways\/#primaryimage","url":"https:\/\/darpol.bydgoszcz.pl\/wp-content\/uploads\/system-11-dzie\u0144-i-noc-roleta-do-ezt-pojazd\u00f3w-spalinowych-i-wagon\u00f3w-rolki-w-pionie.jpg","contentUrl":"https:\/\/darpol.bydgoszcz.pl\/wp-content\/uploads\/system-11-dzie\u0144-i-noc-roleta-do-ezt-pojazd\u00f3w-spalinowych-i-wagon\u00f3w-rolki-w-pionie.jpg","width":1280,"height":858},{"@type":"BreadcrumbList","@id":"https:\/\/darpol.bydgoszcz.pl\/en\/offer\/rolling-stock\/locomotives\/roller-blinds-for-railways\/#breadcrumb","itemListElement":[{"@type":"ListItem","position":1,"name":"Strona g\u0142\u00f3wna","item":"https:\/\/darpol.bydgoszcz.pl\/en\/"},{"@type":"ListItem","position":2,"name":"Oferta","item":"https:\/\/darpol.bydgoszcz.pl\/oferta\/"},{"@type":"ListItem","position":3,"name":"Roller blinds various models DL-15-008-20"}]},{"@type":"WebSite","@id":"https:\/\/darpol.bydgoszcz.pl\/#website","url":"https:\/\/darpol.bydgoszcz.pl\/","name":"Darpol Bydgoszcz","description":"","potentialAction":[{"@type":"SearchAction","target":{"@type":"EntryPoint","urlTemplate":"https:\/\/darpol.bydgoszcz.pl\/?s={search_term_string}"},"query-input":"required name=search_term_string"}],"inLanguage":"en-US"}]}},"_links":{"self":[{"href":"https:\/\/darpol.bydgoszcz.pl\/en\/wp-json\/wp\/v2\/product\/52783","targetHints":{"allow":["GET"]}}],"collection":[{"href":"https:\/\/darpol.bydgoszcz.pl\/en\/wp-json\/wp\/v2\/product"}],"about":[{"href":"https:\/\/darpol.bydgoszcz.pl\/en\/wp-json\/wp\/v2\/types\/product"}],"wp:featuredmedia":[{"embeddable":true,"href":"https:\/\/darpol.bydgoszcz.pl\/en\/wp-json\/wp\/v2\/media\/52731"}],"wp:attachment":[{"href":"https:\/\/darpol.bydgoszcz.pl\/en\/wp-json\/wp\/v2\/media?parent=52783"}],"wp:term":[{"taxonomy":"product_cat","embeddable":true,"href":"https:\/\/darpol.bydgoszcz.pl\/en\/wp-json\/wp\/v2\/product_cat?post=52783"},{"taxonomy":"product_tag","embeddable":true,"href":"https:\/\/darpol.bydgoszcz.pl\/en\/wp-json\/wp\/v2\/product_tag?post=52783"}],"curies":[{"name":"wp","href":"https:\/\/api.w.org\/{rel}","templated":true}]}}