{"id":4753,"date":"2013-01-28T18:08:14","date_gmt":"2013-01-28T17:08:14","guid":{"rendered":"http:\/\/darpol.bydgoszcz.pl\/sklep\/door-locks-latches\/przekaznik-czestotliwosci-ukladu-blokowania-drzwi-dl-o-30-017-00-2\/"},"modified":"2013-01-28T18:08:14","modified_gmt":"2013-01-28T17:08:14","slug":"przekaznik-czestotliwosci-ukladu-blokowania-drzwi-dl-o-30-017-00-2","status":"publish","type":"product","link":"https:\/\/darpol.bydgoszcz.pl\/en\/offer\/rolling-stock\/door-locks-latches\/przekaznik-czestotliwosci-ukladu-blokowania-drzwi-dl-o-30-017-00-2\/","title":{"rendered":"Frequency relay for electromagnetic locking system  DL-O 30 017-00"},"content":{"rendered":"<p>Frequency relay for electromagnetic door locking system, DL-O 30 017-00, is used in railway coach.<\/p>\n<p>&nbsp;<\/p>\n<p>Available:<\/p>\n<p>Type T3 &#8211; 2,4 Hz &#8211;&nbsp; Catalog No. DL-O 30 017-01<\/p>\n<p>Type T4&nbsp; &#8211; 57 Hz&nbsp; &#8211; Catalog No. DL-O 30 017-02<\/p>\n<p>&nbsp;<\/p>\n<p>APPROVED BY CENTRAL CONSTRUCTION BUREAU OF POLISH RAILWAYS.<\/p>\n<div style=\"clear:both\"><a href=\"javascript:window.print()\"><i class=\"fa fa-print\" aria-hidden=\"true\"><\/i> Print this page<\/a><\/div>","protected":false},"excerpt":{"rendered":"<p>Frequency relay for electromagnetic door locking system, DL-O 30 017-00, is used in railway coach. &nbsp; Available: Type T3 &#8211; 2,4 Hz &#8211;&nbsp; Catalog No. DL-O 30 017-01 Type T4&nbsp; &#8211; 57 Hz&nbsp; &#8211; Catalog No. DL-O 30 017-02 &nbsp; APPROVED BY CENTRAL CONSTRUCTION BUREAU OF POLISH RAILWAYS. Print this page<\/p>\n","protected":false},"featured_media":4749,"template":"","meta":{"om_disable_all_campaigns":false,"_monsterinsights_skip_tracking":false,"_monsterinsights_sitenote_active":false,"_monsterinsights_sitenote_note":"","_monsterinsights_sitenote_category":0,"_uf_show_specific_survey":0,"_uf_disable_surveys":false},"product_cat":[292],"product_tag":[430,514,512,511,440,513,3202,414],"class_list":{"0":"post-4753","1":"product","2":"type-product","3":"status-publish","4":"has-post-thumbnail","6":"product_cat-door-locks-latches","7":"product_tag-blokada","8":"product_tag-czestotliwosci","9":"product_tag-dl-03017-00","10":"product_tag-dl-o-3017-01","11":"product_tag-drzwi","12":"product_tag-przekaznik","13":"product_tag-wagon-en","14":"product_tag-wagon","16":"first","17":"instock","18":"shipping-taxable","19":"purchasable","20":"product-type-simple"},"yoast_head":"<!-- This site is optimized with the Yoast SEO plugin v23.0 - https:\/\/yoast.com\/wordpress\/plugins\/seo\/ -->\n<title>Frequency relay for electromagnetic locking system DL-O 30 017-00 - Darpol Bydgoszcz<\/title>\n<meta name=\"description\" content=\"Frequency relay for electromagnetic locking system DL-O 30 017-00\" \/>\n<meta name=\"robots\" content=\"index, follow, max-snippet:-1, max-image-preview:large, max-video-preview:-1\" \/>\n<link rel=\"canonical\" href=\"https:\/\/darpol.bydgoszcz.pl\/en\/offer\/rolling-stock\/door-locks-latches\/przekaznik-czestotliwosci-ukladu-blokowania-drzwi-dl-o-30-017-00-2\/\" \/>\n<meta property=\"og:locale\" content=\"en_US\" \/>\n<meta property=\"og:type\" content=\"article\" \/>\n<meta property=\"og:title\" content=\"Frequency relay for electromagnetic locking system DL-O 30 017-00 - Darpol Bydgoszcz\" \/>\n<meta property=\"og:description\" content=\"Frequency relay for electromagnetic locking system DL-O 30 017-00\" \/>\n<meta property=\"og:url\" content=\"https:\/\/darpol.bydgoszcz.pl\/en\/offer\/rolling-stock\/door-locks-latches\/przekaznik-czestotliwosci-ukladu-blokowania-drzwi-dl-o-30-017-00-2\/\" \/>\n<meta property=\"og:site_name\" content=\"Darpol Bydgoszcz\" \/>\n<meta property=\"og:image\" content=\"https:\/\/darpol.bydgoszcz.pl\/wp-content\/uploads\/110-942-przekaznik-czestotliwosci-ukladu-blokowania-drzwi-rft-dl-o-30-017-00.jpg\" \/>\n\t<meta property=\"og:image:width\" content=\"689\" \/>\n\t<meta property=\"og:image:height\" content=\"602\" \/>\n\t<meta property=\"og:image:type\" content=\"image\/jpeg\" \/>\n<meta name=\"twitter:card\" content=\"summary_large_image\" \/>\n<script type=\"application\/ld+json\" class=\"yoast-schema-graph\">{\"@context\":\"https:\/\/schema.org\",\"@graph\":[{\"@type\":\"WebPage\",\"@id\":\"https:\/\/darpol.bydgoszcz.pl\/en\/offer\/rolling-stock\/door-locks-latches\/przekaznik-czestotliwosci-ukladu-blokowania-drzwi-dl-o-30-017-00-2\/\",\"url\":\"https:\/\/darpol.bydgoszcz.pl\/en\/offer\/rolling-stock\/door-locks-latches\/przekaznik-czestotliwosci-ukladu-blokowania-drzwi-dl-o-30-017-00-2\/\",\"name\":\"Frequency relay for electromagnetic locking system DL-O 30 017-00 - Darpol Bydgoszcz\",\"isPartOf\":{\"@id\":\"https:\/\/darpol.bydgoszcz.pl\/#website\"},\"primaryImageOfPage\":{\"@id\":\"https:\/\/darpol.bydgoszcz.pl\/en\/offer\/rolling-stock\/door-locks-latches\/przekaznik-czestotliwosci-ukladu-blokowania-drzwi-dl-o-30-017-00-2\/#primaryimage\"},\"image\":{\"@id\":\"https:\/\/darpol.bydgoszcz.pl\/en\/offer\/rolling-stock\/door-locks-latches\/przekaznik-czestotliwosci-ukladu-blokowania-drzwi-dl-o-30-017-00-2\/#primaryimage\"},\"thumbnailUrl\":\"https:\/\/darpol.bydgoszcz.pl\/wp-content\/uploads\/110-942-przekaznik-czestotliwosci-ukladu-blokowania-drzwi-rft-dl-o-30-017-00.jpg\",\"datePublished\":\"2013-01-28T17:08:14+00:00\",\"dateModified\":\"2013-01-28T17:08:14+00:00\",\"description\":\"Frequency relay for electromagnetic locking system DL-O 30 017-00\",\"breadcrumb\":{\"@id\":\"https:\/\/darpol.bydgoszcz.pl\/en\/offer\/rolling-stock\/door-locks-latches\/przekaznik-czestotliwosci-ukladu-blokowania-drzwi-dl-o-30-017-00-2\/#breadcrumb\"},\"inLanguage\":\"en-US\",\"potentialAction\":[{\"@type\":\"ReadAction\",\"target\":[\"https:\/\/darpol.bydgoszcz.pl\/en\/offer\/rolling-stock\/door-locks-latches\/przekaznik-czestotliwosci-ukladu-blokowania-drzwi-dl-o-30-017-00-2\/\"]}]},{\"@type\":\"ImageObject\",\"inLanguage\":\"en-US\",\"@id\":\"https:\/\/darpol.bydgoszcz.pl\/en\/offer\/rolling-stock\/door-locks-latches\/przekaznik-czestotliwosci-ukladu-blokowania-drzwi-dl-o-30-017-00-2\/#primaryimage\",\"url\":\"https:\/\/darpol.bydgoszcz.pl\/wp-content\/uploads\/110-942-przekaznik-czestotliwosci-ukladu-blokowania-drzwi-rft-dl-o-30-017-00.jpg\",\"contentUrl\":\"https:\/\/darpol.bydgoszcz.pl\/wp-content\/uploads\/110-942-przekaznik-czestotliwosci-ukladu-blokowania-drzwi-rft-dl-o-30-017-00.jpg\",\"width\":689,\"height\":602,\"caption\":\"Przeka\u017anik cz\u0119stotliwo\u015bci uk\u0142adu blokowania drzwi rft DL-O 30 017-00\"},{\"@type\":\"BreadcrumbList\",\"@id\":\"https:\/\/darpol.bydgoszcz.pl\/en\/offer\/rolling-stock\/door-locks-latches\/przekaznik-czestotliwosci-ukladu-blokowania-drzwi-dl-o-30-017-00-2\/#breadcrumb\",\"itemListElement\":[{\"@type\":\"ListItem\",\"position\":1,\"name\":\"Strona g\u0142\u00f3wna\",\"item\":\"https:\/\/darpol.bydgoszcz.pl\/en\/\"},{\"@type\":\"ListItem\",\"position\":2,\"name\":\"Oferta\",\"item\":\"https:\/\/darpol.bydgoszcz.pl\/oferta\/\"},{\"@type\":\"ListItem\",\"position\":3,\"name\":\"Frequency relay for electromagnetic locking system DL-O 30 017-00\"}]},{\"@type\":\"WebSite\",\"@id\":\"https:\/\/darpol.bydgoszcz.pl\/#website\",\"url\":\"https:\/\/darpol.bydgoszcz.pl\/\",\"name\":\"Darpol Bydgoszcz\",\"description\":\"\",\"potentialAction\":[{\"@type\":\"SearchAction\",\"target\":{\"@type\":\"EntryPoint\",\"urlTemplate\":\"https:\/\/darpol.bydgoszcz.pl\/?s={search_term_string}\"},\"query-input\":\"required name=search_term_string\"}],\"inLanguage\":\"en-US\"}]}<\/script>\n<!-- \/ Yoast SEO plugin. -->","yoast_head_json":{"title":"Frequency relay for electromagnetic locking system DL-O 30 017-00 - Darpol Bydgoszcz","description":"Frequency relay for electromagnetic locking system DL-O 30 017-00","robots":{"index":"index","follow":"follow","max-snippet":"max-snippet:-1","max-image-preview":"max-image-preview:large","max-video-preview":"max-video-preview:-1"},"canonical":"https:\/\/darpol.bydgoszcz.pl\/en\/offer\/rolling-stock\/door-locks-latches\/przekaznik-czestotliwosci-ukladu-blokowania-drzwi-dl-o-30-017-00-2\/","og_locale":"en_US","og_type":"article","og_title":"Frequency relay for electromagnetic locking system DL-O 30 017-00 - Darpol Bydgoszcz","og_description":"Frequency relay for electromagnetic locking system DL-O 30 017-00","og_url":"https:\/\/darpol.bydgoszcz.pl\/en\/offer\/rolling-stock\/door-locks-latches\/przekaznik-czestotliwosci-ukladu-blokowania-drzwi-dl-o-30-017-00-2\/","og_site_name":"Darpol Bydgoszcz","og_image":[{"width":689,"height":602,"url":"https:\/\/darpol.bydgoszcz.pl\/wp-content\/uploads\/110-942-przekaznik-czestotliwosci-ukladu-blokowania-drzwi-rft-dl-o-30-017-00.jpg","type":"image\/jpeg"}],"twitter_card":"summary_large_image","schema":{"@context":"https:\/\/schema.org","@graph":[{"@type":"WebPage","@id":"https:\/\/darpol.bydgoszcz.pl\/en\/offer\/rolling-stock\/door-locks-latches\/przekaznik-czestotliwosci-ukladu-blokowania-drzwi-dl-o-30-017-00-2\/","url":"https:\/\/darpol.bydgoszcz.pl\/en\/offer\/rolling-stock\/door-locks-latches\/przekaznik-czestotliwosci-ukladu-blokowania-drzwi-dl-o-30-017-00-2\/","name":"Frequency relay for electromagnetic locking system DL-O 30 017-00 - Darpol Bydgoszcz","isPartOf":{"@id":"https:\/\/darpol.bydgoszcz.pl\/#website"},"primaryImageOfPage":{"@id":"https:\/\/darpol.bydgoszcz.pl\/en\/offer\/rolling-stock\/door-locks-latches\/przekaznik-czestotliwosci-ukladu-blokowania-drzwi-dl-o-30-017-00-2\/#primaryimage"},"image":{"@id":"https:\/\/darpol.bydgoszcz.pl\/en\/offer\/rolling-stock\/door-locks-latches\/przekaznik-czestotliwosci-ukladu-blokowania-drzwi-dl-o-30-017-00-2\/#primaryimage"},"thumbnailUrl":"https:\/\/darpol.bydgoszcz.pl\/wp-content\/uploads\/110-942-przekaznik-czestotliwosci-ukladu-blokowania-drzwi-rft-dl-o-30-017-00.jpg","datePublished":"2013-01-28T17:08:14+00:00","dateModified":"2013-01-28T17:08:14+00:00","description":"Frequency relay for electromagnetic locking system DL-O 30 017-00","breadcrumb":{"@id":"https:\/\/darpol.bydgoszcz.pl\/en\/offer\/rolling-stock\/door-locks-latches\/przekaznik-czestotliwosci-ukladu-blokowania-drzwi-dl-o-30-017-00-2\/#breadcrumb"},"inLanguage":"en-US","potentialAction":[{"@type":"ReadAction","target":["https:\/\/darpol.bydgoszcz.pl\/en\/offer\/rolling-stock\/door-locks-latches\/przekaznik-czestotliwosci-ukladu-blokowania-drzwi-dl-o-30-017-00-2\/"]}]},{"@type":"ImageObject","inLanguage":"en-US","@id":"https:\/\/darpol.bydgoszcz.pl\/en\/offer\/rolling-stock\/door-locks-latches\/przekaznik-czestotliwosci-ukladu-blokowania-drzwi-dl-o-30-017-00-2\/#primaryimage","url":"https:\/\/darpol.bydgoszcz.pl\/wp-content\/uploads\/110-942-przekaznik-czestotliwosci-ukladu-blokowania-drzwi-rft-dl-o-30-017-00.jpg","contentUrl":"https:\/\/darpol.bydgoszcz.pl\/wp-content\/uploads\/110-942-przekaznik-czestotliwosci-ukladu-blokowania-drzwi-rft-dl-o-30-017-00.jpg","width":689,"height":602,"caption":"Przeka\u017anik cz\u0119stotliwo\u015bci uk\u0142adu blokowania drzwi rft DL-O 30 017-00"},{"@type":"BreadcrumbList","@id":"https:\/\/darpol.bydgoszcz.pl\/en\/offer\/rolling-stock\/door-locks-latches\/przekaznik-czestotliwosci-ukladu-blokowania-drzwi-dl-o-30-017-00-2\/#breadcrumb","itemListElement":[{"@type":"ListItem","position":1,"name":"Strona g\u0142\u00f3wna","item":"https:\/\/darpol.bydgoszcz.pl\/en\/"},{"@type":"ListItem","position":2,"name":"Oferta","item":"https:\/\/darpol.bydgoszcz.pl\/oferta\/"},{"@type":"ListItem","position":3,"name":"Frequency relay for electromagnetic locking system DL-O 30 017-00"}]},{"@type":"WebSite","@id":"https:\/\/darpol.bydgoszcz.pl\/#website","url":"https:\/\/darpol.bydgoszcz.pl\/","name":"Darpol Bydgoszcz","description":"","potentialAction":[{"@type":"SearchAction","target":{"@type":"EntryPoint","urlTemplate":"https:\/\/darpol.bydgoszcz.pl\/?s={search_term_string}"},"query-input":"required name=search_term_string"}],"inLanguage":"en-US"}]}},"_links":{"self":[{"href":"https:\/\/darpol.bydgoszcz.pl\/en\/wp-json\/wp\/v2\/product\/4753","targetHints":{"allow":["GET"]}}],"collection":[{"href":"https:\/\/darpol.bydgoszcz.pl\/en\/wp-json\/wp\/v2\/product"}],"about":[{"href":"https:\/\/darpol.bydgoszcz.pl\/en\/wp-json\/wp\/v2\/types\/product"}],"wp:featuredmedia":[{"embeddable":true,"href":"https:\/\/darpol.bydgoszcz.pl\/en\/wp-json\/wp\/v2\/media\/4749"}],"wp:attachment":[{"href":"https:\/\/darpol.bydgoszcz.pl\/en\/wp-json\/wp\/v2\/media?parent=4753"}],"wp:term":[{"taxonomy":"product_cat","embeddable":true,"href":"https:\/\/darpol.bydgoszcz.pl\/en\/wp-json\/wp\/v2\/product_cat?post=4753"},{"taxonomy":"product_tag","embeddable":true,"href":"https:\/\/darpol.bydgoszcz.pl\/en\/wp-json\/wp\/v2\/product_tag?post=4753"}],"curies":[{"name":"wp","href":"https:\/\/api.w.org\/{rel}","templated":true}]}}