{"id":4573,"date":"2013-01-28T17:50:45","date_gmt":"2013-01-28T16:50:45","guid":{"rendered":"http:\/\/darpol.bydgoszcz.pl\/sklep\/door-locks-latches\/klamka-z-blokada-elektromagnetyczna-drzwi-prawych-dl-o-17-044-00-2\/"},"modified":"2013-01-28T17:50:45","modified_gmt":"2013-01-28T16:50:45","slug":"klamka-z-blokada-elektromagnetyczna-drzwi-prawych-dl-o-17-044-00-2","status":"publish","type":"product","link":"https:\/\/darpol.bydgoszcz.pl\/en\/offer\/rolling-stock\/door-locks-latches\/klamka-z-blokada-elektromagnetyczna-drzwi-prawych-dl-o-17-044-00-2\/","title":{"rendered":"Door handle for electromagnetic locking system, right-hand model DL-O 17 044-00"},"content":{"rendered":"<p style=\"font-style: normal; font-size: 11px;\"><span style=\"color: #333333;\">Right-hand door handle for electromagnetic locking system: DL-O 17 044-00 includes a handle, a mount case and a coil (inside the case). It is used in railway coaches.<\/span><\/p>\n<p style=\"font-style: normal; font-size: 11px;\"><span style=\"color: #333333;\">&nbsp;<\/span><\/p>\n<p><span style=\"color: #333333;\"> <\/span><\/p>\n<p><span style=\"color: #333333;\">APPROVED BY CENTRAL CONSTRUCTION BEUREAU OF POLISH RAILWAYS !!!<\/span><\/p>\n<p><span style=\"color: #333333;\"> <\/span><\/p>\n<p><span style=\"color: #333333;\">The locking system and its components manufactured by Darpol Bydgoszcz are approved and meet the strict criteria laid down by the Central Construction Bureau in Poznan to ensure the safety of passengers.<\/span><\/p>\n<div style=\"clear:both\"><a href=\"javascript:window.print()\"><i class=\"fa fa-print\" aria-hidden=\"true\"><\/i> Print this page<\/a><\/div>","protected":false},"excerpt":{"rendered":"<p>Right-hand door handle for electromagnetic locking system: DL-O 17 044-00 includes a handle, a mount case and a coil (inside the case). It is used in railway coaches. &nbsp; APPROVED BY CENTRAL CONSTRUCTION BEUREAU OF POLISH RAILWAYS !!! The locking system and its components manufactured by Darpol Bydgoszcz are approved and meet the strict criteria &hellip;<\/p>\n","protected":false},"featured_media":4569,"template":"","meta":{"om_disable_all_campaigns":false,"_monsterinsights_skip_tracking":false,"_monsterinsights_sitenote_active":false,"_monsterinsights_sitenote_note":"","_monsterinsights_sitenote_category":0,"_uf_show_specific_survey":0,"_uf_disable_surveys":false},"product_cat":[292,339],"product_tag":[4220,4445,4449,3940,4447,4198,3008,3202,4221],"class_list":{"0":"post-4573","1":"product","2":"type-product","3":"status-publish","4":"has-post-thumbnail","6":"product_cat-door-locks-latches","7":"product_cat-passenger-coaches","8":"product_tag-blokada-en","9":"product_tag-boczne-en","10":"product_tag-dl-017-044-00-en","11":"product_tag-drzwi-en","12":"product_tag-drzwi-wejsciowe-en","13":"product_tag-klamka-en","14":"product_tag-osobowe-en","15":"product_tag-wagon-en","16":"product_tag-wagony-en","18":"first","19":"instock","20":"shipping-taxable","21":"purchasable","22":"product-type-simple"},"yoast_head":"<!-- This site is optimized with the Yoast SEO plugin v23.0 - https:\/\/yoast.com\/wordpress\/plugins\/seo\/ -->\n<title>Door handle for electromagnetic locking system, right-hand model DL-O 17 044-00 - Darpol Bydgoszcz<\/title>\n<meta name=\"description\" content=\"Door handle for electromagnetic locking system, right-hand model DL-O 17 044-00\" \/>\n<meta name=\"robots\" content=\"index, follow, max-snippet:-1, max-image-preview:large, max-video-preview:-1\" \/>\n<link rel=\"canonical\" href=\"https:\/\/darpol.bydgoszcz.pl\/en\/offer\/rolling-stock\/door-locks-latches\/klamka-z-blokada-elektromagnetyczna-drzwi-prawych-dl-o-17-044-00-2\/\" \/>\n<meta property=\"og:locale\" content=\"en_US\" \/>\n<meta property=\"og:type\" content=\"article\" \/>\n<meta property=\"og:title\" content=\"Door handle for electromagnetic locking system, right-hand model DL-O 17 044-00 - Darpol Bydgoszcz\" \/>\n<meta property=\"og:description\" content=\"Door handle for electromagnetic locking system, right-hand model DL-O 17 044-00\" \/>\n<meta property=\"og:url\" content=\"https:\/\/darpol.bydgoszcz.pl\/en\/offer\/rolling-stock\/door-locks-latches\/klamka-z-blokada-elektromagnetyczna-drzwi-prawych-dl-o-17-044-00-2\/\" \/>\n<meta property=\"og:site_name\" content=\"Darpol Bydgoszcz\" \/>\n<meta property=\"og:image\" content=\"https:\/\/darpol.bydgoszcz.pl\/wp-content\/uploads\/104-262-klamka-wewnetrzna-z-blokada-elektromagnetyczna-drzwi-prawych-wagony-dl-o-17-044-00.jpg\" \/>\n\t<meta property=\"og:image:width\" content=\"689\" \/>\n\t<meta property=\"og:image:height\" content=\"602\" \/>\n\t<meta property=\"og:image:type\" content=\"image\/jpeg\" \/>\n<meta name=\"twitter:card\" content=\"summary_large_image\" \/>\n<script type=\"application\/ld+json\" class=\"yoast-schema-graph\">{\"@context\":\"https:\/\/schema.org\",\"@graph\":[{\"@type\":\"WebPage\",\"@id\":\"https:\/\/darpol.bydgoszcz.pl\/en\/offer\/rolling-stock\/door-locks-latches\/klamka-z-blokada-elektromagnetyczna-drzwi-prawych-dl-o-17-044-00-2\/\",\"url\":\"https:\/\/darpol.bydgoszcz.pl\/en\/offer\/rolling-stock\/door-locks-latches\/klamka-z-blokada-elektromagnetyczna-drzwi-prawych-dl-o-17-044-00-2\/\",\"name\":\"Door handle for electromagnetic locking system, right-hand model DL-O 17 044-00 - Darpol Bydgoszcz\",\"isPartOf\":{\"@id\":\"https:\/\/darpol.bydgoszcz.pl\/#website\"},\"primaryImageOfPage\":{\"@id\":\"https:\/\/darpol.bydgoszcz.pl\/en\/offer\/rolling-stock\/door-locks-latches\/klamka-z-blokada-elektromagnetyczna-drzwi-prawych-dl-o-17-044-00-2\/#primaryimage\"},\"image\":{\"@id\":\"https:\/\/darpol.bydgoszcz.pl\/en\/offer\/rolling-stock\/door-locks-latches\/klamka-z-blokada-elektromagnetyczna-drzwi-prawych-dl-o-17-044-00-2\/#primaryimage\"},\"thumbnailUrl\":\"https:\/\/darpol.bydgoszcz.pl\/wp-content\/uploads\/104-262-klamka-wewnetrzna-z-blokada-elektromagnetyczna-drzwi-prawych-wagony-dl-o-17-044-00.jpg\",\"datePublished\":\"2013-01-28T16:50:45+00:00\",\"dateModified\":\"2013-01-28T16:50:45+00:00\",\"description\":\"Door handle for electromagnetic locking system, right-hand model DL-O 17 044-00\",\"breadcrumb\":{\"@id\":\"https:\/\/darpol.bydgoszcz.pl\/en\/offer\/rolling-stock\/door-locks-latches\/klamka-z-blokada-elektromagnetyczna-drzwi-prawych-dl-o-17-044-00-2\/#breadcrumb\"},\"inLanguage\":\"en-US\",\"potentialAction\":[{\"@type\":\"ReadAction\",\"target\":[\"https:\/\/darpol.bydgoszcz.pl\/en\/offer\/rolling-stock\/door-locks-latches\/klamka-z-blokada-elektromagnetyczna-drzwi-prawych-dl-o-17-044-00-2\/\"]}]},{\"@type\":\"ImageObject\",\"inLanguage\":\"en-US\",\"@id\":\"https:\/\/darpol.bydgoszcz.pl\/en\/offer\/rolling-stock\/door-locks-latches\/klamka-z-blokada-elektromagnetyczna-drzwi-prawych-dl-o-17-044-00-2\/#primaryimage\",\"url\":\"https:\/\/darpol.bydgoszcz.pl\/wp-content\/uploads\/104-262-klamka-wewnetrzna-z-blokada-elektromagnetyczna-drzwi-prawych-wagony-dl-o-17-044-00.jpg\",\"contentUrl\":\"https:\/\/darpol.bydgoszcz.pl\/wp-content\/uploads\/104-262-klamka-wewnetrzna-z-blokada-elektromagnetyczna-drzwi-prawych-wagony-dl-o-17-044-00.jpg\",\"width\":689,\"height\":602,\"caption\":\"Klamka wewn\u0119trzna z blokad\u0105 elektromagnetyczn\u0105 drzwi prawych wagony DL-O 17 044-00\"},{\"@type\":\"BreadcrumbList\",\"@id\":\"https:\/\/darpol.bydgoszcz.pl\/en\/offer\/rolling-stock\/door-locks-latches\/klamka-z-blokada-elektromagnetyczna-drzwi-prawych-dl-o-17-044-00-2\/#breadcrumb\",\"itemListElement\":[{\"@type\":\"ListItem\",\"position\":1,\"name\":\"Strona g\u0142\u00f3wna\",\"item\":\"https:\/\/darpol.bydgoszcz.pl\/en\/\"},{\"@type\":\"ListItem\",\"position\":2,\"name\":\"Oferta\",\"item\":\"https:\/\/darpol.bydgoszcz.pl\/oferta\/\"},{\"@type\":\"ListItem\",\"position\":3,\"name\":\"Door handle for electromagnetic locking system, right-hand model DL-O 17 044-00\"}]},{\"@type\":\"WebSite\",\"@id\":\"https:\/\/darpol.bydgoszcz.pl\/#website\",\"url\":\"https:\/\/darpol.bydgoszcz.pl\/\",\"name\":\"Darpol Bydgoszcz\",\"description\":\"\",\"potentialAction\":[{\"@type\":\"SearchAction\",\"target\":{\"@type\":\"EntryPoint\",\"urlTemplate\":\"https:\/\/darpol.bydgoszcz.pl\/?s={search_term_string}\"},\"query-input\":\"required name=search_term_string\"}],\"inLanguage\":\"en-US\"}]}<\/script>\n<!-- \/ Yoast SEO plugin. -->","yoast_head_json":{"title":"Door handle for electromagnetic locking system, right-hand model DL-O 17 044-00 - Darpol Bydgoszcz","description":"Door handle for electromagnetic locking system, right-hand model DL-O 17 044-00","robots":{"index":"index","follow":"follow","max-snippet":"max-snippet:-1","max-image-preview":"max-image-preview:large","max-video-preview":"max-video-preview:-1"},"canonical":"https:\/\/darpol.bydgoszcz.pl\/en\/offer\/rolling-stock\/door-locks-latches\/klamka-z-blokada-elektromagnetyczna-drzwi-prawych-dl-o-17-044-00-2\/","og_locale":"en_US","og_type":"article","og_title":"Door handle for electromagnetic locking system, right-hand model DL-O 17 044-00 - Darpol Bydgoszcz","og_description":"Door handle for electromagnetic locking system, right-hand model DL-O 17 044-00","og_url":"https:\/\/darpol.bydgoszcz.pl\/en\/offer\/rolling-stock\/door-locks-latches\/klamka-z-blokada-elektromagnetyczna-drzwi-prawych-dl-o-17-044-00-2\/","og_site_name":"Darpol Bydgoszcz","og_image":[{"width":689,"height":602,"url":"https:\/\/darpol.bydgoszcz.pl\/wp-content\/uploads\/104-262-klamka-wewnetrzna-z-blokada-elektromagnetyczna-drzwi-prawych-wagony-dl-o-17-044-00.jpg","type":"image\/jpeg"}],"twitter_card":"summary_large_image","schema":{"@context":"https:\/\/schema.org","@graph":[{"@type":"WebPage","@id":"https:\/\/darpol.bydgoszcz.pl\/en\/offer\/rolling-stock\/door-locks-latches\/klamka-z-blokada-elektromagnetyczna-drzwi-prawych-dl-o-17-044-00-2\/","url":"https:\/\/darpol.bydgoszcz.pl\/en\/offer\/rolling-stock\/door-locks-latches\/klamka-z-blokada-elektromagnetyczna-drzwi-prawych-dl-o-17-044-00-2\/","name":"Door handle for electromagnetic locking system, right-hand model DL-O 17 044-00 - Darpol Bydgoszcz","isPartOf":{"@id":"https:\/\/darpol.bydgoszcz.pl\/#website"},"primaryImageOfPage":{"@id":"https:\/\/darpol.bydgoszcz.pl\/en\/offer\/rolling-stock\/door-locks-latches\/klamka-z-blokada-elektromagnetyczna-drzwi-prawych-dl-o-17-044-00-2\/#primaryimage"},"image":{"@id":"https:\/\/darpol.bydgoszcz.pl\/en\/offer\/rolling-stock\/door-locks-latches\/klamka-z-blokada-elektromagnetyczna-drzwi-prawych-dl-o-17-044-00-2\/#primaryimage"},"thumbnailUrl":"https:\/\/darpol.bydgoszcz.pl\/wp-content\/uploads\/104-262-klamka-wewnetrzna-z-blokada-elektromagnetyczna-drzwi-prawych-wagony-dl-o-17-044-00.jpg","datePublished":"2013-01-28T16:50:45+00:00","dateModified":"2013-01-28T16:50:45+00:00","description":"Door handle for electromagnetic locking system, right-hand model DL-O 17 044-00","breadcrumb":{"@id":"https:\/\/darpol.bydgoszcz.pl\/en\/offer\/rolling-stock\/door-locks-latches\/klamka-z-blokada-elektromagnetyczna-drzwi-prawych-dl-o-17-044-00-2\/#breadcrumb"},"inLanguage":"en-US","potentialAction":[{"@type":"ReadAction","target":["https:\/\/darpol.bydgoszcz.pl\/en\/offer\/rolling-stock\/door-locks-latches\/klamka-z-blokada-elektromagnetyczna-drzwi-prawych-dl-o-17-044-00-2\/"]}]},{"@type":"ImageObject","inLanguage":"en-US","@id":"https:\/\/darpol.bydgoszcz.pl\/en\/offer\/rolling-stock\/door-locks-latches\/klamka-z-blokada-elektromagnetyczna-drzwi-prawych-dl-o-17-044-00-2\/#primaryimage","url":"https:\/\/darpol.bydgoszcz.pl\/wp-content\/uploads\/104-262-klamka-wewnetrzna-z-blokada-elektromagnetyczna-drzwi-prawych-wagony-dl-o-17-044-00.jpg","contentUrl":"https:\/\/darpol.bydgoszcz.pl\/wp-content\/uploads\/104-262-klamka-wewnetrzna-z-blokada-elektromagnetyczna-drzwi-prawych-wagony-dl-o-17-044-00.jpg","width":689,"height":602,"caption":"Klamka wewn\u0119trzna z blokad\u0105 elektromagnetyczn\u0105 drzwi prawych wagony DL-O 17 044-00"},{"@type":"BreadcrumbList","@id":"https:\/\/darpol.bydgoszcz.pl\/en\/offer\/rolling-stock\/door-locks-latches\/klamka-z-blokada-elektromagnetyczna-drzwi-prawych-dl-o-17-044-00-2\/#breadcrumb","itemListElement":[{"@type":"ListItem","position":1,"name":"Strona g\u0142\u00f3wna","item":"https:\/\/darpol.bydgoszcz.pl\/en\/"},{"@type":"ListItem","position":2,"name":"Oferta","item":"https:\/\/darpol.bydgoszcz.pl\/oferta\/"},{"@type":"ListItem","position":3,"name":"Door handle for electromagnetic locking system, right-hand model DL-O 17 044-00"}]},{"@type":"WebSite","@id":"https:\/\/darpol.bydgoszcz.pl\/#website","url":"https:\/\/darpol.bydgoszcz.pl\/","name":"Darpol Bydgoszcz","description":"","potentialAction":[{"@type":"SearchAction","target":{"@type":"EntryPoint","urlTemplate":"https:\/\/darpol.bydgoszcz.pl\/?s={search_term_string}"},"query-input":"required name=search_term_string"}],"inLanguage":"en-US"}]}},"_links":{"self":[{"href":"https:\/\/darpol.bydgoszcz.pl\/en\/wp-json\/wp\/v2\/product\/4573","targetHints":{"allow":["GET"]}}],"collection":[{"href":"https:\/\/darpol.bydgoszcz.pl\/en\/wp-json\/wp\/v2\/product"}],"about":[{"href":"https:\/\/darpol.bydgoszcz.pl\/en\/wp-json\/wp\/v2\/types\/product"}],"wp:featuredmedia":[{"embeddable":true,"href":"https:\/\/darpol.bydgoszcz.pl\/en\/wp-json\/wp\/v2\/media\/4569"}],"wp:attachment":[{"href":"https:\/\/darpol.bydgoszcz.pl\/en\/wp-json\/wp\/v2\/media?parent=4573"}],"wp:term":[{"taxonomy":"product_cat","embeddable":true,"href":"https:\/\/darpol.bydgoszcz.pl\/en\/wp-json\/wp\/v2\/product_cat?post=4573"},{"taxonomy":"product_tag","embeddable":true,"href":"https:\/\/darpol.bydgoszcz.pl\/en\/wp-json\/wp\/v2\/product_tag?post=4573"}],"curies":[{"name":"wp","href":"https:\/\/api.w.org\/{rel}","templated":true}]}}