{"id":4183,"date":"2013-01-28T16:59:13","date_gmt":"2013-01-28T15:59:13","guid":{"rendered":"http:\/\/darpol.bydgoszcz.pl\/sklep\/door-locks-latches\/upper-link-dl-o-17-017-01\/"},"modified":"2013-01-28T16:59:13","modified_gmt":"2013-01-28T15:59:13","slug":"upper-link-dl-o-17-017-01","status":"publish","type":"product","link":"https:\/\/darpol.bydgoszcz.pl\/en\/offer\/rolling-stock\/door-locks-latches\/upper-link-dl-o-17-017-01\/","title":{"rendered":"Upper pull rod for door with electromagnetic locking system DL-O 17 017-01"},"content":{"rendered":"<p style=\"font-style: normal; font-size: 11px; font-family: Verdana, Arial, Helvetica, sans-serif;\"><span style=\"font-style: normal; font-size: 11px;\"><span style=\"font-size: 8pt;\"><span style=\"font-size: 11px; color: #333333;\">Upper pull rod DL-O 17 017-01 (long) is used in electromagnetic door locking system in railway coach. <br \/><\/span><\/span><\/span><\/p>\n<p style=\"font-style: normal; font-size: 11px; font-family: Verdana, Arial, Helvetica, sans-serif; color: #333333; background-color: #ffffff;\" align=\"center\">&nbsp;<\/p>\n<p><span style=\"font-size: 8pt;\"><span style=\"color: #333333;\">APPROVED BY CENTRAL CONSTRUCTION BUREAU OF POLISH RAILWAYS !!!<\/span><\/span><\/p>\n<p><span style=\"font-size: 8pt;\"><span style=\"color: #333333;\"> <\/span><\/span><\/p>\n<p><span style=\"font-size: 8pt;\"><span style=\"color: #333333;\">The locking system and its components manufactured by Darpol Bydgoszcz are approved and meet the strict criteria laid down by the Central Construction Bureau in Poznan to ensure safety of passengers.<\/span><\/span><\/p>\n<div style=\"clear:both\"><a href=\"javascript:window.print()\"><i class=\"fa fa-print\" aria-hidden=\"true\"><\/i> Print this page<\/a><\/div>","protected":false},"excerpt":{"rendered":"<p>Upper pull rod DL-O 17 017-01 (long) is used in electromagnetic door locking system in railway coach. &nbsp; APPROVED BY CENTRAL CONSTRUCTION BUREAU OF POLISH RAILWAYS !!! The locking system and its components manufactured by Darpol Bydgoszcz are approved and meet the strict criteria laid down by the Central Construction Bureau in Poznan to ensure &hellip;<\/p>\n","protected":false},"featured_media":4179,"template":"","meta":{"om_disable_all_campaigns":false,"_monsterinsights_skip_tracking":false,"_monsterinsights_sitenote_active":false,"_monsterinsights_sitenote_note":"","_monsterinsights_sitenote_category":0,"_uf_show_specific_survey":0,"_uf_disable_surveys":false},"product_cat":[292,338],"product_tag":[424,436,434,438,437,435,431],"class_list":{"0":"post-4183","1":"product","2":"type-product","3":"status-publish","4":"has-post-thumbnail","6":"product_cat-door-locks-latches","7":"product_cat-wagony-osobowe","8":"product_tag-blokada-drzwi","9":"product_tag-cbk","10":"product_tag-cieglo","11":"product_tag-dl-0-17-017-01","12":"product_tag-dl-o-17-017-01","13":"product_tag-gorne","14":"product_tag-wagony","16":"first","17":"instock","18":"shipping-taxable","19":"purchasable","20":"product-type-simple"},"yoast_head":"<!-- This site is optimized with the Yoast SEO plugin v23.0 - https:\/\/yoast.com\/wordpress\/plugins\/seo\/ -->\n<title>Upper pull rod for door with electromagnetic locking system DL-O 17 017-01 - Darpol Bydgoszcz<\/title>\n<meta name=\"description\" content=\"Upper pull rod for door with electromagnetic locking system DL-O 17 017-01\" \/>\n<meta name=\"robots\" content=\"index, follow, max-snippet:-1, max-image-preview:large, max-video-preview:-1\" \/>\n<link rel=\"canonical\" href=\"https:\/\/darpol.bydgoszcz.pl\/en\/offer\/rolling-stock\/door-locks-latches\/upper-link-dl-o-17-017-01\/\" \/>\n<meta property=\"og:locale\" content=\"en_US\" \/>\n<meta property=\"og:type\" content=\"article\" \/>\n<meta property=\"og:title\" content=\"Upper pull rod for door with electromagnetic locking system DL-O 17 017-01 - Darpol Bydgoszcz\" \/>\n<meta property=\"og:description\" content=\"Upper pull rod for door with electromagnetic locking system DL-O 17 017-01\" \/>\n<meta property=\"og:url\" content=\"https:\/\/darpol.bydgoszcz.pl\/en\/offer\/rolling-stock\/door-locks-latches\/upper-link-dl-o-17-017-01\/\" \/>\n<meta property=\"og:site_name\" content=\"Darpol Bydgoszcz\" \/>\n<meta property=\"og:image\" content=\"https:\/\/darpol.bydgoszcz.pl\/wp-content\/uploads\/90-267-cieglo-gorne-blokady-drzwi-wagonu-dl-o-17-017-01.jpg\" \/>\n\t<meta property=\"og:image:width\" content=\"1000\" \/>\n\t<meta property=\"og:image:height\" content=\"1000\" \/>\n\t<meta property=\"og:image:type\" content=\"image\/jpeg\" \/>\n<meta name=\"twitter:card\" content=\"summary_large_image\" \/>\n<script type=\"application\/ld+json\" class=\"yoast-schema-graph\">{\"@context\":\"https:\/\/schema.org\",\"@graph\":[{\"@type\":\"WebPage\",\"@id\":\"https:\/\/darpol.bydgoszcz.pl\/en\/offer\/rolling-stock\/door-locks-latches\/upper-link-dl-o-17-017-01\/\",\"url\":\"https:\/\/darpol.bydgoszcz.pl\/en\/offer\/rolling-stock\/door-locks-latches\/upper-link-dl-o-17-017-01\/\",\"name\":\"Upper pull rod for door with electromagnetic locking system DL-O 17 017-01 - Darpol Bydgoszcz\",\"isPartOf\":{\"@id\":\"https:\/\/darpol.bydgoszcz.pl\/#website\"},\"primaryImageOfPage\":{\"@id\":\"https:\/\/darpol.bydgoszcz.pl\/en\/offer\/rolling-stock\/door-locks-latches\/upper-link-dl-o-17-017-01\/#primaryimage\"},\"image\":{\"@id\":\"https:\/\/darpol.bydgoszcz.pl\/en\/offer\/rolling-stock\/door-locks-latches\/upper-link-dl-o-17-017-01\/#primaryimage\"},\"thumbnailUrl\":\"https:\/\/darpol.bydgoszcz.pl\/wp-content\/uploads\/90-267-cieglo-gorne-blokady-drzwi-wagonu-dl-o-17-017-01.jpg\",\"datePublished\":\"2013-01-28T15:59:13+00:00\",\"dateModified\":\"2013-01-28T15:59:13+00:00\",\"description\":\"Upper pull rod for door with electromagnetic locking system DL-O 17 017-01\",\"breadcrumb\":{\"@id\":\"https:\/\/darpol.bydgoszcz.pl\/en\/offer\/rolling-stock\/door-locks-latches\/upper-link-dl-o-17-017-01\/#breadcrumb\"},\"inLanguage\":\"en-US\",\"potentialAction\":[{\"@type\":\"ReadAction\",\"target\":[\"https:\/\/darpol.bydgoszcz.pl\/en\/offer\/rolling-stock\/door-locks-latches\/upper-link-dl-o-17-017-01\/\"]}]},{\"@type\":\"ImageObject\",\"inLanguage\":\"en-US\",\"@id\":\"https:\/\/darpol.bydgoszcz.pl\/en\/offer\/rolling-stock\/door-locks-latches\/upper-link-dl-o-17-017-01\/#primaryimage\",\"url\":\"https:\/\/darpol.bydgoszcz.pl\/wp-content\/uploads\/90-267-cieglo-gorne-blokady-drzwi-wagonu-dl-o-17-017-01.jpg\",\"contentUrl\":\"https:\/\/darpol.bydgoszcz.pl\/wp-content\/uploads\/90-267-cieglo-gorne-blokady-drzwi-wagonu-dl-o-17-017-01.jpg\",\"width\":1000,\"height\":1000,\"caption\":\"Ci\u0119g\u0142o g\u00f3rne blokady drzwi wagonu DL-O 17 017-01\"},{\"@type\":\"BreadcrumbList\",\"@id\":\"https:\/\/darpol.bydgoszcz.pl\/en\/offer\/rolling-stock\/door-locks-latches\/upper-link-dl-o-17-017-01\/#breadcrumb\",\"itemListElement\":[{\"@type\":\"ListItem\",\"position\":1,\"name\":\"Strona g\u0142\u00f3wna\",\"item\":\"https:\/\/darpol.bydgoszcz.pl\/en\/\"},{\"@type\":\"ListItem\",\"position\":2,\"name\":\"Oferta\",\"item\":\"https:\/\/darpol.bydgoszcz.pl\/oferta\/\"},{\"@type\":\"ListItem\",\"position\":3,\"name\":\"Upper pull rod for door with electromagnetic locking system DL-O 17 017-01\"}]},{\"@type\":\"WebSite\",\"@id\":\"https:\/\/darpol.bydgoszcz.pl\/#website\",\"url\":\"https:\/\/darpol.bydgoszcz.pl\/\",\"name\":\"Darpol Bydgoszcz\",\"description\":\"\",\"potentialAction\":[{\"@type\":\"SearchAction\",\"target\":{\"@type\":\"EntryPoint\",\"urlTemplate\":\"https:\/\/darpol.bydgoszcz.pl\/?s={search_term_string}\"},\"query-input\":\"required name=search_term_string\"}],\"inLanguage\":\"en-US\"}]}<\/script>\n<!-- \/ Yoast SEO plugin. -->","yoast_head_json":{"title":"Upper pull rod for door with electromagnetic locking system DL-O 17 017-01 - Darpol Bydgoszcz","description":"Upper pull rod for door with electromagnetic locking system DL-O 17 017-01","robots":{"index":"index","follow":"follow","max-snippet":"max-snippet:-1","max-image-preview":"max-image-preview:large","max-video-preview":"max-video-preview:-1"},"canonical":"https:\/\/darpol.bydgoszcz.pl\/en\/offer\/rolling-stock\/door-locks-latches\/upper-link-dl-o-17-017-01\/","og_locale":"en_US","og_type":"article","og_title":"Upper pull rod for door with electromagnetic locking system DL-O 17 017-01 - Darpol Bydgoszcz","og_description":"Upper pull rod for door with electromagnetic locking system DL-O 17 017-01","og_url":"https:\/\/darpol.bydgoszcz.pl\/en\/offer\/rolling-stock\/door-locks-latches\/upper-link-dl-o-17-017-01\/","og_site_name":"Darpol Bydgoszcz","og_image":[{"width":1000,"height":1000,"url":"https:\/\/darpol.bydgoszcz.pl\/wp-content\/uploads\/90-267-cieglo-gorne-blokady-drzwi-wagonu-dl-o-17-017-01.jpg","type":"image\/jpeg"}],"twitter_card":"summary_large_image","schema":{"@context":"https:\/\/schema.org","@graph":[{"@type":"WebPage","@id":"https:\/\/darpol.bydgoszcz.pl\/en\/offer\/rolling-stock\/door-locks-latches\/upper-link-dl-o-17-017-01\/","url":"https:\/\/darpol.bydgoszcz.pl\/en\/offer\/rolling-stock\/door-locks-latches\/upper-link-dl-o-17-017-01\/","name":"Upper pull rod for door with electromagnetic locking system DL-O 17 017-01 - Darpol Bydgoszcz","isPartOf":{"@id":"https:\/\/darpol.bydgoszcz.pl\/#website"},"primaryImageOfPage":{"@id":"https:\/\/darpol.bydgoszcz.pl\/en\/offer\/rolling-stock\/door-locks-latches\/upper-link-dl-o-17-017-01\/#primaryimage"},"image":{"@id":"https:\/\/darpol.bydgoszcz.pl\/en\/offer\/rolling-stock\/door-locks-latches\/upper-link-dl-o-17-017-01\/#primaryimage"},"thumbnailUrl":"https:\/\/darpol.bydgoszcz.pl\/wp-content\/uploads\/90-267-cieglo-gorne-blokady-drzwi-wagonu-dl-o-17-017-01.jpg","datePublished":"2013-01-28T15:59:13+00:00","dateModified":"2013-01-28T15:59:13+00:00","description":"Upper pull rod for door with electromagnetic locking system DL-O 17 017-01","breadcrumb":{"@id":"https:\/\/darpol.bydgoszcz.pl\/en\/offer\/rolling-stock\/door-locks-latches\/upper-link-dl-o-17-017-01\/#breadcrumb"},"inLanguage":"en-US","potentialAction":[{"@type":"ReadAction","target":["https:\/\/darpol.bydgoszcz.pl\/en\/offer\/rolling-stock\/door-locks-latches\/upper-link-dl-o-17-017-01\/"]}]},{"@type":"ImageObject","inLanguage":"en-US","@id":"https:\/\/darpol.bydgoszcz.pl\/en\/offer\/rolling-stock\/door-locks-latches\/upper-link-dl-o-17-017-01\/#primaryimage","url":"https:\/\/darpol.bydgoszcz.pl\/wp-content\/uploads\/90-267-cieglo-gorne-blokady-drzwi-wagonu-dl-o-17-017-01.jpg","contentUrl":"https:\/\/darpol.bydgoszcz.pl\/wp-content\/uploads\/90-267-cieglo-gorne-blokady-drzwi-wagonu-dl-o-17-017-01.jpg","width":1000,"height":1000,"caption":"Ci\u0119g\u0142o g\u00f3rne blokady drzwi wagonu DL-O 17 017-01"},{"@type":"BreadcrumbList","@id":"https:\/\/darpol.bydgoszcz.pl\/en\/offer\/rolling-stock\/door-locks-latches\/upper-link-dl-o-17-017-01\/#breadcrumb","itemListElement":[{"@type":"ListItem","position":1,"name":"Strona g\u0142\u00f3wna","item":"https:\/\/darpol.bydgoszcz.pl\/en\/"},{"@type":"ListItem","position":2,"name":"Oferta","item":"https:\/\/darpol.bydgoszcz.pl\/oferta\/"},{"@type":"ListItem","position":3,"name":"Upper pull rod for door with electromagnetic locking system DL-O 17 017-01"}]},{"@type":"WebSite","@id":"https:\/\/darpol.bydgoszcz.pl\/#website","url":"https:\/\/darpol.bydgoszcz.pl\/","name":"Darpol Bydgoszcz","description":"","potentialAction":[{"@type":"SearchAction","target":{"@type":"EntryPoint","urlTemplate":"https:\/\/darpol.bydgoszcz.pl\/?s={search_term_string}"},"query-input":"required name=search_term_string"}],"inLanguage":"en-US"}]}},"_links":{"self":[{"href":"https:\/\/darpol.bydgoszcz.pl\/en\/wp-json\/wp\/v2\/product\/4183","targetHints":{"allow":["GET"]}}],"collection":[{"href":"https:\/\/darpol.bydgoszcz.pl\/en\/wp-json\/wp\/v2\/product"}],"about":[{"href":"https:\/\/darpol.bydgoszcz.pl\/en\/wp-json\/wp\/v2\/types\/product"}],"wp:featuredmedia":[{"embeddable":true,"href":"https:\/\/darpol.bydgoszcz.pl\/en\/wp-json\/wp\/v2\/media\/4179"}],"wp:attachment":[{"href":"https:\/\/darpol.bydgoszcz.pl\/en\/wp-json\/wp\/v2\/media?parent=4183"}],"wp:term":[{"taxonomy":"product_cat","embeddable":true,"href":"https:\/\/darpol.bydgoszcz.pl\/en\/wp-json\/wp\/v2\/product_cat?post=4183"},{"taxonomy":"product_tag","embeddable":true,"href":"https:\/\/darpol.bydgoszcz.pl\/en\/wp-json\/wp\/v2\/product_tag?post=4183"}],"curies":[{"name":"wp","href":"https:\/\/api.w.org\/{rel}","templated":true}]}}