{"id":17579,"date":"2016-04-08T14:54:44","date_gmt":"2016-04-08T12:54:44","guid":{"rendered":"http:\/\/darpol.bydgoszcz.pl\/sklep\/door-locks-latches\/st44-locomotive-door-lockset-with-handles-outside-lock-with-cylinder-insert-left-hand-dl-17-072-21\/"},"modified":"2016-04-08T14:54:44","modified_gmt":"2016-04-08T12:54:44","slug":"st44-locomotive-door-lockset-with-handles-outside-lock-with-cylinder-insert-left-hand-dl-17-072-21","status":"publish","type":"product","link":"https:\/\/darpol.bydgoszcz.pl\/en\/offer\/rolling-stock\/door-locks-latches\/st44-locomotive-door-lockset-with-handles-outside-lock-with-cylinder-insert-left-hand-dl-17-072-21\/","title":{"rendered":"ST44 locomotive door lockset with handles  (outside lock with cylinder insert, left-hand) DL-17-072-21"},"content":{"rendered":"<div style=\"clear:both\"><a href=\"javascript:window.print()\"><i class=\"fa fa-print\" aria-hidden=\"true\"><\/i> Print this page<\/a><\/div>","protected":false},"excerpt":{"rendered":"<p>Print this page<\/p>\n","protected":false},"featured_media":17578,"template":"","meta":{"om_disable_all_campaigns":false,"_monsterinsights_skip_tracking":false,"_monsterinsights_sitenote_active":false,"_monsterinsights_sitenote_note":"","_monsterinsights_sitenote_category":0,"_uf_show_specific_survey":0,"_uf_disable_surveys":false},"product_cat":[292,327],"product_tag":[733,2543,440,1355,786,911,2542,2172,740,457,2984,1618],"class_list":{"0":"post-17579","1":"product","2":"type-product","3":"status-publish","4":"has-post-thumbnail","6":"product_cat-door-locks-latches","7":"product_cat-locomotives","8":"product_tag-budka","9":"product_tag-dl-17-072-21","10":"product_tag-drzwi","11":"product_tag-kabina","12":"product_tag-lokomotywa","13":"product_tag-maszynista","14":"product_tag-patentowa","15":"product_tag-st44","16":"product_tag-wkladka","17":"product_tag-zamek","18":"product_tag-zewnetrzny-en","19":"product_tag-zewnetrzny","21":"first","22":"instock","23":"shipping-taxable","24":"purchasable","25":"product-type-simple"},"yoast_head":"<!-- This site is optimized with the Yoast SEO plugin v23.0 - https:\/\/yoast.com\/wordpress\/plugins\/seo\/ -->\n<title>ST44 locomotive door lockset with handles (outside lock with cylinder insert, left-hand) DL-17-072-21<\/title>\n<meta name=\"robots\" content=\"index, follow, max-snippet:-1, max-image-preview:large, max-video-preview:-1\" \/>\n<link rel=\"canonical\" href=\"https:\/\/darpol.bydgoszcz.pl\/en\/offer\/rolling-stock\/door-locks-latches\/st44-locomotive-door-lockset-with-handles-outside-lock-with-cylinder-insert-left-hand-dl-17-072-21\/\" \/>\n<meta property=\"og:locale\" content=\"en_US\" \/>\n<meta property=\"og:type\" content=\"article\" \/>\n<meta property=\"og:title\" content=\"ST44 locomotive door lockset with handles (outside lock with cylinder insert, left-hand) DL-17-072-21\" \/>\n<meta property=\"og:description\" content=\"Print this page\" \/>\n<meta property=\"og:url\" content=\"https:\/\/darpol.bydgoszcz.pl\/en\/offer\/rolling-stock\/door-locks-latches\/st44-locomotive-door-lockset-with-handles-outside-lock-with-cylinder-insert-left-hand-dl-17-072-21\/\" \/>\n<meta property=\"og:site_name\" content=\"Darpol Bydgoszcz\" \/>\n<meta property=\"og:image\" content=\"https:\/\/darpol.bydgoszcz.pl\/wp-content\/uploads\/1015-1443-zamek-drzwi-lokomotywy-st44-zewnetrzny-z-wkladka-patentowa-lewy-dl-17-072-21.jpg\" \/>\n\t<meta property=\"og:image:width\" content=\"852\" \/>\n\t<meta property=\"og:image:height\" content=\"1127\" \/>\n\t<meta property=\"og:image:type\" content=\"image\/jpeg\" \/>\n<meta name=\"twitter:card\" content=\"summary_large_image\" \/>\n<script type=\"application\/ld+json\" class=\"yoast-schema-graph\">{\"@context\":\"https:\/\/schema.org\",\"@graph\":[{\"@type\":\"WebPage\",\"@id\":\"https:\/\/darpol.bydgoszcz.pl\/en\/offer\/rolling-stock\/door-locks-latches\/st44-locomotive-door-lockset-with-handles-outside-lock-with-cylinder-insert-left-hand-dl-17-072-21\/\",\"url\":\"https:\/\/darpol.bydgoszcz.pl\/en\/offer\/rolling-stock\/door-locks-latches\/st44-locomotive-door-lockset-with-handles-outside-lock-with-cylinder-insert-left-hand-dl-17-072-21\/\",\"name\":\"ST44 locomotive door lockset with handles (outside lock with cylinder insert, left-hand) DL-17-072-21\",\"isPartOf\":{\"@id\":\"https:\/\/darpol.bydgoszcz.pl\/#website\"},\"primaryImageOfPage\":{\"@id\":\"https:\/\/darpol.bydgoszcz.pl\/en\/offer\/rolling-stock\/door-locks-latches\/st44-locomotive-door-lockset-with-handles-outside-lock-with-cylinder-insert-left-hand-dl-17-072-21\/#primaryimage\"},\"image\":{\"@id\":\"https:\/\/darpol.bydgoszcz.pl\/en\/offer\/rolling-stock\/door-locks-latches\/st44-locomotive-door-lockset-with-handles-outside-lock-with-cylinder-insert-left-hand-dl-17-072-21\/#primaryimage\"},\"thumbnailUrl\":\"https:\/\/darpol.bydgoszcz.pl\/wp-content\/uploads\/1015-1443-zamek-drzwi-lokomotywy-st44-zewnetrzny-z-wkladka-patentowa-lewy-dl-17-072-21.jpg\",\"datePublished\":\"2016-04-08T12:54:44+00:00\",\"dateModified\":\"2016-04-08T12:54:44+00:00\",\"breadcrumb\":{\"@id\":\"https:\/\/darpol.bydgoszcz.pl\/en\/offer\/rolling-stock\/door-locks-latches\/st44-locomotive-door-lockset-with-handles-outside-lock-with-cylinder-insert-left-hand-dl-17-072-21\/#breadcrumb\"},\"inLanguage\":\"en-US\",\"potentialAction\":[{\"@type\":\"ReadAction\",\"target\":[\"https:\/\/darpol.bydgoszcz.pl\/en\/offer\/rolling-stock\/door-locks-latches\/st44-locomotive-door-lockset-with-handles-outside-lock-with-cylinder-insert-left-hand-dl-17-072-21\/\"]}]},{\"@type\":\"ImageObject\",\"inLanguage\":\"en-US\",\"@id\":\"https:\/\/darpol.bydgoszcz.pl\/en\/offer\/rolling-stock\/door-locks-latches\/st44-locomotive-door-lockset-with-handles-outside-lock-with-cylinder-insert-left-hand-dl-17-072-21\/#primaryimage\",\"url\":\"https:\/\/darpol.bydgoszcz.pl\/wp-content\/uploads\/1015-1443-zamek-drzwi-lokomotywy-st44-zewnetrzny-z-wkladka-patentowa-lewy-dl-17-072-21.jpg\",\"contentUrl\":\"https:\/\/darpol.bydgoszcz.pl\/wp-content\/uploads\/1015-1443-zamek-drzwi-lokomotywy-st44-zewnetrzny-z-wkladka-patentowa-lewy-dl-17-072-21.jpg\",\"width\":852,\"height\":1127,\"caption\":\"Zamek drzwi lokomotywy ST44 zewn\u0119trzny z wk\u0142adk\u0105 patentow\u0105 - lewy DL-17-072-21\"},{\"@type\":\"BreadcrumbList\",\"@id\":\"https:\/\/darpol.bydgoszcz.pl\/en\/offer\/rolling-stock\/door-locks-latches\/st44-locomotive-door-lockset-with-handles-outside-lock-with-cylinder-insert-left-hand-dl-17-072-21\/#breadcrumb\",\"itemListElement\":[{\"@type\":\"ListItem\",\"position\":1,\"name\":\"Strona g\u0142\u00f3wna\",\"item\":\"https:\/\/darpol.bydgoszcz.pl\/en\/\"},{\"@type\":\"ListItem\",\"position\":2,\"name\":\"Oferta\",\"item\":\"https:\/\/darpol.bydgoszcz.pl\/oferta\/\"},{\"@type\":\"ListItem\",\"position\":3,\"name\":\"ST44 locomotive door lockset with handles (outside lock with cylinder insert, left-hand) DL-17-072-21\"}]},{\"@type\":\"WebSite\",\"@id\":\"https:\/\/darpol.bydgoszcz.pl\/#website\",\"url\":\"https:\/\/darpol.bydgoszcz.pl\/\",\"name\":\"Darpol Bydgoszcz\",\"description\":\"\",\"potentialAction\":[{\"@type\":\"SearchAction\",\"target\":{\"@type\":\"EntryPoint\",\"urlTemplate\":\"https:\/\/darpol.bydgoszcz.pl\/?s={search_term_string}\"},\"query-input\":\"required name=search_term_string\"}],\"inLanguage\":\"en-US\"}]}<\/script>\n<!-- \/ Yoast SEO plugin. -->","yoast_head_json":{"title":"ST44 locomotive door lockset with handles (outside lock with cylinder insert, left-hand) DL-17-072-21","robots":{"index":"index","follow":"follow","max-snippet":"max-snippet:-1","max-image-preview":"max-image-preview:large","max-video-preview":"max-video-preview:-1"},"canonical":"https:\/\/darpol.bydgoszcz.pl\/en\/offer\/rolling-stock\/door-locks-latches\/st44-locomotive-door-lockset-with-handles-outside-lock-with-cylinder-insert-left-hand-dl-17-072-21\/","og_locale":"en_US","og_type":"article","og_title":"ST44 locomotive door lockset with handles (outside lock with cylinder insert, left-hand) DL-17-072-21","og_description":"Print this page","og_url":"https:\/\/darpol.bydgoszcz.pl\/en\/offer\/rolling-stock\/door-locks-latches\/st44-locomotive-door-lockset-with-handles-outside-lock-with-cylinder-insert-left-hand-dl-17-072-21\/","og_site_name":"Darpol Bydgoszcz","og_image":[{"width":852,"height":1127,"url":"https:\/\/darpol.bydgoszcz.pl\/wp-content\/uploads\/1015-1443-zamek-drzwi-lokomotywy-st44-zewnetrzny-z-wkladka-patentowa-lewy-dl-17-072-21.jpg","type":"image\/jpeg"}],"twitter_card":"summary_large_image","schema":{"@context":"https:\/\/schema.org","@graph":[{"@type":"WebPage","@id":"https:\/\/darpol.bydgoszcz.pl\/en\/offer\/rolling-stock\/door-locks-latches\/st44-locomotive-door-lockset-with-handles-outside-lock-with-cylinder-insert-left-hand-dl-17-072-21\/","url":"https:\/\/darpol.bydgoszcz.pl\/en\/offer\/rolling-stock\/door-locks-latches\/st44-locomotive-door-lockset-with-handles-outside-lock-with-cylinder-insert-left-hand-dl-17-072-21\/","name":"ST44 locomotive door lockset with handles (outside lock with cylinder insert, left-hand) DL-17-072-21","isPartOf":{"@id":"https:\/\/darpol.bydgoszcz.pl\/#website"},"primaryImageOfPage":{"@id":"https:\/\/darpol.bydgoszcz.pl\/en\/offer\/rolling-stock\/door-locks-latches\/st44-locomotive-door-lockset-with-handles-outside-lock-with-cylinder-insert-left-hand-dl-17-072-21\/#primaryimage"},"image":{"@id":"https:\/\/darpol.bydgoszcz.pl\/en\/offer\/rolling-stock\/door-locks-latches\/st44-locomotive-door-lockset-with-handles-outside-lock-with-cylinder-insert-left-hand-dl-17-072-21\/#primaryimage"},"thumbnailUrl":"https:\/\/darpol.bydgoszcz.pl\/wp-content\/uploads\/1015-1443-zamek-drzwi-lokomotywy-st44-zewnetrzny-z-wkladka-patentowa-lewy-dl-17-072-21.jpg","datePublished":"2016-04-08T12:54:44+00:00","dateModified":"2016-04-08T12:54:44+00:00","breadcrumb":{"@id":"https:\/\/darpol.bydgoszcz.pl\/en\/offer\/rolling-stock\/door-locks-latches\/st44-locomotive-door-lockset-with-handles-outside-lock-with-cylinder-insert-left-hand-dl-17-072-21\/#breadcrumb"},"inLanguage":"en-US","potentialAction":[{"@type":"ReadAction","target":["https:\/\/darpol.bydgoszcz.pl\/en\/offer\/rolling-stock\/door-locks-latches\/st44-locomotive-door-lockset-with-handles-outside-lock-with-cylinder-insert-left-hand-dl-17-072-21\/"]}]},{"@type":"ImageObject","inLanguage":"en-US","@id":"https:\/\/darpol.bydgoszcz.pl\/en\/offer\/rolling-stock\/door-locks-latches\/st44-locomotive-door-lockset-with-handles-outside-lock-with-cylinder-insert-left-hand-dl-17-072-21\/#primaryimage","url":"https:\/\/darpol.bydgoszcz.pl\/wp-content\/uploads\/1015-1443-zamek-drzwi-lokomotywy-st44-zewnetrzny-z-wkladka-patentowa-lewy-dl-17-072-21.jpg","contentUrl":"https:\/\/darpol.bydgoszcz.pl\/wp-content\/uploads\/1015-1443-zamek-drzwi-lokomotywy-st44-zewnetrzny-z-wkladka-patentowa-lewy-dl-17-072-21.jpg","width":852,"height":1127,"caption":"Zamek drzwi lokomotywy ST44 zewn\u0119trzny z wk\u0142adk\u0105 patentow\u0105 - lewy DL-17-072-21"},{"@type":"BreadcrumbList","@id":"https:\/\/darpol.bydgoszcz.pl\/en\/offer\/rolling-stock\/door-locks-latches\/st44-locomotive-door-lockset-with-handles-outside-lock-with-cylinder-insert-left-hand-dl-17-072-21\/#breadcrumb","itemListElement":[{"@type":"ListItem","position":1,"name":"Strona g\u0142\u00f3wna","item":"https:\/\/darpol.bydgoszcz.pl\/en\/"},{"@type":"ListItem","position":2,"name":"Oferta","item":"https:\/\/darpol.bydgoszcz.pl\/oferta\/"},{"@type":"ListItem","position":3,"name":"ST44 locomotive door lockset with handles (outside lock with cylinder insert, left-hand) DL-17-072-21"}]},{"@type":"WebSite","@id":"https:\/\/darpol.bydgoszcz.pl\/#website","url":"https:\/\/darpol.bydgoszcz.pl\/","name":"Darpol Bydgoszcz","description":"","potentialAction":[{"@type":"SearchAction","target":{"@type":"EntryPoint","urlTemplate":"https:\/\/darpol.bydgoszcz.pl\/?s={search_term_string}"},"query-input":"required name=search_term_string"}],"inLanguage":"en-US"}]}},"_links":{"self":[{"href":"https:\/\/darpol.bydgoszcz.pl\/en\/wp-json\/wp\/v2\/product\/17579","targetHints":{"allow":["GET"]}}],"collection":[{"href":"https:\/\/darpol.bydgoszcz.pl\/en\/wp-json\/wp\/v2\/product"}],"about":[{"href":"https:\/\/darpol.bydgoszcz.pl\/en\/wp-json\/wp\/v2\/types\/product"}],"wp:featuredmedia":[{"embeddable":true,"href":"https:\/\/darpol.bydgoszcz.pl\/en\/wp-json\/wp\/v2\/media\/17578"}],"wp:attachment":[{"href":"https:\/\/darpol.bydgoszcz.pl\/en\/wp-json\/wp\/v2\/media?parent=17579"}],"wp:term":[{"taxonomy":"product_cat","embeddable":true,"href":"https:\/\/darpol.bydgoszcz.pl\/en\/wp-json\/wp\/v2\/product_cat?post=17579"},{"taxonomy":"product_tag","embeddable":true,"href":"https:\/\/darpol.bydgoszcz.pl\/en\/wp-json\/wp\/v2\/product_tag?post=17579"}],"curies":[{"name":"wp","href":"https:\/\/api.w.org\/{rel}","templated":true}]}}