{"id":17201,"date":"2016-02-09T13:36:07","date_gmt":"2016-02-09T12:36:07","guid":{"rendered":"http:\/\/darpol.bydgoszcz.pl\/sklep\/door-locks-latches\/upper-door-mounting-bracket-and-spline-shaft-dl-16-035-00\/"},"modified":"2016-02-09T13:36:07","modified_gmt":"2016-02-09T12:36:07","slug":"upper-door-mounting-bracket-and-spline-shaft-dl-16-035-00","status":"publish","type":"product","link":"https:\/\/darpol.bydgoszcz.pl\/en\/offer\/rolling-stock\/door-locks-latches\/upper-door-mounting-bracket-and-spline-shaft-dl-16-035-00\/","title":{"rendered":"Upper door mounting bracket and spline shaft DL-16-035-00"},"content":{"rendered":"<div style=\"clear:both\"><a href=\"javascript:window.print()\"><i class=\"fa fa-print\" aria-hidden=\"true\"><\/i> Print this page<\/a><\/div>","protected":false},"excerpt":{"rendered":"<p>Print this page<\/p>\n","protected":false},"featured_media":17200,"template":"","meta":{"om_disable_all_campaigns":false,"_monsterinsights_skip_tracking":false,"_monsterinsights_sitenote_active":false,"_monsterinsights_sitenote_note":"","_monsterinsights_sitenote_category":0,"_uf_show_specific_survey":0,"_uf_disable_surveys":false},"product_cat":[292,339],"product_tag":[2497,440,415,880,2983,414,1205,458,2496,1719],"class_list":{"0":"post-17201","1":"product","2":"type-product","3":"status-publish","4":"has-post-thumbnail","6":"product_cat-door-locks-latches","7":"product_cat-passenger-coaches","8":"product_tag-dl-16-035-00","9":"product_tag-drzwi","10":"product_tag-osobowy","11":"product_tag-uchwyt","12":"product_tag-uchwyt-en","13":"product_tag-wagon","14":"product_tag-walek","15":"product_tag-wejsciowe","16":"product_tag-wieloklin","17":"product_tag-zawieszenie","19":"first","20":"instock","21":"shipping-taxable","22":"purchasable","23":"product-type-simple"},"yoast_head":"<!-- This site is optimized with the Yoast SEO plugin v23.0 - https:\/\/yoast.com\/wordpress\/plugins\/seo\/ -->\n<title>Upper door mounting bracket and spline shaft DL-16-035-00 - Darpol Bydgoszcz<\/title>\n<meta name=\"description\" content=\"Upper door mounting bracket and spline shaft DL-16-035-00\" \/>\n<meta name=\"robots\" content=\"index, follow, max-snippet:-1, max-image-preview:large, max-video-preview:-1\" \/>\n<link rel=\"canonical\" href=\"https:\/\/darpol.bydgoszcz.pl\/en\/offer\/rolling-stock\/door-locks-latches\/upper-door-mounting-bracket-and-spline-shaft-dl-16-035-00\/\" \/>\n<meta property=\"og:locale\" content=\"en_US\" \/>\n<meta property=\"og:type\" content=\"article\" \/>\n<meta property=\"og:title\" content=\"Upper door mounting bracket and spline shaft DL-16-035-00 - Darpol Bydgoszcz\" \/>\n<meta property=\"og:description\" content=\"Upper door mounting bracket and spline shaft DL-16-035-00\" \/>\n<meta property=\"og:url\" content=\"https:\/\/darpol.bydgoszcz.pl\/en\/offer\/rolling-stock\/door-locks-latches\/upper-door-mounting-bracket-and-spline-shaft-dl-16-035-00\/\" \/>\n<meta property=\"og:site_name\" content=\"Darpol Bydgoszcz\" \/>\n<meta property=\"og:image\" content=\"https:\/\/darpol.bydgoszcz.pl\/wp-content\/uploads\/986-1399-uchwyt-gorny-zawieszenia-drzwi-wejsciowych-wagonu-i-walek-z-wieloklinem-dl-16-035-00.jpg\" \/>\n\t<meta property=\"og:image:width\" content=\"1108\" \/>\n\t<meta property=\"og:image:height\" content=\"918\" \/>\n\t<meta property=\"og:image:type\" content=\"image\/jpeg\" \/>\n<meta name=\"twitter:card\" content=\"summary_large_image\" \/>\n<script type=\"application\/ld+json\" class=\"yoast-schema-graph\">{\"@context\":\"https:\/\/schema.org\",\"@graph\":[{\"@type\":\"WebPage\",\"@id\":\"https:\/\/darpol.bydgoszcz.pl\/en\/offer\/rolling-stock\/door-locks-latches\/upper-door-mounting-bracket-and-spline-shaft-dl-16-035-00\/\",\"url\":\"https:\/\/darpol.bydgoszcz.pl\/en\/offer\/rolling-stock\/door-locks-latches\/upper-door-mounting-bracket-and-spline-shaft-dl-16-035-00\/\",\"name\":\"Upper door mounting bracket and spline shaft DL-16-035-00 - Darpol Bydgoszcz\",\"isPartOf\":{\"@id\":\"https:\/\/darpol.bydgoszcz.pl\/#website\"},\"primaryImageOfPage\":{\"@id\":\"https:\/\/darpol.bydgoszcz.pl\/en\/offer\/rolling-stock\/door-locks-latches\/upper-door-mounting-bracket-and-spline-shaft-dl-16-035-00\/#primaryimage\"},\"image\":{\"@id\":\"https:\/\/darpol.bydgoszcz.pl\/en\/offer\/rolling-stock\/door-locks-latches\/upper-door-mounting-bracket-and-spline-shaft-dl-16-035-00\/#primaryimage\"},\"thumbnailUrl\":\"https:\/\/darpol.bydgoszcz.pl\/wp-content\/uploads\/986-1399-uchwyt-gorny-zawieszenia-drzwi-wejsciowych-wagonu-i-walek-z-wieloklinem-dl-16-035-00.jpg\",\"datePublished\":\"2016-02-09T12:36:07+00:00\",\"dateModified\":\"2016-02-09T12:36:07+00:00\",\"description\":\"Upper door mounting bracket and spline shaft DL-16-035-00\",\"breadcrumb\":{\"@id\":\"https:\/\/darpol.bydgoszcz.pl\/en\/offer\/rolling-stock\/door-locks-latches\/upper-door-mounting-bracket-and-spline-shaft-dl-16-035-00\/#breadcrumb\"},\"inLanguage\":\"en-US\",\"potentialAction\":[{\"@type\":\"ReadAction\",\"target\":[\"https:\/\/darpol.bydgoszcz.pl\/en\/offer\/rolling-stock\/door-locks-latches\/upper-door-mounting-bracket-and-spline-shaft-dl-16-035-00\/\"]}]},{\"@type\":\"ImageObject\",\"inLanguage\":\"en-US\",\"@id\":\"https:\/\/darpol.bydgoszcz.pl\/en\/offer\/rolling-stock\/door-locks-latches\/upper-door-mounting-bracket-and-spline-shaft-dl-16-035-00\/#primaryimage\",\"url\":\"https:\/\/darpol.bydgoszcz.pl\/wp-content\/uploads\/986-1399-uchwyt-gorny-zawieszenia-drzwi-wejsciowych-wagonu-i-walek-z-wieloklinem-dl-16-035-00.jpg\",\"contentUrl\":\"https:\/\/darpol.bydgoszcz.pl\/wp-content\/uploads\/986-1399-uchwyt-gorny-zawieszenia-drzwi-wejsciowych-wagonu-i-walek-z-wieloklinem-dl-16-035-00.jpg\",\"width\":1108,\"height\":918,\"caption\":\"Uchwyt g\u00f3rny zawieszenia drzwi wej\u015bciowych wagonu i wa\u0142ek z wieloklinem DL-16-035-00\"},{\"@type\":\"BreadcrumbList\",\"@id\":\"https:\/\/darpol.bydgoszcz.pl\/en\/offer\/rolling-stock\/door-locks-latches\/upper-door-mounting-bracket-and-spline-shaft-dl-16-035-00\/#breadcrumb\",\"itemListElement\":[{\"@type\":\"ListItem\",\"position\":1,\"name\":\"Strona g\u0142\u00f3wna\",\"item\":\"https:\/\/darpol.bydgoszcz.pl\/en\/\"},{\"@type\":\"ListItem\",\"position\":2,\"name\":\"Oferta\",\"item\":\"https:\/\/darpol.bydgoszcz.pl\/oferta\/\"},{\"@type\":\"ListItem\",\"position\":3,\"name\":\"Upper door mounting bracket and spline shaft DL-16-035-00\"}]},{\"@type\":\"WebSite\",\"@id\":\"https:\/\/darpol.bydgoszcz.pl\/#website\",\"url\":\"https:\/\/darpol.bydgoszcz.pl\/\",\"name\":\"Darpol Bydgoszcz\",\"description\":\"\",\"potentialAction\":[{\"@type\":\"SearchAction\",\"target\":{\"@type\":\"EntryPoint\",\"urlTemplate\":\"https:\/\/darpol.bydgoszcz.pl\/?s={search_term_string}\"},\"query-input\":\"required name=search_term_string\"}],\"inLanguage\":\"en-US\"}]}<\/script>\n<!-- \/ Yoast SEO plugin. -->","yoast_head_json":{"title":"Upper door mounting bracket and spline shaft DL-16-035-00 - Darpol Bydgoszcz","description":"Upper door mounting bracket and spline shaft DL-16-035-00","robots":{"index":"index","follow":"follow","max-snippet":"max-snippet:-1","max-image-preview":"max-image-preview:large","max-video-preview":"max-video-preview:-1"},"canonical":"https:\/\/darpol.bydgoszcz.pl\/en\/offer\/rolling-stock\/door-locks-latches\/upper-door-mounting-bracket-and-spline-shaft-dl-16-035-00\/","og_locale":"en_US","og_type":"article","og_title":"Upper door mounting bracket and spline shaft DL-16-035-00 - Darpol Bydgoszcz","og_description":"Upper door mounting bracket and spline shaft DL-16-035-00","og_url":"https:\/\/darpol.bydgoszcz.pl\/en\/offer\/rolling-stock\/door-locks-latches\/upper-door-mounting-bracket-and-spline-shaft-dl-16-035-00\/","og_site_name":"Darpol Bydgoszcz","og_image":[{"width":1108,"height":918,"url":"https:\/\/darpol.bydgoszcz.pl\/wp-content\/uploads\/986-1399-uchwyt-gorny-zawieszenia-drzwi-wejsciowych-wagonu-i-walek-z-wieloklinem-dl-16-035-00.jpg","type":"image\/jpeg"}],"twitter_card":"summary_large_image","schema":{"@context":"https:\/\/schema.org","@graph":[{"@type":"WebPage","@id":"https:\/\/darpol.bydgoszcz.pl\/en\/offer\/rolling-stock\/door-locks-latches\/upper-door-mounting-bracket-and-spline-shaft-dl-16-035-00\/","url":"https:\/\/darpol.bydgoszcz.pl\/en\/offer\/rolling-stock\/door-locks-latches\/upper-door-mounting-bracket-and-spline-shaft-dl-16-035-00\/","name":"Upper door mounting bracket and spline shaft DL-16-035-00 - Darpol Bydgoszcz","isPartOf":{"@id":"https:\/\/darpol.bydgoszcz.pl\/#website"},"primaryImageOfPage":{"@id":"https:\/\/darpol.bydgoszcz.pl\/en\/offer\/rolling-stock\/door-locks-latches\/upper-door-mounting-bracket-and-spline-shaft-dl-16-035-00\/#primaryimage"},"image":{"@id":"https:\/\/darpol.bydgoszcz.pl\/en\/offer\/rolling-stock\/door-locks-latches\/upper-door-mounting-bracket-and-spline-shaft-dl-16-035-00\/#primaryimage"},"thumbnailUrl":"https:\/\/darpol.bydgoszcz.pl\/wp-content\/uploads\/986-1399-uchwyt-gorny-zawieszenia-drzwi-wejsciowych-wagonu-i-walek-z-wieloklinem-dl-16-035-00.jpg","datePublished":"2016-02-09T12:36:07+00:00","dateModified":"2016-02-09T12:36:07+00:00","description":"Upper door mounting bracket and spline shaft DL-16-035-00","breadcrumb":{"@id":"https:\/\/darpol.bydgoszcz.pl\/en\/offer\/rolling-stock\/door-locks-latches\/upper-door-mounting-bracket-and-spline-shaft-dl-16-035-00\/#breadcrumb"},"inLanguage":"en-US","potentialAction":[{"@type":"ReadAction","target":["https:\/\/darpol.bydgoszcz.pl\/en\/offer\/rolling-stock\/door-locks-latches\/upper-door-mounting-bracket-and-spline-shaft-dl-16-035-00\/"]}]},{"@type":"ImageObject","inLanguage":"en-US","@id":"https:\/\/darpol.bydgoszcz.pl\/en\/offer\/rolling-stock\/door-locks-latches\/upper-door-mounting-bracket-and-spline-shaft-dl-16-035-00\/#primaryimage","url":"https:\/\/darpol.bydgoszcz.pl\/wp-content\/uploads\/986-1399-uchwyt-gorny-zawieszenia-drzwi-wejsciowych-wagonu-i-walek-z-wieloklinem-dl-16-035-00.jpg","contentUrl":"https:\/\/darpol.bydgoszcz.pl\/wp-content\/uploads\/986-1399-uchwyt-gorny-zawieszenia-drzwi-wejsciowych-wagonu-i-walek-z-wieloklinem-dl-16-035-00.jpg","width":1108,"height":918,"caption":"Uchwyt g\u00f3rny zawieszenia drzwi wej\u015bciowych wagonu i wa\u0142ek z wieloklinem DL-16-035-00"},{"@type":"BreadcrumbList","@id":"https:\/\/darpol.bydgoszcz.pl\/en\/offer\/rolling-stock\/door-locks-latches\/upper-door-mounting-bracket-and-spline-shaft-dl-16-035-00\/#breadcrumb","itemListElement":[{"@type":"ListItem","position":1,"name":"Strona g\u0142\u00f3wna","item":"https:\/\/darpol.bydgoszcz.pl\/en\/"},{"@type":"ListItem","position":2,"name":"Oferta","item":"https:\/\/darpol.bydgoszcz.pl\/oferta\/"},{"@type":"ListItem","position":3,"name":"Upper door mounting bracket and spline shaft DL-16-035-00"}]},{"@type":"WebSite","@id":"https:\/\/darpol.bydgoszcz.pl\/#website","url":"https:\/\/darpol.bydgoszcz.pl\/","name":"Darpol Bydgoszcz","description":"","potentialAction":[{"@type":"SearchAction","target":{"@type":"EntryPoint","urlTemplate":"https:\/\/darpol.bydgoszcz.pl\/?s={search_term_string}"},"query-input":"required name=search_term_string"}],"inLanguage":"en-US"}]}},"_links":{"self":[{"href":"https:\/\/darpol.bydgoszcz.pl\/en\/wp-json\/wp\/v2\/product\/17201","targetHints":{"allow":["GET"]}}],"collection":[{"href":"https:\/\/darpol.bydgoszcz.pl\/en\/wp-json\/wp\/v2\/product"}],"about":[{"href":"https:\/\/darpol.bydgoszcz.pl\/en\/wp-json\/wp\/v2\/types\/product"}],"wp:featuredmedia":[{"embeddable":true,"href":"https:\/\/darpol.bydgoszcz.pl\/en\/wp-json\/wp\/v2\/media\/17200"}],"wp:attachment":[{"href":"https:\/\/darpol.bydgoszcz.pl\/en\/wp-json\/wp\/v2\/media?parent=17201"}],"wp:term":[{"taxonomy":"product_cat","embeddable":true,"href":"https:\/\/darpol.bydgoszcz.pl\/en\/wp-json\/wp\/v2\/product_cat?post=17201"},{"taxonomy":"product_tag","embeddable":true,"href":"https:\/\/darpol.bydgoszcz.pl\/en\/wp-json\/wp\/v2\/product_tag?post=17201"}],"curies":[{"name":"wp","href":"https:\/\/api.w.org\/{rel}","templated":true}]}}