{"id":17093,"date":"2015-12-21T16:24:49","date_gmt":"2015-12-21T15:24:49","guid":{"rendered":"http:\/\/darpol.bydgoszcz.pl\/sklep\/locomotives\/oslona-przeciwsloneczna-srodkowa-z-uchwytem-dl-o-25-002-06-2\/"},"modified":"2015-12-21T16:24:49","modified_gmt":"2015-12-21T15:24:49","slug":"oslona-przeciwsloneczna-srodkowa-z-uchwytem-dl-o-25-002-06-2","status":"publish","type":"product","link":"https:\/\/darpol.bydgoszcz.pl\/en\/offer\/rolling-stock\/locomotives\/oslona-przeciwsloneczna-srodkowa-z-uchwytem-dl-o-25-002-06-2\/","title":{"rendered":"Visor with a mounting bracket DL-O 25 002-06"},"content":{"rendered":"<p style=\"text-align: left;\">Visors are widely used in all kinds of locomotives and EMU.<\/p>\n<p style=\"text-align: left;\">This model (central visor with a mounting bracket) is available as a set or parts sold separately:<\/p>\n<p style=\"text-align: left;\">DL-O 25 002-06 Set<\/p>\n<p style=\"text-align: left;\">DL-O 25 002-07 Hinge<\/p>\n<p>DL-O 25 002-08&nbsp; Screw<\/p>\n<div style=\"clear:both\"><a href=\"javascript:window.print()\"><i class=\"fa fa-print\" aria-hidden=\"true\"><\/i> Print this page<\/a><\/div>","protected":false},"excerpt":{"rendered":"<p>Visors are widely used in all kinds of locomotives and EMU. This model (central visor with a mounting bracket) is available as a set or parts sold separately: DL-O 25 002-06 Set DL-O 25 002-07 Hinge DL-O 25 002-08&nbsp; Screw Print this page<\/p>\n","protected":false},"featured_media":17092,"template":"","meta":{"om_disable_all_campaigns":false,"_monsterinsights_skip_tracking":false,"_monsterinsights_sitenote_active":false,"_monsterinsights_sitenote_note":"","_monsterinsights_sitenote_category":0,"_uf_show_specific_survey":0,"_uf_disable_surveys":false},"product_cat":[327,333],"product_tag":[2481,786,1276,3166,1930],"class_list":{"0":"post-17093","1":"product","2":"type-product","3":"status-publish","4":"has-post-thumbnail","6":"product_cat-locomotives","7":"product_cat-emu-dmu","8":"product_tag-dl-o-25-002-06","9":"product_tag-lokomotywa","10":"product_tag-oslona","11":"product_tag-oslona-en","12":"product_tag-przeciwsloneczna","14":"first","15":"instock","16":"shipping-taxable","17":"purchasable","18":"product-type-simple"},"yoast_head":"<!-- This site is optimized with the Yoast SEO plugin v23.0 - https:\/\/yoast.com\/wordpress\/plugins\/seo\/ -->\n<title>Visor with a mounting bracket DL-O 25 002-06 - Darpol Bydgoszcz<\/title>\n<meta name=\"description\" content=\"Visor with a mounting bracket DL-O 25 002-06\" \/>\n<meta name=\"robots\" content=\"index, follow, max-snippet:-1, max-image-preview:large, max-video-preview:-1\" \/>\n<link rel=\"canonical\" href=\"https:\/\/darpol.bydgoszcz.pl\/en\/offer\/rolling-stock\/locomotives\/oslona-przeciwsloneczna-srodkowa-z-uchwytem-dl-o-25-002-06-2\/\" \/>\n<meta property=\"og:locale\" content=\"en_US\" \/>\n<meta property=\"og:type\" content=\"article\" \/>\n<meta property=\"og:title\" content=\"Visor with a mounting bracket DL-O 25 002-06 - Darpol Bydgoszcz\" \/>\n<meta property=\"og:description\" content=\"Visor with a mounting bracket DL-O 25 002-06\" \/>\n<meta property=\"og:url\" content=\"https:\/\/darpol.bydgoszcz.pl\/en\/offer\/rolling-stock\/locomotives\/oslona-przeciwsloneczna-srodkowa-z-uchwytem-dl-o-25-002-06-2\/\" \/>\n<meta property=\"og:site_name\" content=\"Darpol Bydgoszcz\" \/>\n<meta property=\"og:image\" content=\"https:\/\/darpol.bydgoszcz.pl\/wp-content\/uploads\/977-1388-oslona-przeciwsloneczna-srodkowa-z-uchwytem-dl-o-25-002-06.jpg\" \/>\n\t<meta property=\"og:image:width\" content=\"768\" \/>\n\t<meta property=\"og:image:height\" content=\"434\" \/>\n\t<meta property=\"og:image:type\" content=\"image\/jpeg\" \/>\n<meta name=\"twitter:card\" content=\"summary_large_image\" \/>\n<script type=\"application\/ld+json\" class=\"yoast-schema-graph\">{\"@context\":\"https:\/\/schema.org\",\"@graph\":[{\"@type\":\"WebPage\",\"@id\":\"https:\/\/darpol.bydgoszcz.pl\/en\/offer\/rolling-stock\/locomotives\/oslona-przeciwsloneczna-srodkowa-z-uchwytem-dl-o-25-002-06-2\/\",\"url\":\"https:\/\/darpol.bydgoszcz.pl\/en\/offer\/rolling-stock\/locomotives\/oslona-przeciwsloneczna-srodkowa-z-uchwytem-dl-o-25-002-06-2\/\",\"name\":\"Visor with a mounting bracket DL-O 25 002-06 - Darpol Bydgoszcz\",\"isPartOf\":{\"@id\":\"https:\/\/darpol.bydgoszcz.pl\/#website\"},\"primaryImageOfPage\":{\"@id\":\"https:\/\/darpol.bydgoszcz.pl\/en\/offer\/rolling-stock\/locomotives\/oslona-przeciwsloneczna-srodkowa-z-uchwytem-dl-o-25-002-06-2\/#primaryimage\"},\"image\":{\"@id\":\"https:\/\/darpol.bydgoszcz.pl\/en\/offer\/rolling-stock\/locomotives\/oslona-przeciwsloneczna-srodkowa-z-uchwytem-dl-o-25-002-06-2\/#primaryimage\"},\"thumbnailUrl\":\"https:\/\/darpol.bydgoszcz.pl\/wp-content\/uploads\/977-1388-oslona-przeciwsloneczna-srodkowa-z-uchwytem-dl-o-25-002-06.jpg\",\"datePublished\":\"2015-12-21T15:24:49+00:00\",\"dateModified\":\"2015-12-21T15:24:49+00:00\",\"description\":\"Visor with a mounting bracket DL-O 25 002-06\",\"breadcrumb\":{\"@id\":\"https:\/\/darpol.bydgoszcz.pl\/en\/offer\/rolling-stock\/locomotives\/oslona-przeciwsloneczna-srodkowa-z-uchwytem-dl-o-25-002-06-2\/#breadcrumb\"},\"inLanguage\":\"en-US\",\"potentialAction\":[{\"@type\":\"ReadAction\",\"target\":[\"https:\/\/darpol.bydgoszcz.pl\/en\/offer\/rolling-stock\/locomotives\/oslona-przeciwsloneczna-srodkowa-z-uchwytem-dl-o-25-002-06-2\/\"]}]},{\"@type\":\"ImageObject\",\"inLanguage\":\"en-US\",\"@id\":\"https:\/\/darpol.bydgoszcz.pl\/en\/offer\/rolling-stock\/locomotives\/oslona-przeciwsloneczna-srodkowa-z-uchwytem-dl-o-25-002-06-2\/#primaryimage\",\"url\":\"https:\/\/darpol.bydgoszcz.pl\/wp-content\/uploads\/977-1388-oslona-przeciwsloneczna-srodkowa-z-uchwytem-dl-o-25-002-06.jpg\",\"contentUrl\":\"https:\/\/darpol.bydgoszcz.pl\/wp-content\/uploads\/977-1388-oslona-przeciwsloneczna-srodkowa-z-uchwytem-dl-o-25-002-06.jpg\",\"width\":768,\"height\":434,\"caption\":\"Os\u0142ona przeciws\u0142oneczna \u015brodkowa z uchwytem DL-O 25 002-06\"},{\"@type\":\"BreadcrumbList\",\"@id\":\"https:\/\/darpol.bydgoszcz.pl\/en\/offer\/rolling-stock\/locomotives\/oslona-przeciwsloneczna-srodkowa-z-uchwytem-dl-o-25-002-06-2\/#breadcrumb\",\"itemListElement\":[{\"@type\":\"ListItem\",\"position\":1,\"name\":\"Strona g\u0142\u00f3wna\",\"item\":\"https:\/\/darpol.bydgoszcz.pl\/en\/\"},{\"@type\":\"ListItem\",\"position\":2,\"name\":\"Oferta\",\"item\":\"https:\/\/darpol.bydgoszcz.pl\/oferta\/\"},{\"@type\":\"ListItem\",\"position\":3,\"name\":\"Visor with a mounting bracket DL-O 25 002-06\"}]},{\"@type\":\"WebSite\",\"@id\":\"https:\/\/darpol.bydgoszcz.pl\/#website\",\"url\":\"https:\/\/darpol.bydgoszcz.pl\/\",\"name\":\"Darpol Bydgoszcz\",\"description\":\"\",\"potentialAction\":[{\"@type\":\"SearchAction\",\"target\":{\"@type\":\"EntryPoint\",\"urlTemplate\":\"https:\/\/darpol.bydgoszcz.pl\/?s={search_term_string}\"},\"query-input\":\"required name=search_term_string\"}],\"inLanguage\":\"en-US\"}]}<\/script>\n<!-- \/ Yoast SEO plugin. -->","yoast_head_json":{"title":"Visor with a mounting bracket DL-O 25 002-06 - Darpol Bydgoszcz","description":"Visor with a mounting bracket DL-O 25 002-06","robots":{"index":"index","follow":"follow","max-snippet":"max-snippet:-1","max-image-preview":"max-image-preview:large","max-video-preview":"max-video-preview:-1"},"canonical":"https:\/\/darpol.bydgoszcz.pl\/en\/offer\/rolling-stock\/locomotives\/oslona-przeciwsloneczna-srodkowa-z-uchwytem-dl-o-25-002-06-2\/","og_locale":"en_US","og_type":"article","og_title":"Visor with a mounting bracket DL-O 25 002-06 - Darpol Bydgoszcz","og_description":"Visor with a mounting bracket DL-O 25 002-06","og_url":"https:\/\/darpol.bydgoszcz.pl\/en\/offer\/rolling-stock\/locomotives\/oslona-przeciwsloneczna-srodkowa-z-uchwytem-dl-o-25-002-06-2\/","og_site_name":"Darpol Bydgoszcz","og_image":[{"width":768,"height":434,"url":"https:\/\/darpol.bydgoszcz.pl\/wp-content\/uploads\/977-1388-oslona-przeciwsloneczna-srodkowa-z-uchwytem-dl-o-25-002-06.jpg","type":"image\/jpeg"}],"twitter_card":"summary_large_image","schema":{"@context":"https:\/\/schema.org","@graph":[{"@type":"WebPage","@id":"https:\/\/darpol.bydgoszcz.pl\/en\/offer\/rolling-stock\/locomotives\/oslona-przeciwsloneczna-srodkowa-z-uchwytem-dl-o-25-002-06-2\/","url":"https:\/\/darpol.bydgoszcz.pl\/en\/offer\/rolling-stock\/locomotives\/oslona-przeciwsloneczna-srodkowa-z-uchwytem-dl-o-25-002-06-2\/","name":"Visor with a mounting bracket DL-O 25 002-06 - Darpol Bydgoszcz","isPartOf":{"@id":"https:\/\/darpol.bydgoszcz.pl\/#website"},"primaryImageOfPage":{"@id":"https:\/\/darpol.bydgoszcz.pl\/en\/offer\/rolling-stock\/locomotives\/oslona-przeciwsloneczna-srodkowa-z-uchwytem-dl-o-25-002-06-2\/#primaryimage"},"image":{"@id":"https:\/\/darpol.bydgoszcz.pl\/en\/offer\/rolling-stock\/locomotives\/oslona-przeciwsloneczna-srodkowa-z-uchwytem-dl-o-25-002-06-2\/#primaryimage"},"thumbnailUrl":"https:\/\/darpol.bydgoszcz.pl\/wp-content\/uploads\/977-1388-oslona-przeciwsloneczna-srodkowa-z-uchwytem-dl-o-25-002-06.jpg","datePublished":"2015-12-21T15:24:49+00:00","dateModified":"2015-12-21T15:24:49+00:00","description":"Visor with a mounting bracket DL-O 25 002-06","breadcrumb":{"@id":"https:\/\/darpol.bydgoszcz.pl\/en\/offer\/rolling-stock\/locomotives\/oslona-przeciwsloneczna-srodkowa-z-uchwytem-dl-o-25-002-06-2\/#breadcrumb"},"inLanguage":"en-US","potentialAction":[{"@type":"ReadAction","target":["https:\/\/darpol.bydgoszcz.pl\/en\/offer\/rolling-stock\/locomotives\/oslona-przeciwsloneczna-srodkowa-z-uchwytem-dl-o-25-002-06-2\/"]}]},{"@type":"ImageObject","inLanguage":"en-US","@id":"https:\/\/darpol.bydgoszcz.pl\/en\/offer\/rolling-stock\/locomotives\/oslona-przeciwsloneczna-srodkowa-z-uchwytem-dl-o-25-002-06-2\/#primaryimage","url":"https:\/\/darpol.bydgoszcz.pl\/wp-content\/uploads\/977-1388-oslona-przeciwsloneczna-srodkowa-z-uchwytem-dl-o-25-002-06.jpg","contentUrl":"https:\/\/darpol.bydgoszcz.pl\/wp-content\/uploads\/977-1388-oslona-przeciwsloneczna-srodkowa-z-uchwytem-dl-o-25-002-06.jpg","width":768,"height":434,"caption":"Os\u0142ona przeciws\u0142oneczna \u015brodkowa z uchwytem DL-O 25 002-06"},{"@type":"BreadcrumbList","@id":"https:\/\/darpol.bydgoszcz.pl\/en\/offer\/rolling-stock\/locomotives\/oslona-przeciwsloneczna-srodkowa-z-uchwytem-dl-o-25-002-06-2\/#breadcrumb","itemListElement":[{"@type":"ListItem","position":1,"name":"Strona g\u0142\u00f3wna","item":"https:\/\/darpol.bydgoszcz.pl\/en\/"},{"@type":"ListItem","position":2,"name":"Oferta","item":"https:\/\/darpol.bydgoszcz.pl\/oferta\/"},{"@type":"ListItem","position":3,"name":"Visor with a mounting bracket DL-O 25 002-06"}]},{"@type":"WebSite","@id":"https:\/\/darpol.bydgoszcz.pl\/#website","url":"https:\/\/darpol.bydgoszcz.pl\/","name":"Darpol Bydgoszcz","description":"","potentialAction":[{"@type":"SearchAction","target":{"@type":"EntryPoint","urlTemplate":"https:\/\/darpol.bydgoszcz.pl\/?s={search_term_string}"},"query-input":"required name=search_term_string"}],"inLanguage":"en-US"}]}},"_links":{"self":[{"href":"https:\/\/darpol.bydgoszcz.pl\/en\/wp-json\/wp\/v2\/product\/17093","targetHints":{"allow":["GET"]}}],"collection":[{"href":"https:\/\/darpol.bydgoszcz.pl\/en\/wp-json\/wp\/v2\/product"}],"about":[{"href":"https:\/\/darpol.bydgoszcz.pl\/en\/wp-json\/wp\/v2\/types\/product"}],"wp:featuredmedia":[{"embeddable":true,"href":"https:\/\/darpol.bydgoszcz.pl\/en\/wp-json\/wp\/v2\/media\/17092"}],"wp:attachment":[{"href":"https:\/\/darpol.bydgoszcz.pl\/en\/wp-json\/wp\/v2\/media?parent=17093"}],"wp:term":[{"taxonomy":"product_cat","embeddable":true,"href":"https:\/\/darpol.bydgoszcz.pl\/en\/wp-json\/wp\/v2\/product_cat?post=17093"},{"taxonomy":"product_tag","embeddable":true,"href":"https:\/\/darpol.bydgoszcz.pl\/en\/wp-json\/wp\/v2\/product_tag?post=17093"}],"curies":[{"name":"wp","href":"https:\/\/api.w.org\/{rel}","templated":true}]}}