{"id":16650,"date":"2015-06-18T18:11:50","date_gmt":"2015-06-18T16:11:50","guid":{"rendered":"http:\/\/darpol.bydgoszcz.pl\/sklep\/emu-dmu\/cewka-podwojna-przekaznika-przetwornicy-oswietlenia-dl-05-005-00-2\/"},"modified":"2015-06-18T18:11:50","modified_gmt":"2015-06-18T16:11:50","slug":"cewka-podwojna-przekaznika-przetwornicy-oswietlenia-dl-05-005-00-2","status":"publish","type":"product","link":"https:\/\/darpol.bydgoszcz.pl\/en\/offer\/rolling-stock\/electric-and-electronic\/cewka-podwojna-przekaznika-przetwornicy-oswietlenia-dl-05-005-00-2\/","title":{"rendered":"Duplex coil for light converter relay DL-05-005-00"},"content":{"rendered":"<div style=\"clear:both\"><a href=\"javascript:window.print()\"><i class=\"fa fa-print\" aria-hidden=\"true\"><\/i> Print this page<\/a><\/div>","protected":false},"excerpt":{"rendered":"<p>Print this page<\/p>\n","protected":false},"featured_media":16649,"template":"","meta":{"om_disable_all_campaigns":false,"_monsterinsights_skip_tracking":false,"_monsterinsights_sitenote_active":false,"_monsterinsights_sitenote_note":"","_monsterinsights_sitenote_category":0,"_uf_show_specific_survey":0,"_uf_disable_surveys":false},"product_cat":[303,333],"product_tag":[500,392,7268,2383,525,2385,7270,2380,7262,7264,2381,1042,5306,2382,7266],"class_list":{"0":"post-16650","1":"product","2":"type-product","3":"status-publish","4":"has-post-thumbnail","6":"product_cat-electric-and-electronic","7":"product_cat-emu-dmu","8":"product_tag-cewka","9":"product_tag-darpol","10":"product_tag-dl-05-005-00-en","11":"product_tag-dl-05-005-00","12":"product_tag-ezt","13":"product_tag-oswietlenia-psl-277-coil-dl-05-004-00","14":"product_tag-oswietlenia-psl-277-coil-dl-05-004-00-en","15":"product_tag-podwojna","16":"product_tag-podwojna-en","17":"product_tag-przekaznika-en","18":"product_tag-przekaznika","19":"product_tag-przetwornica","20":"product_tag-przetwornica-en","21":"product_tag-zanikowo-napieciowego","22":"product_tag-zanikowo-napieciowego-en","24":"first","25":"instock","26":"shipping-taxable","27":"purchasable","28":"product-type-simple"},"yoast_head":"<!-- This site is optimized with the Yoast SEO plugin v23.0 - https:\/\/yoast.com\/wordpress\/plugins\/seo\/ -->\n<title>Duplex coil for light converter relay DL-05-005-00 - Darpol Bydgoszcz<\/title>\n<meta name=\"robots\" content=\"index, follow, max-snippet:-1, max-image-preview:large, max-video-preview:-1\" \/>\n<link rel=\"canonical\" href=\"https:\/\/darpol.bydgoszcz.pl\/en\/offer\/rolling-stock\/electric-and-electronic\/cewka-podwojna-przekaznika-przetwornicy-oswietlenia-dl-05-005-00-2\/\" \/>\n<meta property=\"og:locale\" content=\"en_US\" \/>\n<meta property=\"og:type\" content=\"article\" \/>\n<meta property=\"og:title\" content=\"Duplex coil for light converter relay DL-05-005-00 - Darpol Bydgoszcz\" \/>\n<meta property=\"og:description\" content=\"Print this page\" \/>\n<meta property=\"og:url\" content=\"https:\/\/darpol.bydgoszcz.pl\/en\/offer\/rolling-stock\/electric-and-electronic\/cewka-podwojna-przekaznika-przetwornicy-oswietlenia-dl-05-005-00-2\/\" \/>\n<meta property=\"og:site_name\" content=\"Darpol Bydgoszcz\" \/>\n<meta property=\"og:image\" content=\"https:\/\/darpol.bydgoszcz.pl\/wp-content\/uploads\/935-1336-cewka-podwojna-przekaznika-przetwornicy-oswietlenia-dl-05-005-00.jpg\" \/>\n\t<meta property=\"og:image:width\" content=\"567\" \/>\n\t<meta property=\"og:image:height\" content=\"534\" \/>\n\t<meta property=\"og:image:type\" content=\"image\/jpeg\" \/>\n<meta name=\"twitter:card\" content=\"summary_large_image\" \/>\n<script type=\"application\/ld+json\" class=\"yoast-schema-graph\">{\"@context\":\"https:\/\/schema.org\",\"@graph\":[{\"@type\":\"WebPage\",\"@id\":\"https:\/\/darpol.bydgoszcz.pl\/en\/offer\/rolling-stock\/electric-and-electronic\/cewka-podwojna-przekaznika-przetwornicy-oswietlenia-dl-05-005-00-2\/\",\"url\":\"https:\/\/darpol.bydgoszcz.pl\/en\/offer\/rolling-stock\/electric-and-electronic\/cewka-podwojna-przekaznika-przetwornicy-oswietlenia-dl-05-005-00-2\/\",\"name\":\"Duplex coil for light converter relay DL-05-005-00 - Darpol Bydgoszcz\",\"isPartOf\":{\"@id\":\"https:\/\/darpol.bydgoszcz.pl\/#website\"},\"primaryImageOfPage\":{\"@id\":\"https:\/\/darpol.bydgoszcz.pl\/en\/offer\/rolling-stock\/electric-and-electronic\/cewka-podwojna-przekaznika-przetwornicy-oswietlenia-dl-05-005-00-2\/#primaryimage\"},\"image\":{\"@id\":\"https:\/\/darpol.bydgoszcz.pl\/en\/offer\/rolling-stock\/electric-and-electronic\/cewka-podwojna-przekaznika-przetwornicy-oswietlenia-dl-05-005-00-2\/#primaryimage\"},\"thumbnailUrl\":\"https:\/\/darpol.bydgoszcz.pl\/wp-content\/uploads\/935-1336-cewka-podwojna-przekaznika-przetwornicy-oswietlenia-dl-05-005-00.jpg\",\"datePublished\":\"2015-06-18T16:11:50+00:00\",\"dateModified\":\"2015-06-18T16:11:50+00:00\",\"breadcrumb\":{\"@id\":\"https:\/\/darpol.bydgoszcz.pl\/en\/offer\/rolling-stock\/electric-and-electronic\/cewka-podwojna-przekaznika-przetwornicy-oswietlenia-dl-05-005-00-2\/#breadcrumb\"},\"inLanguage\":\"en-US\",\"potentialAction\":[{\"@type\":\"ReadAction\",\"target\":[\"https:\/\/darpol.bydgoszcz.pl\/en\/offer\/rolling-stock\/electric-and-electronic\/cewka-podwojna-przekaznika-przetwornicy-oswietlenia-dl-05-005-00-2\/\"]}]},{\"@type\":\"ImageObject\",\"inLanguage\":\"en-US\",\"@id\":\"https:\/\/darpol.bydgoszcz.pl\/en\/offer\/rolling-stock\/electric-and-electronic\/cewka-podwojna-przekaznika-przetwornicy-oswietlenia-dl-05-005-00-2\/#primaryimage\",\"url\":\"https:\/\/darpol.bydgoszcz.pl\/wp-content\/uploads\/935-1336-cewka-podwojna-przekaznika-przetwornicy-oswietlenia-dl-05-005-00.jpg\",\"contentUrl\":\"https:\/\/darpol.bydgoszcz.pl\/wp-content\/uploads\/935-1336-cewka-podwojna-przekaznika-przetwornicy-oswietlenia-dl-05-005-00.jpg\",\"width\":567,\"height\":534,\"caption\":\"Cewka podw\u00f3jna przeka\u017anika przetwornicy o\u015bwietlenia DL-05-005-00\"},{\"@type\":\"BreadcrumbList\",\"@id\":\"https:\/\/darpol.bydgoszcz.pl\/en\/offer\/rolling-stock\/electric-and-electronic\/cewka-podwojna-przekaznika-przetwornicy-oswietlenia-dl-05-005-00-2\/#breadcrumb\",\"itemListElement\":[{\"@type\":\"ListItem\",\"position\":1,\"name\":\"Strona g\u0142\u00f3wna\",\"item\":\"https:\/\/darpol.bydgoszcz.pl\/en\/\"},{\"@type\":\"ListItem\",\"position\":2,\"name\":\"Oferta\",\"item\":\"https:\/\/darpol.bydgoszcz.pl\/oferta\/\"},{\"@type\":\"ListItem\",\"position\":3,\"name\":\"Duplex coil for light converter relay DL-05-005-00\"}]},{\"@type\":\"WebSite\",\"@id\":\"https:\/\/darpol.bydgoszcz.pl\/#website\",\"url\":\"https:\/\/darpol.bydgoszcz.pl\/\",\"name\":\"Darpol Bydgoszcz\",\"description\":\"\",\"potentialAction\":[{\"@type\":\"SearchAction\",\"target\":{\"@type\":\"EntryPoint\",\"urlTemplate\":\"https:\/\/darpol.bydgoszcz.pl\/?s={search_term_string}\"},\"query-input\":\"required name=search_term_string\"}],\"inLanguage\":\"en-US\"}]}<\/script>\n<!-- \/ Yoast SEO plugin. -->","yoast_head_json":{"title":"Duplex coil for light converter relay DL-05-005-00 - Darpol Bydgoszcz","robots":{"index":"index","follow":"follow","max-snippet":"max-snippet:-1","max-image-preview":"max-image-preview:large","max-video-preview":"max-video-preview:-1"},"canonical":"https:\/\/darpol.bydgoszcz.pl\/en\/offer\/rolling-stock\/electric-and-electronic\/cewka-podwojna-przekaznika-przetwornicy-oswietlenia-dl-05-005-00-2\/","og_locale":"en_US","og_type":"article","og_title":"Duplex coil for light converter relay DL-05-005-00 - Darpol Bydgoszcz","og_description":"Print this page","og_url":"https:\/\/darpol.bydgoszcz.pl\/en\/offer\/rolling-stock\/electric-and-electronic\/cewka-podwojna-przekaznika-przetwornicy-oswietlenia-dl-05-005-00-2\/","og_site_name":"Darpol Bydgoszcz","og_image":[{"width":567,"height":534,"url":"https:\/\/darpol.bydgoszcz.pl\/wp-content\/uploads\/935-1336-cewka-podwojna-przekaznika-przetwornicy-oswietlenia-dl-05-005-00.jpg","type":"image\/jpeg"}],"twitter_card":"summary_large_image","schema":{"@context":"https:\/\/schema.org","@graph":[{"@type":"WebPage","@id":"https:\/\/darpol.bydgoszcz.pl\/en\/offer\/rolling-stock\/electric-and-electronic\/cewka-podwojna-przekaznika-przetwornicy-oswietlenia-dl-05-005-00-2\/","url":"https:\/\/darpol.bydgoszcz.pl\/en\/offer\/rolling-stock\/electric-and-electronic\/cewka-podwojna-przekaznika-przetwornicy-oswietlenia-dl-05-005-00-2\/","name":"Duplex coil for light converter relay DL-05-005-00 - Darpol Bydgoszcz","isPartOf":{"@id":"https:\/\/darpol.bydgoszcz.pl\/#website"},"primaryImageOfPage":{"@id":"https:\/\/darpol.bydgoszcz.pl\/en\/offer\/rolling-stock\/electric-and-electronic\/cewka-podwojna-przekaznika-przetwornicy-oswietlenia-dl-05-005-00-2\/#primaryimage"},"image":{"@id":"https:\/\/darpol.bydgoszcz.pl\/en\/offer\/rolling-stock\/electric-and-electronic\/cewka-podwojna-przekaznika-przetwornicy-oswietlenia-dl-05-005-00-2\/#primaryimage"},"thumbnailUrl":"https:\/\/darpol.bydgoszcz.pl\/wp-content\/uploads\/935-1336-cewka-podwojna-przekaznika-przetwornicy-oswietlenia-dl-05-005-00.jpg","datePublished":"2015-06-18T16:11:50+00:00","dateModified":"2015-06-18T16:11:50+00:00","breadcrumb":{"@id":"https:\/\/darpol.bydgoszcz.pl\/en\/offer\/rolling-stock\/electric-and-electronic\/cewka-podwojna-przekaznika-przetwornicy-oswietlenia-dl-05-005-00-2\/#breadcrumb"},"inLanguage":"en-US","potentialAction":[{"@type":"ReadAction","target":["https:\/\/darpol.bydgoszcz.pl\/en\/offer\/rolling-stock\/electric-and-electronic\/cewka-podwojna-przekaznika-przetwornicy-oswietlenia-dl-05-005-00-2\/"]}]},{"@type":"ImageObject","inLanguage":"en-US","@id":"https:\/\/darpol.bydgoszcz.pl\/en\/offer\/rolling-stock\/electric-and-electronic\/cewka-podwojna-przekaznika-przetwornicy-oswietlenia-dl-05-005-00-2\/#primaryimage","url":"https:\/\/darpol.bydgoszcz.pl\/wp-content\/uploads\/935-1336-cewka-podwojna-przekaznika-przetwornicy-oswietlenia-dl-05-005-00.jpg","contentUrl":"https:\/\/darpol.bydgoszcz.pl\/wp-content\/uploads\/935-1336-cewka-podwojna-przekaznika-przetwornicy-oswietlenia-dl-05-005-00.jpg","width":567,"height":534,"caption":"Cewka podw\u00f3jna przeka\u017anika przetwornicy o\u015bwietlenia DL-05-005-00"},{"@type":"BreadcrumbList","@id":"https:\/\/darpol.bydgoszcz.pl\/en\/offer\/rolling-stock\/electric-and-electronic\/cewka-podwojna-przekaznika-przetwornicy-oswietlenia-dl-05-005-00-2\/#breadcrumb","itemListElement":[{"@type":"ListItem","position":1,"name":"Strona g\u0142\u00f3wna","item":"https:\/\/darpol.bydgoszcz.pl\/en\/"},{"@type":"ListItem","position":2,"name":"Oferta","item":"https:\/\/darpol.bydgoszcz.pl\/oferta\/"},{"@type":"ListItem","position":3,"name":"Duplex coil for light converter relay DL-05-005-00"}]},{"@type":"WebSite","@id":"https:\/\/darpol.bydgoszcz.pl\/#website","url":"https:\/\/darpol.bydgoszcz.pl\/","name":"Darpol Bydgoszcz","description":"","potentialAction":[{"@type":"SearchAction","target":{"@type":"EntryPoint","urlTemplate":"https:\/\/darpol.bydgoszcz.pl\/?s={search_term_string}"},"query-input":"required name=search_term_string"}],"inLanguage":"en-US"}]}},"_links":{"self":[{"href":"https:\/\/darpol.bydgoszcz.pl\/en\/wp-json\/wp\/v2\/product\/16650","targetHints":{"allow":["GET"]}}],"collection":[{"href":"https:\/\/darpol.bydgoszcz.pl\/en\/wp-json\/wp\/v2\/product"}],"about":[{"href":"https:\/\/darpol.bydgoszcz.pl\/en\/wp-json\/wp\/v2\/types\/product"}],"wp:featuredmedia":[{"embeddable":true,"href":"https:\/\/darpol.bydgoszcz.pl\/en\/wp-json\/wp\/v2\/media\/16649"}],"wp:attachment":[{"href":"https:\/\/darpol.bydgoszcz.pl\/en\/wp-json\/wp\/v2\/media?parent=16650"}],"wp:term":[{"taxonomy":"product_cat","embeddable":true,"href":"https:\/\/darpol.bydgoszcz.pl\/en\/wp-json\/wp\/v2\/product_cat?post=16650"},{"taxonomy":"product_tag","embeddable":true,"href":"https:\/\/darpol.bydgoszcz.pl\/en\/wp-json\/wp\/v2\/product_tag?post=16650"}],"curies":[{"name":"wp","href":"https:\/\/api.w.org\/{rel}","templated":true}]}}