{"id":15509,"date":"2014-02-04T11:17:59","date_gmt":"2014-02-04T10:17:59","guid":{"rendered":"http:\/\/darpol.bydgoszcz.pl\/sklep\/other-components\/lubrication-applicator-to-grease-the-wheels-type-ii-dl-o-12-022-05\/"},"modified":"2014-02-04T11:17:59","modified_gmt":"2014-02-04T10:17:59","slug":"lubrication-applicator-to-grease-the-wheels-type-ii-dl-o-12-022-05","status":"publish","type":"product","link":"https:\/\/darpol.bydgoszcz.pl\/en\/offer\/rolling-stock\/other-spares\/lubrication-applicator-to-grease-the-wheels-type-ii-dl-o-12-022-05\/","title":{"rendered":"Lubrication applicator (to grease the wheels) type II DL-O 12 022-05"},"content":{"rendered":"<p><span style=\"font-family: verdana,geneva;\"><span style=\"color: #333333;\"><span style=\"font-size: 8pt;\">Lubrication applicator type II (cat. no. DL-O 12 022-05)<\/span><\/span><\/span><\/p>\n<p><span style=\"font-family: verdana,geneva;\"><span style=\"color: #333333;\"><span style=\"font-size: 8pt;\">It&#8217;s function is to grease the wheels in rail buses.<\/span><\/span><\/span><\/p>\n<div style=\"clear:both\"><a href=\"javascript:window.print()\"><i class=\"fa fa-print\" aria-hidden=\"true\"><\/i> Print this page<\/a><\/div>","protected":false},"excerpt":{"rendered":"<p>Lubrication applicator type II (cat. no. DL-O 12 022-05) It&#8217;s function is to grease the wheels in rail buses. Print this page<\/p>\n","protected":false},"featured_media":15508,"template":"","meta":{"om_disable_all_campaigns":false,"_monsterinsights_skip_tracking":false,"_monsterinsights_sitenote_active":false,"_monsterinsights_sitenote_note":"","_monsterinsights_sitenote_category":0,"_uf_show_specific_survey":0,"_uf_disable_surveys":false},"product_cat":[321],"product_tag":[6039,1481,628,1107,392,2208,7077,7073,2206,7075,2207,7071,2205,7069,2204,543,1089,1909,6629],"class_list":{"0":"post-15509","1":"product","2":"type-product","3":"status-publish","4":"has-post-thumbnail","6":"product_cat-other-spares","7":"product_tag-aplikator-en","8":"product_tag-aplikator","9":"product_tag-autobus-szynowy","10":"product_tag-autobusy","11":"product_tag-darpol","12":"product_tag-dl-o-12-022-05","13":"product_tag-dl-o-12-022-05-en","14":"product_tag-kol-en","15":"product_tag-kol","16":"product_tag-obrzeza-en","17":"product_tag-obrzeza","18":"product_tag-obrzezy-en","19":"product_tag-obrzezy","20":"product_tag-smarowania-en","21":"product_tag-smarowania","22":"product_tag-szynobus","23":"product_tag-szynobusy","24":"product_tag-szynowe","25":"product_tag-szynowe-en","27":"first","28":"instock","29":"shipping-taxable","30":"purchasable","31":"product-type-simple"},"yoast_head":"<!-- This site is optimized with the Yoast SEO plugin v23.0 - https:\/\/yoast.com\/wordpress\/plugins\/seo\/ -->\n<title>Lubrication applicator (to grease the wheels) type II DL-O 12 022-05 - Darpol Bydgoszcz<\/title>\n<meta name=\"description\" content=\"Lubrication applicator (to grease the wheels) type II DL-O 12 022-05\" \/>\n<meta name=\"robots\" content=\"index, follow, max-snippet:-1, max-image-preview:large, max-video-preview:-1\" \/>\n<link rel=\"canonical\" href=\"https:\/\/darpol.bydgoszcz.pl\/en\/offer\/rolling-stock\/other-spares\/lubrication-applicator-to-grease-the-wheels-type-ii-dl-o-12-022-05\/\" \/>\n<meta property=\"og:locale\" content=\"en_US\" \/>\n<meta property=\"og:type\" content=\"article\" \/>\n<meta property=\"og:title\" content=\"Lubrication applicator (to grease the wheels) type II DL-O 12 022-05 - Darpol Bydgoszcz\" \/>\n<meta property=\"og:description\" content=\"Lubrication applicator (to grease the wheels) type II DL-O 12 022-05\" \/>\n<meta property=\"og:url\" content=\"https:\/\/darpol.bydgoszcz.pl\/en\/offer\/rolling-stock\/other-spares\/lubrication-applicator-to-grease-the-wheels-type-ii-dl-o-12-022-05\/\" \/>\n<meta property=\"og:site_name\" content=\"Darpol Bydgoszcz\" \/>\n<meta property=\"og:image\" content=\"https:\/\/darpol.bydgoszcz.pl\/wp-content\/uploads\/852-1187-aplikator-smarowniczek-smarowania-nrzezy-kol-dl-o-12-022-05.jpg\" \/>\n\t<meta property=\"og:image:width\" content=\"448\" \/>\n\t<meta property=\"og:image:height\" content=\"335\" \/>\n\t<meta property=\"og:image:type\" content=\"image\/jpeg\" \/>\n<meta name=\"twitter:card\" content=\"summary_large_image\" \/>\n<script type=\"application\/ld+json\" class=\"yoast-schema-graph\">{\"@context\":\"https:\/\/schema.org\",\"@graph\":[{\"@type\":\"WebPage\",\"@id\":\"https:\/\/darpol.bydgoszcz.pl\/en\/offer\/rolling-stock\/other-spares\/lubrication-applicator-to-grease-the-wheels-type-ii-dl-o-12-022-05\/\",\"url\":\"https:\/\/darpol.bydgoszcz.pl\/en\/offer\/rolling-stock\/other-spares\/lubrication-applicator-to-grease-the-wheels-type-ii-dl-o-12-022-05\/\",\"name\":\"Lubrication applicator (to grease the wheels) type II DL-O 12 022-05 - Darpol Bydgoszcz\",\"isPartOf\":{\"@id\":\"https:\/\/darpol.bydgoszcz.pl\/#website\"},\"primaryImageOfPage\":{\"@id\":\"https:\/\/darpol.bydgoszcz.pl\/en\/offer\/rolling-stock\/other-spares\/lubrication-applicator-to-grease-the-wheels-type-ii-dl-o-12-022-05\/#primaryimage\"},\"image\":{\"@id\":\"https:\/\/darpol.bydgoszcz.pl\/en\/offer\/rolling-stock\/other-spares\/lubrication-applicator-to-grease-the-wheels-type-ii-dl-o-12-022-05\/#primaryimage\"},\"thumbnailUrl\":\"https:\/\/darpol.bydgoszcz.pl\/wp-content\/uploads\/852-1187-aplikator-smarowniczek-smarowania-nrzezy-kol-dl-o-12-022-05.jpg\",\"datePublished\":\"2014-02-04T10:17:59+00:00\",\"dateModified\":\"2014-02-04T10:17:59+00:00\",\"description\":\"Lubrication applicator (to grease the wheels) type II DL-O 12 022-05\",\"breadcrumb\":{\"@id\":\"https:\/\/darpol.bydgoszcz.pl\/en\/offer\/rolling-stock\/other-spares\/lubrication-applicator-to-grease-the-wheels-type-ii-dl-o-12-022-05\/#breadcrumb\"},\"inLanguage\":\"en-US\",\"potentialAction\":[{\"@type\":\"ReadAction\",\"target\":[\"https:\/\/darpol.bydgoszcz.pl\/en\/offer\/rolling-stock\/other-spares\/lubrication-applicator-to-grease-the-wheels-type-ii-dl-o-12-022-05\/\"]}]},{\"@type\":\"ImageObject\",\"inLanguage\":\"en-US\",\"@id\":\"https:\/\/darpol.bydgoszcz.pl\/en\/offer\/rolling-stock\/other-spares\/lubrication-applicator-to-grease-the-wheels-type-ii-dl-o-12-022-05\/#primaryimage\",\"url\":\"https:\/\/darpol.bydgoszcz.pl\/wp-content\/uploads\/852-1187-aplikator-smarowniczek-smarowania-nrzezy-kol-dl-o-12-022-05.jpg\",\"contentUrl\":\"https:\/\/darpol.bydgoszcz.pl\/wp-content\/uploads\/852-1187-aplikator-smarowniczek-smarowania-nrzezy-kol-dl-o-12-022-05.jpg\",\"width\":448,\"height\":335,\"caption\":\"Aplikator smarowniczek (smarowania nrze\u017cy k\u00f3\u0142) DL-O 12 022-05\"},{\"@type\":\"BreadcrumbList\",\"@id\":\"https:\/\/darpol.bydgoszcz.pl\/en\/offer\/rolling-stock\/other-spares\/lubrication-applicator-to-grease-the-wheels-type-ii-dl-o-12-022-05\/#breadcrumb\",\"itemListElement\":[{\"@type\":\"ListItem\",\"position\":1,\"name\":\"Strona g\u0142\u00f3wna\",\"item\":\"https:\/\/darpol.bydgoszcz.pl\/en\/\"},{\"@type\":\"ListItem\",\"position\":2,\"name\":\"Oferta\",\"item\":\"https:\/\/darpol.bydgoszcz.pl\/oferta\/\"},{\"@type\":\"ListItem\",\"position\":3,\"name\":\"Lubrication applicator (to grease the wheels) type II DL-O 12 022-05\"}]},{\"@type\":\"WebSite\",\"@id\":\"https:\/\/darpol.bydgoszcz.pl\/#website\",\"url\":\"https:\/\/darpol.bydgoszcz.pl\/\",\"name\":\"Darpol Bydgoszcz\",\"description\":\"\",\"potentialAction\":[{\"@type\":\"SearchAction\",\"target\":{\"@type\":\"EntryPoint\",\"urlTemplate\":\"https:\/\/darpol.bydgoszcz.pl\/?s={search_term_string}\"},\"query-input\":\"required name=search_term_string\"}],\"inLanguage\":\"en-US\"}]}<\/script>\n<!-- \/ Yoast SEO plugin. -->","yoast_head_json":{"title":"Lubrication applicator (to grease the wheels) type II DL-O 12 022-05 - Darpol Bydgoszcz","description":"Lubrication applicator (to grease the wheels) type II DL-O 12 022-05","robots":{"index":"index","follow":"follow","max-snippet":"max-snippet:-1","max-image-preview":"max-image-preview:large","max-video-preview":"max-video-preview:-1"},"canonical":"https:\/\/darpol.bydgoszcz.pl\/en\/offer\/rolling-stock\/other-spares\/lubrication-applicator-to-grease-the-wheels-type-ii-dl-o-12-022-05\/","og_locale":"en_US","og_type":"article","og_title":"Lubrication applicator (to grease the wheels) type II DL-O 12 022-05 - Darpol Bydgoszcz","og_description":"Lubrication applicator (to grease the wheels) type II DL-O 12 022-05","og_url":"https:\/\/darpol.bydgoszcz.pl\/en\/offer\/rolling-stock\/other-spares\/lubrication-applicator-to-grease-the-wheels-type-ii-dl-o-12-022-05\/","og_site_name":"Darpol Bydgoszcz","og_image":[{"width":448,"height":335,"url":"https:\/\/darpol.bydgoszcz.pl\/wp-content\/uploads\/852-1187-aplikator-smarowniczek-smarowania-nrzezy-kol-dl-o-12-022-05.jpg","type":"image\/jpeg"}],"twitter_card":"summary_large_image","schema":{"@context":"https:\/\/schema.org","@graph":[{"@type":"WebPage","@id":"https:\/\/darpol.bydgoszcz.pl\/en\/offer\/rolling-stock\/other-spares\/lubrication-applicator-to-grease-the-wheels-type-ii-dl-o-12-022-05\/","url":"https:\/\/darpol.bydgoszcz.pl\/en\/offer\/rolling-stock\/other-spares\/lubrication-applicator-to-grease-the-wheels-type-ii-dl-o-12-022-05\/","name":"Lubrication applicator (to grease the wheels) type II DL-O 12 022-05 - Darpol Bydgoszcz","isPartOf":{"@id":"https:\/\/darpol.bydgoszcz.pl\/#website"},"primaryImageOfPage":{"@id":"https:\/\/darpol.bydgoszcz.pl\/en\/offer\/rolling-stock\/other-spares\/lubrication-applicator-to-grease-the-wheels-type-ii-dl-o-12-022-05\/#primaryimage"},"image":{"@id":"https:\/\/darpol.bydgoszcz.pl\/en\/offer\/rolling-stock\/other-spares\/lubrication-applicator-to-grease-the-wheels-type-ii-dl-o-12-022-05\/#primaryimage"},"thumbnailUrl":"https:\/\/darpol.bydgoszcz.pl\/wp-content\/uploads\/852-1187-aplikator-smarowniczek-smarowania-nrzezy-kol-dl-o-12-022-05.jpg","datePublished":"2014-02-04T10:17:59+00:00","dateModified":"2014-02-04T10:17:59+00:00","description":"Lubrication applicator (to grease the wheels) type II DL-O 12 022-05","breadcrumb":{"@id":"https:\/\/darpol.bydgoszcz.pl\/en\/offer\/rolling-stock\/other-spares\/lubrication-applicator-to-grease-the-wheels-type-ii-dl-o-12-022-05\/#breadcrumb"},"inLanguage":"en-US","potentialAction":[{"@type":"ReadAction","target":["https:\/\/darpol.bydgoszcz.pl\/en\/offer\/rolling-stock\/other-spares\/lubrication-applicator-to-grease-the-wheels-type-ii-dl-o-12-022-05\/"]}]},{"@type":"ImageObject","inLanguage":"en-US","@id":"https:\/\/darpol.bydgoszcz.pl\/en\/offer\/rolling-stock\/other-spares\/lubrication-applicator-to-grease-the-wheels-type-ii-dl-o-12-022-05\/#primaryimage","url":"https:\/\/darpol.bydgoszcz.pl\/wp-content\/uploads\/852-1187-aplikator-smarowniczek-smarowania-nrzezy-kol-dl-o-12-022-05.jpg","contentUrl":"https:\/\/darpol.bydgoszcz.pl\/wp-content\/uploads\/852-1187-aplikator-smarowniczek-smarowania-nrzezy-kol-dl-o-12-022-05.jpg","width":448,"height":335,"caption":"Aplikator smarowniczek (smarowania nrze\u017cy k\u00f3\u0142) DL-O 12 022-05"},{"@type":"BreadcrumbList","@id":"https:\/\/darpol.bydgoszcz.pl\/en\/offer\/rolling-stock\/other-spares\/lubrication-applicator-to-grease-the-wheels-type-ii-dl-o-12-022-05\/#breadcrumb","itemListElement":[{"@type":"ListItem","position":1,"name":"Strona g\u0142\u00f3wna","item":"https:\/\/darpol.bydgoszcz.pl\/en\/"},{"@type":"ListItem","position":2,"name":"Oferta","item":"https:\/\/darpol.bydgoszcz.pl\/oferta\/"},{"@type":"ListItem","position":3,"name":"Lubrication applicator (to grease the wheels) type II DL-O 12 022-05"}]},{"@type":"WebSite","@id":"https:\/\/darpol.bydgoszcz.pl\/#website","url":"https:\/\/darpol.bydgoszcz.pl\/","name":"Darpol Bydgoszcz","description":"","potentialAction":[{"@type":"SearchAction","target":{"@type":"EntryPoint","urlTemplate":"https:\/\/darpol.bydgoszcz.pl\/?s={search_term_string}"},"query-input":"required name=search_term_string"}],"inLanguage":"en-US"}]}},"_links":{"self":[{"href":"https:\/\/darpol.bydgoszcz.pl\/en\/wp-json\/wp\/v2\/product\/15509","targetHints":{"allow":["GET"]}}],"collection":[{"href":"https:\/\/darpol.bydgoszcz.pl\/en\/wp-json\/wp\/v2\/product"}],"about":[{"href":"https:\/\/darpol.bydgoszcz.pl\/en\/wp-json\/wp\/v2\/types\/product"}],"wp:featuredmedia":[{"embeddable":true,"href":"https:\/\/darpol.bydgoszcz.pl\/en\/wp-json\/wp\/v2\/media\/15508"}],"wp:attachment":[{"href":"https:\/\/darpol.bydgoszcz.pl\/en\/wp-json\/wp\/v2\/media?parent=15509"}],"wp:term":[{"taxonomy":"product_cat","embeddable":true,"href":"https:\/\/darpol.bydgoszcz.pl\/en\/wp-json\/wp\/v2\/product_cat?post=15509"},{"taxonomy":"product_tag","embeddable":true,"href":"https:\/\/darpol.bydgoszcz.pl\/en\/wp-json\/wp\/v2\/product_tag?post=15509"}],"curies":[{"name":"wp","href":"https:\/\/api.w.org\/{rel}","templated":true}]}}