{"id":14649,"date":"2013-06-13T11:30:10","date_gmt":"2013-06-13T09:30:10","guid":{"rendered":"http:\/\/darpol.bydgoszcz.pl\/sklep\/freight-cisterns-others\/pins-nuts-disks-bolts-and-screws-various-types\/"},"modified":"2013-06-13T11:30:10","modified_gmt":"2013-06-13T09:30:10","slug":"pins-nuts-disks-bolts-and-screws-various-types","status":"publish","type":"product","link":"https:\/\/darpol.bydgoszcz.pl\/en\/offer\/rolling-stock\/freight-cisterns-others\/pins-nuts-disks-bolts-and-screws-various-types\/","title":{"rendered":"Pins, nuts, disks, bolts and screws &#8211; various types"},"content":{"rendered":"<p><span style=\"color: #333333;\">We offer a wide range of various special screws, sleeves, nuts, bolts, disks and other metal parts. <br \/><\/span><\/p>\n<div style=\"clear:both\"><a href=\"javascript:window.print()\"><i class=\"fa fa-print\" aria-hidden=\"true\"><\/i> Print this page<\/a><\/div>","protected":false},"excerpt":{"rendered":"<p>We offer a wide range of various special screws, sleeves, nuts, bolts, disks and other metal parts. Print this page<\/p>\n","protected":false},"featured_media":14646,"template":"","meta":{"om_disable_all_campaigns":false,"_monsterinsights_skip_tracking":false,"_monsterinsights_sitenote_active":false,"_monsterinsights_sitenote_note":"","_monsterinsights_sitenote_category":0,"_uf_show_specific_survey":0,"_uf_disable_surveys":false},"product_cat":[351],"product_tag":[2026,2025,2021,2024,2023,2022,796,2019,2027,2020],"class_list":{"0":"post-14649","1":"product","2":"type-product","3":"status-publish","4":"has-post-thumbnail","6":"product_cat-freight-cisterns-others","7":"product_tag-cierne","8":"product_tag-grzybki","9":"product_tag-nakretki","10":"product_tag-obrobka","11":"product_tag-produkcja","12":"product_tag-rozne","13":"product_tag-sruby","14":"product_tag-sworznie","15":"product_tag-tarcze","16":"product_tag-tuleje","18":"first","19":"instock","20":"shipping-taxable","21":"purchasable","22":"product-type-simple"},"yoast_head":"<!-- This site is optimized with the Yoast SEO plugin v23.0 - https:\/\/yoast.com\/wordpress\/plugins\/seo\/ -->\n<title>Pins, nuts, disks, bolts and screws - various types - Darpol Bydgoszcz<\/title>\n<meta name=\"description\" content=\"Pins, nuts, disks, bolts and screws - various types\" \/>\n<meta name=\"robots\" content=\"index, follow, max-snippet:-1, max-image-preview:large, max-video-preview:-1\" \/>\n<link rel=\"canonical\" href=\"https:\/\/darpol.bydgoszcz.pl\/en\/offer\/rolling-stock\/freight-cisterns-others\/pins-nuts-disks-bolts-and-screws-various-types\/\" \/>\n<meta property=\"og:locale\" content=\"en_US\" \/>\n<meta property=\"og:type\" content=\"article\" \/>\n<meta property=\"og:title\" content=\"Pins, nuts, disks, bolts and screws - various types - Darpol Bydgoszcz\" \/>\n<meta property=\"og:description\" content=\"Pins, nuts, disks, bolts and screws - various types\" \/>\n<meta property=\"og:url\" content=\"https:\/\/darpol.bydgoszcz.pl\/en\/offer\/rolling-stock\/freight-cisterns-others\/pins-nuts-disks-bolts-and-screws-various-types\/\" \/>\n<meta property=\"og:site_name\" content=\"Darpol Bydgoszcz\" \/>\n<meta property=\"og:image\" content=\"https:\/\/darpol.bydgoszcz.pl\/wp-content\/uploads\/784-1094-tuleje-sruby-specjalne-tarcze-rozne-rodzaje.jpg\" \/>\n\t<meta property=\"og:image:width\" content=\"322\" \/>\n\t<meta property=\"og:image:height\" content=\"149\" \/>\n\t<meta property=\"og:image:type\" content=\"image\/jpeg\" \/>\n<meta name=\"twitter:card\" content=\"summary_large_image\" \/>\n<script type=\"application\/ld+json\" class=\"yoast-schema-graph\">{\"@context\":\"https:\/\/schema.org\",\"@graph\":[{\"@type\":\"WebPage\",\"@id\":\"https:\/\/darpol.bydgoszcz.pl\/en\/offer\/rolling-stock\/freight-cisterns-others\/pins-nuts-disks-bolts-and-screws-various-types\/\",\"url\":\"https:\/\/darpol.bydgoszcz.pl\/en\/offer\/rolling-stock\/freight-cisterns-others\/pins-nuts-disks-bolts-and-screws-various-types\/\",\"name\":\"Pins, nuts, disks, bolts and screws - various types - Darpol Bydgoszcz\",\"isPartOf\":{\"@id\":\"https:\/\/darpol.bydgoszcz.pl\/#website\"},\"primaryImageOfPage\":{\"@id\":\"https:\/\/darpol.bydgoszcz.pl\/en\/offer\/rolling-stock\/freight-cisterns-others\/pins-nuts-disks-bolts-and-screws-various-types\/#primaryimage\"},\"image\":{\"@id\":\"https:\/\/darpol.bydgoszcz.pl\/en\/offer\/rolling-stock\/freight-cisterns-others\/pins-nuts-disks-bolts-and-screws-various-types\/#primaryimage\"},\"thumbnailUrl\":\"https:\/\/darpol.bydgoszcz.pl\/wp-content\/uploads\/784-1094-tuleje-sruby-specjalne-tarcze-rozne-rodzaje.jpg\",\"datePublished\":\"2013-06-13T09:30:10+00:00\",\"dateModified\":\"2013-06-13T09:30:10+00:00\",\"description\":\"Pins, nuts, disks, bolts and screws - various types\",\"breadcrumb\":{\"@id\":\"https:\/\/darpol.bydgoszcz.pl\/en\/offer\/rolling-stock\/freight-cisterns-others\/pins-nuts-disks-bolts-and-screws-various-types\/#breadcrumb\"},\"inLanguage\":\"en-US\",\"potentialAction\":[{\"@type\":\"ReadAction\",\"target\":[\"https:\/\/darpol.bydgoszcz.pl\/en\/offer\/rolling-stock\/freight-cisterns-others\/pins-nuts-disks-bolts-and-screws-various-types\/\"]}]},{\"@type\":\"ImageObject\",\"inLanguage\":\"en-US\",\"@id\":\"https:\/\/darpol.bydgoszcz.pl\/en\/offer\/rolling-stock\/freight-cisterns-others\/pins-nuts-disks-bolts-and-screws-various-types\/#primaryimage\",\"url\":\"https:\/\/darpol.bydgoszcz.pl\/wp-content\/uploads\/784-1094-tuleje-sruby-specjalne-tarcze-rozne-rodzaje.jpg\",\"contentUrl\":\"https:\/\/darpol.bydgoszcz.pl\/wp-content\/uploads\/784-1094-tuleje-sruby-specjalne-tarcze-rozne-rodzaje.jpg\",\"width\":322,\"height\":149,\"caption\":\"Tuleje, \u015bruby specjalne, tarcze - r\u00f3\u017cne rodzaje\"},{\"@type\":\"BreadcrumbList\",\"@id\":\"https:\/\/darpol.bydgoszcz.pl\/en\/offer\/rolling-stock\/freight-cisterns-others\/pins-nuts-disks-bolts-and-screws-various-types\/#breadcrumb\",\"itemListElement\":[{\"@type\":\"ListItem\",\"position\":1,\"name\":\"Strona g\u0142\u00f3wna\",\"item\":\"https:\/\/darpol.bydgoszcz.pl\/en\/\"},{\"@type\":\"ListItem\",\"position\":2,\"name\":\"Oferta\",\"item\":\"https:\/\/darpol.bydgoszcz.pl\/oferta\/\"},{\"@type\":\"ListItem\",\"position\":3,\"name\":\"Pins, nuts, disks, bolts and screws &#8211; various types\"}]},{\"@type\":\"WebSite\",\"@id\":\"https:\/\/darpol.bydgoszcz.pl\/#website\",\"url\":\"https:\/\/darpol.bydgoszcz.pl\/\",\"name\":\"Darpol Bydgoszcz\",\"description\":\"\",\"potentialAction\":[{\"@type\":\"SearchAction\",\"target\":{\"@type\":\"EntryPoint\",\"urlTemplate\":\"https:\/\/darpol.bydgoszcz.pl\/?s={search_term_string}\"},\"query-input\":\"required name=search_term_string\"}],\"inLanguage\":\"en-US\"}]}<\/script>\n<!-- \/ Yoast SEO plugin. -->","yoast_head_json":{"title":"Pins, nuts, disks, bolts and screws - various types - Darpol Bydgoszcz","description":"Pins, nuts, disks, bolts and screws - various types","robots":{"index":"index","follow":"follow","max-snippet":"max-snippet:-1","max-image-preview":"max-image-preview:large","max-video-preview":"max-video-preview:-1"},"canonical":"https:\/\/darpol.bydgoszcz.pl\/en\/offer\/rolling-stock\/freight-cisterns-others\/pins-nuts-disks-bolts-and-screws-various-types\/","og_locale":"en_US","og_type":"article","og_title":"Pins, nuts, disks, bolts and screws - various types - Darpol Bydgoszcz","og_description":"Pins, nuts, disks, bolts and screws - various types","og_url":"https:\/\/darpol.bydgoszcz.pl\/en\/offer\/rolling-stock\/freight-cisterns-others\/pins-nuts-disks-bolts-and-screws-various-types\/","og_site_name":"Darpol Bydgoszcz","og_image":[{"width":322,"height":149,"url":"https:\/\/darpol.bydgoszcz.pl\/wp-content\/uploads\/784-1094-tuleje-sruby-specjalne-tarcze-rozne-rodzaje.jpg","type":"image\/jpeg"}],"twitter_card":"summary_large_image","schema":{"@context":"https:\/\/schema.org","@graph":[{"@type":"WebPage","@id":"https:\/\/darpol.bydgoszcz.pl\/en\/offer\/rolling-stock\/freight-cisterns-others\/pins-nuts-disks-bolts-and-screws-various-types\/","url":"https:\/\/darpol.bydgoszcz.pl\/en\/offer\/rolling-stock\/freight-cisterns-others\/pins-nuts-disks-bolts-and-screws-various-types\/","name":"Pins, nuts, disks, bolts and screws - various types - Darpol Bydgoszcz","isPartOf":{"@id":"https:\/\/darpol.bydgoszcz.pl\/#website"},"primaryImageOfPage":{"@id":"https:\/\/darpol.bydgoszcz.pl\/en\/offer\/rolling-stock\/freight-cisterns-others\/pins-nuts-disks-bolts-and-screws-various-types\/#primaryimage"},"image":{"@id":"https:\/\/darpol.bydgoszcz.pl\/en\/offer\/rolling-stock\/freight-cisterns-others\/pins-nuts-disks-bolts-and-screws-various-types\/#primaryimage"},"thumbnailUrl":"https:\/\/darpol.bydgoszcz.pl\/wp-content\/uploads\/784-1094-tuleje-sruby-specjalne-tarcze-rozne-rodzaje.jpg","datePublished":"2013-06-13T09:30:10+00:00","dateModified":"2013-06-13T09:30:10+00:00","description":"Pins, nuts, disks, bolts and screws - various types","breadcrumb":{"@id":"https:\/\/darpol.bydgoszcz.pl\/en\/offer\/rolling-stock\/freight-cisterns-others\/pins-nuts-disks-bolts-and-screws-various-types\/#breadcrumb"},"inLanguage":"en-US","potentialAction":[{"@type":"ReadAction","target":["https:\/\/darpol.bydgoszcz.pl\/en\/offer\/rolling-stock\/freight-cisterns-others\/pins-nuts-disks-bolts-and-screws-various-types\/"]}]},{"@type":"ImageObject","inLanguage":"en-US","@id":"https:\/\/darpol.bydgoszcz.pl\/en\/offer\/rolling-stock\/freight-cisterns-others\/pins-nuts-disks-bolts-and-screws-various-types\/#primaryimage","url":"https:\/\/darpol.bydgoszcz.pl\/wp-content\/uploads\/784-1094-tuleje-sruby-specjalne-tarcze-rozne-rodzaje.jpg","contentUrl":"https:\/\/darpol.bydgoszcz.pl\/wp-content\/uploads\/784-1094-tuleje-sruby-specjalne-tarcze-rozne-rodzaje.jpg","width":322,"height":149,"caption":"Tuleje, \u015bruby specjalne, tarcze - r\u00f3\u017cne rodzaje"},{"@type":"BreadcrumbList","@id":"https:\/\/darpol.bydgoszcz.pl\/en\/offer\/rolling-stock\/freight-cisterns-others\/pins-nuts-disks-bolts-and-screws-various-types\/#breadcrumb","itemListElement":[{"@type":"ListItem","position":1,"name":"Strona g\u0142\u00f3wna","item":"https:\/\/darpol.bydgoszcz.pl\/en\/"},{"@type":"ListItem","position":2,"name":"Oferta","item":"https:\/\/darpol.bydgoszcz.pl\/oferta\/"},{"@type":"ListItem","position":3,"name":"Pins, nuts, disks, bolts and screws &#8211; various types"}]},{"@type":"WebSite","@id":"https:\/\/darpol.bydgoszcz.pl\/#website","url":"https:\/\/darpol.bydgoszcz.pl\/","name":"Darpol Bydgoszcz","description":"","potentialAction":[{"@type":"SearchAction","target":{"@type":"EntryPoint","urlTemplate":"https:\/\/darpol.bydgoszcz.pl\/?s={search_term_string}"},"query-input":"required name=search_term_string"}],"inLanguage":"en-US"}]}},"_links":{"self":[{"href":"https:\/\/darpol.bydgoszcz.pl\/en\/wp-json\/wp\/v2\/product\/14649","targetHints":{"allow":["GET"]}}],"collection":[{"href":"https:\/\/darpol.bydgoszcz.pl\/en\/wp-json\/wp\/v2\/product"}],"about":[{"href":"https:\/\/darpol.bydgoszcz.pl\/en\/wp-json\/wp\/v2\/types\/product"}],"wp:featuredmedia":[{"embeddable":true,"href":"https:\/\/darpol.bydgoszcz.pl\/en\/wp-json\/wp\/v2\/media\/14646"}],"wp:attachment":[{"href":"https:\/\/darpol.bydgoszcz.pl\/en\/wp-json\/wp\/v2\/media?parent=14649"}],"wp:term":[{"taxonomy":"product_cat","embeddable":true,"href":"https:\/\/darpol.bydgoszcz.pl\/en\/wp-json\/wp\/v2\/product_cat?post=14649"},{"taxonomy":"product_tag","embeddable":true,"href":"https:\/\/darpol.bydgoszcz.pl\/en\/wp-json\/wp\/v2\/product_tag?post=14649"}],"curies":[{"name":"wp","href":"https:\/\/api.w.org\/{rel}","templated":true}]}}