{"id":14097,"date":"2013-04-04T16:35:17","date_gmt":"2013-04-04T14:35:17","guid":{"rendered":"http:\/\/darpol.bydgoszcz.pl\/sklep\/locomotives\/olona-przeciwsloneczna-et22-dl-o-25-002-02-2\/"},"modified":"2013-04-04T16:35:17","modified_gmt":"2013-04-04T14:35:17","slug":"olona-przeciwsloneczna-et22-dl-o-25-002-02-2","status":"publish","type":"product","link":"https:\/\/darpol.bydgoszcz.pl\/en\/offer\/rolling-stock\/locomotives\/olona-przeciwsloneczna-et22-dl-o-25-002-02-2\/","title":{"rendered":"Visor for ET22 electric locomotive  DL-O 25 002-02"},"content":{"rendered":"<div style=\"clear:both\"><a href=\"javascript:window.print()\"><i class=\"fa fa-print\" aria-hidden=\"true\"><\/i> Print this page<\/a><\/div>","protected":false},"excerpt":{"rendered":"<p>Print this page<\/p>\n","protected":false},"featured_media":14096,"template":"","meta":{"om_disable_all_campaigns":false,"_monsterinsights_skip_tracking":false,"_monsterinsights_sitenote_active":false,"_monsterinsights_sitenote_note":"","_monsterinsights_sitenote_category":0,"_uf_show_specific_survey":0,"_uf_disable_surveys":false},"product_cat":[327],"product_tag":[1936,6665,6129,1528,6657,1932,1783,6558,1782,6556,786,2717,911,5074,3534,879,1276,3166,1930,6653,1935,6663,1931,6655,1933,6659],"class_list":{"0":"post-14097","1":"product","2":"type-product","3":"status-publish","4":"has-post-thumbnail","6":"product_cat-locomotives","7":"product_tag-dl-025002-02","8":"product_tag-dl-025002-02-en","9":"product_tag-duza-en","10":"product_tag-duza","11":"product_tag-elektryczna-en","12":"product_tag-elektryczna","13":"product_tag-et-22","14":"product_tag-et-22-en","15":"product_tag-et22","16":"product_tag-et22-en","17":"product_tag-lokomotywa","18":"product_tag-lokomotywa-en","19":"product_tag-maszynista","20":"product_tag-maszynista-en","21":"product_tag-okno-en","22":"product_tag-okno","23":"product_tag-oslona","24":"product_tag-oslona-en","25":"product_tag-przeciwsloneczna","26":"product_tag-przeciwsloneczna-en","27":"product_tag-szyba","28":"product_tag-szyba-en","29":"product_tag-slonce","30":"product_tag-slonce-en","31":"product_tag-wieksza","32":"product_tag-wieksza-en","34":"first","35":"instock","36":"shipping-taxable","37":"purchasable","38":"product-type-simple"},"yoast_head":"<!-- This site is optimized with the Yoast SEO plugin v23.0 - https:\/\/yoast.com\/wordpress\/plugins\/seo\/ -->\n<title>Visor for ET22 electric locomotive DL-O 25 002-02 - Darpol Bydgoszcz<\/title>\n<meta name=\"robots\" content=\"index, follow, max-snippet:-1, max-image-preview:large, max-video-preview:-1\" \/>\n<link rel=\"canonical\" href=\"https:\/\/darpol.bydgoszcz.pl\/en\/offer\/rolling-stock\/locomotives\/olona-przeciwsloneczna-et22-dl-o-25-002-02-2\/\" \/>\n<meta property=\"og:locale\" content=\"en_US\" \/>\n<meta property=\"og:type\" content=\"article\" \/>\n<meta property=\"og:title\" content=\"Visor for ET22 electric locomotive DL-O 25 002-02 - Darpol Bydgoszcz\" \/>\n<meta property=\"og:description\" content=\"Print this page\" \/>\n<meta property=\"og:url\" content=\"https:\/\/darpol.bydgoszcz.pl\/en\/offer\/rolling-stock\/locomotives\/olona-przeciwsloneczna-et22-dl-o-25-002-02-2\/\" \/>\n<meta property=\"og:site_name\" content=\"Darpol Bydgoszcz\" \/>\n<meta property=\"og:image\" content=\"https:\/\/darpol.bydgoszcz.pl\/wp-content\/uploads\/741-1014-olona-przeciwsloneczna-duza-do-et22-dl-o-25-002-02.jpg\" \/>\n\t<meta property=\"og:image:width\" content=\"448\" \/>\n\t<meta property=\"og:image:height\" content=\"236\" \/>\n\t<meta property=\"og:image:type\" content=\"image\/jpeg\" \/>\n<meta name=\"twitter:card\" content=\"summary_large_image\" \/>\n<script type=\"application\/ld+json\" class=\"yoast-schema-graph\">{\"@context\":\"https:\/\/schema.org\",\"@graph\":[{\"@type\":\"WebPage\",\"@id\":\"https:\/\/darpol.bydgoszcz.pl\/en\/offer\/rolling-stock\/locomotives\/olona-przeciwsloneczna-et22-dl-o-25-002-02-2\/\",\"url\":\"https:\/\/darpol.bydgoszcz.pl\/en\/offer\/rolling-stock\/locomotives\/olona-przeciwsloneczna-et22-dl-o-25-002-02-2\/\",\"name\":\"Visor for ET22 electric locomotive DL-O 25 002-02 - Darpol Bydgoszcz\",\"isPartOf\":{\"@id\":\"https:\/\/darpol.bydgoszcz.pl\/#website\"},\"primaryImageOfPage\":{\"@id\":\"https:\/\/darpol.bydgoszcz.pl\/en\/offer\/rolling-stock\/locomotives\/olona-przeciwsloneczna-et22-dl-o-25-002-02-2\/#primaryimage\"},\"image\":{\"@id\":\"https:\/\/darpol.bydgoszcz.pl\/en\/offer\/rolling-stock\/locomotives\/olona-przeciwsloneczna-et22-dl-o-25-002-02-2\/#primaryimage\"},\"thumbnailUrl\":\"https:\/\/darpol.bydgoszcz.pl\/wp-content\/uploads\/741-1014-olona-przeciwsloneczna-duza-do-et22-dl-o-25-002-02.jpg\",\"datePublished\":\"2013-04-04T14:35:17+00:00\",\"dateModified\":\"2013-04-04T14:35:17+00:00\",\"breadcrumb\":{\"@id\":\"https:\/\/darpol.bydgoszcz.pl\/en\/offer\/rolling-stock\/locomotives\/olona-przeciwsloneczna-et22-dl-o-25-002-02-2\/#breadcrumb\"},\"inLanguage\":\"en-US\",\"potentialAction\":[{\"@type\":\"ReadAction\",\"target\":[\"https:\/\/darpol.bydgoszcz.pl\/en\/offer\/rolling-stock\/locomotives\/olona-przeciwsloneczna-et22-dl-o-25-002-02-2\/\"]}]},{\"@type\":\"ImageObject\",\"inLanguage\":\"en-US\",\"@id\":\"https:\/\/darpol.bydgoszcz.pl\/en\/offer\/rolling-stock\/locomotives\/olona-przeciwsloneczna-et22-dl-o-25-002-02-2\/#primaryimage\",\"url\":\"https:\/\/darpol.bydgoszcz.pl\/wp-content\/uploads\/741-1014-olona-przeciwsloneczna-duza-do-et22-dl-o-25-002-02.jpg\",\"contentUrl\":\"https:\/\/darpol.bydgoszcz.pl\/wp-content\/uploads\/741-1014-olona-przeciwsloneczna-duza-do-et22-dl-o-25-002-02.jpg\",\"width\":448,\"height\":236,\"caption\":\"O\u0142ona przeciws\u0142oneczna du\u017ca do ET22 DL-O 25 002-02\"},{\"@type\":\"BreadcrumbList\",\"@id\":\"https:\/\/darpol.bydgoszcz.pl\/en\/offer\/rolling-stock\/locomotives\/olona-przeciwsloneczna-et22-dl-o-25-002-02-2\/#breadcrumb\",\"itemListElement\":[{\"@type\":\"ListItem\",\"position\":1,\"name\":\"Strona g\u0142\u00f3wna\",\"item\":\"https:\/\/darpol.bydgoszcz.pl\/en\/\"},{\"@type\":\"ListItem\",\"position\":2,\"name\":\"Oferta\",\"item\":\"https:\/\/darpol.bydgoszcz.pl\/oferta\/\"},{\"@type\":\"ListItem\",\"position\":3,\"name\":\"Visor for ET22 electric locomotive DL-O 25 002-02\"}]},{\"@type\":\"WebSite\",\"@id\":\"https:\/\/darpol.bydgoszcz.pl\/#website\",\"url\":\"https:\/\/darpol.bydgoszcz.pl\/\",\"name\":\"Darpol Bydgoszcz\",\"description\":\"\",\"potentialAction\":[{\"@type\":\"SearchAction\",\"target\":{\"@type\":\"EntryPoint\",\"urlTemplate\":\"https:\/\/darpol.bydgoszcz.pl\/?s={search_term_string}\"},\"query-input\":\"required name=search_term_string\"}],\"inLanguage\":\"en-US\"}]}<\/script>\n<!-- \/ Yoast SEO plugin. -->","yoast_head_json":{"title":"Visor for ET22 electric locomotive DL-O 25 002-02 - Darpol Bydgoszcz","robots":{"index":"index","follow":"follow","max-snippet":"max-snippet:-1","max-image-preview":"max-image-preview:large","max-video-preview":"max-video-preview:-1"},"canonical":"https:\/\/darpol.bydgoszcz.pl\/en\/offer\/rolling-stock\/locomotives\/olona-przeciwsloneczna-et22-dl-o-25-002-02-2\/","og_locale":"en_US","og_type":"article","og_title":"Visor for ET22 electric locomotive DL-O 25 002-02 - Darpol Bydgoszcz","og_description":"Print this page","og_url":"https:\/\/darpol.bydgoszcz.pl\/en\/offer\/rolling-stock\/locomotives\/olona-przeciwsloneczna-et22-dl-o-25-002-02-2\/","og_site_name":"Darpol Bydgoszcz","og_image":[{"width":448,"height":236,"url":"https:\/\/darpol.bydgoszcz.pl\/wp-content\/uploads\/741-1014-olona-przeciwsloneczna-duza-do-et22-dl-o-25-002-02.jpg","type":"image\/jpeg"}],"twitter_card":"summary_large_image","schema":{"@context":"https:\/\/schema.org","@graph":[{"@type":"WebPage","@id":"https:\/\/darpol.bydgoszcz.pl\/en\/offer\/rolling-stock\/locomotives\/olona-przeciwsloneczna-et22-dl-o-25-002-02-2\/","url":"https:\/\/darpol.bydgoszcz.pl\/en\/offer\/rolling-stock\/locomotives\/olona-przeciwsloneczna-et22-dl-o-25-002-02-2\/","name":"Visor for ET22 electric locomotive DL-O 25 002-02 - Darpol Bydgoszcz","isPartOf":{"@id":"https:\/\/darpol.bydgoszcz.pl\/#website"},"primaryImageOfPage":{"@id":"https:\/\/darpol.bydgoszcz.pl\/en\/offer\/rolling-stock\/locomotives\/olona-przeciwsloneczna-et22-dl-o-25-002-02-2\/#primaryimage"},"image":{"@id":"https:\/\/darpol.bydgoszcz.pl\/en\/offer\/rolling-stock\/locomotives\/olona-przeciwsloneczna-et22-dl-o-25-002-02-2\/#primaryimage"},"thumbnailUrl":"https:\/\/darpol.bydgoszcz.pl\/wp-content\/uploads\/741-1014-olona-przeciwsloneczna-duza-do-et22-dl-o-25-002-02.jpg","datePublished":"2013-04-04T14:35:17+00:00","dateModified":"2013-04-04T14:35:17+00:00","breadcrumb":{"@id":"https:\/\/darpol.bydgoszcz.pl\/en\/offer\/rolling-stock\/locomotives\/olona-przeciwsloneczna-et22-dl-o-25-002-02-2\/#breadcrumb"},"inLanguage":"en-US","potentialAction":[{"@type":"ReadAction","target":["https:\/\/darpol.bydgoszcz.pl\/en\/offer\/rolling-stock\/locomotives\/olona-przeciwsloneczna-et22-dl-o-25-002-02-2\/"]}]},{"@type":"ImageObject","inLanguage":"en-US","@id":"https:\/\/darpol.bydgoszcz.pl\/en\/offer\/rolling-stock\/locomotives\/olona-przeciwsloneczna-et22-dl-o-25-002-02-2\/#primaryimage","url":"https:\/\/darpol.bydgoszcz.pl\/wp-content\/uploads\/741-1014-olona-przeciwsloneczna-duza-do-et22-dl-o-25-002-02.jpg","contentUrl":"https:\/\/darpol.bydgoszcz.pl\/wp-content\/uploads\/741-1014-olona-przeciwsloneczna-duza-do-et22-dl-o-25-002-02.jpg","width":448,"height":236,"caption":"O\u0142ona przeciws\u0142oneczna du\u017ca do ET22 DL-O 25 002-02"},{"@type":"BreadcrumbList","@id":"https:\/\/darpol.bydgoszcz.pl\/en\/offer\/rolling-stock\/locomotives\/olona-przeciwsloneczna-et22-dl-o-25-002-02-2\/#breadcrumb","itemListElement":[{"@type":"ListItem","position":1,"name":"Strona g\u0142\u00f3wna","item":"https:\/\/darpol.bydgoszcz.pl\/en\/"},{"@type":"ListItem","position":2,"name":"Oferta","item":"https:\/\/darpol.bydgoszcz.pl\/oferta\/"},{"@type":"ListItem","position":3,"name":"Visor for ET22 electric locomotive DL-O 25 002-02"}]},{"@type":"WebSite","@id":"https:\/\/darpol.bydgoszcz.pl\/#website","url":"https:\/\/darpol.bydgoszcz.pl\/","name":"Darpol Bydgoszcz","description":"","potentialAction":[{"@type":"SearchAction","target":{"@type":"EntryPoint","urlTemplate":"https:\/\/darpol.bydgoszcz.pl\/?s={search_term_string}"},"query-input":"required name=search_term_string"}],"inLanguage":"en-US"}]}},"_links":{"self":[{"href":"https:\/\/darpol.bydgoszcz.pl\/en\/wp-json\/wp\/v2\/product\/14097","targetHints":{"allow":["GET"]}}],"collection":[{"href":"https:\/\/darpol.bydgoszcz.pl\/en\/wp-json\/wp\/v2\/product"}],"about":[{"href":"https:\/\/darpol.bydgoszcz.pl\/en\/wp-json\/wp\/v2\/types\/product"}],"wp:featuredmedia":[{"embeddable":true,"href":"https:\/\/darpol.bydgoszcz.pl\/en\/wp-json\/wp\/v2\/media\/14096"}],"wp:attachment":[{"href":"https:\/\/darpol.bydgoszcz.pl\/en\/wp-json\/wp\/v2\/media?parent=14097"}],"wp:term":[{"taxonomy":"product_cat","embeddable":true,"href":"https:\/\/darpol.bydgoszcz.pl\/en\/wp-json\/wp\/v2\/product_cat?post=14097"},{"taxonomy":"product_tag","embeddable":true,"href":"https:\/\/darpol.bydgoszcz.pl\/en\/wp-json\/wp\/v2\/product_tag?post=14097"}],"curies":[{"name":"wp","href":"https:\/\/api.w.org\/{rel}","templated":true}]}}