{"id":13035,"date":"2013-03-12T14:27:30","date_gmt":"2013-03-12T13:27:30","guid":{"rendered":"http:\/\/darpol.bydgoszcz.pl\/sklep\/locomotives\/polaczenia-elastyczne-rozne-rodzaje-2\/"},"modified":"2013-03-12T14:27:30","modified_gmt":"2013-03-12T13:27:30","slug":"polaczenia-elastyczne-rozne-rodzaje-2","status":"publish","type":"product","link":"https:\/\/darpol.bydgoszcz.pl\/en\/offer\/rolling-stock\/locomotives\/polaczenia-elastyczne-rozne-rodzaje-2\/","title":{"rendered":"Flexible electrical connection cables"},"content":{"rendered":"<div style=\"clear:both\"><a href=\"javascript:window.print()\"><i class=\"fa fa-print\" aria-hidden=\"true\"><\/i> Print this page<\/a><\/div>","protected":false},"excerpt":{"rendered":"<p>Print this page<\/p>\n","protected":false},"featured_media":13034,"template":"","meta":{"om_disable_all_campaigns":false,"_monsterinsights_skip_tracking":false,"_monsterinsights_sitenote_active":false,"_monsterinsights_sitenote_note":"","_monsterinsights_sitenote_category":0,"_uf_show_specific_survey":0,"_uf_disable_surveys":false},"product_cat":[327],"product_tag":[392,525,2981,1051,1052,641,1055,5332,1057,5336,1058,5338,1059,5340,5334,1056,1053,1054,5330,1060,5342],"class_list":{"0":"post-13035","1":"product","2":"type-product","3":"status-publish","4":"has-post-thumbnail","6":"product_cat-locomotives","7":"product_tag-darpol","8":"product_tag-ezt","9":"product_tag-ezt-en","10":"product_tag-linka-uziemiajaca","11":"product_tag-linka-uziemiajaca-ezt","12":"product_tag-lokomotywy","13":"product_tag-miedziane","14":"product_tag-miedziane-en","15":"product_tag-pantograf","16":"product_tag-pantograf-en","17":"product_tag-pantografu","18":"product_tag-pantografu-en","19":"product_tag-pojedyncze","20":"product_tag-pojedyncze-en","21":"product_tag-potrojne-en","22":"product_tag-potrojne","23":"product_tag-polaczenia-elastyczne","24":"product_tag-polaczenie-elastyczne","25":"product_tag-polaczenie-elastyczne-en","26":"product_tag-uziom","27":"product_tag-uziom-en","29":"first","30":"instock","31":"shipping-taxable","32":"purchasable","33":"product-type-simple"},"yoast_head":"<!-- This site is optimized with the Yoast SEO plugin v23.0 - https:\/\/yoast.com\/wordpress\/plugins\/seo\/ -->\n<title>Flexible electrical connection cables - Darpol Bydgoszcz<\/title>\n<meta name=\"robots\" content=\"index, follow, max-snippet:-1, max-image-preview:large, max-video-preview:-1\" \/>\n<link rel=\"canonical\" href=\"https:\/\/darpol.bydgoszcz.pl\/en\/offer\/rolling-stock\/locomotives\/polaczenia-elastyczne-rozne-rodzaje-2\/\" \/>\n<meta property=\"og:locale\" content=\"en_US\" \/>\n<meta property=\"og:type\" content=\"article\" \/>\n<meta property=\"og:title\" content=\"Flexible electrical connection cables - Darpol Bydgoszcz\" \/>\n<meta property=\"og:description\" content=\"Print this page\" \/>\n<meta property=\"og:url\" content=\"https:\/\/darpol.bydgoszcz.pl\/en\/offer\/rolling-stock\/locomotives\/polaczenia-elastyczne-rozne-rodzaje-2\/\" \/>\n<meta property=\"og:site_name\" content=\"Darpol Bydgoszcz\" \/>\n<meta property=\"og:image\" content=\"https:\/\/darpol.bydgoszcz.pl\/wp-content\/uploads\/658-846-polaczenia-elektryczne-rozne-rodzaje.jpg\" \/>\n\t<meta property=\"og:image:width\" content=\"448\" \/>\n\t<meta property=\"og:image:height\" content=\"322\" \/>\n\t<meta property=\"og:image:type\" content=\"image\/jpeg\" \/>\n<meta name=\"twitter:card\" content=\"summary_large_image\" \/>\n<script type=\"application\/ld+json\" class=\"yoast-schema-graph\">{\"@context\":\"https:\/\/schema.org\",\"@graph\":[{\"@type\":\"WebPage\",\"@id\":\"https:\/\/darpol.bydgoszcz.pl\/en\/offer\/rolling-stock\/locomotives\/polaczenia-elastyczne-rozne-rodzaje-2\/\",\"url\":\"https:\/\/darpol.bydgoszcz.pl\/en\/offer\/rolling-stock\/locomotives\/polaczenia-elastyczne-rozne-rodzaje-2\/\",\"name\":\"Flexible electrical connection cables - Darpol Bydgoszcz\",\"isPartOf\":{\"@id\":\"https:\/\/darpol.bydgoszcz.pl\/#website\"},\"primaryImageOfPage\":{\"@id\":\"https:\/\/darpol.bydgoszcz.pl\/en\/offer\/rolling-stock\/locomotives\/polaczenia-elastyczne-rozne-rodzaje-2\/#primaryimage\"},\"image\":{\"@id\":\"https:\/\/darpol.bydgoszcz.pl\/en\/offer\/rolling-stock\/locomotives\/polaczenia-elastyczne-rozne-rodzaje-2\/#primaryimage\"},\"thumbnailUrl\":\"https:\/\/darpol.bydgoszcz.pl\/wp-content\/uploads\/658-846-polaczenia-elektryczne-rozne-rodzaje.jpg\",\"datePublished\":\"2013-03-12T13:27:30+00:00\",\"dateModified\":\"2013-03-12T13:27:30+00:00\",\"breadcrumb\":{\"@id\":\"https:\/\/darpol.bydgoszcz.pl\/en\/offer\/rolling-stock\/locomotives\/polaczenia-elastyczne-rozne-rodzaje-2\/#breadcrumb\"},\"inLanguage\":\"en-US\",\"potentialAction\":[{\"@type\":\"ReadAction\",\"target\":[\"https:\/\/darpol.bydgoszcz.pl\/en\/offer\/rolling-stock\/locomotives\/polaczenia-elastyczne-rozne-rodzaje-2\/\"]}]},{\"@type\":\"ImageObject\",\"inLanguage\":\"en-US\",\"@id\":\"https:\/\/darpol.bydgoszcz.pl\/en\/offer\/rolling-stock\/locomotives\/polaczenia-elastyczne-rozne-rodzaje-2\/#primaryimage\",\"url\":\"https:\/\/darpol.bydgoszcz.pl\/wp-content\/uploads\/658-846-polaczenia-elektryczne-rozne-rodzaje.jpg\",\"contentUrl\":\"https:\/\/darpol.bydgoszcz.pl\/wp-content\/uploads\/658-846-polaczenia-elektryczne-rozne-rodzaje.jpg\",\"width\":448,\"height\":322,\"caption\":\"Po\u0142\u0105czenia elektryczne - r\u00f3\u017cne rodzaje\"},{\"@type\":\"BreadcrumbList\",\"@id\":\"https:\/\/darpol.bydgoszcz.pl\/en\/offer\/rolling-stock\/locomotives\/polaczenia-elastyczne-rozne-rodzaje-2\/#breadcrumb\",\"itemListElement\":[{\"@type\":\"ListItem\",\"position\":1,\"name\":\"Strona g\u0142\u00f3wna\",\"item\":\"https:\/\/darpol.bydgoszcz.pl\/en\/\"},{\"@type\":\"ListItem\",\"position\":2,\"name\":\"Oferta\",\"item\":\"https:\/\/darpol.bydgoszcz.pl\/oferta\/\"},{\"@type\":\"ListItem\",\"position\":3,\"name\":\"Flexible electrical connection cables\"}]},{\"@type\":\"WebSite\",\"@id\":\"https:\/\/darpol.bydgoszcz.pl\/#website\",\"url\":\"https:\/\/darpol.bydgoszcz.pl\/\",\"name\":\"Darpol Bydgoszcz\",\"description\":\"\",\"potentialAction\":[{\"@type\":\"SearchAction\",\"target\":{\"@type\":\"EntryPoint\",\"urlTemplate\":\"https:\/\/darpol.bydgoszcz.pl\/?s={search_term_string}\"},\"query-input\":\"required name=search_term_string\"}],\"inLanguage\":\"en-US\"}]}<\/script>\n<!-- \/ Yoast SEO plugin. -->","yoast_head_json":{"title":"Flexible electrical connection cables - Darpol Bydgoszcz","robots":{"index":"index","follow":"follow","max-snippet":"max-snippet:-1","max-image-preview":"max-image-preview:large","max-video-preview":"max-video-preview:-1"},"canonical":"https:\/\/darpol.bydgoszcz.pl\/en\/offer\/rolling-stock\/locomotives\/polaczenia-elastyczne-rozne-rodzaje-2\/","og_locale":"en_US","og_type":"article","og_title":"Flexible electrical connection cables - Darpol Bydgoszcz","og_description":"Print this page","og_url":"https:\/\/darpol.bydgoszcz.pl\/en\/offer\/rolling-stock\/locomotives\/polaczenia-elastyczne-rozne-rodzaje-2\/","og_site_name":"Darpol Bydgoszcz","og_image":[{"width":448,"height":322,"url":"https:\/\/darpol.bydgoszcz.pl\/wp-content\/uploads\/658-846-polaczenia-elektryczne-rozne-rodzaje.jpg","type":"image\/jpeg"}],"twitter_card":"summary_large_image","schema":{"@context":"https:\/\/schema.org","@graph":[{"@type":"WebPage","@id":"https:\/\/darpol.bydgoszcz.pl\/en\/offer\/rolling-stock\/locomotives\/polaczenia-elastyczne-rozne-rodzaje-2\/","url":"https:\/\/darpol.bydgoszcz.pl\/en\/offer\/rolling-stock\/locomotives\/polaczenia-elastyczne-rozne-rodzaje-2\/","name":"Flexible electrical connection cables - Darpol Bydgoszcz","isPartOf":{"@id":"https:\/\/darpol.bydgoszcz.pl\/#website"},"primaryImageOfPage":{"@id":"https:\/\/darpol.bydgoszcz.pl\/en\/offer\/rolling-stock\/locomotives\/polaczenia-elastyczne-rozne-rodzaje-2\/#primaryimage"},"image":{"@id":"https:\/\/darpol.bydgoszcz.pl\/en\/offer\/rolling-stock\/locomotives\/polaczenia-elastyczne-rozne-rodzaje-2\/#primaryimage"},"thumbnailUrl":"https:\/\/darpol.bydgoszcz.pl\/wp-content\/uploads\/658-846-polaczenia-elektryczne-rozne-rodzaje.jpg","datePublished":"2013-03-12T13:27:30+00:00","dateModified":"2013-03-12T13:27:30+00:00","breadcrumb":{"@id":"https:\/\/darpol.bydgoszcz.pl\/en\/offer\/rolling-stock\/locomotives\/polaczenia-elastyczne-rozne-rodzaje-2\/#breadcrumb"},"inLanguage":"en-US","potentialAction":[{"@type":"ReadAction","target":["https:\/\/darpol.bydgoszcz.pl\/en\/offer\/rolling-stock\/locomotives\/polaczenia-elastyczne-rozne-rodzaje-2\/"]}]},{"@type":"ImageObject","inLanguage":"en-US","@id":"https:\/\/darpol.bydgoszcz.pl\/en\/offer\/rolling-stock\/locomotives\/polaczenia-elastyczne-rozne-rodzaje-2\/#primaryimage","url":"https:\/\/darpol.bydgoszcz.pl\/wp-content\/uploads\/658-846-polaczenia-elektryczne-rozne-rodzaje.jpg","contentUrl":"https:\/\/darpol.bydgoszcz.pl\/wp-content\/uploads\/658-846-polaczenia-elektryczne-rozne-rodzaje.jpg","width":448,"height":322,"caption":"Po\u0142\u0105czenia elektryczne - r\u00f3\u017cne rodzaje"},{"@type":"BreadcrumbList","@id":"https:\/\/darpol.bydgoszcz.pl\/en\/offer\/rolling-stock\/locomotives\/polaczenia-elastyczne-rozne-rodzaje-2\/#breadcrumb","itemListElement":[{"@type":"ListItem","position":1,"name":"Strona g\u0142\u00f3wna","item":"https:\/\/darpol.bydgoszcz.pl\/en\/"},{"@type":"ListItem","position":2,"name":"Oferta","item":"https:\/\/darpol.bydgoszcz.pl\/oferta\/"},{"@type":"ListItem","position":3,"name":"Flexible electrical connection cables"}]},{"@type":"WebSite","@id":"https:\/\/darpol.bydgoszcz.pl\/#website","url":"https:\/\/darpol.bydgoszcz.pl\/","name":"Darpol Bydgoszcz","description":"","potentialAction":[{"@type":"SearchAction","target":{"@type":"EntryPoint","urlTemplate":"https:\/\/darpol.bydgoszcz.pl\/?s={search_term_string}"},"query-input":"required name=search_term_string"}],"inLanguage":"en-US"}]}},"_links":{"self":[{"href":"https:\/\/darpol.bydgoszcz.pl\/en\/wp-json\/wp\/v2\/product\/13035","targetHints":{"allow":["GET"]}}],"collection":[{"href":"https:\/\/darpol.bydgoszcz.pl\/en\/wp-json\/wp\/v2\/product"}],"about":[{"href":"https:\/\/darpol.bydgoszcz.pl\/en\/wp-json\/wp\/v2\/types\/product"}],"wp:featuredmedia":[{"embeddable":true,"href":"https:\/\/darpol.bydgoszcz.pl\/en\/wp-json\/wp\/v2\/media\/13034"}],"wp:attachment":[{"href":"https:\/\/darpol.bydgoszcz.pl\/en\/wp-json\/wp\/v2\/media?parent=13035"}],"wp:term":[{"taxonomy":"product_cat","embeddable":true,"href":"https:\/\/darpol.bydgoszcz.pl\/en\/wp-json\/wp\/v2\/product_cat?post=13035"},{"taxonomy":"product_tag","embeddable":true,"href":"https:\/\/darpol.bydgoszcz.pl\/en\/wp-json\/wp\/v2\/product_tag?post=13035"}],"curies":[{"name":"wp","href":"https:\/\/api.w.org\/{rel}","templated":true}]}}