{"id":12723,"date":"2013-03-12T13:22:47","date_gmt":"2013-03-12T12:22:47","guid":{"rendered":"http:\/\/darpol.bydgoszcz.pl\/sklep\/locomotives\/tarcza-konca-pociagu-dl-o-12-009-02-lok-2\/"},"modified":"2026-04-10T13:37:29","modified_gmt":"2026-04-10T11:37:29","slug":"tarcza-konca-pociagu-dl-o-12-009-02-lok-2","status":"publish","type":"product","link":"https:\/\/darpol.bydgoszcz.pl\/en\/offer\/rolling-stock\/other-spares\/tarcza-konca-pociagu-dl-o-12-009-02-lok-2\/","title":{"rendered":"Tail sign board (white and red board)  DL-O 12 009-02"},"content":{"rendered":"<div id=\"idTab1\">\n<p>Signal PC5 is a white-red reflective board <span class=\"tlid-translation translation\"><span class=\"\" title=\"\">mounted for warning purposes at the end of the train.<\/span><\/span><\/p>\n<p>&nbsp;<\/p>\n<p><span class=\"tlid-translation translation\"><span title=\"\">Material: black galvanized steel, painted<\/span><\/span><\/p>\n<p><span title=\"\">Application: mu, dmu, locomotives, passenger coaches.<\/span><\/p>\n<p><span title=\"\">Meets the PN-K-89100 standard.<\/span><\/p>\n<p><strong>Total dimension: <\/strong><\/p>\n<p>height 366mm<\/p>\n<p>width: 250mm<\/p>\n<p>&nbsp;<\/p>\n<\/div>\n<div><\/div>\n<div style=\"clear:both\"><a href=\"javascript:window.print()\"><i class=\"fa fa-print\" aria-hidden=\"true\"><\/i> Print this page<\/a><\/div>","protected":false},"excerpt":{"rendered":"<p>Signal PC5 is a white-red reflective board mounted for warning purposes at the end of the train. &nbsp; Material: black galvanized steel, painted Application: mu, dmu, locomotives, passenger coaches. Meets the PN-K-89100 standard. Total dimension: height 366mm width: 250mm &nbsp; Print this page<\/p>\n","protected":false},"featured_media":53290,"template":"","meta":{"om_disable_all_campaigns":false,"_monsterinsights_skip_tracking":false,"_monsterinsights_sitenote_active":false,"_monsterinsights_sitenote_note":"","_monsterinsights_sitenote_category":0,"_uf_show_specific_survey":0,"_uf_disable_surveys":false},"product_cat":[321,327,333],"product_tag":[3921,3483,3488],"class_list":{"0":"post-12723","1":"product","2":"type-product","3":"status-publish","4":"has-post-thumbnail","6":"product_cat-other-spares","7":"product_cat-locomotives","8":"product_cat-emu-dmu","9":"product_tag-bialo-czerwona-en","10":"product_tag-darpol-en","11":"product_tag-tablica-en","13":"first","14":"instock","15":"shipping-taxable","16":"purchasable","17":"product-type-simple"},"yoast_head":"<!-- This site is optimized with the Yoast SEO plugin v23.0 - https:\/\/yoast.com\/wordpress\/plugins\/seo\/ -->\n<title>Tail sign board (white and red board) DL-O 12 009-02 - Darpol Bydgoszcz<\/title>\n<meta name=\"robots\" content=\"index, follow, max-snippet:-1, max-image-preview:large, max-video-preview:-1\" \/>\n<link rel=\"canonical\" href=\"https:\/\/darpol.bydgoszcz.pl\/en\/offer\/rolling-stock\/other-spares\/tarcza-konca-pociagu-dl-o-12-009-02-lok-2\/\" \/>\n<meta property=\"og:locale\" content=\"en_US\" \/>\n<meta property=\"og:type\" content=\"article\" \/>\n<meta property=\"og:title\" content=\"Tail sign board (white and red board) DL-O 12 009-02 - Darpol Bydgoszcz\" \/>\n<meta property=\"og:description\" content=\"Signal PC5 is a white-red reflective board mounted for warning purposes at the end of the train. &nbsp; Material: black galvanized steel, painted Application: mu, dmu, locomotives, passenger coaches. Meets the PN-K-89100 standard. Total dimension: height 366mm width: 250mm &nbsp; Print this page\" \/>\n<meta property=\"og:url\" content=\"https:\/\/darpol.bydgoszcz.pl\/en\/offer\/rolling-stock\/other-spares\/tarcza-konca-pociagu-dl-o-12-009-02-lok-2\/\" \/>\n<meta property=\"og:site_name\" content=\"Darpol Bydgoszcz\" \/>\n<meta property=\"article:modified_time\" content=\"2026-04-10T11:37:29+00:00\" \/>\n<meta property=\"og:image\" content=\"https:\/\/darpol.bydgoszcz.pl\/wp-content\/uploads\/tarcza-ko\u0144ca-poci\u0105gu-typ-B-2.png\" \/>\n\t<meta property=\"og:image:width\" content=\"537\" \/>\n\t<meta property=\"og:image:height\" content=\"606\" \/>\n\t<meta property=\"og:image:type\" content=\"image\/png\" \/>\n<meta name=\"twitter:card\" content=\"summary_large_image\" \/>\n<meta name=\"twitter:label1\" content=\"Est. reading time\" \/>\n\t<meta name=\"twitter:data1\" content=\"1 minute\" \/>\n<script type=\"application\/ld+json\" class=\"yoast-schema-graph\">{\"@context\":\"https:\/\/schema.org\",\"@graph\":[{\"@type\":\"WebPage\",\"@id\":\"https:\/\/darpol.bydgoszcz.pl\/en\/offer\/rolling-stock\/other-spares\/tarcza-konca-pociagu-dl-o-12-009-02-lok-2\/\",\"url\":\"https:\/\/darpol.bydgoszcz.pl\/en\/offer\/rolling-stock\/other-spares\/tarcza-konca-pociagu-dl-o-12-009-02-lok-2\/\",\"name\":\"Tail sign board (white and red board) DL-O 12 009-02 - Darpol Bydgoszcz\",\"isPartOf\":{\"@id\":\"https:\/\/darpol.bydgoszcz.pl\/#website\"},\"primaryImageOfPage\":{\"@id\":\"https:\/\/darpol.bydgoszcz.pl\/en\/offer\/rolling-stock\/other-spares\/tarcza-konca-pociagu-dl-o-12-009-02-lok-2\/#primaryimage\"},\"image\":{\"@id\":\"https:\/\/darpol.bydgoszcz.pl\/en\/offer\/rolling-stock\/other-spares\/tarcza-konca-pociagu-dl-o-12-009-02-lok-2\/#primaryimage\"},\"thumbnailUrl\":\"https:\/\/darpol.bydgoszcz.pl\/wp-content\/uploads\/tarcza-ko\u0144ca-poci\u0105gu-typ-B-2.png\",\"datePublished\":\"2013-03-12T12:22:47+00:00\",\"dateModified\":\"2026-04-10T11:37:29+00:00\",\"breadcrumb\":{\"@id\":\"https:\/\/darpol.bydgoszcz.pl\/en\/offer\/rolling-stock\/other-spares\/tarcza-konca-pociagu-dl-o-12-009-02-lok-2\/#breadcrumb\"},\"inLanguage\":\"en-US\",\"potentialAction\":[{\"@type\":\"ReadAction\",\"target\":[\"https:\/\/darpol.bydgoszcz.pl\/en\/offer\/rolling-stock\/other-spares\/tarcza-konca-pociagu-dl-o-12-009-02-lok-2\/\"]}]},{\"@type\":\"ImageObject\",\"inLanguage\":\"en-US\",\"@id\":\"https:\/\/darpol.bydgoszcz.pl\/en\/offer\/rolling-stock\/other-spares\/tarcza-konca-pociagu-dl-o-12-009-02-lok-2\/#primaryimage\",\"url\":\"https:\/\/darpol.bydgoszcz.pl\/wp-content\/uploads\/tarcza-ko\u0144ca-poci\u0105gu-typ-B-2.png\",\"contentUrl\":\"https:\/\/darpol.bydgoszcz.pl\/wp-content\/uploads\/tarcza-ko\u0144ca-poci\u0105gu-typ-B-2.png\",\"width\":537,\"height\":606,\"caption\":\"tarcza, tablica, znak ko\u0144ca poci\u0105gu, lokomotywy, ezt, wagonu, sygna\u0142 PC-5 (pc5)\"},{\"@type\":\"BreadcrumbList\",\"@id\":\"https:\/\/darpol.bydgoszcz.pl\/en\/offer\/rolling-stock\/other-spares\/tarcza-konca-pociagu-dl-o-12-009-02-lok-2\/#breadcrumb\",\"itemListElement\":[{\"@type\":\"ListItem\",\"position\":1,\"name\":\"Strona g\u0142\u00f3wna\",\"item\":\"https:\/\/darpol.bydgoszcz.pl\/en\/\"},{\"@type\":\"ListItem\",\"position\":2,\"name\":\"Oferta\",\"item\":\"https:\/\/darpol.bydgoszcz.pl\/oferta\/\"},{\"@type\":\"ListItem\",\"position\":3,\"name\":\"Tail sign board (white and red board) DL-O 12 009-02\"}]},{\"@type\":\"WebSite\",\"@id\":\"https:\/\/darpol.bydgoszcz.pl\/#website\",\"url\":\"https:\/\/darpol.bydgoszcz.pl\/\",\"name\":\"Darpol Bydgoszcz\",\"description\":\"\",\"potentialAction\":[{\"@type\":\"SearchAction\",\"target\":{\"@type\":\"EntryPoint\",\"urlTemplate\":\"https:\/\/darpol.bydgoszcz.pl\/?s={search_term_string}\"},\"query-input\":\"required name=search_term_string\"}],\"inLanguage\":\"en-US\"}]}<\/script>\n<!-- \/ Yoast SEO plugin. -->","yoast_head_json":{"title":"Tail sign board (white and red board) DL-O 12 009-02 - Darpol Bydgoszcz","robots":{"index":"index","follow":"follow","max-snippet":"max-snippet:-1","max-image-preview":"max-image-preview:large","max-video-preview":"max-video-preview:-1"},"canonical":"https:\/\/darpol.bydgoszcz.pl\/en\/offer\/rolling-stock\/other-spares\/tarcza-konca-pociagu-dl-o-12-009-02-lok-2\/","og_locale":"en_US","og_type":"article","og_title":"Tail sign board (white and red board) DL-O 12 009-02 - Darpol Bydgoszcz","og_description":"Signal PC5 is a white-red reflective board mounted for warning purposes at the end of the train. &nbsp; Material: black galvanized steel, painted Application: mu, dmu, locomotives, passenger coaches. Meets the PN-K-89100 standard. Total dimension: height 366mm width: 250mm &nbsp; Print this page","og_url":"https:\/\/darpol.bydgoszcz.pl\/en\/offer\/rolling-stock\/other-spares\/tarcza-konca-pociagu-dl-o-12-009-02-lok-2\/","og_site_name":"Darpol Bydgoszcz","article_modified_time":"2026-04-10T11:37:29+00:00","og_image":[{"width":537,"height":606,"url":"https:\/\/darpol.bydgoszcz.pl\/wp-content\/uploads\/tarcza-ko\u0144ca-poci\u0105gu-typ-B-2.png","type":"image\/png"}],"twitter_card":"summary_large_image","twitter_misc":{"Est. reading time":"1 minute"},"schema":{"@context":"https:\/\/schema.org","@graph":[{"@type":"WebPage","@id":"https:\/\/darpol.bydgoszcz.pl\/en\/offer\/rolling-stock\/other-spares\/tarcza-konca-pociagu-dl-o-12-009-02-lok-2\/","url":"https:\/\/darpol.bydgoszcz.pl\/en\/offer\/rolling-stock\/other-spares\/tarcza-konca-pociagu-dl-o-12-009-02-lok-2\/","name":"Tail sign board (white and red board) DL-O 12 009-02 - Darpol Bydgoszcz","isPartOf":{"@id":"https:\/\/darpol.bydgoszcz.pl\/#website"},"primaryImageOfPage":{"@id":"https:\/\/darpol.bydgoszcz.pl\/en\/offer\/rolling-stock\/other-spares\/tarcza-konca-pociagu-dl-o-12-009-02-lok-2\/#primaryimage"},"image":{"@id":"https:\/\/darpol.bydgoszcz.pl\/en\/offer\/rolling-stock\/other-spares\/tarcza-konca-pociagu-dl-o-12-009-02-lok-2\/#primaryimage"},"thumbnailUrl":"https:\/\/darpol.bydgoszcz.pl\/wp-content\/uploads\/tarcza-ko\u0144ca-poci\u0105gu-typ-B-2.png","datePublished":"2013-03-12T12:22:47+00:00","dateModified":"2026-04-10T11:37:29+00:00","breadcrumb":{"@id":"https:\/\/darpol.bydgoszcz.pl\/en\/offer\/rolling-stock\/other-spares\/tarcza-konca-pociagu-dl-o-12-009-02-lok-2\/#breadcrumb"},"inLanguage":"en-US","potentialAction":[{"@type":"ReadAction","target":["https:\/\/darpol.bydgoszcz.pl\/en\/offer\/rolling-stock\/other-spares\/tarcza-konca-pociagu-dl-o-12-009-02-lok-2\/"]}]},{"@type":"ImageObject","inLanguage":"en-US","@id":"https:\/\/darpol.bydgoszcz.pl\/en\/offer\/rolling-stock\/other-spares\/tarcza-konca-pociagu-dl-o-12-009-02-lok-2\/#primaryimage","url":"https:\/\/darpol.bydgoszcz.pl\/wp-content\/uploads\/tarcza-ko\u0144ca-poci\u0105gu-typ-B-2.png","contentUrl":"https:\/\/darpol.bydgoszcz.pl\/wp-content\/uploads\/tarcza-ko\u0144ca-poci\u0105gu-typ-B-2.png","width":537,"height":606,"caption":"tarcza, tablica, znak ko\u0144ca poci\u0105gu, lokomotywy, ezt, wagonu, sygna\u0142 PC-5 (pc5)"},{"@type":"BreadcrumbList","@id":"https:\/\/darpol.bydgoszcz.pl\/en\/offer\/rolling-stock\/other-spares\/tarcza-konca-pociagu-dl-o-12-009-02-lok-2\/#breadcrumb","itemListElement":[{"@type":"ListItem","position":1,"name":"Strona g\u0142\u00f3wna","item":"https:\/\/darpol.bydgoszcz.pl\/en\/"},{"@type":"ListItem","position":2,"name":"Oferta","item":"https:\/\/darpol.bydgoszcz.pl\/oferta\/"},{"@type":"ListItem","position":3,"name":"Tail sign board (white and red board) DL-O 12 009-02"}]},{"@type":"WebSite","@id":"https:\/\/darpol.bydgoszcz.pl\/#website","url":"https:\/\/darpol.bydgoszcz.pl\/","name":"Darpol Bydgoszcz","description":"","potentialAction":[{"@type":"SearchAction","target":{"@type":"EntryPoint","urlTemplate":"https:\/\/darpol.bydgoszcz.pl\/?s={search_term_string}"},"query-input":"required name=search_term_string"}],"inLanguage":"en-US"}]}},"_links":{"self":[{"href":"https:\/\/darpol.bydgoszcz.pl\/en\/wp-json\/wp\/v2\/product\/12723","targetHints":{"allow":["GET"]}}],"collection":[{"href":"https:\/\/darpol.bydgoszcz.pl\/en\/wp-json\/wp\/v2\/product"}],"about":[{"href":"https:\/\/darpol.bydgoszcz.pl\/en\/wp-json\/wp\/v2\/types\/product"}],"wp:featuredmedia":[{"embeddable":true,"href":"https:\/\/darpol.bydgoszcz.pl\/en\/wp-json\/wp\/v2\/media\/53290"}],"wp:attachment":[{"href":"https:\/\/darpol.bydgoszcz.pl\/en\/wp-json\/wp\/v2\/media?parent=12723"}],"wp:term":[{"taxonomy":"product_cat","embeddable":true,"href":"https:\/\/darpol.bydgoszcz.pl\/en\/wp-json\/wp\/v2\/product_cat?post=12723"},{"taxonomy":"product_tag","embeddable":true,"href":"https:\/\/darpol.bydgoszcz.pl\/en\/wp-json\/wp\/v2\/product_tag?post=12723"}],"curies":[{"name":"wp","href":"https:\/\/api.w.org\/{rel}","templated":true}]}}