{"id":12321,"date":"2013-03-06T15:56:36","date_gmt":"2013-03-06T14:56:36","guid":{"rendered":"http:\/\/darpol.bydgoszcz.pl\/sklep\/emu-dmu\/polpierscien-stalowy-panewek-silnika-trakcyjnego-ezt-2\/"},"modified":"2013-03-06T15:56:36","modified_gmt":"2013-03-06T14:56:36","slug":"polpierscien-stalowy-panewek-silnika-trakcyjnego-ezt-2","status":"publish","type":"product","link":"https:\/\/darpol.bydgoszcz.pl\/en\/offer\/rolling-stock\/emu-dmu\/polpierscien-stalowy-panewek-silnika-trakcyjnego-ezt-2\/","title":{"rendered":"Steel half-ring for traction engine bearings  DL_0305"},"content":{"rendered":"<div style=\"clear:both\"><a href=\"javascript:window.print()\"><i class=\"fa fa-print\" aria-hidden=\"true\"><\/i> Print this page<\/a><\/div>","protected":false},"excerpt":{"rendered":"<p>Print this page<\/p>\n","protected":false},"featured_media":12320,"template":"","meta":{"om_disable_all_campaigns":false,"_monsterinsights_skip_tracking":false,"_monsterinsights_sitenote_active":false,"_monsterinsights_sitenote_note":"","_monsterinsights_sitenote_category":0,"_uf_show_specific_survey":0,"_uf_disable_surveys":false},"product_cat":[333],"product_tag":[392,1567,6205,525,2981,6201,1565,1564,6199,1222,5635,6207,1568,6197,1563,1566,6203],"class_list":{"0":"post-12321","1":"product","2":"type-product","3":"status-publish","4":"has-post-thumbnail","6":"product_cat-emu-dmu","7":"product_tag-darpol","8":"product_tag-dl0305","9":"product_tag-dl0305-en","10":"product_tag-ezt","11":"product_tag-ezt-en","12":"product_tag-panewka-en","13":"product_tag-panewka","14":"product_tag-polpierscien","15":"product_tag-polpierscien-en","16":"product_tag-silnik","17":"product_tag-silnik-en","18":"product_tag-stal-en","19":"product_tag-stal","20":"product_tag-stalowy-en","21":"product_tag-stalowy","22":"product_tag-trakcyjny","23":"product_tag-trakcyjny-en","25":"first","26":"instock","27":"shipping-taxable","28":"purchasable","29":"product-type-simple"},"yoast_head":"<!-- This site is optimized with the Yoast SEO plugin v23.0 - https:\/\/yoast.com\/wordpress\/plugins\/seo\/ -->\n<title>Steel half-ring for traction engine bearings DL_0305 - Darpol Bydgoszcz<\/title>\n<meta name=\"robots\" content=\"index, follow, max-snippet:-1, max-image-preview:large, max-video-preview:-1\" \/>\n<link rel=\"canonical\" href=\"https:\/\/darpol.bydgoszcz.pl\/en\/offer\/rolling-stock\/emu-dmu\/polpierscien-stalowy-panewek-silnika-trakcyjnego-ezt-2\/\" \/>\n<meta property=\"og:locale\" content=\"en_US\" \/>\n<meta property=\"og:type\" content=\"article\" \/>\n<meta property=\"og:title\" content=\"Steel half-ring for traction engine bearings DL_0305 - Darpol Bydgoszcz\" \/>\n<meta property=\"og:description\" content=\"Print this page\" \/>\n<meta property=\"og:url\" content=\"https:\/\/darpol.bydgoszcz.pl\/en\/offer\/rolling-stock\/emu-dmu\/polpierscien-stalowy-panewek-silnika-trakcyjnego-ezt-2\/\" \/>\n<meta property=\"og:site_name\" content=\"Darpol Bydgoszcz\" \/>\n<meta property=\"og:image\" content=\"https:\/\/darpol.bydgoszcz.pl\/wp-content\/uploads\/607-1053-polpierscien-stalowy-panewek-silnika-trakcyjnego-dl_0305.jpg\" \/>\n\t<meta property=\"og:image:width\" content=\"263\" \/>\n\t<meta property=\"og:image:height\" content=\"448\" \/>\n\t<meta property=\"og:image:type\" content=\"image\/jpeg\" \/>\n<meta name=\"twitter:card\" content=\"summary_large_image\" \/>\n<script type=\"application\/ld+json\" class=\"yoast-schema-graph\">{\"@context\":\"https:\/\/schema.org\",\"@graph\":[{\"@type\":\"WebPage\",\"@id\":\"https:\/\/darpol.bydgoszcz.pl\/en\/offer\/rolling-stock\/emu-dmu\/polpierscien-stalowy-panewek-silnika-trakcyjnego-ezt-2\/\",\"url\":\"https:\/\/darpol.bydgoszcz.pl\/en\/offer\/rolling-stock\/emu-dmu\/polpierscien-stalowy-panewek-silnika-trakcyjnego-ezt-2\/\",\"name\":\"Steel half-ring for traction engine bearings DL_0305 - Darpol Bydgoszcz\",\"isPartOf\":{\"@id\":\"https:\/\/darpol.bydgoszcz.pl\/#website\"},\"primaryImageOfPage\":{\"@id\":\"https:\/\/darpol.bydgoszcz.pl\/en\/offer\/rolling-stock\/emu-dmu\/polpierscien-stalowy-panewek-silnika-trakcyjnego-ezt-2\/#primaryimage\"},\"image\":{\"@id\":\"https:\/\/darpol.bydgoszcz.pl\/en\/offer\/rolling-stock\/emu-dmu\/polpierscien-stalowy-panewek-silnika-trakcyjnego-ezt-2\/#primaryimage\"},\"thumbnailUrl\":\"https:\/\/darpol.bydgoszcz.pl\/wp-content\/uploads\/607-1053-polpierscien-stalowy-panewek-silnika-trakcyjnego-dl_0305.jpg\",\"datePublished\":\"2013-03-06T14:56:36+00:00\",\"dateModified\":\"2013-03-06T14:56:36+00:00\",\"breadcrumb\":{\"@id\":\"https:\/\/darpol.bydgoszcz.pl\/en\/offer\/rolling-stock\/emu-dmu\/polpierscien-stalowy-panewek-silnika-trakcyjnego-ezt-2\/#breadcrumb\"},\"inLanguage\":\"en-US\",\"potentialAction\":[{\"@type\":\"ReadAction\",\"target\":[\"https:\/\/darpol.bydgoszcz.pl\/en\/offer\/rolling-stock\/emu-dmu\/polpierscien-stalowy-panewek-silnika-trakcyjnego-ezt-2\/\"]}]},{\"@type\":\"ImageObject\",\"inLanguage\":\"en-US\",\"@id\":\"https:\/\/darpol.bydgoszcz.pl\/en\/offer\/rolling-stock\/emu-dmu\/polpierscien-stalowy-panewek-silnika-trakcyjnego-ezt-2\/#primaryimage\",\"url\":\"https:\/\/darpol.bydgoszcz.pl\/wp-content\/uploads\/607-1053-polpierscien-stalowy-panewek-silnika-trakcyjnego-dl_0305.jpg\",\"contentUrl\":\"https:\/\/darpol.bydgoszcz.pl\/wp-content\/uploads\/607-1053-polpierscien-stalowy-panewek-silnika-trakcyjnego-dl_0305.jpg\",\"width\":263,\"height\":448,\"caption\":\"P\u00f3\u0142pier\u015bcie\u0144 stalowy panewek silnika trakcyjnego DL_0305\"},{\"@type\":\"BreadcrumbList\",\"@id\":\"https:\/\/darpol.bydgoszcz.pl\/en\/offer\/rolling-stock\/emu-dmu\/polpierscien-stalowy-panewek-silnika-trakcyjnego-ezt-2\/#breadcrumb\",\"itemListElement\":[{\"@type\":\"ListItem\",\"position\":1,\"name\":\"Strona g\u0142\u00f3wna\",\"item\":\"https:\/\/darpol.bydgoszcz.pl\/en\/\"},{\"@type\":\"ListItem\",\"position\":2,\"name\":\"Oferta\",\"item\":\"https:\/\/darpol.bydgoszcz.pl\/oferta\/\"},{\"@type\":\"ListItem\",\"position\":3,\"name\":\"Steel half-ring for traction engine bearings DL_0305\"}]},{\"@type\":\"WebSite\",\"@id\":\"https:\/\/darpol.bydgoszcz.pl\/#website\",\"url\":\"https:\/\/darpol.bydgoszcz.pl\/\",\"name\":\"Darpol Bydgoszcz\",\"description\":\"\",\"potentialAction\":[{\"@type\":\"SearchAction\",\"target\":{\"@type\":\"EntryPoint\",\"urlTemplate\":\"https:\/\/darpol.bydgoszcz.pl\/?s={search_term_string}\"},\"query-input\":\"required name=search_term_string\"}],\"inLanguage\":\"en-US\"}]}<\/script>\n<!-- \/ Yoast SEO plugin. -->","yoast_head_json":{"title":"Steel half-ring for traction engine bearings DL_0305 - Darpol Bydgoszcz","robots":{"index":"index","follow":"follow","max-snippet":"max-snippet:-1","max-image-preview":"max-image-preview:large","max-video-preview":"max-video-preview:-1"},"canonical":"https:\/\/darpol.bydgoszcz.pl\/en\/offer\/rolling-stock\/emu-dmu\/polpierscien-stalowy-panewek-silnika-trakcyjnego-ezt-2\/","og_locale":"en_US","og_type":"article","og_title":"Steel half-ring for traction engine bearings DL_0305 - Darpol Bydgoszcz","og_description":"Print this page","og_url":"https:\/\/darpol.bydgoszcz.pl\/en\/offer\/rolling-stock\/emu-dmu\/polpierscien-stalowy-panewek-silnika-trakcyjnego-ezt-2\/","og_site_name":"Darpol Bydgoszcz","og_image":[{"width":263,"height":448,"url":"https:\/\/darpol.bydgoszcz.pl\/wp-content\/uploads\/607-1053-polpierscien-stalowy-panewek-silnika-trakcyjnego-dl_0305.jpg","type":"image\/jpeg"}],"twitter_card":"summary_large_image","schema":{"@context":"https:\/\/schema.org","@graph":[{"@type":"WebPage","@id":"https:\/\/darpol.bydgoszcz.pl\/en\/offer\/rolling-stock\/emu-dmu\/polpierscien-stalowy-panewek-silnika-trakcyjnego-ezt-2\/","url":"https:\/\/darpol.bydgoszcz.pl\/en\/offer\/rolling-stock\/emu-dmu\/polpierscien-stalowy-panewek-silnika-trakcyjnego-ezt-2\/","name":"Steel half-ring for traction engine bearings DL_0305 - Darpol Bydgoszcz","isPartOf":{"@id":"https:\/\/darpol.bydgoszcz.pl\/#website"},"primaryImageOfPage":{"@id":"https:\/\/darpol.bydgoszcz.pl\/en\/offer\/rolling-stock\/emu-dmu\/polpierscien-stalowy-panewek-silnika-trakcyjnego-ezt-2\/#primaryimage"},"image":{"@id":"https:\/\/darpol.bydgoszcz.pl\/en\/offer\/rolling-stock\/emu-dmu\/polpierscien-stalowy-panewek-silnika-trakcyjnego-ezt-2\/#primaryimage"},"thumbnailUrl":"https:\/\/darpol.bydgoszcz.pl\/wp-content\/uploads\/607-1053-polpierscien-stalowy-panewek-silnika-trakcyjnego-dl_0305.jpg","datePublished":"2013-03-06T14:56:36+00:00","dateModified":"2013-03-06T14:56:36+00:00","breadcrumb":{"@id":"https:\/\/darpol.bydgoszcz.pl\/en\/offer\/rolling-stock\/emu-dmu\/polpierscien-stalowy-panewek-silnika-trakcyjnego-ezt-2\/#breadcrumb"},"inLanguage":"en-US","potentialAction":[{"@type":"ReadAction","target":["https:\/\/darpol.bydgoszcz.pl\/en\/offer\/rolling-stock\/emu-dmu\/polpierscien-stalowy-panewek-silnika-trakcyjnego-ezt-2\/"]}]},{"@type":"ImageObject","inLanguage":"en-US","@id":"https:\/\/darpol.bydgoszcz.pl\/en\/offer\/rolling-stock\/emu-dmu\/polpierscien-stalowy-panewek-silnika-trakcyjnego-ezt-2\/#primaryimage","url":"https:\/\/darpol.bydgoszcz.pl\/wp-content\/uploads\/607-1053-polpierscien-stalowy-panewek-silnika-trakcyjnego-dl_0305.jpg","contentUrl":"https:\/\/darpol.bydgoszcz.pl\/wp-content\/uploads\/607-1053-polpierscien-stalowy-panewek-silnika-trakcyjnego-dl_0305.jpg","width":263,"height":448,"caption":"P\u00f3\u0142pier\u015bcie\u0144 stalowy panewek silnika trakcyjnego DL_0305"},{"@type":"BreadcrumbList","@id":"https:\/\/darpol.bydgoszcz.pl\/en\/offer\/rolling-stock\/emu-dmu\/polpierscien-stalowy-panewek-silnika-trakcyjnego-ezt-2\/#breadcrumb","itemListElement":[{"@type":"ListItem","position":1,"name":"Strona g\u0142\u00f3wna","item":"https:\/\/darpol.bydgoszcz.pl\/en\/"},{"@type":"ListItem","position":2,"name":"Oferta","item":"https:\/\/darpol.bydgoszcz.pl\/oferta\/"},{"@type":"ListItem","position":3,"name":"Steel half-ring for traction engine bearings DL_0305"}]},{"@type":"WebSite","@id":"https:\/\/darpol.bydgoszcz.pl\/#website","url":"https:\/\/darpol.bydgoszcz.pl\/","name":"Darpol Bydgoszcz","description":"","potentialAction":[{"@type":"SearchAction","target":{"@type":"EntryPoint","urlTemplate":"https:\/\/darpol.bydgoszcz.pl\/?s={search_term_string}"},"query-input":"required name=search_term_string"}],"inLanguage":"en-US"}]}},"_links":{"self":[{"href":"https:\/\/darpol.bydgoszcz.pl\/en\/wp-json\/wp\/v2\/product\/12321","targetHints":{"allow":["GET"]}}],"collection":[{"href":"https:\/\/darpol.bydgoszcz.pl\/en\/wp-json\/wp\/v2\/product"}],"about":[{"href":"https:\/\/darpol.bydgoszcz.pl\/en\/wp-json\/wp\/v2\/types\/product"}],"wp:featuredmedia":[{"embeddable":true,"href":"https:\/\/darpol.bydgoszcz.pl\/en\/wp-json\/wp\/v2\/media\/12320"}],"wp:attachment":[{"href":"https:\/\/darpol.bydgoszcz.pl\/en\/wp-json\/wp\/v2\/media?parent=12321"}],"wp:term":[{"taxonomy":"product_cat","embeddable":true,"href":"https:\/\/darpol.bydgoszcz.pl\/en\/wp-json\/wp\/v2\/product_cat?post=12321"},{"taxonomy":"product_tag","embeddable":true,"href":"https:\/\/darpol.bydgoszcz.pl\/en\/wp-json\/wp\/v2\/product_tag?post=12321"}],"curies":[{"name":"wp","href":"https:\/\/api.w.org\/{rel}","templated":true}]}}