{"id":11427,"date":"2013-03-06T13:21:59","date_gmt":"2013-03-06T12:21:59","guid":{"rendered":"http:\/\/darpol.bydgoszcz.pl\/sklep\/emu-dmu\/plytka-modulu-sterujacego-walu-kulakowego-ezt-2\/"},"modified":"2013-03-06T13:21:59","modified_gmt":"2013-03-06T12:21:59","slug":"plytka-modulu-sterujacego-walu-kulakowego-ezt-2","status":"publish","type":"product","link":"https:\/\/darpol.bydgoszcz.pl\/en\/offer\/rolling-stock\/emu-dmu\/plytka-modulu-sterujacego-walu-kulakowego-ezt-2\/","title":{"rendered":"Control module  base plate for timing resistors  DL-O 10 030-52"},"content":{"rendered":"<div style=\"clear:both\"><a href=\"javascript:window.print()\"><i class=\"fa fa-print\" aria-hidden=\"true\"><\/i> Print this page<\/a><\/div>","protected":false},"excerpt":{"rendered":"<p>Print this page<\/p>\n","protected":false},"featured_media":11426,"template":"","meta":{"om_disable_all_campaigns":false,"_monsterinsights_skip_tracking":false,"_monsterinsights_sitenote_active":false,"_monsterinsights_sitenote_note":"","_monsterinsights_sitenote_category":0,"_uf_show_specific_survey":0,"_uf_disable_surveys":false},"product_cat":[333],"product_tag":[1026,5277,5271,1023,5296,1036,392,1038,5298,525,641,5292,1034,1035,5294,2937,1037,5166,969],"class_list":{"0":"post-11427","1":"product","2":"type-product","3":"status-publish","4":"has-post-thumbnail","6":"product_cat-emu-dmu","7":"product_tag-cs","8":"product_tag-cs-en","9":"product_tag-czlon-en","10":"product_tag-czlon","11":"product_tag-czlon-sterujacy-en","12":"product_tag-czlon-sterujacy","13":"product_tag-darpol","14":"product_tag-dl-010-030-52","15":"product_tag-dl-010-030-52-en","16":"product_tag-ezt","17":"product_tag-lokomotywy","18":"product_tag-plytka-en","19":"product_tag-plytka","20":"product_tag-plytka-elektroniczna","21":"product_tag-plytka-elektroniczna-en","22":"product_tag-sterowanie-en","23":"product_tag-sterowanie","24":"product_tag-wal-kulakowy-en","25":"product_tag-wal-kulakowy","27":"first","28":"instock","29":"shipping-taxable","30":"purchasable","31":"product-type-simple"},"yoast_head":"<!-- This site is optimized with the Yoast SEO plugin v23.0 - https:\/\/yoast.com\/wordpress\/plugins\/seo\/ -->\n<title>Control module base plate for timing resistors DL-O 10 030-52 - Darpol Bydgoszcz<\/title>\n<meta name=\"robots\" content=\"index, follow, max-snippet:-1, max-image-preview:large, max-video-preview:-1\" \/>\n<link rel=\"canonical\" href=\"https:\/\/darpol.bydgoszcz.pl\/en\/offer\/rolling-stock\/emu-dmu\/plytka-modulu-sterujacego-walu-kulakowego-ezt-2\/\" \/>\n<meta property=\"og:locale\" content=\"en_US\" \/>\n<meta property=\"og:type\" content=\"article\" \/>\n<meta property=\"og:title\" content=\"Control module base plate for timing resistors DL-O 10 030-52 - Darpol Bydgoszcz\" \/>\n<meta property=\"og:description\" content=\"Print this page\" \/>\n<meta property=\"og:url\" content=\"https:\/\/darpol.bydgoszcz.pl\/en\/offer\/rolling-stock\/emu-dmu\/plytka-modulu-sterujacego-walu-kulakowego-ezt-2\/\" \/>\n<meta property=\"og:site_name\" content=\"Darpol Bydgoszcz\" \/>\n<meta property=\"og:image\" content=\"https:\/\/darpol.bydgoszcz.pl\/wp-content\/uploads\/534-705-plytka-modulu-sterujacego-walu-kulakowego-dl-o-10-030-52.jpg\" \/>\n\t<meta property=\"og:image:width\" content=\"448\" \/>\n\t<meta property=\"og:image:height\" content=\"238\" \/>\n\t<meta property=\"og:image:type\" content=\"image\/jpeg\" \/>\n<meta name=\"twitter:card\" content=\"summary_large_image\" \/>\n<script type=\"application\/ld+json\" class=\"yoast-schema-graph\">{\"@context\":\"https:\/\/schema.org\",\"@graph\":[{\"@type\":\"WebPage\",\"@id\":\"https:\/\/darpol.bydgoszcz.pl\/en\/offer\/rolling-stock\/emu-dmu\/plytka-modulu-sterujacego-walu-kulakowego-ezt-2\/\",\"url\":\"https:\/\/darpol.bydgoszcz.pl\/en\/offer\/rolling-stock\/emu-dmu\/plytka-modulu-sterujacego-walu-kulakowego-ezt-2\/\",\"name\":\"Control module base plate for timing resistors DL-O 10 030-52 - Darpol Bydgoszcz\",\"isPartOf\":{\"@id\":\"https:\/\/darpol.bydgoszcz.pl\/#website\"},\"primaryImageOfPage\":{\"@id\":\"https:\/\/darpol.bydgoszcz.pl\/en\/offer\/rolling-stock\/emu-dmu\/plytka-modulu-sterujacego-walu-kulakowego-ezt-2\/#primaryimage\"},\"image\":{\"@id\":\"https:\/\/darpol.bydgoszcz.pl\/en\/offer\/rolling-stock\/emu-dmu\/plytka-modulu-sterujacego-walu-kulakowego-ezt-2\/#primaryimage\"},\"thumbnailUrl\":\"https:\/\/darpol.bydgoszcz.pl\/wp-content\/uploads\/534-705-plytka-modulu-sterujacego-walu-kulakowego-dl-o-10-030-52.jpg\",\"datePublished\":\"2013-03-06T12:21:59+00:00\",\"dateModified\":\"2013-03-06T12:21:59+00:00\",\"breadcrumb\":{\"@id\":\"https:\/\/darpol.bydgoszcz.pl\/en\/offer\/rolling-stock\/emu-dmu\/plytka-modulu-sterujacego-walu-kulakowego-ezt-2\/#breadcrumb\"},\"inLanguage\":\"en-US\",\"potentialAction\":[{\"@type\":\"ReadAction\",\"target\":[\"https:\/\/darpol.bydgoszcz.pl\/en\/offer\/rolling-stock\/emu-dmu\/plytka-modulu-sterujacego-walu-kulakowego-ezt-2\/\"]}]},{\"@type\":\"ImageObject\",\"inLanguage\":\"en-US\",\"@id\":\"https:\/\/darpol.bydgoszcz.pl\/en\/offer\/rolling-stock\/emu-dmu\/plytka-modulu-sterujacego-walu-kulakowego-ezt-2\/#primaryimage\",\"url\":\"https:\/\/darpol.bydgoszcz.pl\/wp-content\/uploads\/534-705-plytka-modulu-sterujacego-walu-kulakowego-dl-o-10-030-52.jpg\",\"contentUrl\":\"https:\/\/darpol.bydgoszcz.pl\/wp-content\/uploads\/534-705-plytka-modulu-sterujacego-walu-kulakowego-dl-o-10-030-52.jpg\",\"width\":448,\"height\":238,\"caption\":\"P\u0142ytka modu\u0142u steruj\u0105cego wa\u0142u ku\u0142akowego DL-O 10 030-52\"},{\"@type\":\"BreadcrumbList\",\"@id\":\"https:\/\/darpol.bydgoszcz.pl\/en\/offer\/rolling-stock\/emu-dmu\/plytka-modulu-sterujacego-walu-kulakowego-ezt-2\/#breadcrumb\",\"itemListElement\":[{\"@type\":\"ListItem\",\"position\":1,\"name\":\"Strona g\u0142\u00f3wna\",\"item\":\"https:\/\/darpol.bydgoszcz.pl\/en\/\"},{\"@type\":\"ListItem\",\"position\":2,\"name\":\"Oferta\",\"item\":\"https:\/\/darpol.bydgoszcz.pl\/oferta\/\"},{\"@type\":\"ListItem\",\"position\":3,\"name\":\"Control module base plate for timing resistors DL-O 10 030-52\"}]},{\"@type\":\"WebSite\",\"@id\":\"https:\/\/darpol.bydgoszcz.pl\/#website\",\"url\":\"https:\/\/darpol.bydgoszcz.pl\/\",\"name\":\"Darpol Bydgoszcz\",\"description\":\"\",\"potentialAction\":[{\"@type\":\"SearchAction\",\"target\":{\"@type\":\"EntryPoint\",\"urlTemplate\":\"https:\/\/darpol.bydgoszcz.pl\/?s={search_term_string}\"},\"query-input\":\"required name=search_term_string\"}],\"inLanguage\":\"en-US\"}]}<\/script>\n<!-- \/ Yoast SEO plugin. -->","yoast_head_json":{"title":"Control module base plate for timing resistors DL-O 10 030-52 - Darpol Bydgoszcz","robots":{"index":"index","follow":"follow","max-snippet":"max-snippet:-1","max-image-preview":"max-image-preview:large","max-video-preview":"max-video-preview:-1"},"canonical":"https:\/\/darpol.bydgoszcz.pl\/en\/offer\/rolling-stock\/emu-dmu\/plytka-modulu-sterujacego-walu-kulakowego-ezt-2\/","og_locale":"en_US","og_type":"article","og_title":"Control module base plate for timing resistors DL-O 10 030-52 - Darpol Bydgoszcz","og_description":"Print this page","og_url":"https:\/\/darpol.bydgoszcz.pl\/en\/offer\/rolling-stock\/emu-dmu\/plytka-modulu-sterujacego-walu-kulakowego-ezt-2\/","og_site_name":"Darpol Bydgoszcz","og_image":[{"width":448,"height":238,"url":"https:\/\/darpol.bydgoszcz.pl\/wp-content\/uploads\/534-705-plytka-modulu-sterujacego-walu-kulakowego-dl-o-10-030-52.jpg","type":"image\/jpeg"}],"twitter_card":"summary_large_image","schema":{"@context":"https:\/\/schema.org","@graph":[{"@type":"WebPage","@id":"https:\/\/darpol.bydgoszcz.pl\/en\/offer\/rolling-stock\/emu-dmu\/plytka-modulu-sterujacego-walu-kulakowego-ezt-2\/","url":"https:\/\/darpol.bydgoszcz.pl\/en\/offer\/rolling-stock\/emu-dmu\/plytka-modulu-sterujacego-walu-kulakowego-ezt-2\/","name":"Control module base plate for timing resistors DL-O 10 030-52 - Darpol Bydgoszcz","isPartOf":{"@id":"https:\/\/darpol.bydgoszcz.pl\/#website"},"primaryImageOfPage":{"@id":"https:\/\/darpol.bydgoszcz.pl\/en\/offer\/rolling-stock\/emu-dmu\/plytka-modulu-sterujacego-walu-kulakowego-ezt-2\/#primaryimage"},"image":{"@id":"https:\/\/darpol.bydgoszcz.pl\/en\/offer\/rolling-stock\/emu-dmu\/plytka-modulu-sterujacego-walu-kulakowego-ezt-2\/#primaryimage"},"thumbnailUrl":"https:\/\/darpol.bydgoszcz.pl\/wp-content\/uploads\/534-705-plytka-modulu-sterujacego-walu-kulakowego-dl-o-10-030-52.jpg","datePublished":"2013-03-06T12:21:59+00:00","dateModified":"2013-03-06T12:21:59+00:00","breadcrumb":{"@id":"https:\/\/darpol.bydgoszcz.pl\/en\/offer\/rolling-stock\/emu-dmu\/plytka-modulu-sterujacego-walu-kulakowego-ezt-2\/#breadcrumb"},"inLanguage":"en-US","potentialAction":[{"@type":"ReadAction","target":["https:\/\/darpol.bydgoszcz.pl\/en\/offer\/rolling-stock\/emu-dmu\/plytka-modulu-sterujacego-walu-kulakowego-ezt-2\/"]}]},{"@type":"ImageObject","inLanguage":"en-US","@id":"https:\/\/darpol.bydgoszcz.pl\/en\/offer\/rolling-stock\/emu-dmu\/plytka-modulu-sterujacego-walu-kulakowego-ezt-2\/#primaryimage","url":"https:\/\/darpol.bydgoszcz.pl\/wp-content\/uploads\/534-705-plytka-modulu-sterujacego-walu-kulakowego-dl-o-10-030-52.jpg","contentUrl":"https:\/\/darpol.bydgoszcz.pl\/wp-content\/uploads\/534-705-plytka-modulu-sterujacego-walu-kulakowego-dl-o-10-030-52.jpg","width":448,"height":238,"caption":"P\u0142ytka modu\u0142u steruj\u0105cego wa\u0142u ku\u0142akowego DL-O 10 030-52"},{"@type":"BreadcrumbList","@id":"https:\/\/darpol.bydgoszcz.pl\/en\/offer\/rolling-stock\/emu-dmu\/plytka-modulu-sterujacego-walu-kulakowego-ezt-2\/#breadcrumb","itemListElement":[{"@type":"ListItem","position":1,"name":"Strona g\u0142\u00f3wna","item":"https:\/\/darpol.bydgoszcz.pl\/en\/"},{"@type":"ListItem","position":2,"name":"Oferta","item":"https:\/\/darpol.bydgoszcz.pl\/oferta\/"},{"@type":"ListItem","position":3,"name":"Control module base plate for timing resistors DL-O 10 030-52"}]},{"@type":"WebSite","@id":"https:\/\/darpol.bydgoszcz.pl\/#website","url":"https:\/\/darpol.bydgoszcz.pl\/","name":"Darpol Bydgoszcz","description":"","potentialAction":[{"@type":"SearchAction","target":{"@type":"EntryPoint","urlTemplate":"https:\/\/darpol.bydgoszcz.pl\/?s={search_term_string}"},"query-input":"required name=search_term_string"}],"inLanguage":"en-US"}]}},"_links":{"self":[{"href":"https:\/\/darpol.bydgoszcz.pl\/en\/wp-json\/wp\/v2\/product\/11427","targetHints":{"allow":["GET"]}}],"collection":[{"href":"https:\/\/darpol.bydgoszcz.pl\/en\/wp-json\/wp\/v2\/product"}],"about":[{"href":"https:\/\/darpol.bydgoszcz.pl\/en\/wp-json\/wp\/v2\/types\/product"}],"wp:featuredmedia":[{"embeddable":true,"href":"https:\/\/darpol.bydgoszcz.pl\/en\/wp-json\/wp\/v2\/media\/11426"}],"wp:attachment":[{"href":"https:\/\/darpol.bydgoszcz.pl\/en\/wp-json\/wp\/v2\/media?parent=11427"}],"wp:term":[{"taxonomy":"product_cat","embeddable":true,"href":"https:\/\/darpol.bydgoszcz.pl\/en\/wp-json\/wp\/v2\/product_cat?post=11427"},{"taxonomy":"product_tag","embeddable":true,"href":"https:\/\/darpol.bydgoszcz.pl\/en\/wp-json\/wp\/v2\/product_tag?post=11427"}],"curies":[{"name":"wp","href":"https:\/\/api.w.org\/{rel}","templated":true}]}}