{"id":49954,"date":"2016-04-07T13:11:53","date_gmt":"2016-04-07T11:11:53","guid":{"rendered":"http:\/\/darpol.bydgoszcz.pl\/en\/?page_id=49954"},"modified":"2023-07-14T13:39:40","modified_gmt":"2023-07-14T11:39:40","slug":"csrang","status":"publish","type":"page","link":"https:\/\/darpol.bydgoszcz.pl\/en\/csrang\/","title":{"rendered":"ESG and CSR"},"content":{"rendered":"<p>DARPOL is a family company, so we have the idea of socially responsible business in our DNA. Find the examples of actions we take:<\/p>\n<p>&nbsp;<\/p>\n<table>\n<tbody>\n<tr>\n<td width=\"133\">&nbsp;<\/p>\n<p>&nbsp;<\/p>\n<p><img loading=\"lazy\" decoding=\"async\" class=\"wp-image-55507 aligncenter\" src=\"https:\/\/darpol.bydgoszcz.pl\/wp-content\/uploads\/81bk6mQ231L-300x300.png\" alt=\"nowoczesny transport\" width=\"117\" height=\"117\" srcset=\"https:\/\/darpol.bydgoszcz.pl\/wp-content\/uploads\/81bk6mQ231L-300x300.png 300w, https:\/\/darpol.bydgoszcz.pl\/wp-content\/uploads\/81bk6mQ231L-150x150.png 150w, https:\/\/darpol.bydgoszcz.pl\/wp-content\/uploads\/81bk6mQ231L-100x100.png 100w, https:\/\/darpol.bydgoszcz.pl\/wp-content\/uploads\/81bk6mQ231L.png 512w\" sizes=\"auto, (max-width: 117px) 100vw, 117px\" \/><\/p>\n<p>&nbsp;<\/p>\n<p>&nbsp;<\/td>\n<td width=\"486\">&nbsp;<\/p>\n<p>With our everyday work we make modern rail transport better, safer and more and more comfortable for our society. Thanks to that they can get to work, school, vacation, etc. in a fast, efficient and safe way. There are plenty of reasons to travel by rail. In addition, it is the most ecological transport, so we are glad that we have the opportunity to contribute to the &#8220;health&#8221; of our planet!<\/p>\n<p>Curiosity! Do you know that there is a new strong trend in Scandinavia &#8220;flygskam&#8221;? This is a common pro-ecological movement based on shame due to flying planes, which are the most environmentally-damaging means of transport. As a result, Scandinavian society is massively switching (even on longer routes) from &#8220;poisonous&#8221; planes to &#8220;green&#8221; trains.<\/td>\n<\/tr>\n<\/tbody>\n<\/table>\n<table>\n<tbody>\n<tr>\n<td width=\"133\">&nbsp;<\/p>\n<p><img loading=\"lazy\" decoding=\"async\" class=\"wp-image-55471 aligncenter\" src=\"https:\/\/darpol.bydgoszcz.pl\/wp-content\/uploads\/Fairplay-300x300.png\" alt=\"\" width=\"138\" height=\"138\" srcset=\"https:\/\/darpol.bydgoszcz.pl\/wp-content\/uploads\/Fairplay-300x300.png 300w, https:\/\/darpol.bydgoszcz.pl\/wp-content\/uploads\/Fairplay-150x150.png 150w, https:\/\/darpol.bydgoszcz.pl\/wp-content\/uploads\/Fairplay-100x100.png 100w, https:\/\/darpol.bydgoszcz.pl\/wp-content\/uploads\/Fairplay.png 600w\" sizes=\"auto, (max-width: 138px) 100vw, 138px\" \/><\/td>\n<td width=\"486\">&nbsp;<\/p>\n<p>We cooperate with our business partners responsibly &#8211; both with customers, suppliers, employees and institutions. We look at our activities in the long term &#8211; we are a reliable family company, we pay taxes and all our liabilities responsibly. Timely salary payments for our employees are our priority. After all, if we didn&#8217;t have a fair approach to our partners, if we didn&#8217;t follow the principles of Fair Play, we would not have been on the market for over 30 years!<\/td>\n<\/tr>\n<\/tbody>\n<\/table>\n<table>\n<tbody>\n<tr>\n<td width=\"133\">&nbsp;<\/p>\n<p><img loading=\"lazy\" decoding=\"async\" class=\"wp-image-55504 aligncenter\" src=\"https:\/\/darpol.bydgoszcz.pl\/wp-content\/uploads\/logo-ifr-2019-300x142.png\" alt=\"Formy rodzinne\" width=\"160\" height=\"76\" srcset=\"https:\/\/darpol.bydgoszcz.pl\/wp-content\/uploads\/logo-ifr-2019-300x142.png 300w, https:\/\/darpol.bydgoszcz.pl\/wp-content\/uploads\/logo-ifr-2019-150x71.png 150w, https:\/\/darpol.bydgoszcz.pl\/wp-content\/uploads\/logo-ifr-2019.png 317w\" sizes=\"auto, (max-width: 160px) 100vw, 160px\" \/><\/td>\n<td width=\"486\">&nbsp;<\/p>\n<p>We work to improve the economic environment for family businesses in Poland. We are actively involved in initiatives taken by the family business community, we integrate and educate them, we work to create a better law and environment conducive to succession, to create successes for native companies, and as a result to build a strong Polish economy based on sustainable domestic capital and stable jobs.<\/p>\n<p><a href=\"http:\/\/firmyrodzinne.pl\/\">Want to learn more? Click here.<\/a><\/p>\n<p>&nbsp;<\/td>\n<\/tr>\n<\/tbody>\n<\/table>\n<table>\n<tbody>\n<tr>\n<td width=\"133\">&nbsp;<\/p>\n<p><img loading=\"lazy\" decoding=\"async\" class=\"wp-image-55501 aligncenter\" src=\"https:\/\/darpol.bydgoszcz.pl\/wp-content\/uploads\/300px-Sitting_volleyball_pictogram_Paralympics.svg_.png\" alt=\"siatk\u00f3wka niepe\u0142nosprawnych\" width=\"99\" height=\"99\" srcset=\"https:\/\/darpol.bydgoszcz.pl\/wp-content\/uploads\/300px-Sitting_volleyball_pictogram_Paralympics.svg_.png 300w, https:\/\/darpol.bydgoszcz.pl\/wp-content\/uploads\/300px-Sitting_volleyball_pictogram_Paralympics.svg_-150x150.png 150w, https:\/\/darpol.bydgoszcz.pl\/wp-content\/uploads\/300px-Sitting_volleyball_pictogram_Paralympics.svg_-100x100.png 100w\" sizes=\"auto, (max-width: 99px) 100vw, 99px\" \/><\/td>\n<td width=\"486\">&nbsp;<\/p>\n<p>For many years we have been supporting the sitting volleyball club START Wroc\u0142aw &#8211; a multiple Polish volleyball champion for disabled players. They are fantastic people who, despite unfortunate accidents, do not give up and continue to enjoy life, fighting for big goals! In addition, through our President Mr. Dariusz Jasi\u0144ski, we actively operate on an international forum within the European and international sitting volleyball federations.<\/p>\n<p>&nbsp;<\/td>\n<\/tr>\n<\/tbody>\n<\/table>\n<table>\n<tbody>\n<tr>\n<td width=\"133\">&nbsp;<\/p>\n<p><img loading=\"lazy\" decoding=\"async\" class=\"wp-image-55498 aligncenter\" src=\"https:\/\/darpol.bydgoszcz.pl\/wp-content\/uploads\/pi\u0142ka-do-siatk\u00f3wki-300x200.jpg\" alt=\"siatk\u00f3wka\" width=\"115\" height=\"77\" srcset=\"https:\/\/darpol.bydgoszcz.pl\/wp-content\/uploads\/pi\u0142ka-do-siatk\u00f3wki-300x200.jpg 300w, https:\/\/darpol.bydgoszcz.pl\/wp-content\/uploads\/pi\u0142ka-do-siatk\u00f3wki-150x100.jpg 150w, https:\/\/darpol.bydgoszcz.pl\/wp-content\/uploads\/pi\u0142ka-do-siatk\u00f3wki.jpg 448w\" sizes=\"auto, (max-width: 115px) 100vw, 115px\" \/><\/td>\n<td width=\"486\">&nbsp;<\/p>\n<p>Volleyball takes a lot of space in our company&#8217;s heart. This is the discipline which is our President&#8217;s second passion (right after the company). Dariusz Jasi\u0144ski is a long-time international referee in volleyball and an activist. Not only is he known for conducting matches at the highest level, but also for his extensive educational activity, in which he introduced young and older students to the secrets of refereeing. He published the &#8220;Casebook&#8221; publication for other referees with unusual situations on the court, took numerous actions promoting volleyball in Poland and in the world, and introduced beach volleyball to our country. Currently, after retiring, he supports active arbitrators as a qualifier during volleyball competitions both in Poland and worldwide.<\/p>\n<p><a href=\"https:\/\/pl.wikipedia.org\/wiki\/Dariusz_Jasi%C5%84ski\">Want to learn more? Click here.\u00a0<\/a><\/td>\n<\/tr>\n<\/tbody>\n<\/table>\n<table>\n<tbody>\n<tr>\n<td width=\"133\">&nbsp;<\/p>\n<p><img loading=\"lazy\" decoding=\"async\" class=\"wp-image-55495 aligncenter\" src=\"https:\/\/darpol.bydgoszcz.pl\/wp-content\/uploads\/laweczka.jpg\" alt=\"laweczka\" width=\"100\" height=\"94\" srcset=\"https:\/\/darpol.bydgoszcz.pl\/wp-content\/uploads\/laweczka.jpg 232w, https:\/\/darpol.bydgoszcz.pl\/wp-content\/uploads\/laweczka-150x141.jpg 150w\" sizes=\"auto, (max-width: 100px) 100vw, 100px\" \/><\/td>\n<td width=\"486\">&nbsp;<\/p>\n<p>We do not forget about the local community. Do you know that our Bydgoszcz My\u015bl\u0119cinek is the largest park in the country located in the city? This is a favorite place of Bydgoszcz residents for walks, visits to the ZOO, bicycle rides, roller skates and other forms of active leisure. Unfortunately, it turned out that one of the biggest problems of the park was too small number of places to sit and rest, and there were no funds to organize them. That is why we joined the &#8220;Bench&#8221; project, under which we financed the foundation of benches with other local companies.<\/p>\n<p>As a confirmation of joining this action, you will find a bench with our logo\u00a0 on the path next to the beach and wake park.<\/td>\n<\/tr>\n<\/tbody>\n<\/table>\n<table>\n<tbody>\n<tr>\n<td width=\"133\">&nbsp;<\/p>\n<p><img loading=\"lazy\" decoding=\"async\" class=\"wp-image-55492 aligncenter\" src=\"https:\/\/darpol.bydgoszcz.pl\/wp-content\/uploads\/team-1-300x161.png\" alt=\"zesp\u00f3\u0142\" width=\"122\" height=\"65\" srcset=\"https:\/\/darpol.bydgoszcz.pl\/wp-content\/uploads\/team-1-300x161.png 300w, https:\/\/darpol.bydgoszcz.pl\/wp-content\/uploads\/team-1-1024x550.png 1024w, https:\/\/darpol.bydgoszcz.pl\/wp-content\/uploads\/team-1-150x81.png 150w, https:\/\/darpol.bydgoszcz.pl\/wp-content\/uploads\/team-1-600x323.png 600w, https:\/\/darpol.bydgoszcz.pl\/wp-content\/uploads\/team-1.png 1280w\" sizes=\"auto, (max-width: 122px) 100vw, 122px\" \/><\/td>\n<td width=\"486\">&nbsp;<\/p>\n<p>We spend a huge part of our lives at work. Therefore, we try to create a friendly workplace for our team, in which everyone will feels good working in an atmosphere of respect, acceptance, cooperation, knowledge sharing and mutual support as a well-coordinated team.<\/td>\n<\/tr>\n<\/tbody>\n<\/table>\n<table>\n<tbody>\n<tr>\n<td width=\"133\">&nbsp;<\/p>\n<p><img loading=\"lazy\" decoding=\"async\" class=\"wp-image-55489 aligncenter\" src=\"https:\/\/darpol.bydgoszcz.pl\/wp-content\/uploads\/team-300x198.jpg\" alt=\"tolerancja\" width=\"121\" height=\"80\" srcset=\"https:\/\/darpol.bydgoszcz.pl\/wp-content\/uploads\/team-300x198.jpg 300w, https:\/\/darpol.bydgoszcz.pl\/wp-content\/uploads\/team-150x99.jpg 150w, https:\/\/darpol.bydgoszcz.pl\/wp-content\/uploads\/team-600x397.jpg 600w, https:\/\/darpol.bydgoszcz.pl\/wp-content\/uploads\/team.jpg 960w\" sizes=\"auto, (max-width: 121px) 100vw, 121px\" \/><\/td>\n<td width=\"486\">&nbsp;<\/p>\n<p>We support diversity and tolerance. We are proud that our team consists of people from different generations, sexes, nationalities, religions, as well as people with disabilities. Diversity enriches!<\/td>\n<\/tr>\n<\/tbody>\n<\/table>\n<table>\n<tbody>\n<tr>\n<td width=\"133\"><img loading=\"lazy\" decoding=\"async\" class=\"alignnone size-medium wp-image-55486\" src=\"https:\/\/darpol.bydgoszcz.pl\/wp-content\/uploads\/ekoDarpol-300x300.png\" alt=\"Eko Darpol\" width=\"300\" height=\"300\" srcset=\"https:\/\/darpol.bydgoszcz.pl\/wp-content\/uploads\/ekoDarpol-300x300.png 300w, https:\/\/darpol.bydgoszcz.pl\/wp-content\/uploads\/ekoDarpol-150x150.png 150w, https:\/\/darpol.bydgoszcz.pl\/wp-content\/uploads\/ekoDarpol-600x599.png 600w, https:\/\/darpol.bydgoszcz.pl\/wp-content\/uploads\/ekoDarpol-100x100.png 100w, https:\/\/darpol.bydgoszcz.pl\/wp-content\/uploads\/ekoDarpol.png 828w\" sizes=\"auto, (max-width: 300px) 100vw, 300px\" \/><\/td>\n<td width=\"486\">We try hard to use ecology-friendly solutions in our daily operations:<\/p>\n<p>&#8211; In our company, we segregate utility and production waste<\/p>\n<p>&#8211; In the company garden, we maintain greenery in almost half of the area<\/p>\n<p>&#8211; In our facility we replace standard lighting\u00a0 with energy-saving LED technology<\/p>\n<p>&#8211; We use part of the heat generated by the laser cutting machine to heat the rooms in our building<\/p>\n<p>&#8211; Did you know that every year a huge amount of waste is produced all over the world, and the most of it come from packagings? Protecting the environment, we give them a second life (especially cardboard packaging), which we use to pack and ship our products<\/p>\n<p>&#8211; We use special water filters to avoid<span class=\"HwtZe\" lang=\"en\"><span class=\"jCAhz ChMk0b\"><span class=\"ryNqvb\"> the need to generate waste from plastic bottles with drinking water<\/span><\/span><\/span><\/p>\n<p>&#8211; <span class=\"HwtZe\" lang=\"en\"><span class=\"jCAhz ChMk0b\"><span class=\"ryNqvb\">We are driven to minimize the amount of paper used, e.g. by minimizing the need to print documents, 2-sided printing, implementing electronic solutions instead of paper, using recycled paper, etc.<\/span><\/span><\/span><\/p>\n<p>&#8211; <span class=\"HwtZe\" lang=\"en\"><span class=\"jCAhz ChMk0b\"><span class=\"ryNqvb\">We manage electronic equipment waste\u00a0 wisely &#8211; oweing to that we were awarded a title of Responsible Entrepreneur <\/span><\/span><\/span><\/td>\n<\/tr>\n<\/tbody>\n<\/table>\n<table>\n<tbody>\n<tr>\n<td width=\"133\">&nbsp;<\/p>\n<p><img loading=\"lazy\" decoding=\"async\" class=\"wp-image-55483 aligncenter\" src=\"https:\/\/darpol.bydgoszcz.pl\/wp-content\/uploads\/1280px-Linear_versus_circular-300x289.jpg\" alt=\"Produkty\" width=\"147\" height=\"141\" srcset=\"https:\/\/darpol.bydgoszcz.pl\/wp-content\/uploads\/1280px-Linear_versus_circular-300x289.jpg 300w, https:\/\/darpol.bydgoszcz.pl\/wp-content\/uploads\/1280px-Linear_versus_circular-150x144.jpg 150w, https:\/\/darpol.bydgoszcz.pl\/wp-content\/uploads\/1280px-Linear_versus_circular.jpg 567w\" sizes=\"auto, (max-width: 147px) 100vw, 147px\" \/><\/td>\n<td width=\"486\">&nbsp;<\/p>\n<p>Our services and products:<\/p>\n<p>&#8211; In our lighting products used in rail vehicles we use energy-saving LED technology.<\/p>\n<p>&#8211; Designing other products we also take under consideration\u00a0 environmental factors, e.g. the weight of manufactured elements affecting the energy consumption of rail vehicles<\/p>\n<p>&#8211; Most of our products are made of metals which are very ecological materials. Did you know that steel waste retains all its natural properties in the re-use process? Steel recycling is a way to save large amounts of energy and materials, and to protect the surrounding ecosystem. By using metals as the basic raw material of our products, we support the circular economy.<\/p>\n<p>&#8211; M<span class=\"HwtZe\" lang=\"en\"><span class=\"jCAhz ChMk0b\"><span class=\"ryNqvb\">any of our non-metal products are made from biodegradable or recyclable materials (e.g. our <span style=\"text-decoration: underline;\"><a href=\"https:\/\/darpol.bydgoszcz.pl\/en\/offer\/rolling-stock\/emu-dmu\/deska-sedesowa-uniwersalna-dl-14-031-00\/\">universal, fire retardant and biodegradable toilet seats<\/a><\/span>)<\/span><\/span><\/span><\/td>\n<\/tr>\n<\/tbody>\n<\/table>\n<table>\n<tbody>\n<tr>\n<td width=\"133\">&nbsp;<\/p>\n<p><img loading=\"lazy\" decoding=\"async\" class=\"size-medium wp-image-55474 aligncenter\" src=\"https:\/\/darpol.bydgoszcz.pl\/wp-content\/uploads\/edu-300x215.jpg\" alt=\"Wsp\u00f3\u0142praza ze szko\u0142ami\" width=\"300\" height=\"215\" srcset=\"https:\/\/darpol.bydgoszcz.pl\/wp-content\/uploads\/edu-300x215.jpg 300w, https:\/\/darpol.bydgoszcz.pl\/wp-content\/uploads\/edu-1024x735.jpg 1024w, https:\/\/darpol.bydgoszcz.pl\/wp-content\/uploads\/edu-150x108.jpg 150w, https:\/\/darpol.bydgoszcz.pl\/wp-content\/uploads\/edu-600x431.jpg 600w, https:\/\/darpol.bydgoszcz.pl\/wp-content\/uploads\/edu.jpg 1280w\" sizes=\"auto, (max-width: 300px) 100vw, 300px\" \/><\/td>\n<td width=\"486\">&nbsp;<\/p>\n<p>Education<\/p>\n<p>We know that everybody at the beginning of their professional career lacks knowledge, competence and experience. That is why we cooperate with local schools and universities, sharing our skills with younger colleagues. We organize apprenticeships for students, so they can gain the experience needen\u00a0 in the demanding labor market.<br \/>\nIn addition, our President for many years served as a member of the convention (advisory group) by the rector of the University of Technology and Life Sciences in Bydgoszcz, which also helped to improve the level of education the university.<\/p>\n<p>Apart from that our employees have the opportunity to take part in many workshops and courses organized by DARPOL.<\/td>\n<\/tr>\n<\/tbody>\n<tbody>\n<tr>\n<td width=\"133\">&nbsp;<\/p>\n<p><img loading=\"lazy\" decoding=\"async\" class=\"wp-image-55504 aligncenter\" src=\"https:\/\/darpol.bydgoszcz.pl\/wp-content\/uploads\/dzien-kolejarza-Darpol.png\" width=\"160\" height=\"76\" \/><\/td>\n<td width=\"486\">&nbsp;<\/p>\n<p>Railway community<\/p>\n<p>We operate in the railway industry, so we support the activities of railway enthusiasts very much. That is why we donated a set of parts and elements for rail vehicles that enrich the local interesting collection of railway exhibits placed in the Chamber of Railway Tradition in Bydgoszcz. We are very happy that we could support their work with our gifts.<\/td>\n<\/tr>\n<\/tbody>\n<tbody>\n<tr>\n<td width=\"133\">&nbsp;<\/p>\n<p><img loading=\"lazy\" decoding=\"async\" class=\"wp-image-55504 aligncenter\" src=\"https:\/\/darpol.bydgoszcz.pl\/wp-content\/uploads\/Darpolove-szpital.jpg\" width=\"160\" height=\"76\" \/><\/td>\n<td width=\"486\">&nbsp;<\/p>\n<p>DARPOLOVE<\/p>\n<p>As a part of Darpol\u2764\ufe0fve action we help to fight COVID-19.<\/p>\n<p>It\u2019s been very difficult weeks for us and other companies. Nevertheless, we tried to help those whose situation was even harder today.<br \/>\nThat is why we delivered to the ER at the MSWiA hospital in Bydgoszcz a necessary and highly needed medical equipment: certified masks, protective helmets, disinfectant and antibacterial liquids, hand creams, a special medical device supporting the treatment of lung diseases.<br \/>\nLet our little brick contribute to fight the epidemic!<\/td>\n<\/tr>\n<\/tbody>\n<\/table>\n<table style=\"height: 515px;\" width=\"635\">\n<tbody>\n<tr>\n<td width=\"133\">&nbsp;<\/p>\n<p><img loading=\"lazy\" decoding=\"async\" class=\"alignnone wp-image-56633 size-medium\" src=\"https:\/\/darpol.bydgoszcz.pl\/wp-content\/uploads\/agenda-gc73983a4e_640-300x217.png\" alt=\"\" width=\"300\" height=\"217\" srcset=\"https:\/\/darpol.bydgoszcz.pl\/wp-content\/uploads\/agenda-gc73983a4e_640-300x217.png 300w, https:\/\/darpol.bydgoszcz.pl\/wp-content\/uploads\/agenda-gc73983a4e_640-150x109.png 150w, https:\/\/darpol.bydgoszcz.pl\/wp-content\/uploads\/agenda-gc73983a4e_640-600x434.png 600w, https:\/\/darpol.bydgoszcz.pl\/wp-content\/uploads\/agenda-gc73983a4e_640.png 640w\" sizes=\"auto, (max-width: 300px) 100vw, 300px\" \/><\/td>\n<td width=\"486\">&nbsp;<\/p>\n<p>GOVERNANCE<\/p>\n<p>Whan comes to building the company&#8217;s &#8220;system&#8221;, its durability and resistance, it is very important for us to professionalize and develop a flexible, quickly adapting to the constantly changing reality (VUCA) organizational order. An important element of this order is the succession process led in the company, which secures the future long-term functioning of the company, giving our clients and other partners the confidence that they will be able to count on us not only today, but also in the future.<\/td>\n<\/tr>\n<\/tbody>\n<\/table>\n<p>&nbsp;<\/p>\n<p>&nbsp;<\/p>\n","protected":false},"excerpt":{"rendered":"<p>DARPOL is a family company, so we have the idea of socially responsible business in our DNA. Find the examples of actions we take: &nbsp; &nbsp; &nbsp; &nbsp; &nbsp; &nbsp; With our everyday work we make modern rail transport better, safer and more and more comfortable for our society. Thanks to that they can get &hellip;<\/p>\n","protected":false},"author":14,"featured_media":0,"parent":0,"menu_order":0,"comment_status":"closed","ping_status":"closed","template":"template-fullwidth.php","meta":{"om_disable_all_campaigns":false,"_monsterinsights_skip_tracking":false,"_monsterinsights_sitenote_active":false,"_monsterinsights_sitenote_note":"","_monsterinsights_sitenote_category":0,"_uf_show_specific_survey":0,"_uf_disable_surveys":false,"footnotes":""},"class_list":["post-49954","page","type-page","status-publish","hentry"],"yoast_head":"<!-- This site is optimized with the Yoast SEO plugin v23.0 - https:\/\/yoast.com\/wordpress\/plugins\/seo\/ -->\n<title>ESG and CSR - Darpol Bydgoszcz<\/title>\n<meta name=\"robots\" content=\"index, follow, max-snippet:-1, max-image-preview:large, max-video-preview:-1\" \/>\n<link rel=\"canonical\" href=\"https:\/\/darpol.bydgoszcz.pl\/en\/csrang\/\" \/>\n<meta property=\"og:locale\" content=\"en_US\" \/>\n<meta property=\"og:type\" content=\"article\" \/>\n<meta property=\"og:title\" content=\"ESG and CSR - Darpol Bydgoszcz\" \/>\n<meta property=\"og:description\" content=\"DARPOL is a family company, so we have the idea of socially responsible business in our DNA. Find the examples of actions we take: &nbsp; &nbsp; &nbsp; &nbsp; &nbsp; &nbsp; With our everyday work we make modern rail transport better, safer and more and more comfortable for our society. Thanks to that they can get &hellip;\" \/>\n<meta property=\"og:url\" content=\"https:\/\/darpol.bydgoszcz.pl\/en\/csrang\/\" \/>\n<meta property=\"og:site_name\" content=\"Darpol Bydgoszcz\" \/>\n<meta property=\"article:modified_time\" content=\"2023-07-14T11:39:40+00:00\" \/>\n<meta property=\"og:image\" content=\"https:\/\/darpol.bydgoszcz.pl\/wp-content\/uploads\/81bk6mQ231L-300x300.png\" \/>\n<meta name=\"twitter:card\" content=\"summary_large_image\" \/>\n<meta name=\"twitter:label1\" content=\"Est. reading time\" \/>\n\t<meta name=\"twitter:data1\" content=\"11 minutes\" \/>\n<script type=\"application\/ld+json\" class=\"yoast-schema-graph\">{\"@context\":\"https:\/\/schema.org\",\"@graph\":[{\"@type\":\"WebPage\",\"@id\":\"https:\/\/darpol.bydgoszcz.pl\/en\/csrang\/\",\"url\":\"https:\/\/darpol.bydgoszcz.pl\/en\/csrang\/\",\"name\":\"ESG and CSR - Darpol Bydgoszcz\",\"isPartOf\":{\"@id\":\"https:\/\/darpol.bydgoszcz.pl\/#website\"},\"primaryImageOfPage\":{\"@id\":\"https:\/\/darpol.bydgoszcz.pl\/en\/csrang\/#primaryimage\"},\"image\":{\"@id\":\"https:\/\/darpol.bydgoszcz.pl\/en\/csrang\/#primaryimage\"},\"thumbnailUrl\":\"https:\/\/darpol.bydgoszcz.pl\/wp-content\/uploads\/81bk6mQ231L-300x300.png\",\"datePublished\":\"2016-04-07T11:11:53+00:00\",\"dateModified\":\"2023-07-14T11:39:40+00:00\",\"breadcrumb\":{\"@id\":\"https:\/\/darpol.bydgoszcz.pl\/en\/csrang\/#breadcrumb\"},\"inLanguage\":\"en-US\",\"potentialAction\":[{\"@type\":\"ReadAction\",\"target\":[\"https:\/\/darpol.bydgoszcz.pl\/en\/csrang\/\"]}]},{\"@type\":\"ImageObject\",\"inLanguage\":\"en-US\",\"@id\":\"https:\/\/darpol.bydgoszcz.pl\/en\/csrang\/#primaryimage\",\"url\":\"https:\/\/darpol.bydgoszcz.pl\/wp-content\/uploads\/81bk6mQ231L-300x300.png\",\"contentUrl\":\"https:\/\/darpol.bydgoszcz.pl\/wp-content\/uploads\/81bk6mQ231L-300x300.png\"},{\"@type\":\"BreadcrumbList\",\"@id\":\"https:\/\/darpol.bydgoszcz.pl\/en\/csrang\/#breadcrumb\",\"itemListElement\":[{\"@type\":\"ListItem\",\"position\":1,\"name\":\"Strona g\u0142\u00f3wna\",\"item\":\"https:\/\/darpol.bydgoszcz.pl\/en\/\"},{\"@type\":\"ListItem\",\"position\":2,\"name\":\"ESG and CSR\"}]},{\"@type\":\"WebSite\",\"@id\":\"https:\/\/darpol.bydgoszcz.pl\/#website\",\"url\":\"https:\/\/darpol.bydgoszcz.pl\/\",\"name\":\"Darpol Bydgoszcz\",\"description\":\"\",\"potentialAction\":[{\"@type\":\"SearchAction\",\"target\":{\"@type\":\"EntryPoint\",\"urlTemplate\":\"https:\/\/darpol.bydgoszcz.pl\/?s={search_term_string}\"},\"query-input\":\"required name=search_term_string\"}],\"inLanguage\":\"en-US\"}]}<\/script>\n<!-- \/ Yoast SEO plugin. -->","yoast_head_json":{"title":"ESG and CSR - Darpol Bydgoszcz","robots":{"index":"index","follow":"follow","max-snippet":"max-snippet:-1","max-image-preview":"max-image-preview:large","max-video-preview":"max-video-preview:-1"},"canonical":"https:\/\/darpol.bydgoszcz.pl\/en\/csrang\/","og_locale":"en_US","og_type":"article","og_title":"ESG and CSR - Darpol Bydgoszcz","og_description":"DARPOL is a family company, so we have the idea of socially responsible business in our DNA. Find the examples of actions we take: &nbsp; &nbsp; &nbsp; &nbsp; &nbsp; &nbsp; With our everyday work we make modern rail transport better, safer and more and more comfortable for our society. Thanks to that they can get &hellip;","og_url":"https:\/\/darpol.bydgoszcz.pl\/en\/csrang\/","og_site_name":"Darpol Bydgoszcz","article_modified_time":"2023-07-14T11:39:40+00:00","og_image":[{"url":"https:\/\/darpol.bydgoszcz.pl\/wp-content\/uploads\/81bk6mQ231L-300x300.png"}],"twitter_card":"summary_large_image","twitter_misc":{"Est. reading time":"11 minutes"},"schema":{"@context":"https:\/\/schema.org","@graph":[{"@type":"WebPage","@id":"https:\/\/darpol.bydgoszcz.pl\/en\/csrang\/","url":"https:\/\/darpol.bydgoszcz.pl\/en\/csrang\/","name":"ESG and CSR - Darpol Bydgoszcz","isPartOf":{"@id":"https:\/\/darpol.bydgoszcz.pl\/#website"},"primaryImageOfPage":{"@id":"https:\/\/darpol.bydgoszcz.pl\/en\/csrang\/#primaryimage"},"image":{"@id":"https:\/\/darpol.bydgoszcz.pl\/en\/csrang\/#primaryimage"},"thumbnailUrl":"https:\/\/darpol.bydgoszcz.pl\/wp-content\/uploads\/81bk6mQ231L-300x300.png","datePublished":"2016-04-07T11:11:53+00:00","dateModified":"2023-07-14T11:39:40+00:00","breadcrumb":{"@id":"https:\/\/darpol.bydgoszcz.pl\/en\/csrang\/#breadcrumb"},"inLanguage":"en-US","potentialAction":[{"@type":"ReadAction","target":["https:\/\/darpol.bydgoszcz.pl\/en\/csrang\/"]}]},{"@type":"ImageObject","inLanguage":"en-US","@id":"https:\/\/darpol.bydgoszcz.pl\/en\/csrang\/#primaryimage","url":"https:\/\/darpol.bydgoszcz.pl\/wp-content\/uploads\/81bk6mQ231L-300x300.png","contentUrl":"https:\/\/darpol.bydgoszcz.pl\/wp-content\/uploads\/81bk6mQ231L-300x300.png"},{"@type":"BreadcrumbList","@id":"https:\/\/darpol.bydgoszcz.pl\/en\/csrang\/#breadcrumb","itemListElement":[{"@type":"ListItem","position":1,"name":"Strona g\u0142\u00f3wna","item":"https:\/\/darpol.bydgoszcz.pl\/en\/"},{"@type":"ListItem","position":2,"name":"ESG and CSR"}]},{"@type":"WebSite","@id":"https:\/\/darpol.bydgoszcz.pl\/#website","url":"https:\/\/darpol.bydgoszcz.pl\/","name":"Darpol Bydgoszcz","description":"","potentialAction":[{"@type":"SearchAction","target":{"@type":"EntryPoint","urlTemplate":"https:\/\/darpol.bydgoszcz.pl\/?s={search_term_string}"},"query-input":"required name=search_term_string"}],"inLanguage":"en-US"}]}},"_links":{"self":[{"href":"https:\/\/darpol.bydgoszcz.pl\/en\/wp-json\/wp\/v2\/pages\/49954","targetHints":{"allow":["GET"]}}],"collection":[{"href":"https:\/\/darpol.bydgoszcz.pl\/en\/wp-json\/wp\/v2\/pages"}],"about":[{"href":"https:\/\/darpol.bydgoszcz.pl\/en\/wp-json\/wp\/v2\/types\/page"}],"author":[{"embeddable":true,"href":"https:\/\/darpol.bydgoszcz.pl\/en\/wp-json\/wp\/v2\/users\/14"}],"replies":[{"embeddable":true,"href":"https:\/\/darpol.bydgoszcz.pl\/en\/wp-json\/wp\/v2\/comments?post=49954"}],"version-history":[{"count":0,"href":"https:\/\/darpol.bydgoszcz.pl\/en\/wp-json\/wp\/v2\/pages\/49954\/revisions"}],"wp:attachment":[{"href":"https:\/\/darpol.bydgoszcz.pl\/en\/wp-json\/wp\/v2\/media?parent=49954"}],"curies":[{"name":"wp","href":"https:\/\/api.w.org\/{rel}","templated":true}]}}