{"id":49949,"date":"2016-03-31T12:38:21","date_gmt":"2016-03-31T10:38:21","guid":{"rendered":"http:\/\/darpol.bydgoszcz.pl\/en\/?page_id=49949"},"modified":"2026-04-01T14:24:54","modified_gmt":"2026-04-01T12:24:54","slug":"darpol-in-the-media","status":"publish","type":"page","link":"https:\/\/darpol.bydgoszcz.pl\/en\/darpol-in-the-media\/","title":{"rendered":"DARPOL &#8211; in the media"},"content":{"rendered":"<p><strong>TV:<\/strong><\/p>\n<p><a class=\"media-link\" href=\"https:\/\/www.youtube.com\/watch?v=m3GpzYa7h-I&amp;feature=youtu.be&amp;t=511\"><img loading=\"lazy\" decoding=\"async\" class=\"alignleft wp-image-1258 size-medium\" title=\"TV Toru\u0144 \" src=\"https:\/\/darpol.bydgoszcz.pl\/wp-content\/uploads\/tvtorun.jpg\" data-gal='prettyPhoto' rel='prettyPhoto' alt=\"TV Toru\u0144 \" width=\"200\" height=\"150\" \/> TV Toru\u0144 &#8211; Interesting local companies<\/a><\/p>\n<p><a class=\"media-link\" title=\"Relacja z Trako 2011 - TV Biznes\" href=\"http:\/\/www.youtube.com\/watch?v=9npjUHP0xko\" target=\"_blank\" rel=\"noopener noreferrer\"><img loading=\"lazy\" decoding=\"async\" class=\"alignleft wp-image-1282\" title=\"Darpol na Trako 2011 w TV Biznes\" src=\"https:\/\/darpol.bydgoszcz.pl\/wp-content\/uploads\/darpol-na-trako-2011-darpol-na-trako-2011-w-tv-biznes.jpg\" data-gal='prettyPhoto' rel='prettyPhoto' alt=\"Darpol na Trako 2011 w TV Biznes\" width=\"200\" height=\"150\" \/> TV Biznes &#8211; Trako 2011 report &#8211; October 2011.<\/a><\/p>\n<p><a class=\"media-link\" title=\"DARPOL_TVN24 02.08.2013.\" href=\"http:\/\/www.tvn24.pl\/igrzyska-olimpijskie-2012,63,m\/najglosniejszy-w-europie-bydgoski-sygnalizator-na-igrzyskach,268624.html\" target=\"_blank\" rel=\"noopener noreferrer\"><img loading=\"lazy\" decoding=\"async\" class=\"alignleft wp-image-1266 size-medium\" title=\"TVN24 - Olimpijski wywiad z Aleksandr\u0105 Jasi\u0144sk\u0105-Kloska\" src=\"https:\/\/darpol.bydgoszcz.pl\/wp-content\/uploads\/\/aleksandra-jasinska-bydgoszcz-tvn24-olimpijski-wywiad-z-aleksandra-jasinska-kloska-300x239.jpg\" data-gal='prettyPhoto' rel='prettyPhoto' alt=\"TVN24 - Olimpijski wywiad z Aleksandr\u0105 Jasi\u0144sk\u0105-Kloska\" width=\"200\" height=\"150\" \/> TVN24 &#8211; The loudest in Europe. Buzzer from Bydgoszcz in the Olympic Games &#8211; 02.08.2012.<\/a><\/p>\n<p><a class=\"media-link\" title=\"Darpol w Zbli\u017ceniach TVP Bydgoszcz\" href=\"http:\/\/www.tvp.pl\/bydgoszcz\/informacja\/zblizenia\/wideo\/208-g-1830\/8159559\" target=\"_blank\" rel=\"noopener noreferrer\"><img loading=\"lazy\" decoding=\"async\" class=\"alignleft wp-image-1270\" title=\"TVP Bydgoszcz - Dariusz Jasi\u0144ski o sygnalizatorach na Olimpiadzie\" src=\"https:\/\/darpol.bydgoszcz.pl\/wp-content\/uploads\/tvp-bdg-2012-tvp-bydgoszcz-dariusz-jasinski-o-sygnalizatorach-na-olimpiadzie.jpg\" data-gal='prettyPhoto' rel='prettyPhoto' alt=\"TVP Bydgoszcz - Dariusz Jasi\u0144ski o sygnalizatorach na Olimpiadzie\" width=\"200\" height=\"150\" srcset=\"https:\/\/darpol.bydgoszcz.pl\/wp-content\/uploads\/tvp-bdg-2012-tvp-bydgoszcz-dariusz-jasinski-o-sygnalizatorach-na-olimpiadzie.jpg 160w, https:\/\/darpol.bydgoszcz.pl\/wp-content\/uploads\/tvp-bdg-2012-tvp-bydgoszcz-dariusz-jasinski-o-sygnalizatorach-na-olimpiadzie-150x113.jpg 150w\" sizes=\"auto, (max-width: 200px) 100vw, 200px\" \/> TVP Bydgoszcz &#8211; News &#8211; 02.08.2012.<\/a><\/p>\n<p><a class=\"media-link\" title=\"Reklama Okocim - sygnalizator do pi\u0142ki siatkowej\" href=\"http:\/\/youtu.be\/TwNNXeqGbco?t=11s\" target=\"_blank\" rel=\"noopener noreferrer\"><img loading=\"lazy\" decoding=\"async\" class=\"alignleft wp-image-1274\" title=\"Nasz sygnalizator w reklamie TV\" src=\"https:\/\/darpol.bydgoszcz.pl\/wp-content\/uploads\/okocim-nasz-sygnalizator-w-reklamie-tv.jpg\" data-gal='prettyPhoto' rel='prettyPhoto' alt=\"Nasz sygnalizator w reklamie TV\" width=\"200\" height=\"150\" srcset=\"https:\/\/darpol.bydgoszcz.pl\/wp-content\/uploads\/okocim-nasz-sygnalizator-w-reklamie-tv.jpg 160w, https:\/\/darpol.bydgoszcz.pl\/wp-content\/uploads\/okocim-nasz-sygnalizator-w-reklamie-tv-150x113.jpg 150w\" sizes=\"auto, (max-width: 200px) 100vw, 200px\" \/> Buzzer in TV advertising <\/a><\/p>\n<p><a class=\"media-link\" title=\"Dariusz Jasi\u0144ski i Aleksandra Jasi\u0144ska-Kloska z s\u0119dziami podczas Mistrzostw \u015awiata w siatk\u00f3wce - IX 2014\" href=\"http:\/\/www.tvp.pl\/bydgoszcz\/sportowe\/sektor-kibica\/wideo\/z-piotrem-makowskim-1409\/16847255\"><img loading=\"lazy\" decoding=\"async\" class=\"alignleft wp-image-1262 size-medium\" title=\"TVP Bydgoszcz - Dariusz Jasi\u0144ski i Aleksandra Jasi\u0144ska-Kloska\" src=\"https:\/\/darpol.bydgoszcz.pl\/wp-content\/uploads\/\/tvp-bydgoszcz-dariusz-jasinski-i-aleksandra-jasinska-tvp-bydgoszcz-dariusz-jasinski-i-aleksandra-jasinska-kloska-300x225.jpg\" data-gal='prettyPhoto' rel='prettyPhoto' alt=\"TVP Bydgoszcz - Dariusz Jasi\u0144ski i Aleksandra Jasi\u0144ska-Kloska\" width=\"200\" height=\"150\" srcset=\"https:\/\/darpol.bydgoszcz.pl\/wp-content\/uploads\/tvp-bydgoszcz-dariusz-jasinski-i-aleksandra-jasinska-tvp-bydgoszcz-dariusz-jasinski-i-aleksandra-jasinska-kloska-300x225.jpg 300w, https:\/\/darpol.bydgoszcz.pl\/wp-content\/uploads\/tvp-bydgoszcz-dariusz-jasinski-i-aleksandra-jasinska-tvp-bydgoszcz-dariusz-jasinski-i-aleksandra-jasinska-kloska-600x450.jpg 600w, https:\/\/darpol.bydgoszcz.pl\/wp-content\/uploads\/tvp-bydgoszcz-dariusz-jasinski-i-aleksandra-jasinska-tvp-bydgoszcz-dariusz-jasinski-i-aleksandra-jasinska-kloska-150x112.jpg 150w, https:\/\/darpol.bydgoszcz.pl\/wp-content\/uploads\/tvp-bydgoszcz-dariusz-jasinski-i-aleksandra-jasinska-tvp-bydgoszcz-dariusz-jasinski-i-aleksandra-jasinska-kloska.JPG 922w\" sizes=\"auto, (max-width: 200px) 100vw, 200px\" \/> TVP Bydgoszcz wrzesie\u0144 2014 &#8211; with international referees during Volleyball World Championship<\/a><\/p>\n<p><a class=\"media-link\" title=\"Wywiad z Dariuszem Jasi\u0144skim\" href=\"http:\/\/youtu.be\/epCn2fLtMEI\" target=\"_blank\" rel=\"noopener noreferrer\"><img loading=\"lazy\" decoding=\"async\" class=\"alignleft wp-image-1258 size-medium\" title=\"Dariusz Jasi\u0144ski - przed premier\u0105 filmu &quot;Dru\u017cyna&quot;\" src=\"https:\/\/darpol.bydgoszcz.pl\/wp-content\/uploads\/\/dariusz-jasinski-wywiad-dariusz-jasinski-przed-premiera-filmu-druzyna-300x177.jpg\" data-gal='prettyPhoto' rel='prettyPhoto' alt=\"Dariusz Jasi\u0144ski - przed premier\u0105 filmu &quot;Dru\u017cyna&quot;\" width=\"200\" height=\"150\" \/> i-TVM Grudzi\u0105dz &#8211; interview with Dariusz Jasi\u0144ski<\/a><\/p>\n<p><a class=\"media-link\" href=\"https:\/\/bydgoszcz.tvp.pl\/92294821\/biznes-to-biznes-odc-51-26032026\"><img loading=\"lazy\" decoding=\"async\" class=\"alignleft wp-image-1278 size-medium\" title=\"TVP Bydgoszcz - \" src=\"https:\/\/darpol.bydgoszcz.pl\/wp-content\/uploads\/TVP-Darpol-1.jpg\" data-gal='prettyPhoto' rel='prettyPhoto' alt=\"TVP Bydgoszcz - \" width=\"200\" height=\"150\" \/> TVP Bydgoszcz &#8211; &#8220;Business is Business&#8221;, 26.03.2026 &#8211; about us from the 27:45 minute<\/a><\/p>\n<p>&nbsp;<\/p>\n<p><strong>PRESS:<\/strong><\/p>\n<p><a href=\"https:\/\/darpol.bydgoszcz.pl\/wp-content\/uploads\/Kod-Sukcesu-PARP__Darpol.pdf\" target=\"_blank\" rel=\"noopener\">Polish Agency of Regional Development\u00a0 &#8220;Success code&#8221; &#8211; autumn 2025<\/a><\/p>\n<p><a href=\"https:\/\/expressbydgoski.pl\/odznaczenia-panstwowe-i-resortowe-od-wojewody-mamy-zdjecia-z-uroczystosci-w-urzedzie-wojewodzkim-w-bydgoszczy\/ar\/c1p2-27516991\" target=\"_blank\" rel=\"noopener\">Express Bydgoski &#8220;<span class=\"HwtZe\" lang=\"en\"><span class=\"jCAhz ChMk0b\"><span class=\"ryNqvb\">State and departmental decorations from the Voivode<\/span><\/span><\/span>&#8221; &#8211; 29.04.2025<\/a><\/p>\n<p><a href=\"https:\/\/raportkolejowy.pl\/przedstawiciele-bydgoskiej-firmy-darpol-z-prestizowymi-wyroznieniami\/\" target=\"_blank\" rel=\"noopener\">Railway Report &#8220;Representatives of DARPOL with prestigious awards&#8221; &#8211; 30.04.2025<\/a><\/p>\n<p><a href=\"https:\/\/raportkolejowy.pl\/syrena-dzwiekowa-firmy-darpol-z-nagroda-specjalna-prezydenta-bydgoszczy\/?fbclid=IwZXh0bgNhZW0CMTEAAR05It2SyIS5YvdIaH-TsmveYstpqa_Eg8zQ5EPbyjEM_pL223SsDiyLRkg_aem_4jUFFJwKqM5sSbVRBaH_1A\" target=\"_blank\" rel=\"noopener\">Railway Report &#8220;Anti-freeze railway horn with the special Prize of Bydgoszcz City President&#8221; &#8211; 14.11.2024<\/a><\/p>\n<p><a href=\"https:\/\/darpol.bydgoszcz.pl\/wp-content\/uploads\/Darpol-reflektory-kolejowe-Tomasz-Kloska.jpg\" data-gal='prettyPhoto' rel='prettyPhoto' target=\"_blank\" rel=\"noopener\">Railway Report &#8220;New lights&#8221; &#8211; April 2024<\/a><\/p>\n<p><a href=\"https:\/\/www.trojmiasto.pl\/wiadomosci\/Pociagi-SKM-beda-lepiej-widoczne-po-zmroku-Wymiana-reflektorow-w-16-pojazdach-n186248.html\">Trojmiasto.pl\u00a0 &#8220;SKM&#8217;s EMUs will be seen better after dark&#8221; &#8211; 09.02.2024<\/a><\/p>\n<p><a href=\"https:\/\/kolejowyportal.pl\/16-pojazdow-skm-trojmiasto-zyska-reflektory-led\/?fbclid=IwAR27_XXJuxuxmjlY3MpvP7irS-dyb9JpcDTs-y6uOwPJ8gNMOYStlh6flhA\">Railway Portal &#8220;16 railway units of SKM Tr\u00f3jmiasto gain LED head lights&#8221; &#8211; 11.02.2024<\/a><\/p>\n<p><a href=\"https:\/\/darpol.bydgoszcz.pl\/wp-content\/uploads\/artykul-Forbes.pdf\">Forbes &#8220;Impulse for growth&#8221; &#8211; 12.2023<\/a><\/p>\n<p><a href=\"http:\/\/businesspl.com\/index.php\/branza-metalowa\/19914-darpol-sp-z-o-o-sp-k-35-lat-doswiadczenia-i-innowacyjnosci-w-branzy-kolejowej\">BusinessPL.com &#8220;35 years of experience and innovations in railway sector&#8221; (interview with Aleksandra Jasi\u0144ska-Kloska) &#8211; edition 2\/2023<\/a><\/p>\n<p><a href=\"https:\/\/raportkolejowy.pl\/dariusz-jasinski-prezes-firmy-darpol-najwazniejsza-jest-odpowiedzialnosc-wywiad\/?fbclid=IwAR2bZXd1FVlVDzz1NSrxRecdarZrX6-rzkGSVNPp--4ohrBiWfB60j3R4fE\"><span class=\"HwtZe\" lang=\"ru\"><span class=\"jCAhz ChMk0b\"><span class=\"ryNqvb\">Railway Report<\/span><\/span><\/span> &#8220;<span class=\"HwtZe\" lang=\"en\"><span class=\"jCAhz ChMk0b\"><span class=\"ryNqvb\">Responsibility comes first (interview)<\/span><\/span><\/span>&#8221; &#8211; <span class=\"HwtZe\" lang=\"ru\"><span class=\"jCAhz ChMk0b\"><span class=\"ryNqvb\">21.08.2021<\/span><\/span><\/span><\/a><\/p>\n<p><a href=\"https:\/\/absolwent.umk.pl\/abs\/aktywni-absolwenci-umk\/?id=23592\">Graduates UMK &#8220;Active alumns UMK &#8211; Dariusz Jasi\u0144ski&#8221; &#8211; February 2022<\/a><\/p>\n<p><a href=\"https:\/\/bydgoszcz.wyborcza.pl\/bydgoszcz\/7,48722,27736683,szukamy-zlotych-gwiazd-dariusz-jasinski-nie-wierzylem-ze.html?utm_source=facebook.com&amp;utm_medium=SM&amp;utm_campaign=FB_Bydgoszcz_Wyborcza&amp;fbclid=IwAR1fKGLZkF_DKpeMhj9qGYm60AIdSMcQxT7StXJ7lpuksewV-yb0N3LaZzI&amp;disableRedirects=true\">Gazeta Wyborcza &#8220;In search of Golden Stars. Dariusz Jasi\u0144ski.&#8221; &#8211; 29.10.2021<\/a><\/p>\n<p><a href=\"https:\/\/darpol.bydgoszcz.pl\/wp-content\/uploads\/Biuletyn-Wydzialu-Sedziowskiego.jpg\" data-gal='prettyPhoto' rel='prettyPhoto'>Bulletin of the Refereeing Departament by Polish Volleyball Federation &#8220;After Paralympic Games&#8221;- Sept. 2021<\/a><\/p>\n<p><a href=\"https:\/\/raportkolejowy.pl\/dariusz-jasinski-prezes-firmy-darpol-najwazniejsza-jest-odpowiedzialnosc-wywiad\/?fbclid=IwAR2bZXd1FVlVDzz1NSrxRecdarZrX6-rzkGSVNPp--4ohrBiWfB60j3R4fE\">Railway Report &#8220;Responsible is paramount&#8221; &#8211; 24.08.2021<\/a><\/p>\n<p><a href=\"https:\/\/expressbydgoski.pl\/bydgoski-sedzia-siatkarski-z-prestizowym-wyroznieniem\/ar\/c1-14955692?utm_source=facebook.com&amp;utm_medium=express_bydgoski&amp;utm_content=sport&amp;utm_campaign=bydgoski-sedzia-siatkarski-z-prestizowym-wyroznieniem&amp;fbclid=IwAR2Y1zUtriaY2XSfpGQnpi55BHca74RdRKMEB7nBIFr7R6lwymREHg1hhfM\">Express Bydgoski\u00a0 &#8220;Referee from Bydgoszcz appreciated by international federation&#8221; &#8211; 07.04.2020<\/a><\/p>\n<p><a href=\"https:\/\/bydgoszcz.wyborcza.pl\/bydgoszcz\/7,48722,25679424,podczas-balu-pracodawcow-w-bydgoszczy-wreczono-nagrody-najlepszym.html\">Gazeta Wyborcza\u00a0 &#8220;Best regional companies awarded during employer&#8217;s gala &#8221; &#8211; 09.02.2020<\/a><\/p>\n<p><span class=\"componentsArticleGallery__captionDescription\"><a href=\"https:\/\/pomorska.pl\/zobacz-zdjecia-z-gali-konkursu-pracodawca-pomorza-i-kujaw-2019-lista-laureatow\/ar\/c3-14773826\">Gazeta Pomorska &#8220;Employers&#8217; Gala 2020&#8221;\u00a0 &#8211; 08.02.2020<\/a><\/span><\/p>\n<p><a href=\"https:\/\/darpol.bydgoszcz.pl\/wp-content\/uploads\/Raport-Kolejowy-XII-2019-s.jpg\" data-gal='prettyPhoto' rel='prettyPhoto'>Raport Kolejowy &#8220;Railway days&#8221; &#8211; 6\/2019<\/a><\/p>\n<p><a href=\"https:\/\/darpol.bydgoszcz.pl\/wp-content\/uploads\/Nie-tylko-dla-kolei-Darpol-GW.jpg\" data-gal='prettyPhoto' rel='prettyPhoto'>Gazeta Wyborcza &#8220;Not only for the railways&#8221; &#8211; 29.11.2019<\/a><\/p>\n<p><a href=\"https:\/\/www.rynek-kolejowy.pl\/wiadomosci\/30lecie-darpol-bydgoszcz-89295.html\" target=\"_blank\" rel=\"noopener noreferrer\">Rynek Kolejowy &#8220;30-lecie DARPOL Bydgoszcz&#8221; &#8211; 05.11.2018<\/a><\/p>\n<p><a href=\"https:\/\/darpol.bydgoszcz.pl\/wp-content\/uploads\/Raport-Kolejowy-DARPOL-30-lat.jpg\" data-gal='prettyPhoto' rel='prettyPhoto' target=\"_blank\" rel=\"noopener noreferrer\">Raport Kolejowy &#8220;30 years of DARPOL&#8221; &#8211; 6\/2018<\/a><\/p>\n<p><a href=\"https:\/\/www.rynek-kolejowy.pl\/wiadomosci\/30lecie-darpol-bydgoszcz-89295.html\" target=\"_blank\" rel=\"noopener noreferrer\">Rynek Kolejowy &#8220;30th anniversary of DARPOL Bydgoszcz&#8221; &#8211; 05.11.2018<\/a><\/p>\n<p><a href=\"https:\/\/darpol.bydgoszcz.pl\/wp-content\/uploads\/Konferencja-PKP-IC-T.-Kloska.jpg\" data-gal='prettyPhoto' rel='prettyPhoto' target=\"_blank\" rel=\"noopener noreferrer\">Raport Kolejowy\u00a0 &#8220;Konferencja Techniczno-Naprawcza PKP Intercity S.A. &#8211; 6\/2018\u00a0<\/a><\/p>\n<p><a href=\"https:\/\/darpol.bydgoszcz.pl\/wp-content\/uploads\/express-bydgoski-Dariusz-Jasinski.jpg\" data-gal='prettyPhoto' rel='prettyPhoto' target=\"_blank\" rel=\"noopener noreferrer\">Express Bydgoski &#8220;Hero of the day&#8221; &#8211; 29.10.2018.<\/a><\/p>\n<p><a href=\"http:\/\/darpol.bydgoszcz.pl\/wp-content\/uploads\/Ola_Jasinska_Kloska-w-Family-Business.pdf\">Family Business\u00a0<span id=\"result_box\" class=\"short_text\" lang=\"ru\"><\/span> &#8220;<em>Family companies in the world\u00a0 &#8211; Business woman<\/em>&#8221; &#8211; <span id=\"result_box\" class=\"short_text\" lang=\"ru\"><span class=\"\">September<\/span><\/span> 2017.<\/a><\/p>\n<p><a href=\"http:\/\/darpol.bydgoszcz.pl\/wp-content\/uploads\/PolskiPrzemys\u0142-Darpol-.pdf\"><span id=\"result_box\" class=\"short_text\" lang=\"ru\"><span class=\"\">Polish Industry<\/span><\/span> &#8220;<em><span id=\"result_box\" class=\"short_text\" lang=\"ru\"><span class=\"\">On a good track<\/span><\/span><\/em>&#8221; &#8211; <span id=\"result_box\" class=\"short_text\" lang=\"ru\"><span class=\"\">September<\/span><\/span> 2017.<\/a><\/p>\n<p><a href=\"http:\/\/darpol.bydgoszcz.pl\/wp-content\/uploads\/Biznes-artyku\u0142-firmy-rodzinne.pdf\"> Gazeta Pomorska &#8211; Time for Business\u00a0 &#8220;<span id=\"result_box\" class=\"short_text\" lang=\"en\"><span class=\"\">When business matters amix with private<\/span><\/span> ones&#8221; &#8211; 30.11.2016.<\/a><\/p>\n<p><a href=\"http:\/\/metropoliabydgoska.pl\/bydgoska-firma-obecna-na-igrzyskach-w-rio-co-wyprodukowala\/\">Metropolia Bydgoska &#8220;<em>Company from Bydgoszcz in<\/em> Rio&#8221; &#8211; 16.08.2016.<\/a><\/p>\n<p><a href=\"http:\/\/sport.express.bydgoski.pl\/358238,Sprzet-poleci-do-Rio-To-jak-nominacja-do-Oscara.html\">Express Bydgoski &#8220;<em>Equipment from Bydgoszcz goes to Rio. It&#8217;s like a nomination to Oscar<\/em>!&#8221; &#8211; 07.07.2016.<\/a><\/p>\n<p><a href=\"http:\/\/darpol.bydgoszcz.pl\/wp-content\/uploads\/Sukcesorki.pdf\">Success magazine &#8220;<em>Successors<\/em>&#8221; &#8211; March 2016<\/a><\/p>\n<p><a href=\"http:\/\/portal.firmyrodzinne.eu\/resource\/darpol-geny-pasji-i-kolejnictwa\">&#8220;<em>Family company. Stories of Polish enterpreneurs<\/em>&#8221;\u00a0 &#8211; December 2015<\/a><\/p>\n<p><a title=\"Express Bydgoski - Darpol\" href=\"http:\/\/darpol.bydgoszcz.pl\/wp-content\/uploads\/express-2012-nasz-sprzet-pilnuje-siatkarzy.JPG\" data-gal='prettyPhoto' rel='prettyPhoto' target=\"_blank\" rel=\"noopener noreferrer\">Express Bydgoski <em>&#8220;Our equipment watches volleyball players&#8221;<\/em> &#8211; 01.08.2012.<\/a><\/p>\n<p><a title=\"Express Bydgoski - Darpol 01.08.2013.\" href=\"http:\/\/darpol.bydgoszcz.pl\/wp-content\/uploads\/express-bydgoski-bydgoski-watek-olimpijski.jpg\" data-gal='prettyPhoto' rel='prettyPhoto' target=\"_blank\" rel=\"noopener noreferrer\">Express Bydgoski <em>&#8220;Olympic clue in Bydgoszcz&#8221;<\/em> &#8211; 01.08.2012.<\/a><\/p>\n<p><a title=\"Magazyn Siatk\u00f3wka - sygnalizatory Darpol\" href=\"http:\/\/darpol.bydgoszcz.pl\/wp-content\/uploads\/Art.-Magazyn-Siatk\u00f3wka.jpg\" data-gal='prettyPhoto' rel='prettyPhoto' target=\"_blank\" rel=\"noopener noreferrer\">Volleyball Magazine <em>&#8220;Volleyball buzzers&#8221;<\/em><\/a><\/p>\n<p><a title=\"Darpol - Polska kolej na Olimpiadzie\" href=\"http:\/\/darpol.bydgoszcz.pl\/wp-content\/uploads\/polska-kolej-na-olimpiadzie-w-londynie-kurier-kolejowy.pdf\" target=\"_blank\" rel=\"noopener noreferrer\">Kurier Kolejowy<em> <em>&#8220;Polish railway in London 2012&#8221;<\/em> <\/em>&#8211; 13.08.2012.<\/a><\/p>\n<p><a title=\"Rynek Kolejowy - kolej na siatk\u00f3wk\u0119 Darpol\" href=\"http:\/\/darpol.bydgoszcz.pl\/wp-content\/uploads\/rynek-kolejowy-kolej-na-siatkowke.pdf\" target=\"_blank\" rel=\"noopener noreferrer\">Rynek Kolejowy <em>&#8220;Time for vollleyball&#8221;<\/em> &#8211; 31.07.2012.<\/a><\/p>\n<p><a title=\"Olimpijska siatk\u00f3wka pod bydgoskim okiem\" href=\"http:\/\/darpol.bydgoszcz.pl\/wp-content\/uploads\/bydgoszczanin-potrafi-express-bydgoski-23-xii-2011.jpg\" data-gal='prettyPhoto' rel='prettyPhoto' target=\"_blank\" rel=\"noopener noreferrer\">Express Bydgoski <em>&#8220;Bydgoszcz can do it!&#8221;<\/em> &#8211; 23.12.2011.<\/a><\/p>\n<p><a title=\"Olimpijska siatk\u00f3wka pod bydgoskim okiem\" href=\"http:\/\/darpol.bydgoszcz.pl\/wp-content\/uploads\/Olimpijska-siatk\u00f3wka-pod-bydgoskim-okiem-Oto-miasto-II-III-2012.jpg\" data-gal='prettyPhoto' rel='prettyPhoto' target=\"_blank\" rel=\"noopener noreferrer\">Oto miasto <em>&#8220;Olympic volleyball and Bydgoszcz&#8221;<\/em> &#8211; February\/March 2012<\/a><\/p>\n<p><a title=\"20 lat Darpol Bydgoszcz\" href=\"http:\/\/darpol.bydgoszcz.pl\/wp-content\/uploads\/darpol_i_rynek_kolejowy-20-lat-darpol.jpg\" data-gal='prettyPhoto' rel='prettyPhoto' target=\"_blank\" rel=\"noopener noreferrer\">Rynek Kolejowy <em>&#8220;Darpol&#8217;s 20th birthday&#8221;<\/em> &#8211; August 2008.<\/a><\/p>\n","protected":false},"excerpt":{"rendered":"<p>TV: TV Toru\u0144 &#8211; Interesting local companies TV Biznes &#8211; Trako 2011 report &#8211; October 2011. TVN24 &#8211; The loudest in Europe. Buzzer from Bydgoszcz in the Olympic Games &#8211; 02.08.2012. TVP Bydgoszcz &#8211; News &#8211; 02.08.2012. Buzzer in TV advertising TVP Bydgoszcz wrzesie\u0144 2014 &#8211; with international referees during Volleyball World Championship i-TVM Grudzi\u0105dz &hellip;<\/p>\n","protected":false},"author":14,"featured_media":0,"parent":0,"menu_order":0,"comment_status":"closed","ping_status":"closed","template":"template-fullwidth.php","meta":{"om_disable_all_campaigns":false,"_monsterinsights_skip_tracking":false,"_monsterinsights_sitenote_active":false,"_monsterinsights_sitenote_note":"","_monsterinsights_sitenote_category":0,"_uf_show_specific_survey":0,"_uf_disable_surveys":false,"footnotes":""},"class_list":["post-49949","page","type-page","status-publish","hentry"],"yoast_head":"<!-- This site is optimized with the Yoast SEO plugin v23.0 - https:\/\/yoast.com\/wordpress\/plugins\/seo\/ -->\n<title>DARPOL - in the media - Darpol Bydgoszcz<\/title>\n<meta name=\"robots\" content=\"index, follow, max-snippet:-1, max-image-preview:large, max-video-preview:-1\" \/>\n<link rel=\"canonical\" href=\"https:\/\/darpol.bydgoszcz.pl\/en\/darpol-in-the-media\/\" \/>\n<meta property=\"og:locale\" content=\"en_US\" \/>\n<meta property=\"og:type\" content=\"article\" \/>\n<meta property=\"og:title\" content=\"DARPOL - in the media - Darpol Bydgoszcz\" \/>\n<meta property=\"og:description\" content=\"TV: TV Toru\u0144 &#8211; Interesting local companies TV Biznes &#8211; Trako 2011 report &#8211; October 2011. TVN24 &#8211; The loudest in Europe. Buzzer from Bydgoszcz in the Olympic Games &#8211; 02.08.2012. TVP Bydgoszcz &#8211; News &#8211; 02.08.2012. Buzzer in TV advertising TVP Bydgoszcz wrzesie\u0144 2014 &#8211; with international referees during Volleyball World Championship i-TVM Grudzi\u0105dz &hellip;\" \/>\n<meta property=\"og:url\" content=\"https:\/\/darpol.bydgoszcz.pl\/en\/darpol-in-the-media\/\" \/>\n<meta property=\"og:site_name\" content=\"Darpol Bydgoszcz\" \/>\n<meta property=\"article:modified_time\" content=\"2026-04-01T12:24:54+00:00\" \/>\n<meta property=\"og:image\" content=\"https:\/\/darpol.bydgoszcz.pl\/wp-content\/uploads\/tvtorun.jpg\" \/>\n<meta name=\"twitter:card\" content=\"summary_large_image\" \/>\n<meta name=\"twitter:label1\" content=\"Est. reading time\" \/>\n\t<meta name=\"twitter:data1\" content=\"4 minutes\" \/>\n<script type=\"application\/ld+json\" class=\"yoast-schema-graph\">{\"@context\":\"https:\/\/schema.org\",\"@graph\":[{\"@type\":\"WebPage\",\"@id\":\"https:\/\/darpol.bydgoszcz.pl\/en\/darpol-in-the-media\/\",\"url\":\"https:\/\/darpol.bydgoszcz.pl\/en\/darpol-in-the-media\/\",\"name\":\"DARPOL - in the media - Darpol Bydgoszcz\",\"isPartOf\":{\"@id\":\"https:\/\/darpol.bydgoszcz.pl\/#website\"},\"primaryImageOfPage\":{\"@id\":\"https:\/\/darpol.bydgoszcz.pl\/en\/darpol-in-the-media\/#primaryimage\"},\"image\":{\"@id\":\"https:\/\/darpol.bydgoszcz.pl\/en\/darpol-in-the-media\/#primaryimage\"},\"thumbnailUrl\":\"https:\/\/darpol.bydgoszcz.pl\/wp-content\/uploads\/tvtorun.jpg\",\"datePublished\":\"2016-03-31T10:38:21+00:00\",\"dateModified\":\"2026-04-01T12:24:54+00:00\",\"breadcrumb\":{\"@id\":\"https:\/\/darpol.bydgoszcz.pl\/en\/darpol-in-the-media\/#breadcrumb\"},\"inLanguage\":\"en-US\",\"potentialAction\":[{\"@type\":\"ReadAction\",\"target\":[\"https:\/\/darpol.bydgoszcz.pl\/en\/darpol-in-the-media\/\"]}]},{\"@type\":\"ImageObject\",\"inLanguage\":\"en-US\",\"@id\":\"https:\/\/darpol.bydgoszcz.pl\/en\/darpol-in-the-media\/#primaryimage\",\"url\":\"https:\/\/darpol.bydgoszcz.pl\/wp-content\/uploads\/tvtorun.jpg\",\"contentUrl\":\"https:\/\/darpol.bydgoszcz.pl\/wp-content\/uploads\/tvtorun.jpg\"},{\"@type\":\"BreadcrumbList\",\"@id\":\"https:\/\/darpol.bydgoszcz.pl\/en\/darpol-in-the-media\/#breadcrumb\",\"itemListElement\":[{\"@type\":\"ListItem\",\"position\":1,\"name\":\"Strona g\u0142\u00f3wna\",\"item\":\"https:\/\/darpol.bydgoszcz.pl\/en\/\"},{\"@type\":\"ListItem\",\"position\":2,\"name\":\"DARPOL &#8211; in the media\"}]},{\"@type\":\"WebSite\",\"@id\":\"https:\/\/darpol.bydgoszcz.pl\/#website\",\"url\":\"https:\/\/darpol.bydgoszcz.pl\/\",\"name\":\"Darpol Bydgoszcz\",\"description\":\"\",\"potentialAction\":[{\"@type\":\"SearchAction\",\"target\":{\"@type\":\"EntryPoint\",\"urlTemplate\":\"https:\/\/darpol.bydgoszcz.pl\/?s={search_term_string}\"},\"query-input\":\"required name=search_term_string\"}],\"inLanguage\":\"en-US\"}]}<\/script>\n<!-- \/ Yoast SEO plugin. -->","yoast_head_json":{"title":"DARPOL - in the media - Darpol Bydgoszcz","robots":{"index":"index","follow":"follow","max-snippet":"max-snippet:-1","max-image-preview":"max-image-preview:large","max-video-preview":"max-video-preview:-1"},"canonical":"https:\/\/darpol.bydgoszcz.pl\/en\/darpol-in-the-media\/","og_locale":"en_US","og_type":"article","og_title":"DARPOL - in the media - Darpol Bydgoszcz","og_description":"TV: TV Toru\u0144 &#8211; Interesting local companies TV Biznes &#8211; Trako 2011 report &#8211; October 2011. TVN24 &#8211; The loudest in Europe. Buzzer from Bydgoszcz in the Olympic Games &#8211; 02.08.2012. TVP Bydgoszcz &#8211; News &#8211; 02.08.2012. Buzzer in TV advertising TVP Bydgoszcz wrzesie\u0144 2014 &#8211; with international referees during Volleyball World Championship i-TVM Grudzi\u0105dz &hellip;","og_url":"https:\/\/darpol.bydgoszcz.pl\/en\/darpol-in-the-media\/","og_site_name":"Darpol Bydgoszcz","article_modified_time":"2026-04-01T12:24:54+00:00","og_image":[{"url":"https:\/\/darpol.bydgoszcz.pl\/wp-content\/uploads\/tvtorun.jpg"}],"twitter_card":"summary_large_image","twitter_misc":{"Est. reading time":"4 minutes"},"schema":{"@context":"https:\/\/schema.org","@graph":[{"@type":"WebPage","@id":"https:\/\/darpol.bydgoszcz.pl\/en\/darpol-in-the-media\/","url":"https:\/\/darpol.bydgoszcz.pl\/en\/darpol-in-the-media\/","name":"DARPOL - in the media - Darpol Bydgoszcz","isPartOf":{"@id":"https:\/\/darpol.bydgoszcz.pl\/#website"},"primaryImageOfPage":{"@id":"https:\/\/darpol.bydgoszcz.pl\/en\/darpol-in-the-media\/#primaryimage"},"image":{"@id":"https:\/\/darpol.bydgoszcz.pl\/en\/darpol-in-the-media\/#primaryimage"},"thumbnailUrl":"https:\/\/darpol.bydgoszcz.pl\/wp-content\/uploads\/tvtorun.jpg","datePublished":"2016-03-31T10:38:21+00:00","dateModified":"2026-04-01T12:24:54+00:00","breadcrumb":{"@id":"https:\/\/darpol.bydgoszcz.pl\/en\/darpol-in-the-media\/#breadcrumb"},"inLanguage":"en-US","potentialAction":[{"@type":"ReadAction","target":["https:\/\/darpol.bydgoszcz.pl\/en\/darpol-in-the-media\/"]}]},{"@type":"ImageObject","inLanguage":"en-US","@id":"https:\/\/darpol.bydgoszcz.pl\/en\/darpol-in-the-media\/#primaryimage","url":"https:\/\/darpol.bydgoszcz.pl\/wp-content\/uploads\/tvtorun.jpg","contentUrl":"https:\/\/darpol.bydgoszcz.pl\/wp-content\/uploads\/tvtorun.jpg"},{"@type":"BreadcrumbList","@id":"https:\/\/darpol.bydgoszcz.pl\/en\/darpol-in-the-media\/#breadcrumb","itemListElement":[{"@type":"ListItem","position":1,"name":"Strona g\u0142\u00f3wna","item":"https:\/\/darpol.bydgoszcz.pl\/en\/"},{"@type":"ListItem","position":2,"name":"DARPOL &#8211; in the media"}]},{"@type":"WebSite","@id":"https:\/\/darpol.bydgoszcz.pl\/#website","url":"https:\/\/darpol.bydgoszcz.pl\/","name":"Darpol Bydgoszcz","description":"","potentialAction":[{"@type":"SearchAction","target":{"@type":"EntryPoint","urlTemplate":"https:\/\/darpol.bydgoszcz.pl\/?s={search_term_string}"},"query-input":"required name=search_term_string"}],"inLanguage":"en-US"}]}},"_links":{"self":[{"href":"https:\/\/darpol.bydgoszcz.pl\/en\/wp-json\/wp\/v2\/pages\/49949","targetHints":{"allow":["GET"]}}],"collection":[{"href":"https:\/\/darpol.bydgoszcz.pl\/en\/wp-json\/wp\/v2\/pages"}],"about":[{"href":"https:\/\/darpol.bydgoszcz.pl\/en\/wp-json\/wp\/v2\/types\/page"}],"author":[{"embeddable":true,"href":"https:\/\/darpol.bydgoszcz.pl\/en\/wp-json\/wp\/v2\/users\/14"}],"replies":[{"embeddable":true,"href":"https:\/\/darpol.bydgoszcz.pl\/en\/wp-json\/wp\/v2\/comments?post=49949"}],"version-history":[{"count":0,"href":"https:\/\/darpol.bydgoszcz.pl\/en\/wp-json\/wp\/v2\/pages\/49949\/revisions"}],"wp:attachment":[{"href":"https:\/\/darpol.bydgoszcz.pl\/en\/wp-json\/wp\/v2\/media?parent=49949"}],"curies":[{"name":"wp","href":"https:\/\/api.w.org\/{rel}","templated":true}]}}